{"id":1444,"date":"2020-05-30T13:15:01","date_gmt":"2020-05-30T16:15:01","guid":{"rendered":"https:\/\/wp.ufpel.edu.br\/quimicaindustrial\/?page_id=1444"},"modified":"2023-11-29T16:15:08","modified_gmt":"2023-11-29T19:15:08","slug":"calendario-2","status":"publish","type":"page","link":"https:\/\/wp.ufpel.edu.br\/quimicaindustrial\/calendario-2\/","title":{"rendered":"Calend\u00e1rio Acad\u00eamico"},"content":{"rendered":"<p><a href=\"https:\/\/wp.ufpel.edu.br\/cra\/calendarios-academicos\/calendario-academico-2023\/\">Coordena\u00e7\u00e3o de Registros Acad\u00eamicos \u00bb Calend\u00e1rio Acad\u00eamico 2023 (ufpel.edu.br)<\/a><\/p>\n","protected":false},"excerpt":{"rendered":"<p>Coordena\u00e7\u00e3o de Registros Acad\u00eamicos \u00bb Calend\u00e1rio Acad\u00eamico 2023 (ufpel.edu.br)<\/p>\n","protected":false},"author":92,"featured_media":0,"parent":0,"menu_order":2,"comment_status":"closed","ping_status":"closed","template":"","meta":{"footnotes":""},"class_list":["post-1444","page","type-page","status-publish","hentry"],"_links":{"self":[{"href":"https:\/\/wp.ufpel.edu.br\/quimicaindustrial\/wp-json\/wp\/v2\/pages\/1444","targetHints":{"allow":["GET"]}}],"collection":[{"href":"https:\/\/wp.ufpel.edu.br\/quimicaindustrial\/wp-json\/wp\/v2\/pages"}],"about":[{"href":"https:\/\/wp.ufpel.edu.br\/quimicaindustrial\/wp-json\/wp\/v2\/types\/page"}],"author":[{"embeddable":true,"href":"https:\/\/wp.ufpel.edu.br\/quimicaindustrial\/wp-json\/wp\/v2\/users\/92"}],"replies":[{"embeddable":true,"href":"https:\/\/wp.ufpel.edu.br\/quimicaindustrial\/wp-json\/wp\/v2\/comments?post=1444"}],"version-history":[{"count":4,"href":"https:\/\/wp.ufpel.edu.br\/quimicaindustrial\/wp-json\/wp\/v2\/pages\/1444\/revisions"}],"predecessor-version":[{"id":1787,"href":"https:\/\/wp.ufpel.edu.br\/quimicaindustrial\/wp-json\/wp\/v2\/pages\/1444\/revisions\/1787"}],"wp:attachment":[{"href":"https:\/\/wp.ufpel.edu.br\/quimicaindustrial\/wp-json\/wp\/v2\/media?parent=1444"}],"curies":[{"name":"wp","href":"https:\/\/api.w.org\/{rel}","templated":true}]}}