{"id":17,"date":"2022-11-01T12:27:38","date_gmt":"2022-11-01T15:27:38","guid":{"rendered":"https:\/\/wp.ufpel.edu.br\/quimicaambiental\/?page_id=17"},"modified":"2024-12-06T15:18:46","modified_gmt":"2024-12-06T18:18:46","slug":"a-equipe","status":"publish","type":"page","link":"https:\/\/wp.ufpel.edu.br\/quimicaambiental\/a-equipe\/","title":{"rendered":"A Equipe"},"content":{"rendered":"<p><img class=\"alignleft wp-image-208\" src=\"https:\/\/wp.ufpel.edu.br\/ppgcamb\/files\/2016\/11\/robson-171x159.png\" sizes=\"(max-width: 136px) 100vw, 136px\" srcset=\"https:\/\/wp.ufpel.edu.br\/ppgcamb\/files\/2016\/11\/robson-171x159.png 171w, https:\/\/wp.ufpel.edu.br\/ppgcamb\/files\/2016\/11\/robson-343x318.png 343w, https:\/\/wp.ufpel.edu.br\/ppgcamb\/files\/2016\/11\/robson.png 390w\" alt=\"robson\" width=\"152\" height=\"142\" \/><\/p>\n<p><strong>Robson Andreazza\u00a0 (Coordenador)<\/strong><\/p>\n<p>robsonandreazza@yahoo.com.br<\/p>\n<p><a href=\"http:\/\/buscatextual.cnpq.br\/buscatextual\/visualizacv.do?id=K4771495A9\" target=\"_blank\" rel=\"noopener noreferrer\">Curr\u00edculo<\/a>\u00a0 \u00a0 \u00a0 \u00a0 \u00a0\u00a0<a href=\"https:\/\/youtu.be\/ilNnSY5xC50\" target=\"_blank\" rel=\"noopener\">V\u00eddeo<\/a><\/p>\n<p>Professor<\/p>\n<p>&nbsp;<\/p>\n<p><strong><img class=\" wp-image-294 alignleft\" src=\"https:\/\/wp.ufpel.edu.br\/ppgcamb\/files\/2016\/12\/maurizio-275x318.png\" sizes=\"(max-width: 144px) 100vw, 144px\" srcset=\"https:\/\/wp.ufpel.edu.br\/ppgcamb\/files\/2016\/12\/maurizio-275x318.png 275w, https:\/\/wp.ufpel.edu.br\/ppgcamb\/files\/2016\/12\/maurizio-138x159.png 138w, https:\/\/wp.ufpel.edu.br\/ppgcamb\/files\/2016\/12\/maurizio.png 307w\" alt=\"maurizio\" width=\"152\" height=\"175\" \/>Maurizio Silveira Quadro (Coordenador Adjunto)<\/strong><\/p>\n<p>mausq@hotmail.com<\/p>\n<p><a href=\"http:\/\/buscatextual.cnpq.br\/buscatextual\/visualizacv.do?id=K4775497J6\">Curr\u00edculo<\/a><\/p>\n<p>Professor<\/p>\n<p>&nbsp;<\/p>\n<p>&nbsp;<\/p>\n<p><strong><img class=\"wp-image-2230 alignleft\" src=\"https:\/\/wp.ufpel.edu.br\/ppgcamb\/files\/2021\/01\/servletrecuperafoto-2.jpg\" alt=\"\" width=\"152\" height=\"145\" \/>C\u00edcero de Coelho Escobar<\/strong><\/p>\n<p>cicero.escobar@gmail.com<\/p>\n<p><a href=\"http:\/\/lattes.cnpq.br\/2824357187395679\">Curr\u00edculo<\/a>\u00a0 \u00a0 \u00a0 \u00a0 \u00a0\u00a0<a href=\"https:\/\/youtu.be\/ZV4rLI8ykwM\">V\u00eddeo<\/a><\/p>\n<p>Professor<\/p>\n<p>&nbsp;<\/p>\n<p><img class=\"wp-image-2213 alignleft\" src=\"https:\/\/wp.ufpel.edu.br\/ppgcamb\/files\/2021\/01\/mar.png\" alt=\"\" width=\"152\" height=\"211\" \/><\/p>\n<p class=\"nome\"><strong>Mar\u00edlia Lazarotto<\/strong><\/p>\n<p>marilia.lazarotto@ufpel.edu.br<\/p>\n<p><a href=\"http:\/\/lattes.cnpq.br\/1310246210091310\">Curr\u00edculo<\/a>\u00a0 \u00a0 \u00a0 \u00a0 \u00a0\u00a0<a href=\"https:\/\/youtu.be\/8_gVYV4rbmw\" target=\"_blank\" rel=\"noopener\">V\u00eddeo<\/a><\/p>\n<p>Professora<\/p>\n<p>&nbsp;<\/p>\n<p>&nbsp;<\/p>\n<p><strong><img class=\"wp-image-2206 alignleft\" src=\"https:\/\/wp.ufpel.edu.br\/ppgcamb\/files\/2021\/01\/WhatsApp-Image-2021-01-04-at-14.33.53.jpeg\" sizes=\"(max-width: 136px) 100vw, 136px\" srcset=\"https:\/\/wp.ufpel.edu.br\/ppgcamb\/files\/2021\/01\/WhatsApp-Image-2021-01-04-at-14.33.53.jpeg 411w, https:\/\/wp.ufpel.edu.br\/ppgcamb\/files\/2021\/01\/WhatsApp-Image-2021-01-04-at-14.33.53-285x400.jpeg 285w\" alt=\"\" width=\"152\" height=\"213\" \/>Simone Pieniz<\/strong><\/p>\n<p>nutrisimone@yahoo.com.br<\/p>\n<p><a href=\"http:\/\/buscatextual.cnpq.br\/buscatextual\/visualizacv.do?id=K4266140H0#Identificacao\" target=\"_blank\" rel=\"noopener noreferrer\">Curr\u00edculo<\/a><\/p>\n<p>Professora<\/p>\n<p>&nbsp;<\/p>\n<p>&nbsp;<\/p>\n<p><img class=\"wp-image-3779 alignleft\" src=\"https:\/\/wp.ufpel.edu.br\/ppgcamb\/files\/2022\/06\/Captura-de-tela-2022-06-25-213128-377x400.png\" sizes=\"(max-width: 176px) 100vw, 176px\" srcset=\"https:\/\/wp.ufpel.edu.br\/ppgcamb\/files\/2022\/06\/Captura-de-tela-2022-06-25-213128-377x400.png 377w, https:\/\/wp.ufpel.edu.br\/ppgcamb\/files\/2022\/06\/Captura-de-tela-2022-06-25-213128.png 708w\" alt=\"\" width=\"152\" height=\"162\" \/><strong>Mery Vieira<\/strong><\/p>\n<p>meryluiza@yahoo.com.br<\/p>\n<p><a href=\"http:\/\/lattes.cnpq.br\/4150741435340492\">Curr\u00edculo<\/a><\/p>\n<p>P\u00f3s-Doc<\/p>\n<p>(Colaboradora)<\/p>\n","protected":false},"excerpt":{"rendered":"<p>Robson Andreazza\u00a0 (Coordenador) robsonandreazza@yahoo.com.br Curr\u00edculo\u00a0 \u00a0 \u00a0 \u00a0 \u00a0\u00a0V\u00eddeo Professor &nbsp; Maurizio Silveira Quadro (Coordenador Adjunto) mausq@hotmail.com Curr\u00edculo Professor &nbsp; &nbsp; C\u00edcero de Coelho Escobar cicero.escobar@gmail.com Curr\u00edculo\u00a0 \u00a0 \u00a0 \u00a0 \u00a0\u00a0V\u00eddeo Professor &nbsp; Mar\u00edlia Lazarotto marilia.lazarotto@ufpel.edu.br Curr\u00edculo\u00a0 \u00a0 \u00a0 \u00a0 \u00a0\u00a0V\u00eddeo Professora &nbsp; &nbsp; Simone Pieniz nutrisimone@yahoo.com.br Curr\u00edculo Professora &nbsp; &nbsp; Mery Vieira meryluiza@yahoo.com.br Curr\u00edculo [&hellip;]<\/p>\n","protected":false},"author":1273,"featured_media":0,"parent":0,"menu_order":0,"comment_status":"closed","ping_status":"closed","template":"","meta":{"footnotes":""},"class_list":["post-17","page","type-page","status-publish","hentry"],"_links":{"self":[{"href":"https:\/\/wp.ufpel.edu.br\/quimicaambiental\/wp-json\/wp\/v2\/pages\/17","targetHints":{"allow":["GET"]}}],"collection":[{"href":"https:\/\/wp.ufpel.edu.br\/quimicaambiental\/wp-json\/wp\/v2\/pages"}],"about":[{"href":"https:\/\/wp.ufpel.edu.br\/quimicaambiental\/wp-json\/wp\/v2\/types\/page"}],"author":[{"embeddable":true,"href":"https:\/\/wp.ufpel.edu.br\/quimicaambiental\/wp-json\/wp\/v2\/users\/1273"}],"replies":[{"embeddable":true,"href":"https:\/\/wp.ufpel.edu.br\/quimicaambiental\/wp-json\/wp\/v2\/comments?post=17"}],"version-history":[{"count":6,"href":"https:\/\/wp.ufpel.edu.br\/quimicaambiental\/wp-json\/wp\/v2\/pages\/17\/revisions"}],"predecessor-version":[{"id":38,"href":"https:\/\/wp.ufpel.edu.br\/quimicaambiental\/wp-json\/wp\/v2\/pages\/17\/revisions\/38"}],"wp:attachment":[{"href":"https:\/\/wp.ufpel.edu.br\/quimicaambiental\/wp-json\/wp\/v2\/media?parent=17"}],"curies":[{"name":"wp","href":"https:\/\/api.w.org\/{rel}","templated":true}]}}