{"id":750,"date":"2020-04-04T17:53:16","date_gmt":"2020-04-04T20:53:16","guid":{"rendered":"https:\/\/wp.ufpel.edu.br\/qforense\/?page_id=750"},"modified":"2025-09-15T19:01:17","modified_gmt":"2025-09-15T22:01:17","slug":"quero-ser-aluno-2","status":"publish","type":"page","link":"https:\/\/wp.ufpel.edu.br\/qforense\/quero-ser-aluno-2\/","title":{"rendered":"Quero ser Aluno"},"content":{"rendered":"<p style=\"text-align: justify;\">As duas principais formas de ingresso s\u00e3o atrav\u00e9s do SISU ou PAVE: O SiSU a principal forma de ingresso na UFPel. \u00c9 preciso fazer o Exame Nacional do Ensino M\u00e9dio (ENEM) e realizar a inscri\u00e7\u00e3o pelo Sistema de Sele\u00e7\u00e3o Unificada (SISU); O PAVE \u00e9 o vestibular seriado da UFPel. S\u00e3o realizadas provas ao final de cada ano do ensino m\u00e9dio. No PAVE, 90% das vagas s\u00e3o destinadas para estudantes de escolas p\u00fablicas.<\/p>\n<p>Al\u00e9m destas, existem na UFPel outras formas de ingresso que eventualmente podem abranger vagas para o curso, como:<\/p>\n<ul>\n<li>Vestibulares especiais &#8211; realizados para atender p\u00fablicos ou cursos espec\u00edficos;<\/li>\n<li>Portador de diploma &#8211; possibilidade de fazer uma segunda gradua\u00e7\u00e3o, para quem j\u00e1 possui diploma de n\u00edvel superior;<\/li>\n<li>Reingresso no curso &#8211; a forma de retornar ao mesmo curso da UFPel, para quem abandonou ou cancelou a matr\u00edcula;<\/li>\n<li>Reop\u00e7\u00e3o de curso &#8211; a mudan\u00e7a interna de curso ou turno, para quem est\u00e1 matriculado ou em trancamento na UFPel;<\/li>\n<li>Reop\u00e7\u00e3o compuls\u00f3ria &#8211; a mudan\u00e7a de curso administrativa para estudantes com defici\u00eancia (por adapta\u00e7\u00e3o) ou de cursos em extin\u00e7\u00e3o;<\/li>\n<li>Retomada de estudos &#8211; a forma de voltar aos estudos, para quem cancelou ou abandonou um curso de gradua\u00e7\u00e3o;<\/li>\n<li>Transfer\u00eancia volunt\u00e1ria &#8211; a mudan\u00e7a de curso para a UFPel de estudantes vinculados em outra institui\u00e7\u00e3o de ensino superior;<\/li>\n<li>Transfer\u00eancia compuls\u00f3ria &#8211; um direito para servidores p\u00fablicos federais (e seus dependentes) transferidos por necessidade de servi\u00e7o;<\/li>\n<li>A Nota do ENEM \u2013 processo que permite utilizar a nota dos \u00faltimos cinco anos para concorrer a vagas que n\u00e3o foram preenchidas;<\/li>\n<li>Programa Estudante Conv\u00eanio de Gradua\u00e7\u00e3o (PEC-G) &#8211; a forma de ingresso para estudantes de pa\u00edses conveniados que desejam fazer sua gradua\u00e7\u00e3o no Brasil;<\/li>\n<li>Regime Especial &#8211; permite que pessoas da comunidade cursem disciplinas isoladas nos cursos de gradua\u00e7\u00e3o. O n\u00famero de matr\u00edculas \u00e9 limitado e n\u00e3o configura v\u00ednculo com os cursos da institui\u00e7\u00e3o.<\/li>\n<\/ul>\n<p>&nbsp;<\/p>\n<p>Mais informa\u00e7\u00f5es sobre as formas de ingresso podem ser consultadas em:<br \/>\n<a href=\"https:\/\/wp.ufpel.edu.br\/cra\/\">https:\/\/wp.ufpel.edu.br\/cra\/<\/a><\/p>\n","protected":false},"excerpt":{"rendered":"<p>As duas principais formas de ingresso s\u00e3o atrav\u00e9s do SISU ou PAVE: O SiSU a principal forma de ingresso na UFPel. \u00c9 preciso fazer o Exame Nacional do Ensino M\u00e9dio (ENEM) e realizar a inscri\u00e7\u00e3o pelo Sistema de Sele\u00e7\u00e3o Unificada (SISU); O PAVE \u00e9 o vestibular seriado da UFPel. S\u00e3o realizadas provas ao final de &hellip; <\/p>\n<p><a class=\"more-link btn\" href=\"https:\/\/wp.ufpel.edu.br\/qforense\/quero-ser-aluno-2\/\">Continue lendo<\/a><\/p>\n","protected":false},"author":242,"featured_media":0,"parent":0,"menu_order":0,"comment_status":"closed","ping_status":"closed","template":"","meta":{"footnotes":""},"class_list":["post-750","page","type-page","status-publish","hentry","nodate","item-wrap"],"jetpack-related-posts":[],"jetpack_sharing_enabled":true,"_links":{"self":[{"href":"https:\/\/wp.ufpel.edu.br\/qforense\/wp-json\/wp\/v2\/pages\/750","targetHints":{"allow":["GET"]}}],"collection":[{"href":"https:\/\/wp.ufpel.edu.br\/qforense\/wp-json\/wp\/v2\/pages"}],"about":[{"href":"https:\/\/wp.ufpel.edu.br\/qforense\/wp-json\/wp\/v2\/types\/page"}],"author":[{"embeddable":true,"href":"https:\/\/wp.ufpel.edu.br\/qforense\/wp-json\/wp\/v2\/users\/242"}],"replies":[{"embeddable":true,"href":"https:\/\/wp.ufpel.edu.br\/qforense\/wp-json\/wp\/v2\/comments?post=750"}],"version-history":[{"count":3,"href":"https:\/\/wp.ufpel.edu.br\/qforense\/wp-json\/wp\/v2\/pages\/750\/revisions"}],"predecessor-version":[{"id":1580,"href":"https:\/\/wp.ufpel.edu.br\/qforense\/wp-json\/wp\/v2\/pages\/750\/revisions\/1580"}],"wp:attachment":[{"href":"https:\/\/wp.ufpel.edu.br\/qforense\/wp-json\/wp\/v2\/media?parent=750"}],"curies":[{"name":"wp","href":"https:\/\/api.w.org\/{rel}","templated":true}]}}