{"id":7,"date":"2016-09-11T15:30:46","date_gmt":"2016-09-11T18:30:46","guid":{"rendered":"https:\/\/wp.ufpel.edu.br\/qforense\/?page_id=2"},"modified":"2026-02-09T21:29:56","modified_gmt":"2026-02-10T00:29:56","slug":"estrutura_organizacional","status":"publish","type":"page","link":"https:\/\/wp.ufpel.edu.br\/qforense\/estrutura_organizacional\/","title":{"rendered":"Estrutura Organizacional"},"content":{"rendered":"<p><span style=\"font-family: helvetica, arial, sans-serif;\"><b>COLEGIADO<\/b><\/span><\/p>\n<p><span style=\"font-family: helvetica, arial, sans-serif;\"><strong>Coordena\u00e7\u00e3o<\/strong><\/span><\/p>\n<p><span style=\"font-family: helvetica, arial, sans-serif;\">Coordenadora: Prof.\u00aa Carla De Andrade Hartwig<\/span><\/p>\n<p class=\"Texto_Justificado_Recuo_Primeira_Linha\"><span style=\"font-family: helvetica, arial, sans-serif;\">Coordenador adjunto: Prof. Rog\u00e9rio Antonio Freitag<\/span><\/p>\n<p class=\"Texto_Justificado_Recuo_Primeira_Linha\"><span style=\"font-family: helvetica, arial, sans-serif;\"><strong><u>\u00c1rea B\u00e1sica<\/u>:<\/strong><\/span><\/p>\n<ul>\n<li class=\"Texto_Justificado_Recuo_Primeira_Linha\"><span style=\"font-family: helvetica, arial, sans-serif;\"><em>\u00a0<\/em><em>Qu\u00edmica Org\u00e2nica<\/em><\/span><\/li>\n<\/ul>\n<p class=\"Texto_Justificado_Recuo_Primeira_Linha\"><span style=\"font-family: helvetica, arial, sans-serif;\">Prof.\u00aa L\u00edgia Furlan (titular)<\/span><\/p>\n<p>Prof. Rog\u00e9rio Antonio Freitag (suplente)<\/p>\n<ul>\n<li class=\"Texto_Justificado_Recuo_Primeira_Linha\"><span style=\"font-family: helvetica, arial, sans-serif;\"><em>Qu\u00edmica Anal\u00edtica<\/em><\/span><\/li>\n<\/ul>\n<p class=\"Texto_Justificado_Recuo_Primeira_Linha\"><span style=\"font-family: helvetica, arial, sans-serif;\">Prof. Diogo La Rosa Novo (titular)<\/span><\/p>\n<p><span style=\"font-family: helvetica, arial, sans-serif;\">Prof.\u00aa Adriane Medeiros Nunes (suplente)<\/span><\/p>\n<ul>\n<li class=\"Texto_Justificado_Recuo_Primeira_Linha\"><span style=\"font-family: helvetica, arial, sans-serif;\"><em>Qu\u00edmica Inorg\u00e2nica<\/em><\/span><\/li>\n<\/ul>\n<p class=\"Texto_Justificado_Recuo_Primeira_Linha\"><span style=\"font-family: helvetica, arial, sans-serif;\">Prof.\u00aa Daniela Bianchini (titular)<\/span><\/p>\n<p class=\"Texto_Justificado_Recuo_Primeira_Linha\"><span style=\"font-family: helvetica, arial, sans-serif;\">Prof.\u00aa Aline Joana Rolina Wohlmuth Alves Dos Santos (suplente)<\/span><\/p>\n<ul>\n<li class=\"Texto_Justificado_Recuo_Primeira_Linha\"><span style=\"font-family: helvetica, arial, sans-serif;\"><em>F\u00edsico-Qu\u00edmica<\/em><\/span><\/li>\n<\/ul>\n<p class=\"Texto_Justificado_Recuo_Primeira_Linha\"><span style=\"font-family: helvetica, arial, sans-serif;\">Prof.\u00aa Grac\u00e9lie Aparecida Serpa Schulz (titular)<\/span><\/p>\n<p class=\"Texto_Justificado_Recuo_Primeira_Linha\"><span style=\"font-family: helvetica, arial, sans-serif;\">Prof. Andr\u00e9 Ricardo Fajardo (suplente)<\/span><\/p>\n<ul>\n<li class=\"Texto_Justificado_Recuo_Primeira_Linha\"><span style=\"font-family: helvetica, arial, sans-serif;\"><em>F\u00edsica<\/em><\/span><\/li>\n<\/ul>\n<p class=\"Texto_Justificado_Recuo_Primeira_Linha\"><span style=\"font-family: helvetica, arial, sans-serif;\">Prof. Rafael Cavagnoli (titular)<\/span><\/p>\n<p class=\"Texto_Justificado_Recuo_Primeira_Linha\"><span style=\"font-family: helvetica, arial, sans-serif;\">Prof. M\u00e1rio Luiz Lopes da Silva (suplente)<\/span><\/p>\n<ul>\n<li class=\"Texto_Justificado_Recuo_Primeira_Linha\"><span style=\"font-family: helvetica, arial, sans-serif;\"><em>Matem\u00e1tica<\/em><\/span><\/li>\n<\/ul>\n<p class=\"Texto_Justificado_Recuo_Primeira_Linha\"><span style=\"font-family: helvetica, arial, sans-serif;\">Prof.\u00aa Lisandra de Oliveira Sauer (titular)<\/span><\/p>\n<p class=\"Texto_Justificado_Recuo_Primeira_Linha\"><span style=\"font-family: helvetica, arial, sans-serif;\">Prof.\u00aa Camila Pinto da Costa (suplente)<\/span><\/p>\n<p class=\"Texto_Justificado_Recuo_Primeira_Linha\"><span style=\"font-family: helvetica, arial, sans-serif;\"><strong><u>\u00c1rea Profissionalizante:<\/u><\/strong><\/span><\/p>\n<ul>\n<li class=\"Texto_Justificado_Recuo_Primeira_Linha\"><span style=\"font-family: helvetica, arial, sans-serif;\"><em>Biologia Molecular Forense<\/em><\/span><\/li>\n<\/ul>\n<p class=\"Texto_Justificado_Recuo_Primeira_Linha\"><span style=\"font-family: helvetica, arial, sans-serif;\">Prof. Heden Luiz Marques Moreira<\/span><\/p>\n<ul>\n<li class=\"Texto_Justificado_Recuo_Primeira_Linha\"><span style=\"font-family: helvetica, arial, sans-serif;\"><em>Bioqu\u00edmica Forense<\/em><\/span><\/li>\n<\/ul>\n<p class=\"Texto_Justificado_Recuo_Primeira_Linha\"><span style=\"font-family: helvetica, arial, sans-serif;\">Prof.\u00aa Roselia Maria Spanevello (titular)<\/span><\/p>\n<p class=\"Texto_Justificado_Recuo_Primeira_Linha\"><span style=\"font-family: helvetica, arial, sans-serif;\">Prof.\u00aa Francieli Moro Stefanello (suplente)<\/span><\/p>\n<ul>\n<li class=\"Texto_Justificado_Recuo_Primeira_Linha\"><span style=\"font-family: helvetica, arial, sans-serif;\"><em>Toxicologia Forense<\/em><\/span><\/li>\n<\/ul>\n<p class=\"Texto_Justificado_Recuo_Primeira_Linha\"><span style=\"font-family: helvetica, arial, sans-serif;\">Prof.\u00aa Ethel Antunes Wilhelm<\/span><\/p>\n<ul>\n<li class=\"Texto_Justificado_Recuo_Primeira_Linha\"><span style=\"font-family: helvetica, arial, sans-serif;\"><em>Ci\u00eancias Forenses<\/em><\/span><\/li>\n<\/ul>\n<p class=\"Texto_Justificado_Recuo_Primeira_Linha\"><span style=\"font-family: helvetica, arial, sans-serif;\">Prof.\u00aa Carla de Andrade Hartwig<\/span><\/p>\n<ul>\n<li class=\"Texto_Justificado_Recuo_Primeira_Linha\"><span style=\"font-family: helvetica, arial, sans-serif;\"><em>Espectroscopia Forense<\/em><\/span><\/li>\n<\/ul>\n<p class=\"Texto_Justificado_Recuo_Primeira_Linha\"><span style=\"font-family: helvetica, arial, sans-serif;\">Prof. Claudio Martin Pereira De Pereira (titular)<\/span><\/p>\n<p class=\"Texto_Justificado_Recuo_Primeira_Linha\"><span style=\"font-family: helvetica, arial, sans-serif;\">Prof. Wilson Jo\u00e3o Cunico Filho (suplente)<\/span><\/p>\n<ul>\n<li class=\"Texto_Justificado_Recuo_Primeira_Linha\"><span style=\"font-family: helvetica, arial, sans-serif;\"><em>Qu\u00edmica Forense<\/em><\/span><\/li>\n<\/ul>\n<p class=\"Texto_Justificado_Recuo_Primeira_Linha\"><span style=\"font-family: helvetica, arial, sans-serif;\">Prof.\u00aa Clarissa Marques Moreira dos Santos<\/span><\/p>\n<ul>\n<li><span style=\"font-family: helvetica, arial, sans-serif;\"><em>\u00a0Representa\u00e7\u00e3o Discente:<\/em><\/span><\/li>\n<\/ul>\n<p class=\"Texto_Justificado_Recuo_Primeira_Linha\"><span style=\"font-family: helvetica, arial, sans-serif;\">Acad. Rayane Braga Martins (titular)<\/span><\/p>\n<p class=\"Texto_Justificado_Recuo_Primeira_Linha\"><span style=\"font-family: helvetica, arial, sans-serif;\">Acad. Taina Fernanda Barbosa Nune (suplente)<\/span><\/p>\n<p>&nbsp;<\/p>\n<p><span style=\"font-family: helvetica, arial, sans-serif;\"><b>N\u00daCLEO DOCENTE ESTRUTURANTE (NDE)<\/b><\/span><\/p>\n<p><span style=\"font-weight: 400; font-family: helvetica, arial, sans-serif;\">Prof. Rog\u00e9rio Antonio Freitag (coordenador)<\/span><\/p>\n<p><span style=\"font-weight: 400; font-family: helvetica, arial, sans-serif;\">Prof\u00aa. Carla de Andrade Hartwig (coordenadora-adjunta)<\/span><\/p>\n<p><span style=\"font-weight: 400; font-family: helvetica, arial, sans-serif;\">Prof\u00aa. Clarissa Marques Moreira dos Santos<\/span><\/p>\n<p><span style=\"font-weight: 400; font-family: helvetica, arial, sans-serif;\">Prof\u00aa. L\u00edgia Furlan<\/span><\/p>\n<p>Prof.\u00a0 \u00a0Diogo La Rosa Novo<\/p>\n<p><span style=\"font-weight: 400; font-family: helvetica, arial, sans-serif;\">Prof\u00aa. Ethel Antunes Wilhelm<\/span><\/p>\n<p>&nbsp;<\/p>\n<p><span style=\"font-family: helvetica, arial, sans-serif;\"><b>COMISS\u00c3O DE EST\u00c1GIOS E MONOGRAFIAS DO CURSO DE QU\u00cdMICA FORENSE (CEMFO)<\/b><\/span><\/p>\n<p><span style=\"font-weight: 400; font-family: helvetica, arial, sans-serif;\">Prof. Diogo La Rosa Novo (presidente)<\/span><\/p>\n<p><span style=\"font-weight: 400; font-family: helvetica, arial, sans-serif;\">Prof\u00aa. Carla De Andrade Hartwig<\/span><\/p>\n<p><span style=\"font-weight: 400; font-family: helvetica, arial, sans-serif;\">Prof\u00aa. Clarissa Marques Moreira Dos Santos<\/span><\/p>\n<p><span style=\"font-weight: 400; font-family: helvetica, arial, sans-serif;\">Prof\u00aa. Ethel Antunes Wilhelm<\/span><\/p>\n<p><span style=\"font-weight: 400; font-family: helvetica, arial, sans-serif;\">Prof\u00aa. L\u00edgia Furlan<\/span><\/p>\n<p><span style=\"font-weight: 400; font-family: helvetica, arial, sans-serif;\">Prof. Lucas Moraes Berneira<\/span><\/p>\n<p><span style=\"font-weight: 400; font-family: helvetica, arial, sans-serif;\">Prof. Rog\u00e9rio Antonio Freitag<\/span><\/p>\n<p><strong><span style=\"font-family: helvetica, arial, sans-serif;\">COMISS\u00c3O DO N\u00daCLEO DE ATIVIDADE DE EXTENS\u00c3O DO CURSO DE QU\u00cdMICA FORENSE\u00a0<\/span><\/strong><\/p>\n<p>Prof. Lucas Moraes Berneira (presidente)<\/p>\n<p>Prof\u00aa. Carla De Adrade Hartwig<\/p>\n<p>Prof\u00aa. Clarissa Marques Moreira Dos Santos<\/p>\n<p>Prof. Diogo La Rosa Novo<\/p>\n<p>Prof. William Boschetti<\/p>\n<p><span style=\"font-family: helvetica, arial, sans-serif;\"><strong>O corpo docente completo do curso pode ser acessado a partir do link <a href=\"https:\/\/institucional.ufpel.edu.br\/cursos\/cod\/7800#professores\">https:\/\/institucional.ufpel.edu.br\/cursos\/cod\/7800#professores<\/a><\/strong><\/span><\/p>\n<p>&nbsp;<\/p>\n<p><span style=\"font-family: helvetica, arial, sans-serif;\"><b>T\u00c9CNICOS ADMINSTRATIVOS<\/b><\/span><\/p>\n<ul>\n<li><span style=\"font-family: helvetica, arial, sans-serif;\"><span style=\"font-weight: 400;\">Naiana<\/span><span style=\"font-weight: 400;\"> Telles Ostosi (Assistente em Administra\u00e7\u00e3o \u2013 Secret\u00e1ria do Curso, Pr\u00e9dio 31, Sala <\/span><span style=\"font-weight: 400;\">102<\/span><span style=\"font-weight: 400;\">, Campus Cap\u00e3o do Le\u00e3o)<\/span><\/span><\/li>\n<li><span style=\"font-weight: 400; font-family: helvetica, arial, sans-serif;\">Romi Elisabete Ningeleski Santos (Assistente de Laborat\u00f3rio, Pr\u00e9dio 32 &#8211; LAPAG 32, Campus Cap\u00e3o do Le\u00e3o)<\/span><\/li>\n<li><span style=\"font-family: helvetica, arial, sans-serif;\">Let\u00edcia Xavier Gon\u00e7alves (T\u00e9cnica\u00a0<span style=\"font-weight: 400;\">de Laborat\u00f3rio, Pr\u00e9dio 32 &#8211; LAPAG 32, Campus Cap\u00e3o do Le\u00e3o)<\/span><\/span><\/li>\n<li>Aline Lemos Arim (T\u00e9cnica de Laborat\u00f3rio, Pr\u00e9dio 32 \u2013 LAPAG 32, Campus Cap\u00e3o do Le\u00e3o)<\/li>\n<\/ul>\n<p>&nbsp;<\/p>\n<p>&nbsp;<\/p>\n","protected":false},"excerpt":{"rendered":"<p>COLEGIADO Coordena\u00e7\u00e3o Coordenadora: Prof.\u00aa Carla De Andrade Hartwig Coordenador adjunto: Prof. Rog\u00e9rio Antonio Freitag \u00c1rea B\u00e1sica: \u00a0Qu\u00edmica Org\u00e2nica Prof.\u00aa L\u00edgia Furlan (titular) Prof. Rog\u00e9rio Antonio Freitag (suplente) Qu\u00edmica Anal\u00edtica Prof. Diogo La Rosa Novo (titular) Prof.\u00aa Adriane Medeiros Nunes (suplente) Qu\u00edmica Inorg\u00e2nica Prof.\u00aa Daniela Bianchini (titular) Prof.\u00aa Aline Joana Rolina Wohlmuth Alves Dos Santos (suplente) &hellip; <\/p>\n<p><a class=\"more-link btn\" href=\"https:\/\/wp.ufpel.edu.br\/qforense\/estrutura_organizacional\/\">Continue lendo<\/a><\/p>\n","protected":false},"author":242,"featured_media":0,"parent":0,"menu_order":0,"comment_status":"closed","ping_status":"closed","template":"","meta":{"footnotes":""},"class_list":["post-7","page","type-page","status-publish","hentry","nodate","item-wrap"],"jetpack-related-posts":[],"jetpack_sharing_enabled":true,"_links":{"self":[{"href":"https:\/\/wp.ufpel.edu.br\/qforense\/wp-json\/wp\/v2\/pages\/7","targetHints":{"allow":["GET"]}}],"collection":[{"href":"https:\/\/wp.ufpel.edu.br\/qforense\/wp-json\/wp\/v2\/pages"}],"about":[{"href":"https:\/\/wp.ufpel.edu.br\/qforense\/wp-json\/wp\/v2\/types\/page"}],"author":[{"embeddable":true,"href":"https:\/\/wp.ufpel.edu.br\/qforense\/wp-json\/wp\/v2\/users\/242"}],"replies":[{"embeddable":true,"href":"https:\/\/wp.ufpel.edu.br\/qforense\/wp-json\/wp\/v2\/comments?post=7"}],"version-history":[{"count":4,"href":"https:\/\/wp.ufpel.edu.br\/qforense\/wp-json\/wp\/v2\/pages\/7\/revisions"}],"predecessor-version":[{"id":1789,"href":"https:\/\/wp.ufpel.edu.br\/qforense\/wp-json\/wp\/v2\/pages\/7\/revisions\/1789"}],"wp:attachment":[{"href":"https:\/\/wp.ufpel.edu.br\/qforense\/wp-json\/wp\/v2\/media?parent=7"}],"curies":[{"name":"wp","href":"https:\/\/api.w.org\/{rel}","templated":true}]}}