{"id":674,"date":"2020-03-02T17:46:52","date_gmt":"2020-03-02T20:46:52","guid":{"rendered":"https:\/\/wp.ufpel.edu.br\/qforense\/?page_id=674"},"modified":"2025-09-15T18:40:49","modified_gmt":"2025-09-15T21:40:49","slug":"horarios-semestrais","status":"publish","type":"page","link":"https:\/\/wp.ufpel.edu.br\/qforense\/horarios-semestrais\/","title":{"rendered":"Hor\u00e1rios Semestrais"},"content":{"rendered":"<p><span style=\"font-family: helvetica, arial, sans-serif;\">Al\u00e9m de serem divulgados via e-mail, os hor\u00e1rios semestrais s\u00e3o publicados nesta p\u00e1gina:\u00a0<\/span><\/p>\n<table style=\"width: 100%; border-collapse: collapse; border-style: dotted; height: 45px;\" border=\"1\">\n<tbody>\n<tr>\n<td style=\"width: 50%;\">\n<p style=\"text-align: center;\"><span style=\"font-size: 14pt;\"><strong>\u00a0<\/strong><\/span><span style=\"font-size: 14pt;\"><strong><a href=\"https:\/\/institucional.ufpel.edu.br\/cursos\/cod\/7800\">Institucional<\/a><\/strong><\/span><\/p>\n<\/td>\n<td style=\"width: 50%; text-align: justify;\">Clicar em <strong>turmas ofertadas<\/strong> e est\u00e3o dispon\u00edveis os hor\u00e1rios.<\/td>\n<\/tr>\n<\/tbody>\n<\/table>\n<p>Tamb\u00e9m dispon\u00edvel atrav\u00e9s do Link: <a href=\"https:\/\/wp.ufpel.edu.br\/qforense\/horarios-semestrais\/horarios_2025-2_quimica-forense-preliminar-1\/\" rel=\"attachment wp-att-1575\">HOR\u00c1RIOS_2025-2_QU\u00cdMICA FORENSE &#8211; PRELIMINAR (1)<\/a><\/p>\n<p>&nbsp;<\/p>\n","protected":false},"excerpt":{"rendered":"<p>Al\u00e9m de serem divulgados via e-mail, os hor\u00e1rios semestrais s\u00e3o publicados nesta p\u00e1gina:\u00a0 \u00a0Institucional Clicar em turmas ofertadas e est\u00e3o dispon\u00edveis os hor\u00e1rios. Tamb\u00e9m dispon\u00edvel atrav\u00e9s do Link: HOR\u00c1RIOS_2025-2_QU\u00cdMICA FORENSE &#8211; PRELIMINAR (1) &nbsp;<\/p>\n","protected":false},"author":242,"featured_media":0,"parent":0,"menu_order":0,"comment_status":"closed","ping_status":"closed","template":"","meta":{"footnotes":""},"class_list":["post-674","page","type-page","status-publish","hentry","nodate","item-wrap"],"jetpack-related-posts":[],"jetpack_sharing_enabled":true,"_links":{"self":[{"href":"https:\/\/wp.ufpel.edu.br\/qforense\/wp-json\/wp\/v2\/pages\/674","targetHints":{"allow":["GET"]}}],"collection":[{"href":"https:\/\/wp.ufpel.edu.br\/qforense\/wp-json\/wp\/v2\/pages"}],"about":[{"href":"https:\/\/wp.ufpel.edu.br\/qforense\/wp-json\/wp\/v2\/types\/page"}],"author":[{"embeddable":true,"href":"https:\/\/wp.ufpel.edu.br\/qforense\/wp-json\/wp\/v2\/users\/242"}],"replies":[{"embeddable":true,"href":"https:\/\/wp.ufpel.edu.br\/qforense\/wp-json\/wp\/v2\/comments?post=674"}],"version-history":[{"count":4,"href":"https:\/\/wp.ufpel.edu.br\/qforense\/wp-json\/wp\/v2\/pages\/674\/revisions"}],"predecessor-version":[{"id":1576,"href":"https:\/\/wp.ufpel.edu.br\/qforense\/wp-json\/wp\/v2\/pages\/674\/revisions\/1576"}],"wp:attachment":[{"href":"https:\/\/wp.ufpel.edu.br\/qforense\/wp-json\/wp\/v2\/media?parent=674"}],"curies":[{"name":"wp","href":"https:\/\/api.w.org\/{rel}","templated":true}]}}