{"id":380,"date":"2015-05-13T19:03:22","date_gmt":"2015-05-13T22:03:22","guid":{"rendered":"https:\/\/wp.ufpel.edu.br\/qforense\/?page_id=380"},"modified":"2025-10-06T18:22:47","modified_gmt":"2025-10-06T21:22:47","slug":"caracterizacoes-curricular","status":"publish","type":"page","link":"https:\/\/wp.ufpel.edu.br\/qforense\/caracterizacoes-curricular\/","title":{"rendered":"Caracteriza\u00e7\u00e3o Curricular"},"content":{"rendered":"<p>Caracteriza\u00e7\u00f5es curricular dos semestres do curso Bacharelado em Qu\u00edmica Forense<\/p>\n<p><a href=\"https:\/\/wp.ufpel.edu.br\/qforense\/caracterizacoes-curricular\/caracterizacao_curricular_quimica_forense-2\/\" rel=\"attachment wp-att-1703\">Clique aqui<\/a><\/p>\n<p>&nbsp;<\/p>\n","protected":false},"excerpt":{"rendered":"<p>Caracteriza\u00e7\u00f5es curricular dos semestres do curso Bacharelado em Qu\u00edmica Forense Clique aqui &nbsp;<\/p>\n","protected":false},"author":242,"featured_media":0,"parent":0,"menu_order":0,"comment_status":"closed","ping_status":"closed","template":"","meta":{"footnotes":""},"class_list":["post-380","page","type-page","status-publish","hentry","nodate","item-wrap"],"jetpack-related-posts":[],"jetpack_sharing_enabled":true,"_links":{"self":[{"href":"https:\/\/wp.ufpel.edu.br\/qforense\/wp-json\/wp\/v2\/pages\/380","targetHints":{"allow":["GET"]}}],"collection":[{"href":"https:\/\/wp.ufpel.edu.br\/qforense\/wp-json\/wp\/v2\/pages"}],"about":[{"href":"https:\/\/wp.ufpel.edu.br\/qforense\/wp-json\/wp\/v2\/types\/page"}],"author":[{"embeddable":true,"href":"https:\/\/wp.ufpel.edu.br\/qforense\/wp-json\/wp\/v2\/users\/242"}],"replies":[{"embeddable":true,"href":"https:\/\/wp.ufpel.edu.br\/qforense\/wp-json\/wp\/v2\/comments?post=380"}],"version-history":[{"count":4,"href":"https:\/\/wp.ufpel.edu.br\/qforense\/wp-json\/wp\/v2\/pages\/380\/revisions"}],"predecessor-version":[{"id":1704,"href":"https:\/\/wp.ufpel.edu.br\/qforense\/wp-json\/wp\/v2\/pages\/380\/revisions\/1704"}],"wp:attachment":[{"href":"https:\/\/wp.ufpel.edu.br\/qforense\/wp-json\/wp\/v2\/media?parent=380"}],"curies":[{"name":"wp","href":"https:\/\/api.w.org\/{rel}","templated":true}]}}