{"id":378,"date":"2015-05-13T18:59:48","date_gmt":"2015-05-13T21:59:48","guid":{"rendered":"https:\/\/wp.ufpel.edu.br\/qforense\/?page_id=378"},"modified":"2025-09-15T19:03:17","modified_gmt":"2025-09-15T22:03:17","slug":"formacao-especifica-2","status":"publish","type":"page","link":"https:\/\/wp.ufpel.edu.br\/qforense\/formacao-especifica-2\/","title":{"rendered":"Forma\u00e7\u00e3o Espec\u00edfica"},"content":{"rendered":"<p style=\"text-align: justify;\">O profissional em Qu\u00edmica Forense ter\u00e1 forma\u00e7\u00e3o multi e interdisciplinar para compreender e atuar sobre problemas qu\u00edmicos inseridos no \u00e2mbito da \u00e1rea jur\u00eddica e investiga\u00e7\u00e3o forense. Al\u00e9m de possuir s\u00f3lidos conhecimentos das disciplinas que constituem o n\u00facleo b\u00e1sico de forma\u00e7\u00e3o de um Bacharel em Qu\u00edmica, deve ser capaz de aplicar os conhecimentos adquiridos, adaptando-os a situa\u00e7\u00f5es cotidianas e novas, utilizando a Qu\u00edmica em benef\u00edcio da sociedade, com a consci\u00eancia voltada para o sentido investigativo.<\/p>\n<p style=\"text-align: justify;\">\u00c9 inerente que o qu\u00edmico forense aplique a qu\u00edmica cl\u00e1ssica e tecnol\u00f3gica, no sentido de desvendar situa\u00e7\u00f5es e solucionar problemas atrav\u00e9s da intera\u00e7\u00e3o com outros profissionais nas \u00e1reas de Medicina Forense e Jur\u00eddica, reduzindo o tempo na investiga\u00e7\u00e3o e na solu\u00e7\u00e3o de processos. O profissional em Qu\u00edmica Forense deve ser capaz de solucionar as d\u00favidas de um crime ou de um acidente, por meio da Qu\u00edmica utilizando m\u00e9todos anal\u00edticos\/instrumentais apropriados.<\/p>\n<p style=\"text-align: justify;\">Na \u00e1rea forense, cada problema cient\u00edfico tem um interesse humano, mas o Cientista Forense deve ser capaz de investigar e analisar a situa\u00e7\u00e3o imparcialmente e objetivamente atrav\u00e9s de medidas cient\u00edficas cuidadosas e precisas.<\/p>\n","protected":false},"excerpt":{"rendered":"<p>O profissional em Qu\u00edmica Forense ter\u00e1 forma\u00e7\u00e3o multi e interdisciplinar para compreender e atuar sobre problemas qu\u00edmicos inseridos no \u00e2mbito da \u00e1rea jur\u00eddica e investiga\u00e7\u00e3o forense. Al\u00e9m de possuir s\u00f3lidos conhecimentos das disciplinas que constituem o n\u00facleo b\u00e1sico de forma\u00e7\u00e3o de um Bacharel em Qu\u00edmica, deve ser capaz de aplicar os conhecimentos adquiridos, adaptando-os a &hellip; <\/p>\n<p><a class=\"more-link btn\" href=\"https:\/\/wp.ufpel.edu.br\/qforense\/formacao-especifica-2\/\">Continue lendo<\/a><\/p>\n","protected":false},"author":242,"featured_media":0,"parent":0,"menu_order":0,"comment_status":"closed","ping_status":"closed","template":"","meta":{"footnotes":""},"class_list":["post-378","page","type-page","status-publish","hentry","nodate","item-wrap"],"jetpack-related-posts":[],"jetpack_sharing_enabled":true,"_links":{"self":[{"href":"https:\/\/wp.ufpel.edu.br\/qforense\/wp-json\/wp\/v2\/pages\/378","targetHints":{"allow":["GET"]}}],"collection":[{"href":"https:\/\/wp.ufpel.edu.br\/qforense\/wp-json\/wp\/v2\/pages"}],"about":[{"href":"https:\/\/wp.ufpel.edu.br\/qforense\/wp-json\/wp\/v2\/types\/page"}],"author":[{"embeddable":true,"href":"https:\/\/wp.ufpel.edu.br\/qforense\/wp-json\/wp\/v2\/users\/242"}],"replies":[{"embeddable":true,"href":"https:\/\/wp.ufpel.edu.br\/qforense\/wp-json\/wp\/v2\/comments?post=378"}],"version-history":[{"count":3,"href":"https:\/\/wp.ufpel.edu.br\/qforense\/wp-json\/wp\/v2\/pages\/378\/revisions"}],"predecessor-version":[{"id":1581,"href":"https:\/\/wp.ufpel.edu.br\/qforense\/wp-json\/wp\/v2\/pages\/378\/revisions\/1581"}],"wp:attachment":[{"href":"https:\/\/wp.ufpel.edu.br\/qforense\/wp-json\/wp\/v2\/media?parent=378"}],"curies":[{"name":"wp","href":"https:\/\/api.w.org\/{rel}","templated":true}]}}