{"id":209,"date":"2014-03-13T17:26:48","date_gmt":"2014-03-13T17:26:48","guid":{"rendered":"http:\/\/v3graf.com.br\/wordpress\/?page_id=209"},"modified":"2025-09-30T21:27:03","modified_gmt":"2025-10-01T00:27:03","slug":"o-curso","status":"publish","type":"page","link":"https:\/\/wp.ufpel.edu.br\/qforense\/o-curso\/","title":{"rendered":"O Curso"},"content":{"rendered":"<p style=\"text-align: left;\">O objetivo do curso de Qu\u00edmica Forense \u00e9 formar um profissional em Qu\u00edmica que ter\u00e1 a capacidade de interagir com outros profissionais nas \u00e1reas de medicina forense e jur\u00eddica, reduzindo o tempo na investiga\u00e7\u00e3o e na solu\u00e7\u00e3o de processos. O profissional em Qu\u00edmica Forense deve ser capaz de solucionar as d\u00favidas de um crime ou de um acidente, por meio da Qu\u00edmica utilizando m\u00e9todos anal\u00edticos\/instrumentais apropriados. Al\u00e9m das habilita\u00e7\u00f5es pertinentes ao Bacharel em Qu\u00edmica, o qu\u00edmico forense aplicar\u00e1 m\u00e9todos rigorosamente cient\u00edficos e aprender\u00e1 a justificar e defender conclus\u00f5es bem fundamentadas. Na \u00e1rea forense, cada problema cient\u00edfico tem um interesse humano, mas o cientista forense deve ser capaz de investigar e analisar a situa\u00e7\u00e3o imparcialmente e objetivamente atrav\u00e9s de medidas cient\u00edficas cuidadosas e precisas.<\/p>\n<p>Aqui voc\u00ea tamb\u00e9m t\u00eam acesso ao <a href=\"https:\/\/wp.ufpel.edu.br\/qforense\/o-curso\/relatorio-de-processo-de-autoavaliacao-do-curso-de-quimica-forense\/\" rel=\"attachment wp-att-1693\">Relat\u00f3rio de Processo de Autoavalia\u00e7\u00e3o do curso de Qu\u00edmica Forense<\/a><\/p>\n","protected":false},"excerpt":{"rendered":"<p>O objetivo do curso de Qu\u00edmica Forense \u00e9 formar um profissional em Qu\u00edmica que ter\u00e1 a capacidade de interagir com outros profissionais nas \u00e1reas de medicina forense e jur\u00eddica, reduzindo o tempo na investiga\u00e7\u00e3o e na solu\u00e7\u00e3o de processos. O profissional em Qu\u00edmica Forense deve ser capaz de solucionar as d\u00favidas de um crime ou &hellip; <\/p>\n<p><a class=\"more-link btn\" href=\"https:\/\/wp.ufpel.edu.br\/qforense\/o-curso\/\">Continue lendo<\/a><\/p>\n","protected":false},"author":242,"featured_media":0,"parent":0,"menu_order":0,"comment_status":"closed","ping_status":"closed","template":"","meta":{"footnotes":""},"class_list":["post-209","page","type-page","status-publish","hentry","nodate","item-wrap"],"jetpack-related-posts":[],"jetpack_sharing_enabled":true,"_links":{"self":[{"href":"https:\/\/wp.ufpel.edu.br\/qforense\/wp-json\/wp\/v2\/pages\/209","targetHints":{"allow":["GET"]}}],"collection":[{"href":"https:\/\/wp.ufpel.edu.br\/qforense\/wp-json\/wp\/v2\/pages"}],"about":[{"href":"https:\/\/wp.ufpel.edu.br\/qforense\/wp-json\/wp\/v2\/types\/page"}],"author":[{"embeddable":true,"href":"https:\/\/wp.ufpel.edu.br\/qforense\/wp-json\/wp\/v2\/users\/242"}],"replies":[{"embeddable":true,"href":"https:\/\/wp.ufpel.edu.br\/qforense\/wp-json\/wp\/v2\/comments?post=209"}],"version-history":[{"count":3,"href":"https:\/\/wp.ufpel.edu.br\/qforense\/wp-json\/wp\/v2\/pages\/209\/revisions"}],"predecessor-version":[{"id":1694,"href":"https:\/\/wp.ufpel.edu.br\/qforense\/wp-json\/wp\/v2\/pages\/209\/revisions\/1694"}],"wp:attachment":[{"href":"https:\/\/wp.ufpel.edu.br\/qforense\/wp-json\/wp\/v2\/media?parent=209"}],"curies":[{"name":"wp","href":"https:\/\/api.w.org\/{rel}","templated":true}]}}