{"id":1609,"date":"2025-09-15T19:32:59","date_gmt":"2025-09-15T22:32:59","guid":{"rendered":"https:\/\/wp.ufpel.edu.br\/qforense\/?page_id=1609"},"modified":"2025-09-16T22:35:57","modified_gmt":"2025-09-17T01:35:57","slug":"resolucao-de-estagios-ufpel","status":"publish","type":"page","link":"https:\/\/wp.ufpel.edu.br\/qforense\/resolucao-de-estagios-ufpel\/","title":{"rendered":"Resolu\u00e7\u00e3o De Est\u00e1gios UFPel"},"content":{"rendered":"<p><a href=\"https:\/\/wp.ufpel.edu.br\/qforense\/resolucao-de-estagios-ufpel\/resolucao-de-estagios-ufpel-2\/\" rel=\"attachment wp-att-1672\">Clique aqui<\/a>\u00a0para acessar a resolu\u00e7\u00e3o de est\u00e1gios UFPel<\/p>\n","protected":false},"excerpt":{"rendered":"<p>Clique aqui\u00a0para acessar a resolu\u00e7\u00e3o de est\u00e1gios UFPel<\/p>\n","protected":false},"author":242,"featured_media":0,"parent":0,"menu_order":0,"comment_status":"closed","ping_status":"closed","template":"","meta":{"footnotes":""},"class_list":["post-1609","page","type-page","status-publish","hentry","nodate","item-wrap"],"jetpack-related-posts":[],"jetpack_sharing_enabled":true,"_links":{"self":[{"href":"https:\/\/wp.ufpel.edu.br\/qforense\/wp-json\/wp\/v2\/pages\/1609","targetHints":{"allow":["GET"]}}],"collection":[{"href":"https:\/\/wp.ufpel.edu.br\/qforense\/wp-json\/wp\/v2\/pages"}],"about":[{"href":"https:\/\/wp.ufpel.edu.br\/qforense\/wp-json\/wp\/v2\/types\/page"}],"author":[{"embeddable":true,"href":"https:\/\/wp.ufpel.edu.br\/qforense\/wp-json\/wp\/v2\/users\/242"}],"replies":[{"embeddable":true,"href":"https:\/\/wp.ufpel.edu.br\/qforense\/wp-json\/wp\/v2\/comments?post=1609"}],"version-history":[{"count":2,"href":"https:\/\/wp.ufpel.edu.br\/qforense\/wp-json\/wp\/v2\/pages\/1609\/revisions"}],"predecessor-version":[{"id":1673,"href":"https:\/\/wp.ufpel.edu.br\/qforense\/wp-json\/wp\/v2\/pages\/1609\/revisions\/1673"}],"wp:attachment":[{"href":"https:\/\/wp.ufpel.edu.br\/qforense\/wp-json\/wp\/v2\/media?parent=1609"}],"curies":[{"name":"wp","href":"https:\/\/api.w.org\/{rel}","templated":true}]}}