{"id":1606,"date":"2025-09-15T19:32:59","date_gmt":"2025-09-15T22:32:59","guid":{"rendered":"https:\/\/wp.ufpel.edu.br\/qforense\/?page_id=1606"},"modified":"2025-09-16T22:12:25","modified_gmt":"2025-09-17T01:12:25","slug":"documentos","status":"publish","type":"page","link":"https:\/\/wp.ufpel.edu.br\/qforense\/documentos\/","title":{"rendered":"Documentos"},"content":{"rendered":"<p style=\"text-align: justify;\"><strong>Disponibilizamos abaixo os documentos que devem ser utilizados pelos estudantes na realiza\u00e7\u00e3o do Trabalho de Conclus\u00e3o de Curso.<\/strong><\/p>\n<p>MQF1 \u2014 <a href=\"https:\/\/wp.ufpel.edu.br\/qforense\/documentos\/mqf1-ajustado\/\" rel=\"attachment wp-att-1660\">Clique aqui<\/a> para conferir.<\/p>\n<p>MQF2 \u2014 <a href=\"https:\/\/wp.ufpel.edu.br\/qforense\/documentos\/mqf2-ajustado\/\" rel=\"attachment wp-att-1661\">Clique aqui<\/a> para conferir<\/p>\n<p>MQF3 \u2014 <a href=\"https:\/\/wp.ufpel.edu.br\/qforense\/documentos\/mqf3-ajustado\/\" rel=\"attachment wp-att-1662\">Clique aqui<\/a> para conferir.<\/p>\n<p>Termo de Responsabilidade Legal em caso de Pl\u00e1gio \u2014 <a href=\"https:\/\/wp.ufpel.edu.br\/qforense\/documentos\/termo-responsabilidade-em-caso-de-plagio\/\" rel=\"attachment wp-att-1664\">Clique aqui<\/a> para conferir.<\/p>\n<p data-pm-slice=\"1 1 []\">Manual de Normas UFPel para trabalhos acad\u00eamicos &#8211; <a href=\"https:\/\/wp.ufpel.edu.br\/qforense\/documentos\/manual-de-normas-ufpel-para-trabalhos-academicos-2\/\" rel=\"attachment wp-att-1665\">Clique aqui<\/a> para conferir.<\/p>\n<p>&nbsp;<\/p>\n","protected":false},"excerpt":{"rendered":"<p>Disponibilizamos abaixo os documentos que devem ser utilizados pelos estudantes na realiza\u00e7\u00e3o do Trabalho de Conclus\u00e3o de Curso. MQF1 \u2014 Clique aqui para conferir. MQF2 \u2014 Clique aqui para conferir MQF3 \u2014 Clique aqui para conferir. Termo de Responsabilidade Legal em caso de Pl\u00e1gio \u2014 Clique aqui para conferir. Manual de Normas UFPel para trabalhos &hellip; <\/p>\n<p><a class=\"more-link btn\" href=\"https:\/\/wp.ufpel.edu.br\/qforense\/documentos\/\">Continue lendo<\/a><\/p>\n","protected":false},"author":242,"featured_media":0,"parent":0,"menu_order":0,"comment_status":"closed","ping_status":"closed","template":"","meta":{"footnotes":""},"class_list":["post-1606","page","type-page","status-publish","hentry","nodate","item-wrap"],"jetpack-related-posts":[],"jetpack_sharing_enabled":true,"_links":{"self":[{"href":"https:\/\/wp.ufpel.edu.br\/qforense\/wp-json\/wp\/v2\/pages\/1606","targetHints":{"allow":["GET"]}}],"collection":[{"href":"https:\/\/wp.ufpel.edu.br\/qforense\/wp-json\/wp\/v2\/pages"}],"about":[{"href":"https:\/\/wp.ufpel.edu.br\/qforense\/wp-json\/wp\/v2\/types\/page"}],"author":[{"embeddable":true,"href":"https:\/\/wp.ufpel.edu.br\/qforense\/wp-json\/wp\/v2\/users\/242"}],"replies":[{"embeddable":true,"href":"https:\/\/wp.ufpel.edu.br\/qforense\/wp-json\/wp\/v2\/comments?post=1606"}],"version-history":[{"count":3,"href":"https:\/\/wp.ufpel.edu.br\/qforense\/wp-json\/wp\/v2\/pages\/1606\/revisions"}],"predecessor-version":[{"id":1666,"href":"https:\/\/wp.ufpel.edu.br\/qforense\/wp-json\/wp\/v2\/pages\/1606\/revisions\/1666"}],"wp:attachment":[{"href":"https:\/\/wp.ufpel.edu.br\/qforense\/wp-json\/wp\/v2\/media?parent=1606"}],"curies":[{"name":"wp","href":"https:\/\/api.w.org\/{rel}","templated":true}]}}