{"id":1598,"date":"2025-09-15T19:22:56","date_gmt":"2025-09-15T22:22:56","guid":{"rendered":"https:\/\/wp.ufpel.edu.br\/qforense\/?page_id=1598"},"modified":"2025-10-06T18:10:29","modified_gmt":"2025-10-06T21:10:29","slug":"fluxograma-do-curso","status":"publish","type":"page","link":"https:\/\/wp.ufpel.edu.br\/qforense\/fluxograma-do-curso\/","title":{"rendered":"Fluxograma Do Curso"},"content":{"rendered":"<p>Aqui est\u00e1 dispon\u00edvel o fluxograma atualizado do curso de Qu\u00edmica Forense:<\/p>\n<p><a href=\"https:\/\/wp.ufpel.edu.br\/qforense\/fluxograma-do-curso\/novo-fluxograma-do-curso-de-quimica-forense-05-10-25\/\" rel=\"attachment wp-att-1699\">NOVO FLUXOGRAMA DO CURSO DE QU\u00cdMICA FORENSE <\/a><\/p>\n","protected":false},"excerpt":{"rendered":"<p>Aqui est\u00e1 dispon\u00edvel o fluxograma atualizado do curso de Qu\u00edmica Forense: NOVO FLUXOGRAMA DO CURSO DE QU\u00cdMICA FORENSE<\/p>\n","protected":false},"author":242,"featured_media":0,"parent":0,"menu_order":0,"comment_status":"closed","ping_status":"closed","template":"","meta":{"footnotes":""},"class_list":["post-1598","page","type-page","status-publish","hentry","nodate","item-wrap"],"jetpack-related-posts":[],"jetpack_sharing_enabled":true,"_links":{"self":[{"href":"https:\/\/wp.ufpel.edu.br\/qforense\/wp-json\/wp\/v2\/pages\/1598","targetHints":{"allow":["GET"]}}],"collection":[{"href":"https:\/\/wp.ufpel.edu.br\/qforense\/wp-json\/wp\/v2\/pages"}],"about":[{"href":"https:\/\/wp.ufpel.edu.br\/qforense\/wp-json\/wp\/v2\/types\/page"}],"author":[{"embeddable":true,"href":"https:\/\/wp.ufpel.edu.br\/qforense\/wp-json\/wp\/v2\/users\/242"}],"replies":[{"embeddable":true,"href":"https:\/\/wp.ufpel.edu.br\/qforense\/wp-json\/wp\/v2\/comments?post=1598"}],"version-history":[{"count":3,"href":"https:\/\/wp.ufpel.edu.br\/qforense\/wp-json\/wp\/v2\/pages\/1598\/revisions"}],"predecessor-version":[{"id":1700,"href":"https:\/\/wp.ufpel.edu.br\/qforense\/wp-json\/wp\/v2\/pages\/1598\/revisions\/1700"}],"wp:attachment":[{"href":"https:\/\/wp.ufpel.edu.br\/qforense\/wp-json\/wp\/v2\/media?parent=1598"}],"curies":[{"name":"wp","href":"https:\/\/api.w.org\/{rel}","templated":true}]}}