{"id":1589,"date":"2025-09-15T19:18:16","date_gmt":"2025-09-15T22:18:16","guid":{"rendered":"https:\/\/wp.ufpel.edu.br\/qforense\/?page_id=1589"},"modified":"2026-02-09T21:28:02","modified_gmt":"2026-02-10T00:28:02","slug":"plano-de-acao-da-coordenacao-bienio-2023-2025","status":"publish","type":"page","link":"https:\/\/wp.ufpel.edu.br\/qforense\/plano-de-acao-da-coordenacao-bienio-2023-2025\/","title":{"rendered":"Plano de A\u00e7\u00e3o Da Coordena\u00e7\u00e3o Bi\u00eanio 2023-2025"},"content":{"rendered":"<p><a href=\"https:\/\/wp.ufpel.edu.br\/qforense\/plano-de-acao-da-coordenacao-bienio-2023-2025\/plano-de-acao_coordenacao_quimica-forense_bienio-2023-2025-com-simbolo\/\" rel=\"attachment wp-att-1650\">Clique aqui<\/a> para acessar o Plano de A\u00e7\u00e3o da Coordena\u00e7\u00e3o \u2013 Bi\u00eanio 2023-2025<\/p>\n<p>Relat\u00f3rio de 12 meses\u2014 <a href=\"https:\/\/wp.ufpel.edu.br\/qforense\/plano-de-acao-da-coordenacao-bienio-2023-2025\/rel-parcial_coordenacao_quimica-forense_bienio-2023-2025\/\" rel=\"attachment wp-att-1652\">Clique aqui<\/a> para conferir.<\/p>\n<p><a href=\"https:\/\/wp.ufpel.edu.br\/qforense\/plano-de-acao-da-coordenacao-bienio-2023-2025\/rel-final_coordenacao_quimica-forense_bienio-2023-2025\/\" rel=\"attachment wp-att-1786\">RELAT\u00d3RIO FINAL DE ATIVIDADES &#8211; BI\u00caNIO 2023-2025<\/a><\/p>\n<p>&nbsp;<\/p>\n<p><a href=\"https:\/\/wp.ufpel.edu.br\/qforense\/plano-de-acao-da-coordenacao-bienio-2023-2025\/plano-de-acao_coordenacao_quimica-forense_bienio-2025-2027\/\" rel=\"attachment wp-att-1787\">PLANO DE A\u00c7\u00c3O &#8211; COORDENA\u00c7\u00c3O BI\u00caNIO 2025-2027<\/a><\/p>\n","protected":false},"excerpt":{"rendered":"<p>Clique aqui para acessar o Plano de A\u00e7\u00e3o da Coordena\u00e7\u00e3o \u2013 Bi\u00eanio 2023-2025 Relat\u00f3rio de 12 meses\u2014 Clique aqui para conferir. RELAT\u00d3RIO FINAL DE ATIVIDADES &#8211; BI\u00caNIO 2023-2025 &nbsp; PLANO DE A\u00c7\u00c3O &#8211; COORDENA\u00c7\u00c3O BI\u00caNIO 2025-2027<\/p>\n","protected":false},"author":242,"featured_media":0,"parent":0,"menu_order":0,"comment_status":"closed","ping_status":"closed","template":"","meta":{"footnotes":""},"class_list":["post-1589","page","type-page","status-publish","hentry","nodate","item-wrap"],"jetpack-related-posts":[],"jetpack_sharing_enabled":true,"_links":{"self":[{"href":"https:\/\/wp.ufpel.edu.br\/qforense\/wp-json\/wp\/v2\/pages\/1589","targetHints":{"allow":["GET"]}}],"collection":[{"href":"https:\/\/wp.ufpel.edu.br\/qforense\/wp-json\/wp\/v2\/pages"}],"about":[{"href":"https:\/\/wp.ufpel.edu.br\/qforense\/wp-json\/wp\/v2\/types\/page"}],"author":[{"embeddable":true,"href":"https:\/\/wp.ufpel.edu.br\/qforense\/wp-json\/wp\/v2\/users\/242"}],"replies":[{"embeddable":true,"href":"https:\/\/wp.ufpel.edu.br\/qforense\/wp-json\/wp\/v2\/comments?post=1589"}],"version-history":[{"count":4,"href":"https:\/\/wp.ufpel.edu.br\/qforense\/wp-json\/wp\/v2\/pages\/1589\/revisions"}],"predecessor-version":[{"id":1788,"href":"https:\/\/wp.ufpel.edu.br\/qforense\/wp-json\/wp\/v2\/pages\/1589\/revisions\/1788"}],"wp:attachment":[{"href":"https:\/\/wp.ufpel.edu.br\/qforense\/wp-json\/wp\/v2\/media?parent=1589"}],"curies":[{"name":"wp","href":"https:\/\/api.w.org\/{rel}","templated":true}]}}