{"id":1588,"date":"2025-09-15T19:18:16","date_gmt":"2025-09-15T22:18:16","guid":{"rendered":"https:\/\/wp.ufpel.edu.br\/qforense\/?page_id=1588"},"modified":"2025-09-16T20:40:23","modified_gmt":"2025-09-16T23:40:23","slug":"regulamento-da-comissao-de-extensao","status":"publish","type":"page","link":"https:\/\/wp.ufpel.edu.br\/qforense\/regulamento-da-comissao-de-extensao\/","title":{"rendered":"Regulamento Da Comiss\u00e3o De Extens\u00e3o"},"content":{"rendered":"<p><a href=\"https:\/\/wp.ufpel.edu.br\/qforense\/regulamento-da-comissao-de-extensao\/regulamento-extensao\/\" rel=\"attachment wp-att-1648\">Clique aqui<\/a>\u00a0para acessar o regimento do n\u00facleo de extens\u00e3o do curso de Qu\u00edmica Forense<\/p>\n","protected":false},"excerpt":{"rendered":"<p>Clique aqui\u00a0para acessar o regimento do n\u00facleo de extens\u00e3o do curso de Qu\u00edmica Forense<\/p>\n","protected":false},"author":242,"featured_media":0,"parent":0,"menu_order":0,"comment_status":"closed","ping_status":"closed","template":"","meta":{"footnotes":""},"class_list":["post-1588","page","type-page","status-publish","hentry","nodate","item-wrap"],"jetpack-related-posts":[],"jetpack_sharing_enabled":true,"_links":{"self":[{"href":"https:\/\/wp.ufpel.edu.br\/qforense\/wp-json\/wp\/v2\/pages\/1588","targetHints":{"allow":["GET"]}}],"collection":[{"href":"https:\/\/wp.ufpel.edu.br\/qforense\/wp-json\/wp\/v2\/pages"}],"about":[{"href":"https:\/\/wp.ufpel.edu.br\/qforense\/wp-json\/wp\/v2\/types\/page"}],"author":[{"embeddable":true,"href":"https:\/\/wp.ufpel.edu.br\/qforense\/wp-json\/wp\/v2\/users\/242"}],"replies":[{"embeddable":true,"href":"https:\/\/wp.ufpel.edu.br\/qforense\/wp-json\/wp\/v2\/comments?post=1588"}],"version-history":[{"count":3,"href":"https:\/\/wp.ufpel.edu.br\/qforense\/wp-json\/wp\/v2\/pages\/1588\/revisions"}],"predecessor-version":[{"id":1649,"href":"https:\/\/wp.ufpel.edu.br\/qforense\/wp-json\/wp\/v2\/pages\/1588\/revisions\/1649"}],"wp:attachment":[{"href":"https:\/\/wp.ufpel.edu.br\/qforense\/wp-json\/wp\/v2\/media?parent=1588"}],"curies":[{"name":"wp","href":"https:\/\/api.w.org\/{rel}","templated":true}]}}