{"id":1563,"date":"2025-09-13T12:21:10","date_gmt":"2025-09-13T15:21:10","guid":{"rendered":"https:\/\/wp.ufpel.edu.br\/qforense\/?page_id=1563"},"modified":"2025-09-16T20:03:32","modified_gmt":"2025-09-16T23:03:32","slug":"e-nosso-egresso","status":"publish","type":"page","link":"https:\/\/wp.ufpel.edu.br\/qforense\/e-nosso-egresso\/","title":{"rendered":"\u00c9 Nosso Egresso?"},"content":{"rendered":"<p>Seja bem-vindo a este espa\u00e7o que se constitui como o Portal do Egresso do curso de Qu\u00edmica Forense.<br \/>\nQueremos manter um v\u00ednculo cont\u00ednuo com nossos ex-alunos, e acompanhar os profissionais que formamos.<\/p>\n<p>Sabendo de suas percep\u00e7\u00f5es, seus sucessos e dificuldades, poderemos melhorar nosso curso, e direcionar nossos projetos \u00e0s necessidades dos profissionais que estamos formando.<\/p>\n<p>Manter aberto este canal de comunica\u00e7\u00e3o \u00e9 uma forma de continuar esta rela\u00e7\u00e3o que come\u00e7ou nas salas de aula, estimulando o conv\u00edvio universit\u00e1rio e a troca permanente de informa\u00e7\u00f5es entre os egressos e o curso.<\/p>\n<p>Clique no link abaixo e contribua com suas informa\u00e7\u00f5es. Nos ajude a manter a melhoria cont\u00ednua das atividades deste curso, que tamb\u00e9m \u00e9 seu.<br \/>\n<a href=\"https:\/\/forms.gle\/LdKMg4ojbzcfh9PA7\">https:\/\/forms.gle\/LdKMg4ojbzcfh9PA7<\/a><\/p>\n<p style=\"text-align: justify;\">E, se desejar contribuir ainda mais, compartilhe tamb\u00e9m um depoimento sobre sua trajet\u00f3ria no curso de Qu\u00edmica Forense. Sua experi\u00eancia e suas mem\u00f3rias s\u00e3o valiosas para inspirar os atuais e futuros estudantes, al\u00e9m de fortalecer a hist\u00f3ria do nosso curso. Compartilhe atrav\u00e9s do formul\u00e1rio: <a href=\"https:\/\/forms.gle\/dcY2z65Q3zyMboFm7\">https:\/\/forms.gle\/dcY2z65Q3zyMboFm7<\/a><\/p>\n<p>Te convidamos tamb\u00e9m a visitar a p\u00e1gina do Portal de Acompanhamento de Egressos da UFPel <a href=\"https:\/\/wp.ufpel.edu.br\/egresso\/\">https:\/\/wp.ufpel.edu.br\/egresso\/<\/a>\u00a0e contribuir para a coleta de informa\u00e7\u00f5es em n\u00edvel institucional.<\/p>\n<p>&nbsp;<\/p>\n","protected":false},"excerpt":{"rendered":"<p>Seja bem-vindo a este espa\u00e7o que se constitui como o Portal do Egresso do curso de Qu\u00edmica Forense. Queremos manter um v\u00ednculo cont\u00ednuo com nossos ex-alunos, e acompanhar os profissionais que formamos. Sabendo de suas percep\u00e7\u00f5es, seus sucessos e dificuldades, poderemos melhorar nosso curso, e direcionar nossos projetos \u00e0s necessidades dos profissionais que estamos formando. &hellip; <\/p>\n<p><a class=\"more-link btn\" href=\"https:\/\/wp.ufpel.edu.br\/qforense\/e-nosso-egresso\/\">Continue lendo<\/a><\/p>\n","protected":false},"author":242,"featured_media":0,"parent":0,"menu_order":0,"comment_status":"closed","ping_status":"closed","template":"","meta":{"footnotes":""},"class_list":["post-1563","page","type-page","status-publish","hentry","nodate","item-wrap"],"jetpack-related-posts":[],"jetpack_sharing_enabled":true,"_links":{"self":[{"href":"https:\/\/wp.ufpel.edu.br\/qforense\/wp-json\/wp\/v2\/pages\/1563","targetHints":{"allow":["GET"]}}],"collection":[{"href":"https:\/\/wp.ufpel.edu.br\/qforense\/wp-json\/wp\/v2\/pages"}],"about":[{"href":"https:\/\/wp.ufpel.edu.br\/qforense\/wp-json\/wp\/v2\/types\/page"}],"author":[{"embeddable":true,"href":"https:\/\/wp.ufpel.edu.br\/qforense\/wp-json\/wp\/v2\/users\/242"}],"replies":[{"embeddable":true,"href":"https:\/\/wp.ufpel.edu.br\/qforense\/wp-json\/wp\/v2\/comments?post=1563"}],"version-history":[{"count":4,"href":"https:\/\/wp.ufpel.edu.br\/qforense\/wp-json\/wp\/v2\/pages\/1563\/revisions"}],"predecessor-version":[{"id":1640,"href":"https:\/\/wp.ufpel.edu.br\/qforense\/wp-json\/wp\/v2\/pages\/1563\/revisions\/1640"}],"wp:attachment":[{"href":"https:\/\/wp.ufpel.edu.br\/qforense\/wp-json\/wp\/v2\/media?parent=1563"}],"curies":[{"name":"wp","href":"https:\/\/api.w.org\/{rel}","templated":true}]}}