{"id":1525,"date":"2025-08-26T22:21:19","date_gmt":"2025-08-27T01:21:19","guid":{"rendered":"https:\/\/wp.ufpel.edu.br\/qforense\/?page_id=1525"},"modified":"2026-02-09T21:21:27","modified_gmt":"2026-02-10T00:21:27","slug":"regimento-do-nde-do-curso","status":"publish","type":"page","link":"https:\/\/wp.ufpel.edu.br\/qforense\/regimento-do-nde-do-curso\/","title":{"rendered":"Regimento do NDE do Curso"},"content":{"rendered":"<p>Clique no link abaixo para acessar o Regimento do N\u00facleo Docente Estruturante (NDE) do curso.<\/p>\n<p><a href=\"https:\/\/wp.ufpel.edu.br\/qforense\/regimento-do-nde-do-curso\/regimento-nde-2\/\" rel=\"attachment wp-att-1783\">REGIMENTO DO N\u00daCLEO DOCENTE ESTRUTURANTE DO CURSO DE QU\u00cdMICA FORENSE<\/a><\/p>\n<p><a href=\"https:\/\/wp.ufpel.edu.br\/qforense\/regimento-do-nde-do-curso\/sei_3532112_portaria_interna_106-1\/\" rel=\"attachment wp-att-1777\">PORTARIA N\u00ba 106, DE 08 DE DEZEMBRO DE 2025<\/a><\/p>\n<p>&nbsp;<\/p>\n","protected":false},"excerpt":{"rendered":"<p>Clique no link abaixo para acessar o Regimento do N\u00facleo Docente Estruturante (NDE) do curso. REGIMENTO DO N\u00daCLEO DOCENTE ESTRUTURANTE DO CURSO DE QU\u00cdMICA FORENSE PORTARIA N\u00ba 106, DE 08 DE DEZEMBRO DE 2025 &nbsp;<\/p>\n","protected":false},"author":242,"featured_media":0,"parent":0,"menu_order":0,"comment_status":"closed","ping_status":"closed","template":"","meta":{"footnotes":""},"class_list":["post-1525","page","type-page","status-publish","hentry","nodate","item-wrap"],"jetpack-related-posts":[],"jetpack_sharing_enabled":true,"_links":{"self":[{"href":"https:\/\/wp.ufpel.edu.br\/qforense\/wp-json\/wp\/v2\/pages\/1525","targetHints":{"allow":["GET"]}}],"collection":[{"href":"https:\/\/wp.ufpel.edu.br\/qforense\/wp-json\/wp\/v2\/pages"}],"about":[{"href":"https:\/\/wp.ufpel.edu.br\/qforense\/wp-json\/wp\/v2\/types\/page"}],"author":[{"embeddable":true,"href":"https:\/\/wp.ufpel.edu.br\/qforense\/wp-json\/wp\/v2\/users\/242"}],"replies":[{"embeddable":true,"href":"https:\/\/wp.ufpel.edu.br\/qforense\/wp-json\/wp\/v2\/comments?post=1525"}],"version-history":[{"count":3,"href":"https:\/\/wp.ufpel.edu.br\/qforense\/wp-json\/wp\/v2\/pages\/1525\/revisions"}],"predecessor-version":[{"id":1785,"href":"https:\/\/wp.ufpel.edu.br\/qforense\/wp-json\/wp\/v2\/pages\/1525\/revisions\/1785"}],"wp:attachment":[{"href":"https:\/\/wp.ufpel.edu.br\/qforense\/wp-json\/wp\/v2\/media?parent=1525"}],"curies":[{"name":"wp","href":"https:\/\/api.w.org\/{rel}","templated":true}]}}