{"id":1498,"date":"2025-08-26T21:29:53","date_gmt":"2025-08-27T00:29:53","guid":{"rendered":"https:\/\/wp.ufpel.edu.br\/qforense\/?page_id=1498"},"modified":"2025-10-06T18:15:08","modified_gmt":"2025-10-06T21:15:08","slug":"projeto-pedagogico-do-curso","status":"publish","type":"page","link":"https:\/\/wp.ufpel.edu.br\/qforense\/projeto-pedagogico-do-curso\/","title":{"rendered":"Projeto pedag\u00f3gico do curso"},"content":{"rendered":"<p>Abaixo est\u00e1 dispon\u00edvel o Projeto Pedag\u00f3gico do Curso (PPC) de Bacharelado em Qu\u00edmica Forense<\/p>\n<p><a href=\"https:\/\/wp.ufpel.edu.br\/qforense\/projeto-pedagogico-do-curso\/ppc_curso-de-quimica-forense_05-10-2025\/\" rel=\"attachment wp-att-1701\">PPC CURSO DE QUIMICA FORENSE<\/a><\/p>\n","protected":false},"excerpt":{"rendered":"<p>Abaixo est\u00e1 dispon\u00edvel o Projeto Pedag\u00f3gico do Curso (PPC) de Bacharelado em Qu\u00edmica Forense PPC CURSO DE QUIMICA FORENSE<\/p>\n","protected":false},"author":242,"featured_media":0,"parent":0,"menu_order":0,"comment_status":"closed","ping_status":"closed","template":"","meta":{"footnotes":""},"class_list":["post-1498","page","type-page","status-publish","hentry","nodate","item-wrap"],"jetpack-related-posts":[],"jetpack_sharing_enabled":true,"_links":{"self":[{"href":"https:\/\/wp.ufpel.edu.br\/qforense\/wp-json\/wp\/v2\/pages\/1498","targetHints":{"allow":["GET"]}}],"collection":[{"href":"https:\/\/wp.ufpel.edu.br\/qforense\/wp-json\/wp\/v2\/pages"}],"about":[{"href":"https:\/\/wp.ufpel.edu.br\/qforense\/wp-json\/wp\/v2\/types\/page"}],"author":[{"embeddable":true,"href":"https:\/\/wp.ufpel.edu.br\/qforense\/wp-json\/wp\/v2\/users\/242"}],"replies":[{"embeddable":true,"href":"https:\/\/wp.ufpel.edu.br\/qforense\/wp-json\/wp\/v2\/comments?post=1498"}],"version-history":[{"count":3,"href":"https:\/\/wp.ufpel.edu.br\/qforense\/wp-json\/wp\/v2\/pages\/1498\/revisions"}],"predecessor-version":[{"id":1702,"href":"https:\/\/wp.ufpel.edu.br\/qforense\/wp-json\/wp\/v2\/pages\/1498\/revisions\/1702"}],"wp:attachment":[{"href":"https:\/\/wp.ufpel.edu.br\/qforense\/wp-json\/wp\/v2\/media?parent=1498"}],"curies":[{"name":"wp","href":"https:\/\/api.w.org\/{rel}","templated":true}]}}