{"id":1476,"date":"2025-08-26T20:13:11","date_gmt":"2025-08-26T23:13:11","guid":{"rendered":"https:\/\/wp.ufpel.edu.br\/qforense\/?page_id=1476"},"modified":"2025-09-16T22:33:47","modified_gmt":"2025-09-17T01:33:47","slug":"horas-de-formacao-em-extensao","status":"publish","type":"page","link":"https:\/\/wp.ufpel.edu.br\/qforense\/horas-de-formacao-em-extensao\/","title":{"rendered":"Horas de Forma\u00e7\u00e3o em Extens\u00e3o"},"content":{"rendered":"<p>Acesse abaixo as informa\u00e7\u00f5es sobre as Horas de Forma\u00e7\u00e3o em Extens\u00e3o do curso<\/p>\n<p>\u2013 Discrimina\u00e7\u00e3o de horas ACE &#8211; <a href=\"https:\/\/wp.ufpel.edu.br\/qforense\/horas-de-formacao-em-extensao\/anexo-1-extensao\/\" rel=\"attachment wp-att-1669\">Clique aqui<\/a><\/p>\n<p>&#8211; Requerimento de averba\u00e7\u00e3o de carga hor\u00e1ria ACE &#8211; <a href=\"https:\/\/wp.ufpel.edu.br\/qforense\/horas-de-formacao-em-extensao\/anexo-2-extensao\/\" rel=\"attachment wp-att-1670\">Clique aqui<\/a><\/p>\n","protected":false},"excerpt":{"rendered":"<p>Acesse abaixo as informa\u00e7\u00f5es sobre as Horas de Forma\u00e7\u00e3o em Extens\u00e3o do curso \u2013 Discrimina\u00e7\u00e3o de horas ACE &#8211; Clique aqui &#8211; Requerimento de averba\u00e7\u00e3o de carga hor\u00e1ria ACE &#8211; Clique aqui<\/p>\n","protected":false},"author":242,"featured_media":0,"parent":0,"menu_order":0,"comment_status":"closed","ping_status":"closed","template":"","meta":{"footnotes":""},"class_list":["post-1476","page","type-page","status-publish","hentry","nodate","item-wrap"],"jetpack-related-posts":[],"jetpack_sharing_enabled":true,"_links":{"self":[{"href":"https:\/\/wp.ufpel.edu.br\/qforense\/wp-json\/wp\/v2\/pages\/1476","targetHints":{"allow":["GET"]}}],"collection":[{"href":"https:\/\/wp.ufpel.edu.br\/qforense\/wp-json\/wp\/v2\/pages"}],"about":[{"href":"https:\/\/wp.ufpel.edu.br\/qforense\/wp-json\/wp\/v2\/types\/page"}],"author":[{"embeddable":true,"href":"https:\/\/wp.ufpel.edu.br\/qforense\/wp-json\/wp\/v2\/users\/242"}],"replies":[{"embeddable":true,"href":"https:\/\/wp.ufpel.edu.br\/qforense\/wp-json\/wp\/v2\/comments?post=1476"}],"version-history":[{"count":3,"href":"https:\/\/wp.ufpel.edu.br\/qforense\/wp-json\/wp\/v2\/pages\/1476\/revisions"}],"predecessor-version":[{"id":1671,"href":"https:\/\/wp.ufpel.edu.br\/qforense\/wp-json\/wp\/v2\/pages\/1476\/revisions\/1671"}],"wp:attachment":[{"href":"https:\/\/wp.ufpel.edu.br\/qforense\/wp-json\/wp\/v2\/media?parent=1476"}],"curies":[{"name":"wp","href":"https:\/\/api.w.org\/{rel}","templated":true}]}}