{"id":1475,"date":"2025-08-26T20:13:11","date_gmt":"2025-08-26T23:13:11","guid":{"rendered":"https:\/\/wp.ufpel.edu.br\/qforense\/?page_id=1475"},"modified":"2025-09-16T22:26:29","modified_gmt":"2025-09-17T01:26:29","slug":"horas-de-formacao-complementar","status":"publish","type":"page","link":"https:\/\/wp.ufpel.edu.br\/qforense\/horas-de-formacao-complementar\/","title":{"rendered":"Horas de Forma\u00e7\u00e3o Complementar"},"content":{"rendered":"<p>Acesse abaixo as informa\u00e7\u00f5es sobre as Horas de Forma\u00e7\u00e3o Complementar do curso<\/p>\n<p><a href=\"https:\/\/wp.ufpel.edu.br\/qforense\/horas-de-formacao-complementar\/formacao-complementar\/\" rel=\"attachment wp-att-1667\">Clique aqui<\/a><\/p>\n","protected":false},"excerpt":{"rendered":"<p>Acesse abaixo as informa\u00e7\u00f5es sobre as Horas de Forma\u00e7\u00e3o Complementar do curso Clique aqui<\/p>\n","protected":false},"author":242,"featured_media":0,"parent":0,"menu_order":0,"comment_status":"closed","ping_status":"closed","template":"","meta":{"footnotes":""},"class_list":["post-1475","page","type-page","status-publish","hentry","nodate","item-wrap"],"jetpack-related-posts":[],"jetpack_sharing_enabled":true,"_links":{"self":[{"href":"https:\/\/wp.ufpel.edu.br\/qforense\/wp-json\/wp\/v2\/pages\/1475","targetHints":{"allow":["GET"]}}],"collection":[{"href":"https:\/\/wp.ufpel.edu.br\/qforense\/wp-json\/wp\/v2\/pages"}],"about":[{"href":"https:\/\/wp.ufpel.edu.br\/qforense\/wp-json\/wp\/v2\/types\/page"}],"author":[{"embeddable":true,"href":"https:\/\/wp.ufpel.edu.br\/qforense\/wp-json\/wp\/v2\/users\/242"}],"replies":[{"embeddable":true,"href":"https:\/\/wp.ufpel.edu.br\/qforense\/wp-json\/wp\/v2\/comments?post=1475"}],"version-history":[{"count":3,"href":"https:\/\/wp.ufpel.edu.br\/qforense\/wp-json\/wp\/v2\/pages\/1475\/revisions"}],"predecessor-version":[{"id":1668,"href":"https:\/\/wp.ufpel.edu.br\/qforense\/wp-json\/wp\/v2\/pages\/1475\/revisions\/1668"}],"wp:attachment":[{"href":"https:\/\/wp.ufpel.edu.br\/qforense\/wp-json\/wp\/v2\/media?parent=1475"}],"curies":[{"name":"wp","href":"https:\/\/api.w.org\/{rel}","templated":true}]}}