{"id":1473,"date":"2025-08-26T20:13:11","date_gmt":"2025-08-26T23:13:11","guid":{"rendered":"https:\/\/wp.ufpel.edu.br\/qforense\/?page_id=1473"},"modified":"2025-09-16T22:05:00","modified_gmt":"2025-09-17T01:05:00","slug":"trabalho-de-conclusao-de-curso","status":"publish","type":"page","link":"https:\/\/wp.ufpel.edu.br\/qforense\/trabalho-de-conclusao-de-curso\/","title":{"rendered":"Trabalho de Conclus\u00e3o de Curso"},"content":{"rendered":"<p style=\"text-align: justify;\">O desenvolvimento de TCC no curso de Qu\u00edmica Forense \u00e9 vinculado \u00e0 matr\u00edcula no componente curricular espec\u00edfico e segue as Normas de Elabora\u00e7\u00e3o de TCC do curso de Qu\u00edmica Forense e demais normativas vigentes na institui\u00e7\u00e3o. O trabalho de Conclus\u00e3o de Curso, deve ser descrito em conson\u00e2ncia ao Manual de Normas UFPel para trabalhos acad\u00eamicos.<\/p>\n<p style=\"text-align: justify;\">Para in\u00edcio do desenvolvimento das atividades, faz-se necess\u00e1rio o preenchimento dos formul\u00e1rios MQF-1 e MQF-2, al\u00e9m do Termo de responsabilidade legal em caso de pl\u00e1gio; Ao final, ap\u00f3s defesa p\u00fablica e aprova\u00e7\u00e3o pela banca, deve ser preenchido o formul\u00e1rio MQF-3, e encaminhar \u00e0 CEMFO a Monografia (TCC) corrigida.<\/p>\n","protected":false},"excerpt":{"rendered":"<p>O desenvolvimento de TCC no curso de Qu\u00edmica Forense \u00e9 vinculado \u00e0 matr\u00edcula no componente curricular espec\u00edfico e segue as Normas de Elabora\u00e7\u00e3o de TCC do curso de Qu\u00edmica Forense e demais normativas vigentes na institui\u00e7\u00e3o. O trabalho de Conclus\u00e3o de Curso, deve ser descrito em conson\u00e2ncia ao Manual de Normas UFPel para trabalhos acad\u00eamicos. &hellip; <\/p>\n<p><a class=\"more-link btn\" href=\"https:\/\/wp.ufpel.edu.br\/qforense\/trabalho-de-conclusao-de-curso\/\">Continue lendo<\/a><\/p>\n","protected":false},"author":242,"featured_media":0,"parent":0,"menu_order":0,"comment_status":"closed","ping_status":"closed","template":"","meta":{"footnotes":""},"class_list":["post-1473","page","type-page","status-publish","hentry","nodate","item-wrap"],"jetpack-related-posts":[],"jetpack_sharing_enabled":true,"_links":{"self":[{"href":"https:\/\/wp.ufpel.edu.br\/qforense\/wp-json\/wp\/v2\/pages\/1473","targetHints":{"allow":["GET"]}}],"collection":[{"href":"https:\/\/wp.ufpel.edu.br\/qforense\/wp-json\/wp\/v2\/pages"}],"about":[{"href":"https:\/\/wp.ufpel.edu.br\/qforense\/wp-json\/wp\/v2\/types\/page"}],"author":[{"embeddable":true,"href":"https:\/\/wp.ufpel.edu.br\/qforense\/wp-json\/wp\/v2\/users\/242"}],"replies":[{"embeddable":true,"href":"https:\/\/wp.ufpel.edu.br\/qforense\/wp-json\/wp\/v2\/comments?post=1473"}],"version-history":[{"count":3,"href":"https:\/\/wp.ufpel.edu.br\/qforense\/wp-json\/wp\/v2\/pages\/1473\/revisions"}],"predecessor-version":[{"id":1659,"href":"https:\/\/wp.ufpel.edu.br\/qforense\/wp-json\/wp\/v2\/pages\/1473\/revisions\/1659"}],"wp:attachment":[{"href":"https:\/\/wp.ufpel.edu.br\/qforense\/wp-json\/wp\/v2\/media?parent=1473"}],"curies":[{"name":"wp","href":"https:\/\/api.w.org\/{rel}","templated":true}]}}