{"id":73,"date":"2012-08-21T20:20:20","date_gmt":"2012-08-21T23:20:20","guid":{"rendered":"https:\/\/wp.ufpel.edu.br\/psicologia\/?page_id=73"},"modified":"2026-04-09T15:54:03","modified_gmt":"2026-04-09T18:54:03","slug":"contato-2","status":"publish","type":"page","link":"https:\/\/wp.ufpel.edu.br\/psicologia\/contato-2\/","title":{"rendered":"Contato"},"content":{"rendered":"<p><strong>Contato com a secretaria do curso:<\/strong><br \/>\nE-mail: <a href=\"mailto:psicologia.ufpel@gmail.com\">psicologia.ufpel@gmail.com<\/a><br \/>\nTel. (53) 3284-4103<br \/>\nAvenida Duque de Caxias, n\u00ba 250 &#8211; Bairro: Fragata,<br \/>\nCEP 96030-001 &#8211; Pelotas, RS.<\/p>\n<p>&nbsp;<\/p>\n<p><strong>Hor\u00e1rio de funcionamento:<br \/>\n<\/strong><\/p>\n<p>A partir do dia 09\/04\/2026, o hor\u00e1rio de atendimento da secret\u00e1ria do curso de Psicologia ser\u00e1 das 14h \u00e0s 20h, de segunda a sexta-feira.<\/p>\n<p>OBS.: A secretaria est\u00e1 localizada no pr\u00e9dio da Dire\u00e7\u00e3o\/FAMED, no t\u00e9rreo.<\/p>\n<p>&nbsp;<\/p>\n<p><strong>Contato com o Servi\u00e7o Escola de Psicologia (SEP):<\/strong><br \/>\nE-mail: sep.ufpel@gmail.com<br \/>\nTel. (53) 3284-3286<br \/>\nEndere\u00e7o: Rua Mal. Deodoro, n\u00ba 1160 (Centro de Pesquisas Amilcar Gigante), Pelotas\/RS.<\/p>\n<p>&nbsp;<\/p>\n<p><strong>Contato com o Centro Acad\u00eamico de Psicologia:<\/strong><br \/>\nE-mail: ca.psicologia.ufpel@gmail.com<br \/>\nInstagram: @capsicoufpel<\/p>\n","protected":false},"excerpt":{"rendered":"<p>Contato com a secretaria do curso: E-mail: psicologia.ufpel@gmail.com Tel. (53) 3284-4103 Avenida Duque de Caxias, n\u00ba 250 &#8211; Bairro: Fragata, CEP 96030-001 &#8211; Pelotas, RS. &nbsp; Hor\u00e1rio de funcionamento: A partir do dia 09\/04\/2026, o hor\u00e1rio de atendimento da secret\u00e1ria do curso de Psicologia ser\u00e1 das 14h \u00e0s 20h, de segunda a sexta-feira. OBS.: A [&hellip;]<\/p>\n","protected":false},"author":203,"featured_media":0,"parent":0,"menu_order":10,"comment_status":"closed","ping_status":"closed","template":"","meta":{"jetpack_post_was_ever_published":false,"footnotes":""},"class_list":["post-73","page","type-page","status-publish","hentry"],"jetpack_sharing_enabled":true,"jetpack_shortlink":"https:\/\/wp.me\/P9mSsX-1b","jetpack_likes_enabled":true,"jetpack-related-posts":[],"_links":{"self":[{"href":"https:\/\/wp.ufpel.edu.br\/psicologia\/wp-json\/wp\/v2\/pages\/73","targetHints":{"allow":["GET"]}}],"collection":[{"href":"https:\/\/wp.ufpel.edu.br\/psicologia\/wp-json\/wp\/v2\/pages"}],"about":[{"href":"https:\/\/wp.ufpel.edu.br\/psicologia\/wp-json\/wp\/v2\/types\/page"}],"author":[{"embeddable":true,"href":"https:\/\/wp.ufpel.edu.br\/psicologia\/wp-json\/wp\/v2\/users\/203"}],"replies":[{"embeddable":true,"href":"https:\/\/wp.ufpel.edu.br\/psicologia\/wp-json\/wp\/v2\/comments?post=73"}],"version-history":[{"count":3,"href":"https:\/\/wp.ufpel.edu.br\/psicologia\/wp-json\/wp\/v2\/pages\/73\/revisions"}],"predecessor-version":[{"id":6076,"href":"https:\/\/wp.ufpel.edu.br\/psicologia\/wp-json\/wp\/v2\/pages\/73\/revisions\/6076"}],"wp:attachment":[{"href":"https:\/\/wp.ufpel.edu.br\/psicologia\/wp-json\/wp\/v2\/media?parent=73"}],"curies":[{"name":"wp","href":"https:\/\/api.w.org\/{rel}","templated":true}]}}