{"id":4903,"date":"2023-01-17T09:02:04","date_gmt":"2023-01-17T12:02:04","guid":{"rendered":"https:\/\/wp.ufpel.edu.br\/psicologia\/?page_id=4903"},"modified":"2024-01-11T10:54:01","modified_gmt":"2024-01-11T13:54:01","slug":"2022-2","status":"publish","type":"page","link":"https:\/\/wp.ufpel.edu.br\/psicologia\/tccs\/2022-2\/","title":{"rendered":"2022"},"content":{"rendered":"<p><a href=\"https:\/\/wp.ufpel.edu.br\/psicologia\/files\/2024\/01\/2-TCC-Final-Ana-Davis-PDF.pdf\">ANA CATHARINA CAMPOS MACIEL DAVIS<\/a><\/p>\n<p><a href=\"https:\/\/wp.ufpel.edu.br\/psicologia\/files\/2024\/01\/10-TCC-FABIO-OMAR-VATTIMO-RIBAS.pdf\">F\u00c1BIO OMAR VATTIMO RIBAS<\/a><\/p>\n<p><a href=\"https:\/\/wp.ufpel.edu.br\/psicologia\/files\/2023\/01\/Francielly-Tavares-da-Cunha-TCC.pdf\">FRANCIELLY TAVARES DA CUNHA<\/a><\/p>\n<p><a href=\"https:\/\/wp.ufpel.edu.br\/psicologia\/files\/2023\/01\/Helen-Carvalho-Gomes-Soares-TCC.pdf\">HELEN CARVALHO GOMES SOARES<\/a><\/p>\n<p><a href=\"https:\/\/wp.ufpel.edu.br\/psicologia\/files\/2024\/01\/11-TCC-Julia-Bohm.pdf\">J\u00daLIA BOANOVA B\u00d6HM<\/a><\/p>\n<p><a href=\"https:\/\/wp.ufpel.edu.br\/psicologia\/files\/2023\/01\/Julio-Ribeiro-Xavier-TCC.pdf\">J\u00daLIO RIBEIRO XAVIER<\/a><\/p>\n<p><a href=\"https:\/\/wp.ufpel.edu.br\/psicologia\/files\/2024\/01\/14-TCC-Mariana-Adamoli-Marques-da-Silva.pdf\">MARIANA ADAMOLI MARQUES DA SILVA<\/a><\/p>\n<p><a href=\"https:\/\/wp.ufpel.edu.br\/psicologia\/files\/2023\/01\/Nicolly-Domingues-Fernandes-TCC.pdf\">NICOLLY DOMINGUES FERNANDES<\/a><\/p>\n","protected":false},"excerpt":{"rendered":"<p>ANA CATHARINA CAMPOS MACIEL DAVIS F\u00c1BIO OMAR VATTIMO RIBAS FRANCIELLY TAVARES DA CUNHA HELEN CARVALHO GOMES SOARES J\u00daLIA BOANOVA B\u00d6HM J\u00daLIO RIBEIRO XAVIER MARIANA ADAMOLI MARQUES DA SILVA NICOLLY DOMINGUES FERNANDES<\/p>\n","protected":false},"author":203,"featured_media":0,"parent":2326,"menu_order":0,"comment_status":"closed","ping_status":"closed","template":"","meta":{"jetpack_post_was_ever_published":false,"footnotes":""},"class_list":["post-4903","page","type-page","status-publish","hentry"],"jetpack_sharing_enabled":true,"jetpack_shortlink":"https:\/\/wp.me\/P9mSsX-1h5","jetpack_likes_enabled":true,"jetpack-related-posts":[],"_links":{"self":[{"href":"https:\/\/wp.ufpel.edu.br\/psicologia\/wp-json\/wp\/v2\/pages\/4903","targetHints":{"allow":["GET"]}}],"collection":[{"href":"https:\/\/wp.ufpel.edu.br\/psicologia\/wp-json\/wp\/v2\/pages"}],"about":[{"href":"https:\/\/wp.ufpel.edu.br\/psicologia\/wp-json\/wp\/v2\/types\/page"}],"author":[{"embeddable":true,"href":"https:\/\/wp.ufpel.edu.br\/psicologia\/wp-json\/wp\/v2\/users\/203"}],"replies":[{"embeddable":true,"href":"https:\/\/wp.ufpel.edu.br\/psicologia\/wp-json\/wp\/v2\/comments?post=4903"}],"version-history":[{"count":10,"href":"https:\/\/wp.ufpel.edu.br\/psicologia\/wp-json\/wp\/v2\/pages\/4903\/revisions"}],"predecessor-version":[{"id":5467,"href":"https:\/\/wp.ufpel.edu.br\/psicologia\/wp-json\/wp\/v2\/pages\/4903\/revisions\/5467"}],"up":[{"embeddable":true,"href":"https:\/\/wp.ufpel.edu.br\/psicologia\/wp-json\/wp\/v2\/pages\/2326"}],"wp:attachment":[{"href":"https:\/\/wp.ufpel.edu.br\/psicologia\/wp-json\/wp\/v2\/media?parent=4903"}],"curies":[{"name":"wp","href":"https:\/\/api.w.org\/{rel}","templated":true}]}}