{"id":4658,"date":"2022-09-26T16:21:44","date_gmt":"2022-09-26T19:21:44","guid":{"rendered":"https:\/\/wp.ufpel.edu.br\/psicologia\/?page_id=4658"},"modified":"2022-09-26T16:31:44","modified_gmt":"2022-09-26T19:31:44","slug":"revista","status":"publish","type":"page","link":"https:\/\/wp.ufpel.edu.br\/psicologia\/revista\/","title":{"rendered":"REVISTA"},"content":{"rendered":"<p style=\"text-align: justify;\"><a href=\"https:\/\/i0.wp.com\/wp.ufpel.edu.br\/psicologia\/files\/2022\/09\/Revista1.png?ssl=1\"><img data-recalc-dims=\"1\" data-attachment-id=\"4662\" data-permalink=\"https:\/\/wp.ufpel.edu.br\/psicologia\/revista\/revista1\/\" data-orig-file=\"https:\/\/i0.wp.com\/wp.ufpel.edu.br\/psicologia\/files\/2022\/09\/Revista1.png?fit=176%2C247&amp;ssl=1\" data-orig-size=\"176,247\" data-comments-opened=\"0\" data-image-meta=\"{&quot;aperture&quot;:&quot;0&quot;,&quot;credit&quot;:&quot;&quot;,&quot;camera&quot;:&quot;&quot;,&quot;caption&quot;:&quot;&quot;,&quot;created_timestamp&quot;:&quot;0&quot;,&quot;copyright&quot;:&quot;&quot;,&quot;focal_length&quot;:&quot;0&quot;,&quot;iso&quot;:&quot;0&quot;,&quot;shutter_speed&quot;:&quot;0&quot;,&quot;title&quot;:&quot;&quot;,&quot;orientation&quot;:&quot;0&quot;}\" data-image-title=\"Revista1\" data-image-description=\"\" data-image-caption=\"\" data-medium-file=\"https:\/\/i0.wp.com\/wp.ufpel.edu.br\/psicologia\/files\/2022\/09\/Revista1.png?fit=176%2C247&amp;ssl=1\" data-large-file=\"https:\/\/i0.wp.com\/wp.ufpel.edu.br\/psicologia\/files\/2022\/09\/Revista1.png?fit=176%2C247&amp;ssl=1\" class=\"wp-image-4662 alignleft\" src=\"https:\/\/i0.wp.com\/wp.ufpel.edu.br\/psicologia\/files\/2022\/09\/Revista1.png?resize=224%2C314&#038;ssl=1\" alt=\"\" width=\"224\" height=\"314\" \/><\/a><\/p>\n<p>&nbsp;<\/p>\n<p style=\"text-align: justify;\"><strong>SOBRE A REVISTA<\/strong><\/p>\n<p dir=\"ltr\" style=\"text-align: justify;\">A\u00a0<em><strong>D&#8217;GENERUS: Revista de Estudos Feministas e de G\u00eanero<\/strong><\/em>,\u00a0identificada de forma resumida\u00a0<em><strong>DG-Revista<\/strong><\/em>,\u00a0\u00e9 um espa\u00e7o interdisciplinar de debate sobre as intersec\u00e7\u00f5es que atravessam os campos dos estudos feministas e de g\u00eanero.\u00a0<em>A\u00a0<\/em><em>DG-Revista<\/em>\u00a0\u00e9 um peri\u00f3dico de publica\u00e7\u00e3o semestral, com publica\u00e7\u00e3o de trabalhos in\u00e9ditos distribu\u00eddos em dossi\u00ea tem\u00e1tico, artigos originais de estudos te\u00f3ricos e emp\u00edricos, ensaios,\u00a0resenhas\u00a0 de livros,\u00a0entrevistas e tradu\u00e7\u00f5es que versem sobre as \u00e1reas tem\u00e1ticas contempladas em sua pol\u00edtica editorial.<\/p>\n<p dir=\"ltr\" style=\"text-align: justify;\"><strong>A MISS\u00c3O<\/strong><\/p>\n<p dir=\"ltr\" style=\"text-align: justify;\">Contribuir para amplia\u00e7\u00e3o e fortalecimento do campo cient\u00edfico dos estudos de g\u00eaneros, feminismos e diversidade humana. Suscitar o debate e valorizar as produ\u00e7\u00f5es cient\u00edficas que colaborem para a inova\u00e7\u00e3o te\u00f3rica, metodol\u00f3gica e\/ou que agreguem conhecimentos te\u00f3ricos e emp\u00edricos inovadores.<\/p>\n<div>\n<p dir=\"ltr\" style=\"text-align: justify;\"><strong>\u00c1REAS CONTEMPLADAS<\/strong><\/p>\n<ul>\n<li class=\"show\">Estudos feministas cr\u00edtico e decolonial;<\/li>\n<li class=\"show\">Educa\u00e7\u00e3o, educa\u00e7\u00e3o popular e educa\u00e7\u00e3o do campo;<\/li>\n<li class=\"show\">Trabalho, movimentos sociais e direitos humanos;<\/li>\n<li class=\"show\">Interseccionalidades, ra\u00e7a e etnia;<\/li>\n<li class=\"show\">Cultura e viol\u00eancia;<\/li>\n<li class=\"show\">Sexualidades, corpo e sa\u00fade;<\/li>\n<li class=\"show\">Sexualidades e educa\u00e7\u00e3o;<\/li>\n<li class=\"show\">Identidades LGBTQIA+;<\/li>\n<li class=\"show\">Travestilidades, transexualidades, transfeminismos e masculinidades trans;<\/li>\n<li class=\"show\">Arte, literatura, filosofia e m\u00eddias.<\/li>\n<\/ul>\n<p dir=\"ltr\">A\u00a0<strong><em>DG-Revista\u00a0<\/em><\/strong>\u00e9 uma\u00a0publica\u00e7\u00e3o\u00a0<strong>exclusivamente eletr\u00f4nica<\/strong>\u00a0e se reserva o direito de excluir artigos sem pr\u00e9via comunica\u00e7\u00e3o aos autores\/as, conforme a comiss\u00e3o editorial julgar pertinente.<\/p>\n<\/div>\n<p>Link para a revista:\u00a0<a href=\"https:\/\/revistas.ufpel.edu.br\/index.php\/dgenerus\/issue\/view\/232\">https:\/\/revistas.ufpel.edu.br\/index.php\/dgenerus\/issue\/view\/232<\/a><\/p>\n<p>&nbsp;<\/p>\n","protected":false},"excerpt":{"rendered":"<p>&nbsp; SOBRE A REVISTA A\u00a0D&#8217;GENERUS: Revista de Estudos Feministas e de G\u00eanero,\u00a0identificada de forma resumida\u00a0DG-Revista,\u00a0\u00e9 um espa\u00e7o interdisciplinar de debate sobre as intersec\u00e7\u00f5es que atravessam os campos dos estudos feministas e de g\u00eanero.\u00a0A\u00a0DG-Revista\u00a0\u00e9 um peri\u00f3dico de publica\u00e7\u00e3o semestral, com publica\u00e7\u00e3o de trabalhos in\u00e9ditos distribu\u00eddos em dossi\u00ea tem\u00e1tico, artigos originais de estudos te\u00f3ricos e emp\u00edricos, ensaios,\u00a0resenhas\u00a0 [&hellip;]<\/p>\n","protected":false},"author":203,"featured_media":0,"parent":0,"menu_order":6,"comment_status":"closed","ping_status":"closed","template":"","meta":{"jetpack_post_was_ever_published":false,"footnotes":""},"class_list":["post-4658","page","type-page","status-publish","hentry"],"jetpack_sharing_enabled":true,"jetpack_shortlink":"https:\/\/wp.me\/P9mSsX-1d8","jetpack_likes_enabled":true,"jetpack-related-posts":[],"_links":{"self":[{"href":"https:\/\/wp.ufpel.edu.br\/psicologia\/wp-json\/wp\/v2\/pages\/4658","targetHints":{"allow":["GET"]}}],"collection":[{"href":"https:\/\/wp.ufpel.edu.br\/psicologia\/wp-json\/wp\/v2\/pages"}],"about":[{"href":"https:\/\/wp.ufpel.edu.br\/psicologia\/wp-json\/wp\/v2\/types\/page"}],"author":[{"embeddable":true,"href":"https:\/\/wp.ufpel.edu.br\/psicologia\/wp-json\/wp\/v2\/users\/203"}],"replies":[{"embeddable":true,"href":"https:\/\/wp.ufpel.edu.br\/psicologia\/wp-json\/wp\/v2\/comments?post=4658"}],"version-history":[{"count":3,"href":"https:\/\/wp.ufpel.edu.br\/psicologia\/wp-json\/wp\/v2\/pages\/4658\/revisions"}],"predecessor-version":[{"id":4664,"href":"https:\/\/wp.ufpel.edu.br\/psicologia\/wp-json\/wp\/v2\/pages\/4658\/revisions\/4664"}],"wp:attachment":[{"href":"https:\/\/wp.ufpel.edu.br\/psicologia\/wp-json\/wp\/v2\/media?parent=4658"}],"curies":[{"name":"wp","href":"https:\/\/api.w.org\/{rel}","templated":true}]}}