{"id":419,"date":"2013-04-05T20:45:20","date_gmt":"2013-04-05T23:45:20","guid":{"rendered":"https:\/\/wp.ufpel.edu.br\/psicologia\/?page_id=419"},"modified":"2025-10-13T12:28:55","modified_gmt":"2025-10-13T15:28:55","slug":"fluxograma","status":"publish","type":"page","link":"https:\/\/wp.ufpel.edu.br\/psicologia\/fluxograma\/","title":{"rendered":"Est\u00e1gios"},"content":{"rendered":"<p>Modelos para uso dos(as) alunos(as):<\/p>\n<p><a href=\"https:\/\/wp.ufpel.edu.br\/psicologia\/files\/2025\/10\/SEI_3275543_Memorando_Circular_4.pdf\">SEI_3275543_Memorando_Circular_4<\/a><\/p>\n<p><a href=\"https:\/\/wp.ufpel.edu.br\/psicologia\/files\/2025\/10\/Apolice_4_R25_1_SURA_2025.pdf\">Apolice_4_R25_1_SURA_2025<\/a><\/p>\n<p>&nbsp;<\/p>\n<p><a href=\"https:\/\/wp.ufpel.edu.br\/psicologia\/files\/2013\/04\/MANUAL-DE-EST\u00c1GIO.pdf\">Manual de Est\u00e1gio<\/a><\/p>\n<p><a href=\"https:\/\/wp.ufpel.edu.br\/psicologia\/files\/2023\/12\/Termo-de-Compromisso-UFPel-como-INSTITUICAO-DE-ENSINO.doc\">Termo-de-Compromisso-UFPel-como-INSTITUICAO-DE-ENSINO<\/a><br \/>\n(Deve ser preenchido pelo aluno(a), revisado pelo supervisor(a) acad\u00eamico(a) e enviado para a secretaria do curso pelo e-mail psicologia.ufpel@gmail.com para que seja assinado primeiro pela Coordena\u00e7\u00e3o do curso de Psicologia)<\/p>\n<p><a href=\"https:\/\/wp.ufpel.edu.br\/psicologia\/files\/2023\/12\/Plano-de-atividades.docx\">Plano-de-atividades<\/a><\/p>\n<p>Mais informa\u00e7\u00f5es:\u00a0<a href=\"https:\/\/wp.ufpel.edu.br\/pre\/estagio\/\">https:\/\/wp.ufpel.edu.br\/pre\/estagio\/<\/a><\/p>\n<p>&nbsp;<\/p>\n<p><a href=\"https:\/\/wp.ufpel.edu.br\/psicologia\/files\/2019\/06\/Estagio_Basico_ISocial_Psicologia_Carta_de_Encaminhamento_Estagiario.docx\">Carta de encaminhamento \u2013 Est\u00e1gio B\u00e1sico I (Social e Comunit\u00e1ria)<\/a><\/p>\n<p><a href=\"https:\/\/wp.ufpel.edu.br\/psicologia\/files\/2019\/06\/Estagio_Basico_IISaude_Psicologia_Carta_de_Encaminhamento_Estagiario-2.docx\">Carta de encaminhamento \u2013 Est\u00e1gio B\u00e1sico II (Sa\u00fade)<\/a><\/p>\n<p><a href=\"https:\/\/wp.ufpel.edu.br\/psicologia\/files\/2019\/06\/Estagio_Basico_IIIEscolar_Psicologia_Carta_de_Encaminhamento_Estagiario-1.docx\">Carta de encaminhamento \u2013 Est\u00e1gio B\u00e1sico III (Escolar)<\/a><\/p>\n<p><a href=\"https:\/\/wp.ufpel.edu.br\/psicologia\/files\/2019\/06\/Estagio_Basico_IVOrganizacoes_Psicologia_Carta_de_Encaminhamento_Estagiario-2.docx\">Carta de encaminhamento \u2013 Est\u00e1gio B\u00e1sico IV (Organiza\u00e7\u00f5es e institui\u00e7\u00f5es)<\/a><\/p>\n<p>&nbsp;<\/p>\n<p><strong>Comiss\u00e3o de Est\u00e1gios (bi\u00eanio 2024-2025)<\/strong>, composta por:<br \/>\n&#8211; profa. Silvia Nara Siqueira Pinheiro (presidente)<br \/>\n&#8211; profa. Ana Laura Sica Cruzeiro Szortyka<br \/>\n&#8211; representante discente Luiza de Oliveira Maciel (matr\u00edcula 21103082)<\/p>\n<p>&nbsp;<\/p>\n<p><a href=\"https:\/\/wp.ufpel.edu.br\/psicologia\/files\/2025\/02\/Resolucao-de-Estagios.pdf\">Resolu\u00e7\u00e3o de Est\u00e1gios<\/a><\/p>\n","protected":false},"excerpt":{"rendered":"<p>Modelos para uso dos(as) alunos(as): SEI_3275543_Memorando_Circular_4 Apolice_4_R25_1_SURA_2025 &nbsp; Manual de Est\u00e1gio Termo-de-Compromisso-UFPel-como-INSTITUICAO-DE-ENSINO (Deve ser preenchido pelo aluno(a), revisado pelo supervisor(a) acad\u00eamico(a) e enviado para a secretaria do curso pelo e-mail psicologia.ufpel@gmail.com para que seja assinado primeiro pela Coordena\u00e7\u00e3o do curso de Psicologia) Plano-de-atividades Mais informa\u00e7\u00f5es:\u00a0https:\/\/wp.ufpel.edu.br\/pre\/estagio\/ &nbsp; Carta de encaminhamento \u2013 Est\u00e1gio B\u00e1sico I (Social e [&hellip;]<\/p>\n","protected":false},"author":203,"featured_media":0,"parent":0,"menu_order":6,"comment_status":"closed","ping_status":"closed","template":"","meta":{"jetpack_post_was_ever_published":false,"footnotes":""},"class_list":["post-419","page","type-page","status-publish","hentry"],"jetpack_sharing_enabled":true,"jetpack_shortlink":"https:\/\/wp.me\/P9mSsX-6L","jetpack_likes_enabled":true,"jetpack-related-posts":[],"_links":{"self":[{"href":"https:\/\/wp.ufpel.edu.br\/psicologia\/wp-json\/wp\/v2\/pages\/419","targetHints":{"allow":["GET"]}}],"collection":[{"href":"https:\/\/wp.ufpel.edu.br\/psicologia\/wp-json\/wp\/v2\/pages"}],"about":[{"href":"https:\/\/wp.ufpel.edu.br\/psicologia\/wp-json\/wp\/v2\/types\/page"}],"author":[{"embeddable":true,"href":"https:\/\/wp.ufpel.edu.br\/psicologia\/wp-json\/wp\/v2\/users\/203"}],"replies":[{"embeddable":true,"href":"https:\/\/wp.ufpel.edu.br\/psicologia\/wp-json\/wp\/v2\/comments?post=419"}],"version-history":[{"count":2,"href":"https:\/\/wp.ufpel.edu.br\/psicologia\/wp-json\/wp\/v2\/pages\/419\/revisions"}],"predecessor-version":[{"id":5956,"href":"https:\/\/wp.ufpel.edu.br\/psicologia\/wp-json\/wp\/v2\/pages\/419\/revisions\/5956"}],"wp:attachment":[{"href":"https:\/\/wp.ufpel.edu.br\/psicologia\/wp-json\/wp\/v2\/media?parent=419"}],"curies":[{"name":"wp","href":"https:\/\/api.w.org\/{rel}","templated":true}]}}