{"id":38,"date":"2012-08-16T21:49:06","date_gmt":"2012-08-17T00:49:06","guid":{"rendered":"https:\/\/wp.ufpel.edu.br\/psicologia\/?page_id=38"},"modified":"2026-04-09T15:50:28","modified_gmt":"2026-04-09T18:50:28","slug":"corpodocente","status":"publish","type":"page","link":"https:\/\/wp.ufpel.edu.br\/psicologia\/corpodocente\/","title":{"rendered":"Corpo T\u00e9cnico"},"content":{"rendered":"<p><strong>Professores Efetivos<br \/>\n<\/strong><span class=\"Apple-style-span\"><a href=\"http:\/\/buscatextual.cnpq.br\/buscatextual\/visualizacv.do?id=K4710397E4\">Airi Macias Sacco<\/a><\/span><br \/>\nE-mail para contato: airi.sacco@ufpel.edu.br<br \/>\n<a href=\"http:\/\/buscatextual.cnpq.br\/buscatextual\/visualizacv.do?id=K4770835Z7\">Ana Laura Sica Cruzeiro Szortyka<\/a><br \/>\nE-mail para contato: alcruzeiro@gmail.com<br \/>\n<a href=\"http:\/\/buscatextual.cnpq.br\/buscatextual\/visualizacv.do?id=K4774044Y6\">Camila Peixoto Farias<\/a><br \/>\nE-mail para contato: pfcamila@hotmail.com<br \/>\n<a href=\"http:\/\/lattes.cnpq.br\/5895256644935825\">Di\u00f4nvera Coelho da Silva<\/a><br \/>\nE-mail para contato: dionveraufpel@gmail.com<br \/>\n<a href=\"http:\/\/buscatextual.cnpq.br\/buscatextual\/visualizacv.do?id=K4775285P3\">\u00c9dio Raniere da Silva<\/a><br \/>\nE-mail para contato: edioraniere@gmail.com<br \/>\n<a href=\"http:\/\/lattes.cnpq.br\/9199321236834808\">Helen Bedinoto Durgante<\/a><br \/>\nE-mail para contato: helen.durga@gmail.com<br \/>\n<a href=\"http:\/\/lattes.cnpq.br\/4471885354162497\">Hudson Cristiano Wander de Carvalho<\/a><br \/>\nE-mail para contato: hdsncarvalho@gmail.com<br \/>\n<a href=\"http:\/\/buscatextual.cnpq.br\/buscatextual\/visualizacv.do?id=K4237278E3\">Jandilson Avelino da Silva<\/a><br \/>\nE-mail para contato: jandilsonsilva@gmail.com<br \/>\n<a href=\"http:\/\/buscatextual.cnpq.br\/buscatextual\/visualizacv.do?id=K4704314P6\">Jos\u00e9 Ricardo Kreutz<\/a><br \/>\nE-mail para contato: jrkreutz@gmail.com<br \/>\n<a title=\"Lattes\" href=\"http:\/\/buscatextual.cnpq.br\/buscatextual\/visualizacv.do?id=K4133134T6\" target=\"_blank\" rel=\"noopener noreferrer\">Maria Teresa Duarte Nogueira<\/a><br \/>\nE-mail para contato: mtdnogueira@gmail.com<br \/>\n<a title=\"Lattes\" href=\"http:\/\/buscatextual.cnpq.br\/buscatextual\/visualizacv.do?id=K4487641D5\" target=\"_blank\" rel=\"noopener noreferrer\">Marta Solange Streicher Janelli da Silva<\/a><br \/>\nE-mail para contato: martajanelli@gmail.com<br \/>\n<a href=\"http:\/\/lattes.cnpq.br\/5818601620892196\">Mateus Luz Levandowski <\/a>(Afastamento para p\u00f3s-doutorado de 15 de mar\u00e7o de 2026 a 31 de dezembro<br \/>\nde 2026 &#8211; PORTARIA DE PESSOAL N\u00ba 7401\/UFPEL, DE 23 DE DEZEMBRO DE 2025)<br \/>\nE-mail para contato: luzlevandowski@gmail.com<br \/>\n<a href=\"http:\/\/lattes.cnpq.br\/7823176042380379\">Priscila Fran\u00e7oise Vitaca Rodrigues<\/a><br \/>\nE-mail para contato: priscilavit.ufpel@gmail.com<br \/>\n<a href=\"http:\/\/lattes.cnpq.br\/3021958032952566\">Rochele Dias Castelli<\/a><br \/>\nE-mail para contato: rochele_castelli@hotmail.com<br \/>\n<a href=\"http:\/\/lattes.cnpq.br\/5030422390633273\">Silvia Nara Siqueira Pinheiro<\/a><br \/>\nE-mail para contato: silvianarapi@gmail.com<br \/>\n<a href=\"http:\/\/lattes.cnpq.br\/1430088470348994\">Tha\u00edse Mendes Farias <\/a>(Afastada para assumir a Coordena\u00e7\u00e3o de Sa\u00fade e Qualidade de Vida da UFPel)<br \/>\nE-mail para contato: psicologa.thaisefarias@gmail.com<br \/>\n<a href=\"http:\/\/buscatextual.cnpq.br\/buscatextual\/visualizacv.do?id=K4517655J6\">Tiago Neuenfeld Munhoz<\/a><br \/>\nE-mail para contato: tiago.munhoz@ufpel.edu.br<\/p>\n<p><strong><br \/>\nProfessores Substitutos<br \/>\n<\/strong><a href=\"http:\/\/lattes.cnpq.br\/5267368587837586\">Iuri Pizetta Moschen<\/a><br \/>\nE-mail para contato: iuripizetta@gmail.com<\/p>\n<p><strong>Docentes colaboradores em 202<\/strong><strong>6<\/strong><strong>\/1:<br \/>\n<\/strong><span style=\"font-family: Arial, sans-serif;\"><span style=\"font-size: medium;\"><a href=\"http:\/\/lattes.cnpq.br\/9448206233651012\">Andr\u00e9a Ana do Nascimento<\/a>\u00a0(Instituto de Filosofia, Sociologia e Pol\u00edtica \/ Departamento de Sociologia e Pol\u00edtica)<br \/>\nE-mail para contato: andrea77ana@gmail.com<\/span><\/span><strong><span style=\"font-family: Arial, sans-serif;\"><span style=\"font-size: medium;\"><br \/>\n<\/span><\/span><\/strong><span style=\"font-family: Arial, sans-serif;\"><span style=\"font-size: medium;\"><a href=\"http:\/\/lattes.cnpq.br\/1779599543899214\">Caroline Crespo da Costa<\/a>\u00a0(Instituto de Biologia \/ Departamento de Morfologia)<br \/>\nE-mail para contato: carolneuro@yahoo.com.br<br \/>\n<a href=\"http:\/\/lattes.cnpq.br\/7568906437198533\">Kelin Paliosa <\/a><\/span><\/span><span style=\"font-family: Arial, sans-serif;\"><span style=\"font-size: medium;\">(Instituto de Filosofia, Sociologia e Pol\u00edtica \/ Departamento de Filosofia)<\/span><\/span><span style=\"font-family: Arial, sans-serif;\"><span style=\"font-size: medium;\"><br \/>\nE-mail para contato: <\/span><\/span><span style=\"font-family: Arial, sans-serif;\"><span style=\"font-size: medium;\">kpaliosa@hotmail.com<\/span><\/span><span style=\"font-family: Arial, sans-serif;\"><span style=\"font-size: medium;\"><br \/>\n<a href=\"http:\/\/lattes.cnpq.br\/1010854680087943\">Marco Antonio Tonus Marinho<\/a> (Instituto de Biologia \/ Departamento de Ecologia, Zoologia e Gen\u00e9tica)<br \/>\nE-mail para contato: marco.marinho@gmail.com<br \/>\n<a href=\"http:\/\/lattes.cnpq.br\/9487645788091758\">Ta\u00eds Bopp da Silva<\/a> <\/span><\/span><span style=\"font-family: Arial, sans-serif;\"><span style=\"font-size: medium;\">(Centro de Letras e Comunica\u00e7\u00e3o)<\/span><\/span><span style=\"font-family: Arial, sans-serif;\"><span style=\"font-size: medium;\"><br \/>\nE-mail para contato: taisbopp@gmail.com<br \/>\n<\/span><\/span><span style=\"font-family: Arial, sans-serif;\"><span style=\"font-size: medium;\"><a href=\"http:\/\/lattes.cnpq.br\/0324276448445285\">Jucimara Baldissarelli <\/a>(Instituto de Biologia \/ Departamento de Fisiologia e Farmacologia)<br \/>\n<\/span><\/span>E-mail para contato: jucimarabaldissarelli@gmail.com<br \/>\n<span style=\"font-family: Arial, sans-serif;\"><span style=\"font-size: medium;\"><a href=\"http:\/\/lattes.cnpq.br\/3056019144137008\">Lui N\u00f6rnberg <\/a>(Faculdade de Educa\u00e7\u00e3o \/ Departamento de Fundamentos da Educa\u00e7\u00e3o)<br \/>\n<\/span><\/span><span style=\"font-family: Arial, sans-serif;\"><span style=\"font-size: medium;\">E-mail para contato: luinornberg@gmail.com <\/span><\/span><\/p>\n<p><strong>T\u00e9cnicos Administrativos<br \/>\n<\/strong>Bruno Almeida Quevedo Rodrigues (Assistente em Admistra\u00e7\u00e3o &#8211; SEP)<br \/>\nE-mail para contato: bruno.almeida@ufpel.edu.br<br \/>\n<a href=\"http:\/\/lattes.cnpq.br\/3483065819083958\" target=\"_blank\" rel=\"noopener noreferrer\">Daniel Rodrigues Echevarria (Psic\u00f3logo)<\/a><br \/>\nE-mail para contato: drechevarria@ufpel.edu.br (Em afastamento para Doutorado de 10 de mar\u00e7o de 2025 a 10 de mar\u00e7o de 2028 &#8211; PORTARIA DE PESSOAL N\u00ba 0831\/UFPEL, DE 06 DE MAR\u00c7O DE 2025)<br \/>\n<a href=\"http:\/\/lattes.cnpq.br\/0677949473184151\">Luciana Mecking Arantes (Psic\u00f3logo)<\/a><br \/>\nE-mail para contato: lumecking@yahoo.com.br<br \/>\n<a href=\"http:\/\/lattes.cnpq.br\/7514037454015301\">Silvana de Matos Bandeira (Assistente em Administra\u00e7\u00e3o)<\/a><br \/>\nE-mail para contato: silvana.matos@ufpel.edu.br<br \/>\n<a href=\"http:\/\/lattes.cnpq.br\/0064900891868490\">Vanessa de Ara\u00fajo Marques (Psic\u00f3logo)<\/a><br \/>\nE-mail para contato: marques.vanessa@gmail.com<\/p>\n","protected":false},"excerpt":{"rendered":"<p>Professores Efetivos Airi Macias Sacco E-mail para contato: airi.sacco@ufpel.edu.br Ana Laura Sica Cruzeiro Szortyka E-mail para contato: alcruzeiro@gmail.com Camila Peixoto Farias E-mail para contato: pfcamila@hotmail.com Di\u00f4nvera Coelho da Silva E-mail para contato: dionveraufpel@gmail.com \u00c9dio Raniere da Silva E-mail para contato: edioraniere@gmail.com Helen Bedinoto Durgante E-mail para contato: helen.durga@gmail.com Hudson Cristiano Wander de Carvalho E-mail para [&hellip;]<\/p>\n","protected":false},"author":203,"featured_media":0,"parent":0,"menu_order":3,"comment_status":"closed","ping_status":"closed","template":"","meta":{"jetpack_post_was_ever_published":false,"footnotes":""},"class_list":["post-38","page","type-page","status-publish","hentry"],"jetpack_sharing_enabled":false,"jetpack_shortlink":"https:\/\/wp.me\/P9mSsX-C","jetpack_likes_enabled":true,"jetpack-related-posts":[],"_links":{"self":[{"href":"https:\/\/wp.ufpel.edu.br\/psicologia\/wp-json\/wp\/v2\/pages\/38","targetHints":{"allow":["GET"]}}],"collection":[{"href":"https:\/\/wp.ufpel.edu.br\/psicologia\/wp-json\/wp\/v2\/pages"}],"about":[{"href":"https:\/\/wp.ufpel.edu.br\/psicologia\/wp-json\/wp\/v2\/types\/page"}],"author":[{"embeddable":true,"href":"https:\/\/wp.ufpel.edu.br\/psicologia\/wp-json\/wp\/v2\/users\/203"}],"replies":[{"embeddable":true,"href":"https:\/\/wp.ufpel.edu.br\/psicologia\/wp-json\/wp\/v2\/comments?post=38"}],"version-history":[{"count":3,"href":"https:\/\/wp.ufpel.edu.br\/psicologia\/wp-json\/wp\/v2\/pages\/38\/revisions"}],"predecessor-version":[{"id":6074,"href":"https:\/\/wp.ufpel.edu.br\/psicologia\/wp-json\/wp\/v2\/pages\/38\/revisions\/6074"}],"wp:attachment":[{"href":"https:\/\/wp.ufpel.edu.br\/psicologia\/wp-json\/wp\/v2\/media?parent=38"}],"curies":[{"name":"wp","href":"https:\/\/api.w.org\/{rel}","templated":true}]}}