{"id":3266,"date":"2020-06-10T19:03:04","date_gmt":"2020-06-10T22:03:04","guid":{"rendered":"https:\/\/wp.ufpel.edu.br\/psicologia\/?page_id=3266"},"modified":"2020-06-29T16:53:02","modified_gmt":"2020-06-29T19:53:02","slug":"comemoracao-em-alusao-ao-dia-do-psicologo-2011","status":"publish","type":"page","link":"https:\/\/wp.ufpel.edu.br\/psicologia\/eventos-2\/2-eventos-promovidos-pelo-curso\/comemoracao-em-alusao-ao-dia-do-psicologo-2011\/","title":{"rendered":"Comemora\u00e7\u00e3o em alus\u00e3o ao Dia do Psic\u00f3logo"},"content":{"rendered":"<p style=\"text-align: center\"><strong><span style=\"font-size: 14pt\">Dia do Psic\u00f3logo (2011)<\/span><\/strong><\/p>\n\n\t\t<style type=\"text\/css\">\n\t\t\t#gallery-1 {\n\t\t\t\tmargin: auto;\n\t\t\t}\n\t\t\t#gallery-1 .gallery-item {\n\t\t\t\tfloat: left;\n\t\t\t\tmargin-top: 10px;\n\t\t\t\ttext-align: center;\n\t\t\t\twidth: 33%;\n\t\t\t}\n\t\t\t#gallery-1 img {\n\t\t\t\tborder: 2px solid #cfcfcf;\n\t\t\t}\n\t\t\t#gallery-1 .gallery-caption {\n\t\t\t\tmargin-left: 0;\n\t\t\t}\n\t\t\t\/* see gallery_shortcode() in wp-includes\/media.php *\/\n\t\t<\/style>\n\t\t<div data-carousel-extra='{&quot;blog_id&quot;:211,&quot;permalink&quot;:&quot;https:\/\/wp.ufpel.edu.br\/psicologia\/eventos-2\/2-eventos-promovidos-pelo-curso\/comemoracao-em-alusao-ao-dia-do-psicologo-2011\/&quot;}' id='gallery-1' class='gallery galleryid-3266 gallery-columns-3 gallery-size-thumbnail'><dl class='gallery-item'>\n\t\t\t<dt class='gallery-icon portrait'>\n\t\t\t\t<a href='https:\/\/wp.ufpel.edu.br\/psicologia\/?attachment_id=283'><img width=\"150\" height=\"150\" src=\"https:\/\/i0.wp.com\/wp.ufpel.edu.br\/psicologia\/files\/2012\/08\/Dia-do-Psic%C3%B3logo-20116.jpg?resize=150%2C150&amp;ssl=1\" class=\"attachment-thumbnail size-thumbnail\" alt=\"\" data-attachment-id=\"283\" data-permalink=\"https:\/\/wp.ufpel.edu.br\/psicologia\/?attachment_id=283\" data-orig-file=\"https:\/\/i0.wp.com\/wp.ufpel.edu.br\/psicologia\/files\/2012\/08\/Dia-do-Psic%C3%B3logo-20116.jpg?fit=480%2C640&amp;ssl=1\" data-orig-size=\"480,640\" data-comments-opened=\"0\" data-image-meta=\"{&quot;aperture&quot;:&quot;2.8&quot;,&quot;credit&quot;:&quot;&quot;,&quot;camera&quot;:&quot;N73&quot;,&quot;caption&quot;:&quot;&quot;,&quot;created_timestamp&quot;:&quot;1314387765&quot;,&quot;copyright&quot;:&quot;&quot;,&quot;focal_length&quot;:&quot;5.6&quot;,&quot;iso&quot;:&quot;640&quot;,&quot;shutter_speed&quot;:&quot;0.058&quot;,&quot;title&quot;:&quot;&quot;}\" data-image-title=\"Dia do Psic\u00f3logo-2011(6)\" data-image-description=\"\" data-image-caption=\"\" data-medium-file=\"https:\/\/i0.wp.com\/wp.ufpel.edu.br\/psicologia\/files\/2012\/08\/Dia-do-Psic%C3%B3logo-20116.jpg?fit=225%2C300&amp;ssl=1\" data-large-file=\"https:\/\/i0.wp.com\/wp.ufpel.edu.br\/psicologia\/files\/2012\/08\/Dia-do-Psic%C3%B3logo-20116.jpg?fit=480%2C640&amp;ssl=1\" \/><\/a>\n\t\t\t<\/dt><\/dl><dl class='gallery-item'>\n\t\t\t<dt class='gallery-icon landscape'>\n\t\t\t\t<a href='https:\/\/wp.ufpel.edu.br\/psicologia\/?attachment_id=282'><img width=\"150\" height=\"150\" src=\"https:\/\/i0.wp.com\/wp.ufpel.edu.br\/psicologia\/files\/2012\/08\/Dia-do-Psic%C3%B3logo-20115.jpg?resize=150%2C150&amp;ssl=1\" class=\"attachment-thumbnail size-thumbnail\" alt=\"\" data-attachment-id=\"282\" data-permalink=\"https:\/\/wp.ufpel.edu.br\/psicologia\/?attachment_id=282\" data-orig-file=\"https:\/\/i0.wp.com\/wp.ufpel.edu.br\/psicologia\/files\/2012\/08\/Dia-do-Psic%C3%B3logo-20115.jpg?fit=640%2C480&amp;ssl=1\" data-orig-size=\"640,480\" data-comments-opened=\"0\" data-image-meta=\"{&quot;aperture&quot;:&quot;2.8&quot;,&quot;credit&quot;:&quot;&quot;,&quot;camera&quot;:&quot;N73&quot;,&quot;caption&quot;:&quot;&quot;,&quot;created_timestamp&quot;:&quot;1314387675&quot;,&quot;copyright&quot;:&quot;&quot;,&quot;focal_length&quot;:&quot;5.6&quot;,&quot;iso&quot;:&quot;640&quot;,&quot;shutter_speed&quot;:&quot;0.058&quot;,&quot;title&quot;:&quot;&quot;}\" data-image-title=\"Dia do Psic\u00f3logo-2011(5)\" data-image-description=\"\" data-image-caption=\"\" data-medium-file=\"https:\/\/i0.wp.com\/wp.ufpel.edu.br\/psicologia\/files\/2012\/08\/Dia-do-Psic%C3%B3logo-20115.jpg?fit=300%2C225&amp;ssl=1\" data-large-file=\"https:\/\/i0.wp.com\/wp.ufpel.edu.br\/psicologia\/files\/2012\/08\/Dia-do-Psic%C3%B3logo-20115.jpg?fit=640%2C480&amp;ssl=1\" \/><\/a>\n\t\t\t<\/dt><\/dl><dl class='gallery-item'>\n\t\t\t<dt class='gallery-icon landscape'>\n\t\t\t\t<a href='https:\/\/wp.ufpel.edu.br\/psicologia\/?attachment_id=281'><img width=\"150\" height=\"150\" src=\"https:\/\/i0.wp.com\/wp.ufpel.edu.br\/psicologia\/files\/2012\/08\/Dia-do-Psic%C3%B3logo-20114.jpg?resize=150%2C150&amp;ssl=1\" class=\"attachment-thumbnail size-thumbnail\" alt=\"\" data-attachment-id=\"281\" data-permalink=\"https:\/\/wp.ufpel.edu.br\/psicologia\/?attachment_id=281\" data-orig-file=\"https:\/\/i0.wp.com\/wp.ufpel.edu.br\/psicologia\/files\/2012\/08\/Dia-do-Psic%C3%B3logo-20114.jpg?fit=640%2C480&amp;ssl=1\" data-orig-size=\"640,480\" data-comments-opened=\"0\" data-image-meta=\"{&quot;aperture&quot;:&quot;2.8&quot;,&quot;credit&quot;:&quot;&quot;,&quot;camera&quot;:&quot;N73&quot;,&quot;caption&quot;:&quot;&quot;,&quot;created_timestamp&quot;:&quot;1314387655&quot;,&quot;copyright&quot;:&quot;&quot;,&quot;focal_length&quot;:&quot;5.6&quot;,&quot;iso&quot;:&quot;640&quot;,&quot;shutter_speed&quot;:&quot;0.058&quot;,&quot;title&quot;:&quot;&quot;}\" data-image-title=\"Dia do Psic\u00f3logo-2011(4)\" data-image-description=\"\" data-image-caption=\"\" data-medium-file=\"https:\/\/i0.wp.com\/wp.ufpel.edu.br\/psicologia\/files\/2012\/08\/Dia-do-Psic%C3%B3logo-20114.jpg?fit=300%2C225&amp;ssl=1\" data-large-file=\"https:\/\/i0.wp.com\/wp.ufpel.edu.br\/psicologia\/files\/2012\/08\/Dia-do-Psic%C3%B3logo-20114.jpg?fit=640%2C480&amp;ssl=1\" \/><\/a>\n\t\t\t<\/dt><\/dl><br style=\"clear: both\" \/><dl class='gallery-item'>\n\t\t\t<dt class='gallery-icon landscape'>\n\t\t\t\t<a href='https:\/\/wp.ufpel.edu.br\/psicologia\/?attachment_id=280'><img width=\"150\" height=\"150\" src=\"https:\/\/i0.wp.com\/wp.ufpel.edu.br\/psicologia\/files\/2012\/08\/Dia-do-Psic%C3%B3logo-20113.jpg?resize=150%2C150&amp;ssl=1\" class=\"attachment-thumbnail size-thumbnail\" alt=\"\" data-attachment-id=\"280\" data-permalink=\"https:\/\/wp.ufpel.edu.br\/psicologia\/?attachment_id=280\" data-orig-file=\"https:\/\/i0.wp.com\/wp.ufpel.edu.br\/psicologia\/files\/2012\/08\/Dia-do-Psic%C3%B3logo-20113.jpg?fit=640%2C480&amp;ssl=1\" data-orig-size=\"640,480\" data-comments-opened=\"0\" data-image-meta=\"{&quot;aperture&quot;:&quot;2.8&quot;,&quot;credit&quot;:&quot;&quot;,&quot;camera&quot;:&quot;N73&quot;,&quot;caption&quot;:&quot;&quot;,&quot;created_timestamp&quot;:&quot;1314387481&quot;,&quot;copyright&quot;:&quot;&quot;,&quot;focal_length&quot;:&quot;5.6&quot;,&quot;iso&quot;:&quot;640&quot;,&quot;shutter_speed&quot;:&quot;0.058&quot;,&quot;title&quot;:&quot;&quot;}\" data-image-title=\"Dia do Psic\u00f3logo-2011(3)\" data-image-description=\"\" data-image-caption=\"\" data-medium-file=\"https:\/\/i0.wp.com\/wp.ufpel.edu.br\/psicologia\/files\/2012\/08\/Dia-do-Psic%C3%B3logo-20113.jpg?fit=300%2C225&amp;ssl=1\" data-large-file=\"https:\/\/i0.wp.com\/wp.ufpel.edu.br\/psicologia\/files\/2012\/08\/Dia-do-Psic%C3%B3logo-20113.jpg?fit=640%2C480&amp;ssl=1\" \/><\/a>\n\t\t\t<\/dt><\/dl><dl class='gallery-item'>\n\t\t\t<dt class='gallery-icon landscape'>\n\t\t\t\t<a href='https:\/\/wp.ufpel.edu.br\/psicologia\/?attachment_id=279'><img width=\"150\" height=\"150\" src=\"https:\/\/i0.wp.com\/wp.ufpel.edu.br\/psicologia\/files\/2012\/08\/Dia-do-Psic%C3%B3logo-20112.jpg?resize=150%2C150&amp;ssl=1\" class=\"attachment-thumbnail size-thumbnail\" alt=\"\" data-attachment-id=\"279\" data-permalink=\"https:\/\/wp.ufpel.edu.br\/psicologia\/?attachment_id=279\" data-orig-file=\"https:\/\/i0.wp.com\/wp.ufpel.edu.br\/psicologia\/files\/2012\/08\/Dia-do-Psic%C3%B3logo-20112.jpg?fit=640%2C480&amp;ssl=1\" data-orig-size=\"640,480\" data-comments-opened=\"0\" data-image-meta=\"{&quot;aperture&quot;:&quot;2.8&quot;,&quot;credit&quot;:&quot;&quot;,&quot;camera&quot;:&quot;N73&quot;,&quot;caption&quot;:&quot;&quot;,&quot;created_timestamp&quot;:&quot;1314387446&quot;,&quot;copyright&quot;:&quot;&quot;,&quot;focal_length&quot;:&quot;5.6&quot;,&quot;iso&quot;:&quot;640&quot;,&quot;shutter_speed&quot;:&quot;0.058&quot;,&quot;title&quot;:&quot;&quot;}\" data-image-title=\"Dia do Psic\u00f3logo-2011(2)\" data-image-description=\"\" data-image-caption=\"\" data-medium-file=\"https:\/\/i0.wp.com\/wp.ufpel.edu.br\/psicologia\/files\/2012\/08\/Dia-do-Psic%C3%B3logo-20112.jpg?fit=300%2C225&amp;ssl=1\" data-large-file=\"https:\/\/i0.wp.com\/wp.ufpel.edu.br\/psicologia\/files\/2012\/08\/Dia-do-Psic%C3%B3logo-20112.jpg?fit=640%2C480&amp;ssl=1\" \/><\/a>\n\t\t\t<\/dt><\/dl><dl class='gallery-item'>\n\t\t\t<dt class='gallery-icon landscape'>\n\t\t\t\t<a href='https:\/\/wp.ufpel.edu.br\/psicologia\/?attachment_id=278'><img width=\"150\" height=\"150\" src=\"https:\/\/i0.wp.com\/wp.ufpel.edu.br\/psicologia\/files\/2012\/08\/Dia-do-Psic%C3%B3logo-20111.jpg?resize=150%2C150&amp;ssl=1\" class=\"attachment-thumbnail size-thumbnail\" alt=\"\" data-attachment-id=\"278\" data-permalink=\"https:\/\/wp.ufpel.edu.br\/psicologia\/?attachment_id=278\" data-orig-file=\"https:\/\/i0.wp.com\/wp.ufpel.edu.br\/psicologia\/files\/2012\/08\/Dia-do-Psic%C3%B3logo-20111.jpg?fit=640%2C480&amp;ssl=1\" data-orig-size=\"640,480\" data-comments-opened=\"0\" data-image-meta=\"{&quot;aperture&quot;:&quot;2.8&quot;,&quot;credit&quot;:&quot;&quot;,&quot;camera&quot;:&quot;N73&quot;,&quot;caption&quot;:&quot;&quot;,&quot;created_timestamp&quot;:&quot;1314387411&quot;,&quot;copyright&quot;:&quot;&quot;,&quot;focal_length&quot;:&quot;5.6&quot;,&quot;iso&quot;:&quot;640&quot;,&quot;shutter_speed&quot;:&quot;0.058&quot;,&quot;title&quot;:&quot;&quot;}\" data-image-title=\"Dia do Psic\u00f3logo-2011(1)\" data-image-description=\"\" data-image-caption=\"\" data-medium-file=\"https:\/\/i0.wp.com\/wp.ufpel.edu.br\/psicologia\/files\/2012\/08\/Dia-do-Psic%C3%B3logo-20111.jpg?fit=300%2C225&amp;ssl=1\" data-large-file=\"https:\/\/i0.wp.com\/wp.ufpel.edu.br\/psicologia\/files\/2012\/08\/Dia-do-Psic%C3%B3logo-20111.jpg?fit=640%2C480&amp;ssl=1\" \/><\/a>\n\t\t\t<\/dt><\/dl><br style=\"clear: both\" \/><dl class='gallery-item'>\n\t\t\t<dt class='gallery-icon portrait'>\n\t\t\t\t<a href='https:\/\/wp.ufpel.edu.br\/psicologia\/?attachment_id=277'><img width=\"150\" height=\"150\" src=\"https:\/\/i0.wp.com\/wp.ufpel.edu.br\/psicologia\/files\/2012\/08\/Dia-do-Psic%C3%B3logo-20117.jpg?resize=150%2C150&amp;ssl=1\" class=\"attachment-thumbnail size-thumbnail\" alt=\"\" data-attachment-id=\"277\" data-permalink=\"https:\/\/wp.ufpel.edu.br\/psicologia\/?attachment_id=277\" data-orig-file=\"https:\/\/i0.wp.com\/wp.ufpel.edu.br\/psicologia\/files\/2012\/08\/Dia-do-Psic%C3%B3logo-20117.jpg?fit=480%2C640&amp;ssl=1\" data-orig-size=\"480,640\" data-comments-opened=\"0\" data-image-meta=\"{&quot;aperture&quot;:&quot;2.8&quot;,&quot;credit&quot;:&quot;&quot;,&quot;camera&quot;:&quot;N73&quot;,&quot;caption&quot;:&quot;&quot;,&quot;created_timestamp&quot;:&quot;1314390944&quot;,&quot;copyright&quot;:&quot;&quot;,&quot;focal_length&quot;:&quot;5.6&quot;,&quot;iso&quot;:&quot;640&quot;,&quot;shutter_speed&quot;:&quot;0.058&quot;,&quot;title&quot;:&quot;&quot;}\" data-image-title=\"Dia do Psic\u00f3logo-2011(7)\" data-image-description=\"\" data-image-caption=\"\" data-medium-file=\"https:\/\/i0.wp.com\/wp.ufpel.edu.br\/psicologia\/files\/2012\/08\/Dia-do-Psic%C3%B3logo-20117.jpg?fit=225%2C300&amp;ssl=1\" data-large-file=\"https:\/\/i0.wp.com\/wp.ufpel.edu.br\/psicologia\/files\/2012\/08\/Dia-do-Psic%C3%B3logo-20117.jpg?fit=480%2C640&amp;ssl=1\" \/><\/a>\n\t\t\t<\/dt><\/dl>\n\t\t\t<br style='clear: both' \/>\n\t\t<\/div>\n\n<p style=\"text-align: center\"><span style=\"font-size: 14pt\"><strong>Dia do Psic\u00f3logo (2013)<\/strong><\/span><\/p>\n\n\t\t<style type=\"text\/css\">\n\t\t\t#gallery-2 {\n\t\t\t\tmargin: auto;\n\t\t\t}\n\t\t\t#gallery-2 .gallery-item {\n\t\t\t\tfloat: left;\n\t\t\t\tmargin-top: 10px;\n\t\t\t\ttext-align: center;\n\t\t\t\twidth: 33%;\n\t\t\t}\n\t\t\t#gallery-2 img {\n\t\t\t\tborder: 2px solid #cfcfcf;\n\t\t\t}\n\t\t\t#gallery-2 .gallery-caption {\n\t\t\t\tmargin-left: 0;\n\t\t\t}\n\t\t\t\/* see gallery_shortcode() in wp-includes\/media.php *\/\n\t\t<\/style>\n\t\t<div data-carousel-extra='{&quot;blog_id&quot;:211,&quot;permalink&quot;:&quot;https:\/\/wp.ufpel.edu.br\/psicologia\/eventos-2\/2-eventos-promovidos-pelo-curso\/comemoracao-em-alusao-ao-dia-do-psicologo-2011\/&quot;}' id='gallery-2' class='gallery galleryid-3266 gallery-columns-3 gallery-size-thumbnail'><dl class='gallery-item'>\n\t\t\t<dt class='gallery-icon landscape'>\n\t\t\t\t<a href='https:\/\/wp.ufpel.edu.br\/psicologia\/?attachment_id=525'><img width=\"150\" height=\"150\" src=\"https:\/\/i0.wp.com\/wp.ufpel.edu.br\/psicologia\/files\/2012\/08\/psico-dia.jpg?resize=150%2C150&amp;ssl=1\" class=\"attachment-thumbnail size-thumbnail\" alt=\"\" srcset=\"https:\/\/i0.wp.com\/wp.ufpel.edu.br\/psicologia\/files\/2012\/08\/psico-dia.jpg?resize=150%2C150&amp;ssl=1 150w, https:\/\/i0.wp.com\/wp.ufpel.edu.br\/psicologia\/files\/2012\/08\/psico-dia.jpg?zoom=2&amp;resize=150%2C150&amp;ssl=1 300w, https:\/\/i0.wp.com\/wp.ufpel.edu.br\/psicologia\/files\/2012\/08\/psico-dia.jpg?zoom=3&amp;resize=150%2C150&amp;ssl=1 450w\" sizes=\"(max-width: 150px) 100vw, 150px\" data-attachment-id=\"525\" data-permalink=\"https:\/\/wp.ufpel.edu.br\/psicologia\/?attachment_id=525\" data-orig-file=\"https:\/\/i0.wp.com\/wp.ufpel.edu.br\/psicologia\/files\/2012\/08\/psico-dia.jpg?fit=960%2C482&amp;ssl=1\" data-orig-size=\"960,482\" data-comments-opened=\"0\" data-image-meta=\"{&quot;aperture&quot;:&quot;0&quot;,&quot;credit&quot;:&quot;&quot;,&quot;camera&quot;:&quot;&quot;,&quot;caption&quot;:&quot;&quot;,&quot;created_timestamp&quot;:&quot;0&quot;,&quot;copyright&quot;:&quot;&quot;,&quot;focal_length&quot;:&quot;0&quot;,&quot;iso&quot;:&quot;0&quot;,&quot;shutter_speed&quot;:&quot;0&quot;,&quot;title&quot;:&quot;&quot;}\" data-image-title=\"Dia do Psic\u00f3logo (2013)\" data-image-description=\"\" data-image-caption=\"\" data-medium-file=\"https:\/\/i0.wp.com\/wp.ufpel.edu.br\/psicologia\/files\/2012\/08\/psico-dia.jpg?fit=300%2C150&amp;ssl=1\" data-large-file=\"https:\/\/i0.wp.com\/wp.ufpel.edu.br\/psicologia\/files\/2012\/08\/psico-dia.jpg?fit=960%2C482&amp;ssl=1\" \/><\/a>\n\t\t\t<\/dt><\/dl><dl class='gallery-item'>\n\t\t\t<dt class='gallery-icon landscape'>\n\t\t\t\t<a href='https:\/\/wp.ufpel.edu.br\/psicologia\/?attachment_id=563'><img width=\"150\" height=\"150\" src=\"https:\/\/i0.wp.com\/wp.ufpel.edu.br\/psicologia\/files\/2012\/08\/Confraterniza%C3%A7%C3%A3o-Dia-do-Psic%C3%B3logo-15.jpg?resize=150%2C150&amp;ssl=1\" class=\"attachment-thumbnail size-thumbnail\" alt=\"\" data-attachment-id=\"563\" data-permalink=\"https:\/\/wp.ufpel.edu.br\/psicologia\/?attachment_id=563\" data-orig-file=\"https:\/\/i0.wp.com\/wp.ufpel.edu.br\/psicologia\/files\/2012\/08\/Confraterniza%C3%A7%C3%A3o-Dia-do-Psic%C3%B3logo-15.jpg?fit=1600%2C1200&amp;ssl=1\" data-orig-size=\"1600,1200\" data-comments-opened=\"0\" data-image-meta=\"{&quot;aperture&quot;:&quot;2.8&quot;,&quot;credit&quot;:&quot;&quot;,&quot;camera&quot;:&quot;GT-S5303B&quot;,&quot;caption&quot;:&quot;&quot;,&quot;created_timestamp&quot;:&quot;1377637474&quot;,&quot;copyright&quot;:&quot;&quot;,&quot;focal_length&quot;:&quot;2.7&quot;,&quot;iso&quot;:&quot;400&quot;,&quot;shutter_speed&quot;:&quot;0.12461538461538&quot;,&quot;title&quot;:&quot;&quot;}\" data-image-title=\"Confraterniza\u00e7\u00e3o Dia do Psic\u00f3logo 15\" data-image-description=\"\" data-image-caption=\"\" data-medium-file=\"https:\/\/i0.wp.com\/wp.ufpel.edu.br\/psicologia\/files\/2012\/08\/Confraterniza%C3%A7%C3%A3o-Dia-do-Psic%C3%B3logo-15.jpg?fit=300%2C225&amp;ssl=1\" data-large-file=\"https:\/\/i0.wp.com\/wp.ufpel.edu.br\/psicologia\/files\/2012\/08\/Confraterniza%C3%A7%C3%A3o-Dia-do-Psic%C3%B3logo-15.jpg?fit=1024%2C768&amp;ssl=1\" \/><\/a>\n\t\t\t<\/dt><\/dl><dl class='gallery-item'>\n\t\t\t<dt class='gallery-icon landscape'>\n\t\t\t\t<a href='https:\/\/wp.ufpel.edu.br\/psicologia\/?attachment_id=562'><img width=\"150\" height=\"150\" src=\"https:\/\/i0.wp.com\/wp.ufpel.edu.br\/psicologia\/files\/2012\/08\/Confraterniza%C3%A7%C3%A3o-Dia-do-Psic%C3%B3logo-13.jpg?resize=150%2C150&amp;ssl=1\" class=\"attachment-thumbnail size-thumbnail\" alt=\"\" data-attachment-id=\"562\" data-permalink=\"https:\/\/wp.ufpel.edu.br\/psicologia\/?attachment_id=562\" data-orig-file=\"https:\/\/i0.wp.com\/wp.ufpel.edu.br\/psicologia\/files\/2012\/08\/Confraterniza%C3%A7%C3%A3o-Dia-do-Psic%C3%B3logo-13.jpg?fit=1600%2C1200&amp;ssl=1\" data-orig-size=\"1600,1200\" data-comments-opened=\"0\" data-image-meta=\"{&quot;aperture&quot;:&quot;2.8&quot;,&quot;credit&quot;:&quot;&quot;,&quot;camera&quot;:&quot;GT-S5303B&quot;,&quot;caption&quot;:&quot;&quot;,&quot;created_timestamp&quot;:&quot;1377637425&quot;,&quot;copyright&quot;:&quot;&quot;,&quot;focal_length&quot;:&quot;2.7&quot;,&quot;iso&quot;:&quot;400&quot;,&quot;shutter_speed&quot;:&quot;0.12461538461538&quot;,&quot;title&quot;:&quot;&quot;}\" data-image-title=\"Confraterniza\u00e7\u00e3o Dia do Psic\u00f3logo 13\" data-image-description=\"\" data-image-caption=\"\" data-medium-file=\"https:\/\/i0.wp.com\/wp.ufpel.edu.br\/psicologia\/files\/2012\/08\/Confraterniza%C3%A7%C3%A3o-Dia-do-Psic%C3%B3logo-13.jpg?fit=300%2C225&amp;ssl=1\" data-large-file=\"https:\/\/i0.wp.com\/wp.ufpel.edu.br\/psicologia\/files\/2012\/08\/Confraterniza%C3%A7%C3%A3o-Dia-do-Psic%C3%B3logo-13.jpg?fit=1024%2C768&amp;ssl=1\" \/><\/a>\n\t\t\t<\/dt><\/dl><br style=\"clear: both\" \/><dl class='gallery-item'>\n\t\t\t<dt class='gallery-icon landscape'>\n\t\t\t\t<a href='https:\/\/wp.ufpel.edu.br\/psicologia\/?attachment_id=557'><img width=\"150\" height=\"150\" src=\"https:\/\/i0.wp.com\/wp.ufpel.edu.br\/psicologia\/files\/2012\/08\/Palestrante-Dr%C2%AA-L%C3%BAcia-Grigoletti-Dia-do-Psic%C3%B3logo.jpg?resize=150%2C150&amp;ssl=1\" class=\"attachment-thumbnail size-thumbnail\" alt=\"\" data-attachment-id=\"557\" data-permalink=\"https:\/\/wp.ufpel.edu.br\/psicologia\/?attachment_id=557\" data-orig-file=\"https:\/\/i0.wp.com\/wp.ufpel.edu.br\/psicologia\/files\/2012\/08\/Palestrante-Dr%C2%AA-L%C3%BAcia-Grigoletti-Dia-do-Psic%C3%B3logo.jpg?fit=1600%2C1200&amp;ssl=1\" data-orig-size=\"1600,1200\" data-comments-opened=\"0\" data-image-meta=\"{&quot;aperture&quot;:&quot;2.8&quot;,&quot;credit&quot;:&quot;&quot;,&quot;camera&quot;:&quot;GT-S5303B&quot;,&quot;caption&quot;:&quot;&quot;,&quot;created_timestamp&quot;:&quot;1377631950&quot;,&quot;copyright&quot;:&quot;&quot;,&quot;focal_length&quot;:&quot;2.7&quot;,&quot;iso&quot;:&quot;400&quot;,&quot;shutter_speed&quot;:&quot;0.12461538461538&quot;,&quot;title&quot;:&quot;&quot;}\" data-image-title=\"Palestrante Dr\u00aa L\u00facia Grigoletti Dia do Psic\u00f3logo\" data-image-description=\"\" data-image-caption=\"\" data-medium-file=\"https:\/\/i0.wp.com\/wp.ufpel.edu.br\/psicologia\/files\/2012\/08\/Palestrante-Dr%C2%AA-L%C3%BAcia-Grigoletti-Dia-do-Psic%C3%B3logo.jpg?fit=300%2C225&amp;ssl=1\" data-large-file=\"https:\/\/i0.wp.com\/wp.ufpel.edu.br\/psicologia\/files\/2012\/08\/Palestrante-Dr%C2%AA-L%C3%BAcia-Grigoletti-Dia-do-Psic%C3%B3logo.jpg?fit=1024%2C768&amp;ssl=1\" \/><\/a>\n\t\t\t<\/dt><\/dl><dl class='gallery-item'>\n\t\t\t<dt class='gallery-icon landscape'>\n\t\t\t\t<a href='https:\/\/wp.ufpel.edu.br\/psicologia\/?attachment_id=556'><img width=\"150\" height=\"150\" src=\"https:\/\/i0.wp.com\/wp.ufpel.edu.br\/psicologia\/files\/2012\/08\/Dia-do-Psic%C3%B3logo-Palestra.jpg?resize=150%2C150&amp;ssl=1\" class=\"attachment-thumbnail size-thumbnail\" alt=\"\" data-attachment-id=\"556\" data-permalink=\"https:\/\/wp.ufpel.edu.br\/psicologia\/?attachment_id=556\" data-orig-file=\"https:\/\/i0.wp.com\/wp.ufpel.edu.br\/psicologia\/files\/2012\/08\/Dia-do-Psic%C3%B3logo-Palestra.jpg?fit=1600%2C1200&amp;ssl=1\" data-orig-size=\"1600,1200\" data-comments-opened=\"0\" data-image-meta=\"{&quot;aperture&quot;:&quot;2.8&quot;,&quot;credit&quot;:&quot;&quot;,&quot;camera&quot;:&quot;GT-S5303B&quot;,&quot;caption&quot;:&quot;&quot;,&quot;created_timestamp&quot;:&quot;1377632027&quot;,&quot;copyright&quot;:&quot;&quot;,&quot;focal_length&quot;:&quot;2.7&quot;,&quot;iso&quot;:&quot;400&quot;,&quot;shutter_speed&quot;:&quot;0.12461538461538&quot;,&quot;title&quot;:&quot;&quot;}\" data-image-title=\"Dia do Psic\u00f3logo Palestra\" data-image-description=\"\" data-image-caption=\"\" data-medium-file=\"https:\/\/i0.wp.com\/wp.ufpel.edu.br\/psicologia\/files\/2012\/08\/Dia-do-Psic%C3%B3logo-Palestra.jpg?fit=300%2C225&amp;ssl=1\" data-large-file=\"https:\/\/i0.wp.com\/wp.ufpel.edu.br\/psicologia\/files\/2012\/08\/Dia-do-Psic%C3%B3logo-Palestra.jpg?fit=1024%2C768&amp;ssl=1\" \/><\/a>\n\t\t\t<\/dt><\/dl><dl class='gallery-item'>\n\t\t\t<dt class='gallery-icon landscape'>\n\t\t\t\t<a href='https:\/\/wp.ufpel.edu.br\/psicologia\/?attachment_id=555'><img width=\"150\" height=\"150\" src=\"https:\/\/i0.wp.com\/wp.ufpel.edu.br\/psicologia\/files\/2012\/08\/dia-do-psic%C3%B3logo-3.jpg?resize=150%2C150&amp;ssl=1\" class=\"attachment-thumbnail size-thumbnail\" alt=\"\" data-attachment-id=\"555\" data-permalink=\"https:\/\/wp.ufpel.edu.br\/psicologia\/?attachment_id=555\" data-orig-file=\"https:\/\/i0.wp.com\/wp.ufpel.edu.br\/psicologia\/files\/2012\/08\/dia-do-psic%C3%B3logo-3.jpg?fit=1600%2C1200&amp;ssl=1\" data-orig-size=\"1600,1200\" data-comments-opened=\"0\" data-image-meta=\"{&quot;aperture&quot;:&quot;2.8&quot;,&quot;credit&quot;:&quot;&quot;,&quot;camera&quot;:&quot;GT-S5303B&quot;,&quot;caption&quot;:&quot;&quot;,&quot;created_timestamp&quot;:&quot;1377632046&quot;,&quot;copyright&quot;:&quot;&quot;,&quot;focal_length&quot;:&quot;2.7&quot;,&quot;iso&quot;:&quot;100&quot;,&quot;shutter_speed&quot;:&quot;0.12461538461538&quot;,&quot;title&quot;:&quot;&quot;}\" data-image-title=\"dia do psic\u00f3logo 3\" data-image-description=\"\" data-image-caption=\"\" data-medium-file=\"https:\/\/i0.wp.com\/wp.ufpel.edu.br\/psicologia\/files\/2012\/08\/dia-do-psic%C3%B3logo-3.jpg?fit=300%2C225&amp;ssl=1\" data-large-file=\"https:\/\/i0.wp.com\/wp.ufpel.edu.br\/psicologia\/files\/2012\/08\/dia-do-psic%C3%B3logo-3.jpg?fit=1024%2C768&amp;ssl=1\" \/><\/a>\n\t\t\t<\/dt><\/dl><br style=\"clear: both\" \/><dl class='gallery-item'>\n\t\t\t<dt class='gallery-icon landscape'>\n\t\t\t\t<a href='https:\/\/wp.ufpel.edu.br\/psicologia\/?attachment_id=554'><img width=\"150\" height=\"150\" src=\"https:\/\/i0.wp.com\/wp.ufpel.edu.br\/psicologia\/files\/2012\/08\/Dia-do-Psic%C3%B3logo-1.jpg?resize=150%2C150&amp;ssl=1\" class=\"attachment-thumbnail size-thumbnail\" alt=\"\" data-attachment-id=\"554\" data-permalink=\"https:\/\/wp.ufpel.edu.br\/psicologia\/?attachment_id=554\" data-orig-file=\"https:\/\/i0.wp.com\/wp.ufpel.edu.br\/psicologia\/files\/2012\/08\/Dia-do-Psic%C3%B3logo-1.jpg?fit=1600%2C1200&amp;ssl=1\" data-orig-size=\"1600,1200\" data-comments-opened=\"0\" data-image-meta=\"{&quot;aperture&quot;:&quot;2.8&quot;,&quot;credit&quot;:&quot;&quot;,&quot;camera&quot;:&quot;GT-S5303B&quot;,&quot;caption&quot;:&quot;&quot;,&quot;created_timestamp&quot;:&quot;1377632098&quot;,&quot;copyright&quot;:&quot;&quot;,&quot;focal_length&quot;:&quot;2.7&quot;,&quot;iso&quot;:&quot;400&quot;,&quot;shutter_speed&quot;:&quot;0.12461538461538&quot;,&quot;title&quot;:&quot;&quot;}\" data-image-title=\"Dia do Psic\u00f3logo 1\" data-image-description=\"\" data-image-caption=\"\" data-medium-file=\"https:\/\/i0.wp.com\/wp.ufpel.edu.br\/psicologia\/files\/2012\/08\/Dia-do-Psic%C3%B3logo-1.jpg?fit=300%2C225&amp;ssl=1\" data-large-file=\"https:\/\/i0.wp.com\/wp.ufpel.edu.br\/psicologia\/files\/2012\/08\/Dia-do-Psic%C3%B3logo-1.jpg?fit=1024%2C768&amp;ssl=1\" \/><\/a>\n\t\t\t<\/dt><\/dl><dl class='gallery-item'>\n\t\t\t<dt class='gallery-icon landscape'>\n\t\t\t\t<a href='https:\/\/wp.ufpel.edu.br\/psicologia\/?attachment_id=553'><img width=\"150\" height=\"150\" src=\"https:\/\/i0.wp.com\/wp.ufpel.edu.br\/psicologia\/files\/2012\/08\/Confraterniza%C3%A7%C3%A3o-Dia-do-Psic%C3%B3logo-8.jpg?resize=150%2C150&amp;ssl=1\" class=\"attachment-thumbnail size-thumbnail\" alt=\"\" data-attachment-id=\"553\" data-permalink=\"https:\/\/wp.ufpel.edu.br\/psicologia\/?attachment_id=553\" data-orig-file=\"https:\/\/i0.wp.com\/wp.ufpel.edu.br\/psicologia\/files\/2012\/08\/Confraterniza%C3%A7%C3%A3o-Dia-do-Psic%C3%B3logo-8.jpg?fit=1600%2C1200&amp;ssl=1\" data-orig-size=\"1600,1200\" data-comments-opened=\"0\" data-image-meta=\"{&quot;aperture&quot;:&quot;2.8&quot;,&quot;credit&quot;:&quot;&quot;,&quot;camera&quot;:&quot;GT-S5303B&quot;,&quot;caption&quot;:&quot;&quot;,&quot;created_timestamp&quot;:&quot;1377637431&quot;,&quot;copyright&quot;:&quot;&quot;,&quot;focal_length&quot;:&quot;2.7&quot;,&quot;iso&quot;:&quot;400&quot;,&quot;shutter_speed&quot;:&quot;0.12461538461538&quot;,&quot;title&quot;:&quot;&quot;}\" data-image-title=\"Confraterniza\u00e7\u00e3o Dia do Psic\u00f3logo 8\" data-image-description=\"\" data-image-caption=\"\" data-medium-file=\"https:\/\/i0.wp.com\/wp.ufpel.edu.br\/psicologia\/files\/2012\/08\/Confraterniza%C3%A7%C3%A3o-Dia-do-Psic%C3%B3logo-8.jpg?fit=300%2C225&amp;ssl=1\" data-large-file=\"https:\/\/i0.wp.com\/wp.ufpel.edu.br\/psicologia\/files\/2012\/08\/Confraterniza%C3%A7%C3%A3o-Dia-do-Psic%C3%B3logo-8.jpg?fit=1024%2C768&amp;ssl=1\" \/><\/a>\n\t\t\t<\/dt><\/dl>\n\t\t\t<br style='clear: both' \/>\n\t\t<\/div>\n\n<p>&nbsp;<\/p>\n","protected":false},"excerpt":{"rendered":"<p>Dia do Psic\u00f3logo (2011) Dia do Psic\u00f3logo (2013) &nbsp;<\/p>\n","protected":false},"author":203,"featured_media":0,"parent":3238,"menu_order":1,"comment_status":"closed","ping_status":"closed","template":"","meta":{"jetpack_post_was_ever_published":false,"footnotes":""},"class_list":["post-3266","page","type-page","status-publish","hentry"],"jetpack_sharing_enabled":true,"jetpack_shortlink":"https:\/\/wp.me\/P9mSsX-QG","jetpack_likes_enabled":true,"jetpack-related-posts":[],"_links":{"self":[{"href":"https:\/\/wp.ufpel.edu.br\/psicologia\/wp-json\/wp\/v2\/pages\/3266","targetHints":{"allow":["GET"]}}],"collection":[{"href":"https:\/\/wp.ufpel.edu.br\/psicologia\/wp-json\/wp\/v2\/pages"}],"about":[{"href":"https:\/\/wp.ufpel.edu.br\/psicologia\/wp-json\/wp\/v2\/types\/page"}],"author":[{"embeddable":true,"href":"https:\/\/wp.ufpel.edu.br\/psicologia\/wp-json\/wp\/v2\/users\/203"}],"replies":[{"embeddable":true,"href":"https:\/\/wp.ufpel.edu.br\/psicologia\/wp-json\/wp\/v2\/comments?post=3266"}],"version-history":[{"count":6,"href":"https:\/\/wp.ufpel.edu.br\/psicologia\/wp-json\/wp\/v2\/pages\/3266\/revisions"}],"predecessor-version":[{"id":3500,"href":"https:\/\/wp.ufpel.edu.br\/psicologia\/wp-json\/wp\/v2\/pages\/3266\/revisions\/3500"}],"up":[{"embeddable":true,"href":"https:\/\/wp.ufpel.edu.br\/psicologia\/wp-json\/wp\/v2\/pages\/3238"}],"wp:attachment":[{"href":"https:\/\/wp.ufpel.edu.br\/psicologia\/wp-json\/wp\/v2\/media?parent=3266"}],"curies":[{"name":"wp","href":"https:\/\/api.w.org\/{rel}","templated":true}]}}