{"id":3224,"date":"2020-06-10T17:35:58","date_gmt":"2020-06-10T20:35:58","guid":{"rendered":"https:\/\/wp.ufpel.edu.br\/psicologia\/?page_id=3224"},"modified":"2024-03-08T17:30:02","modified_gmt":"2024-03-08T20:30:02","slug":"curriculo","status":"publish","type":"page","link":"https:\/\/wp.ufpel.edu.br\/psicologia\/curriculo\/","title":{"rendered":"Curr\u00edculo"},"content":{"rendered":"<p><a href=\"https:\/\/wp.ufpel.edu.br\/psicologia\/files\/2024\/03\/curriculo_curso_6600-em-08-03-2024.pdf\">curriculo_curso_6600 &#8211; em 08-03-2024<\/a><\/p>\n<p><a href=\"https:\/\/wp.ufpel.edu.br\/psicologia\/files\/2020\/06\/Fluxograma-com-Pr\u00e9-Requisitos-Psicologia-2.pdf\">Fluxograma do Curso de Psicologia<\/a><\/p>\n<p><a href=\"https:\/\/wp.ufpel.edu.br\/psicologia\/files\/2020\/06\/Forma\u00e7\u00e3o-Complementar-e-Forma\u00e7\u00e3o-Livre.pdf\">Forma\u00e7\u00e3o Complementar e Forma\u00e7\u00e3o Livre<\/a><\/p>\n<p>(Os certificados para a Forma\u00e7\u00e3o Livre e Atividades Complementares devem ser entregues impressos (original e c\u00f3pia) na secretaria do curso de Psicologia de prefer\u00eancia quando estiverem cursando o 9\u00ba semestre do curso).<\/p>\n<p>OBS.:<\/p>\n<p><em>Recentemente houve uma altera\u00e7\u00e3o na carga hor\u00e1ria de Atividades Complementares e Forma\u00e7\u00e3o Livre que os estudantes necessitam cumprir para se formaram. S\u00e3o<\/em><em>\u00a0necess\u00e1rias no m\u00ednimo <strong>330h de Atividades Complementares<\/strong> (Ensino, Pesquisa e Extens\u00e3o) e <strong>555h de Forma\u00e7\u00e3o Livre<\/strong>.<\/em><\/p>\n<p><a href=\"https:\/\/wp.ufpel.edu.br\/psicologia\/files\/2020\/06\/Projeto-Pedag\u00f3gico-Curso-de-Psicologia-alterado-em-Abril-de-2015-OFICIAL.pdf\">Projeto Pedag\u00f3gico do Curso de Psicologia (alterado em abril de 2015-OFICIAL)<\/a><\/p>\n","protected":false},"excerpt":{"rendered":"<p>curriculo_curso_6600 &#8211; em 08-03-2024 Fluxograma do Curso de Psicologia Forma\u00e7\u00e3o Complementar e Forma\u00e7\u00e3o Livre (Os certificados para a Forma\u00e7\u00e3o Livre e Atividades Complementares devem ser entregues impressos (original e c\u00f3pia) na secretaria do curso de Psicologia de prefer\u00eancia quando estiverem cursando o 9\u00ba semestre do curso). OBS.: Recentemente houve uma altera\u00e7\u00e3o na carga hor\u00e1ria de [&hellip;]<\/p>\n","protected":false},"author":203,"featured_media":0,"parent":0,"menu_order":2,"comment_status":"closed","ping_status":"closed","template":"","meta":{"jetpack_post_was_ever_published":false,"footnotes":""},"class_list":["post-3224","page","type-page","status-publish","hentry"],"jetpack_sharing_enabled":true,"jetpack_shortlink":"https:\/\/wp.me\/P9mSsX-Q0","jetpack_likes_enabled":true,"jetpack-related-posts":[],"_links":{"self":[{"href":"https:\/\/wp.ufpel.edu.br\/psicologia\/wp-json\/wp\/v2\/pages\/3224","targetHints":{"allow":["GET"]}}],"collection":[{"href":"https:\/\/wp.ufpel.edu.br\/psicologia\/wp-json\/wp\/v2\/pages"}],"about":[{"href":"https:\/\/wp.ufpel.edu.br\/psicologia\/wp-json\/wp\/v2\/types\/page"}],"author":[{"embeddable":true,"href":"https:\/\/wp.ufpel.edu.br\/psicologia\/wp-json\/wp\/v2\/users\/203"}],"replies":[{"embeddable":true,"href":"https:\/\/wp.ufpel.edu.br\/psicologia\/wp-json\/wp\/v2\/comments?post=3224"}],"version-history":[{"count":8,"href":"https:\/\/wp.ufpel.edu.br\/psicologia\/wp-json\/wp\/v2\/pages\/3224\/revisions"}],"predecessor-version":[{"id":5508,"href":"https:\/\/wp.ufpel.edu.br\/psicologia\/wp-json\/wp\/v2\/pages\/3224\/revisions\/5508"}],"wp:attachment":[{"href":"https:\/\/wp.ufpel.edu.br\/psicologia\/wp-json\/wp\/v2\/media?parent=3224"}],"curies":[{"name":"wp","href":"https:\/\/api.w.org\/{rel}","templated":true}]}}