{"id":9740,"date":"2023-10-19T11:49:58","date_gmt":"2023-10-19T14:49:58","guid":{"rendered":"https:\/\/wp.ufpel.edu.br\/prppg\/?page_id=9740"},"modified":"2024-12-26T22:08:42","modified_gmt":"2024-12-27T01:08:42","slug":"resolucoes-dos-pppgs-sobre-acumulo","status":"publish","type":"page","link":"https:\/\/wp.ufpel.edu.br\/prppg\/resolucoes-dos-pppgs-sobre-acumulo\/","title":{"rendered":"Resolu\u00e7\u00f5es dos PPG&#8217;s sobre ac\u00famulo"},"content":{"rendered":"<h2>Resolu\u00e7\u00f5es dos Programas de P\u00f3s-Gradua\u00e7\u00e3o sobre ac\u00famulo de bolsa com atividade remunerada<\/h2>\n<p>Abaixo seguem as Resolu\u00e7\u00f5es de cada PPG acerca do ac\u00famulo de bolsa com atividade remunerada, conforme determina a Portaria 133\/2023 da CAPES:<\/p>\n<p><a href=\"https:\/\/wp.ufpel.edu.br\/prppg\/files\/2023\/10\/Resolucao-PRPPG-sobre-acumulo-de-bolsas-e-atividades-remuneradas.pdf\">Resolu\u00e7\u00e3o PRPPG sobre ac\u00famulo de bolsas e atividades remuneradas<\/a><\/p>\n<p>&nbsp;<\/p>\n<ul>\n<li><a href=\"https:\/\/wp.ufpel.edu.br\/prppg\/files\/2024\/02\/Resolucao-de-Bolsas-PPGQ.pdf\">Resolu\u00e7\u00e3o do PPG em Qu\u00edmica<\/a><\/li>\n<li><a href=\"https:\/\/wp.ufpel.edu.br\/prppg\/files\/2024\/02\/Norma-2-distribuicao-bolsas-PPGMMat-final.pdf\">Resolu\u00e7\u00e3o do PPG em Modelagem Matem\u00e1tica<\/a><\/li>\n<li><a href=\"https:\/\/wp.ufpel.edu.br\/prppg\/files\/2023\/10\/Resolucao-do-PPG-em-Biotecnologia.pdf\">Resolu\u00e7\u00e3o do PPG em Biotecnologia<\/a><\/li>\n<li><a href=\"https:\/\/wp.ufpel.edu.br\/prppg\/files\/2023\/10\/Resolucao-do-PPG-em-Ciencia-Politica.pdf\">Resolu\u00e7\u00e3o do PPG em Ci\u00eancia Pol\u00edtica<\/a><\/li>\n<li><a href=\"https:\/\/wp.ufpel.edu.br\/prppg\/files\/2023\/12\/Resolucao-do-PPG-em-Ciencias-Ambientais.pdf\">Resolu\u00e7\u00e3o do PPG em Ci\u00eancias Ambientais<\/a><\/li>\n<li><a href=\"https:\/\/wp.ufpel.edu.br\/prppg\/files\/2023\/10\/Resolucao-do-PPG-em-Fisica.pdf\">Resolu\u00e7\u00e3o do PPG em F\u00edsica<\/a><\/li>\n<li><a href=\"https:\/\/wp.ufpel.edu.br\/prppg\/files\/2023\/10\/Resolucao-do-PPG-em-Educacao.pdf\">Resolu\u00e7\u00e3o do PPG em Educa\u00e7\u00e3o<\/a><\/li>\n<li><a href=\"https:\/\/wp.ufpel.edu.br\/prppg\/files\/2023\/10\/Resolucao-do-PPG-em-Educacao-Matematica.pdf\">Resolu\u00e7\u00e3o do PPG em Educa\u00e7\u00e3o Matem\u00e1tica<\/a><\/li>\n<li><a href=\"https:\/\/wp.ufpel.edu.br\/prppg\/files\/2023\/10\/Resolucao-PPPG-em-Enfermagem.pdf\">Resolu\u00e7\u00e3o do PPG em Enfermagem<\/a><\/li>\n<li><a href=\"https:\/\/wp.ufpel.edu.br\/prppg\/files\/2023\/10\/Resolucao-do-PPG-em-Fisiologia-Vegetal.pdf\">Resolu\u00e7\u00e3o do PPG em Fisiologia Vegetal<\/a><\/li>\n<li><a href=\"https:\/\/wp.ufpel.edu.br\/prppg\/files\/2023\/10\/Resolucao-do-PPG-em-Letras.pdf\">Resolu\u00e7\u00e3o do PPG em Letras<\/a><\/li>\n<li><a href=\"https:\/\/wp.ufpel.edu.br\/prppg\/files\/2023\/10\/Resolucao-do-PPG-em-Memoria-Social-e-Patrimonio-Cultural.pdf\">Resolu\u00e7\u00e3o do PPG em Mem\u00f3ria Social e Patrim\u00f4nio Cultural<\/a><\/li>\n<li><a href=\"https:\/\/wp.ufpel.edu.br\/prppg\/files\/2023\/10\/Resolucao-PPG-em-Nutricao-e-Alimentos.pdf\">Resolu\u00e7\u00e3o do PPG em Nutri\u00e7\u00e3o e Alimentos<\/a><\/li>\n<li><a href=\"https:\/\/wp.ufpel.edu.br\/prppg\/files\/2023\/11\/Resolucao-do-PPG-em-Odontologia.pdf\">Resolu\u00e7\u00e3o do PPG em Odontologia<\/a><\/li>\n<li><a href=\"https:\/\/wp.ufpel.edu.br\/prppg\/files\/2023\/11\/Resolucao-do-PPG-em-Veterinaria.pdf\">Resolu\u00e7\u00e3o do PPG em Veterin\u00e1ria<\/a><\/li>\n<li><a href=\"https:\/\/wp.ufpel.edu.br\/prppg\/files\/2023\/11\/PPGFIL-Acumulo-de-bolsa-e-salario.pdf\">Resolu\u00e7\u00e3o do PPG em Filosofia<\/a><\/li>\n<li><a href=\"https:\/\/wp.ufpel.edu.br\/prppg\/files\/2024\/01\/Resolucao-acumulo-de-bolsas-PPGEpidemio.pdf\">Resolu\u00e7\u00e3o do PPG em Epidemiologia<\/a><\/li>\n<li><a href=\"https:\/\/wp.ufpel.edu.br\/prppg\/files\/2024\/01\/Resolucao-do-PPG-em-Zootecnia.pdf\">Resolu\u00e7\u00e3o do PPG em Zootecnia<\/a><\/li>\n<li><a href=\"https:\/\/wp.ufpel.edu.br\/prppg\/files\/2024\/02\/Resolucao-PPG-em-Computacao-1.pdf\">Resolu\u00e7\u00e3o PPG em Computa\u00e7\u00e3o<\/a><\/li>\n<li><a href=\"https:\/\/wp.ufpel.edu.br\/prppg\/files\/2024\/02\/Resolucao-PPG-em-Desenvolvimento-Territorial-e-Sistemas-Agroindustriais.pdf\">Resolu\u00e7\u00e3o PPG em Desenvolvimento Territorial e Sistemas Agroindustriais<\/a><\/li>\n<li><a href=\"https:\/\/wp.ufpel.edu.br\/prppg\/files\/2024\/03\/Resolucao-PPG-em-Recursos-Hidricos.pdf\">Resolu\u00e7\u00e3o PPG em Recursos H\u00eddricos<\/a><\/li>\n<li><a href=\"https:\/\/wp.ufpel.edu.br\/prppg\/files\/2024\/03\/Resolucao-do-PPG-Multicentrico-em-Ciencias-Fisiologicas.pdf\">Resolu\u00e7\u00e3o do PPG Multic\u00eantrico em Ci\u00eancias Fisiol\u00f3gicas<\/a><\/li>\n<li><a href=\"https:\/\/wp.ufpel.edu.br\/prppg\/files\/2024\/12\/Resolucao-Biodiversidade-Animal.pdf\">Resolu\u00e7\u00e3o do PPG Biodiversidade Animal<\/a><\/li>\n<\/ul>\n<p>&nbsp;<\/p>\n<p>&nbsp;<\/p>\n<p>&nbsp;<\/p>\n","protected":false},"excerpt":{"rendered":"<p>Resolu\u00e7\u00f5es dos Programas de P\u00f3s-Gradua\u00e7\u00e3o sobre ac\u00famulo de bolsa com atividade remunerada Abaixo seguem as Resolu\u00e7\u00f5es de cada PPG acerca do ac\u00famulo de bolsa com atividade remunerada, conforme determina a Portaria 133\/2023 da CAPES: Resolu\u00e7\u00e3o PRPPG sobre ac\u00famulo de bolsas e atividades remuneradas &nbsp; Resolu\u00e7\u00e3o do PPG em Qu\u00edmica Resolu\u00e7\u00e3o do PPG em Modelagem Matem\u00e1tica [&hellip;]<\/p>\n","protected":false},"author":45,"featured_media":0,"parent":0,"menu_order":0,"comment_status":"closed","ping_status":"closed","template":"","meta":{"footnotes":""},"class_list":["post-9740","page","type-page","status-publish","hentry"],"_links":{"self":[{"href":"https:\/\/wp.ufpel.edu.br\/prppg\/wp-json\/wp\/v2\/pages\/9740","targetHints":{"allow":["GET"]}}],"collection":[{"href":"https:\/\/wp.ufpel.edu.br\/prppg\/wp-json\/wp\/v2\/pages"}],"about":[{"href":"https:\/\/wp.ufpel.edu.br\/prppg\/wp-json\/wp\/v2\/types\/page"}],"author":[{"embeddable":true,"href":"https:\/\/wp.ufpel.edu.br\/prppg\/wp-json\/wp\/v2\/users\/45"}],"replies":[{"embeddable":true,"href":"https:\/\/wp.ufpel.edu.br\/prppg\/wp-json\/wp\/v2\/comments?post=9740"}],"version-history":[{"count":25,"href":"https:\/\/wp.ufpel.edu.br\/prppg\/wp-json\/wp\/v2\/pages\/9740\/revisions"}],"predecessor-version":[{"id":11116,"href":"https:\/\/wp.ufpel.edu.br\/prppg\/wp-json\/wp\/v2\/pages\/9740\/revisions\/11116"}],"wp:attachment":[{"href":"https:\/\/wp.ufpel.edu.br\/prppg\/wp-json\/wp\/v2\/media?parent=9740"}],"curies":[{"name":"wp","href":"https:\/\/api.w.org\/{rel}","templated":true}]}}