{"id":9348,"date":"2023-04-19T17:21:39","date_gmt":"2023-04-19T20:21:39","guid":{"rendered":"https:\/\/wp.ufpel.edu.br\/prppg\/?page_id=9348"},"modified":"2024-03-26T10:07:51","modified_gmt":"2024-03-26T13:07:51","slug":"selecao-bolsista-institucional","status":"publish","type":"page","link":"https:\/\/wp.ufpel.edu.br\/prppg\/selecao-bolsista-institucional\/","title":{"rendered":"Sele\u00e7\u00e3o Bolsista Institucional"},"content":{"rendered":"<p style=\"text-align: center\" align=\"center\"><strong>EDITAL 001\/2024<\/strong><\/p>\n<p style=\"text-align: center\" align=\"center\"><strong>PROGRAMA DE BOLSAS DE DESENVOLVIMENTO INSTITUCIONAL<\/strong><\/p>\n<p align=\"center\">Consulte a lista de inscri\u00e7\u00f5es homologadas e o cronograma de entrevistas neste <a href=\"https:\/\/wp.ufpel.edu.br\/prppg\/files\/2024\/03\/Inscricoes-homologadas-1.pdf\">link.<\/a><\/p>\n<p align=\"center\"><a href=\"https:\/\/wp.ufpel.edu.br\/prppg\/files\/2024\/03\/Inscricoes-nao-homologadas.pdf\">Inscri\u00e7\u00f5es n\u00e3o homologadas<\/a><\/p>\n<p align=\"center\">\n<p style=\"text-align: left\" align=\"center\">Resultado final da sele\u00e7\u00e3o: <a href=\"https:\/\/wp.ufpel.edu.br\/prppg\/files\/2024\/03\/Resultado-final-selecao-bolsistas-2024.pdf\">Resultado final sele\u00e7\u00e3o bolsistas 2024<\/a><\/p>\n","protected":false},"excerpt":{"rendered":"<p>EDITAL 001\/2024 PROGRAMA DE BOLSAS DE DESENVOLVIMENTO INSTITUCIONAL Consulte a lista de inscri\u00e7\u00f5es homologadas e o cronograma de entrevistas neste link. Inscri\u00e7\u00f5es n\u00e3o homologadas Resultado final da sele\u00e7\u00e3o: Resultado final sele\u00e7\u00e3o bolsistas 2024<\/p>\n","protected":false},"author":45,"featured_media":0,"parent":0,"menu_order":0,"comment_status":"closed","ping_status":"closed","template":"","meta":{"footnotes":""},"class_list":["post-9348","page","type-page","status-publish","hentry"],"_links":{"self":[{"href":"https:\/\/wp.ufpel.edu.br\/prppg\/wp-json\/wp\/v2\/pages\/9348","targetHints":{"allow":["GET"]}}],"collection":[{"href":"https:\/\/wp.ufpel.edu.br\/prppg\/wp-json\/wp\/v2\/pages"}],"about":[{"href":"https:\/\/wp.ufpel.edu.br\/prppg\/wp-json\/wp\/v2\/types\/page"}],"author":[{"embeddable":true,"href":"https:\/\/wp.ufpel.edu.br\/prppg\/wp-json\/wp\/v2\/users\/45"}],"replies":[{"embeddable":true,"href":"https:\/\/wp.ufpel.edu.br\/prppg\/wp-json\/wp\/v2\/comments?post=9348"}],"version-history":[{"count":10,"href":"https:\/\/wp.ufpel.edu.br\/prppg\/wp-json\/wp\/v2\/pages\/9348\/revisions"}],"predecessor-version":[{"id":10286,"href":"https:\/\/wp.ufpel.edu.br\/prppg\/wp-json\/wp\/v2\/pages\/9348\/revisions\/10286"}],"wp:attachment":[{"href":"https:\/\/wp.ufpel.edu.br\/prppg\/wp-json\/wp\/v2\/media?parent=9348"}],"curies":[{"name":"wp","href":"https:\/\/api.w.org\/{rel}","templated":true}]}}