{"id":9107,"date":"2023-01-31T17:30:07","date_gmt":"2023-01-31T20:30:07","guid":{"rendered":"https:\/\/wp.ufpel.edu.br\/prppg\/?page_id=9107"},"modified":"2023-02-28T15:04:59","modified_gmt":"2023-02-28T18:04:59","slug":"bolsas-pib-tt","status":"publish","type":"page","link":"https:\/\/wp.ufpel.edu.br\/prppg\/bolsas-pib-tt\/","title":{"rendered":"Bolsas PIB TT"},"content":{"rendered":"<h1 class=\"corTexto\"><span style=\"font-size: 12pt\">Bolsas de Mestrado e Doutorado para estudantes travestis e transexuais<\/span><\/h1>\n<p>A Pr\u00f3-reitoria de Pesquisa e P\u00f3s-Gradua\u00e7\u00e3o da Universidade Federal de Pelotas torna p\u00fablico que est\u00e3o<br \/>\nabertas as solicita\u00e7\u00f5es de cotas de bolsas de mestrado e doutorado alocadas na PRPPG, oriundas do<br \/>\nPrograma DS\/CAPES, com distribui\u00e7\u00e3o para estudantes travestis e transexuais, conforme Resolu\u00e7\u00f5es<br \/>\nCONSUN n<sup>o<\/sup>. 54\/2021 e 65\/2021 e Portaria n<sup>o<\/sup>. 475\/2022.<\/p>\n<p style=\"text-align: justify\">Maiores informa\u00e7\u00f5es sobre prazo de inscri\u00e7\u00e3o, procedimentos e documentos necess\u00e1rios para submiss\u00e3o de pedidos pelas estudantes est\u00e3o dispon\u00edveis no Edital abaixo e anexos.<\/p>\n<ul>\n<li><strong><a href=\"https:\/\/wp.ufpel.edu.br\/prppg\/files\/2023\/01\/edital_pibtt_2023_SEI_23110.000574_2023_31.pdf\" target=\"_blank\" rel=\"noopener\">Edital<\/a><\/strong><\/li>\n<li><strong><a href=\"https:\/\/wp.ufpel.edu.br\/prppg\/files\/2023\/01\/anexos_I-1.docx\" target=\"_blank\" rel=\"noopener\">Formul\u00e1rio de Inscri\u00e7\u00e3o<\/a>\u00a0(.DOC)<\/strong><\/li>\n<li><strong><a href=\"https:\/\/wp.ufpel.edu.br\/prppg\/files\/2023\/01\/anexos_II-1.docx\" target=\"_blank\" rel=\"noopener\">Termo de Compromisso<\/a>\u00a0(.DOC)<\/strong><\/li>\n<li><strong><a href=\"https:\/\/wp.ufpel.edu.br\/prppg\/files\/2023\/01\/anexo_III_autodeclaracao_de_identidade_de_genero.pdf\" target=\"_blank\" rel=\"noopener\">Autodeclara\u00e7\u00e3o de Identidade de G\u00eanero<\/a>\u00a0(.PDF)<\/strong><\/li>\n<\/ul>\n<p>&nbsp;<\/p>\n<h1>EDITAL PRPPG N.\u00ba 002\/2023<\/h1>\n<p><strong>(Bolsas PIB &#8211; TT \u2013 Cotas PRPPG)<\/strong><\/p>\n<p><strong>\u00a0<\/strong><\/p>\n<p><em>A Pr\u00f3-Reitoria de Pesquisa, P\u00f3s-Gradua\u00e7\u00e3o e Inova\u00e7\u00e3o da Universidade Federal de Pelotas torna p\u00fablico o resultado da an\u00e1lise de solicita\u00e7\u00f5es de bolsas de mestrado e doutorado alocadas na PRPPG, com distribui\u00e7\u00e3o priorit\u00e1ria para <\/em><em>estudantes ingressantes via acesso afirmativo, conforme Resolu\u00e7\u00e3o \u00a0CONSUN n\u00ba54\/2021.<\/em><\/p>\n<p>Solicita\u00e7\u00f5es de bolsas: inscri\u00e7\u00f5es <strong><u>N\u00c3O HOMOLOGADAS<\/u><\/strong><\/p>\n<table width=\"586\">\n<tbody>\n<tr>\n<td width=\"31\"><\/td>\n<td width=\"243\"><strong>Nome<\/strong><\/td>\n<td width=\"66\"><strong>PPG<\/strong><\/td>\n<td width=\"246\"><strong>Motivo<\/strong><\/td>\n<\/tr>\n<tr>\n<td width=\"31\"><strong>1.<\/strong><\/td>\n<td width=\"243\">Balbina Francisca Moraes de S\u00e1<\/td>\n<td width=\"66\">ARTES<\/td>\n<td width=\"246\">Sem autodeclara\u00e7\u00e3o ou laudo e inscri\u00e7\u00e3o sem assinatura\u00a0 da coordena\u00e7\u00e3o<\/td>\n<\/tr>\n<\/tbody>\n<\/table>\n<p>&nbsp;<\/p>\n<p>Obs.: a interposi\u00e7\u00e3o de eventuais recursos deve ser feita conforme regramento do edital 002\/2023\u00a0 da PRPPG.<\/p>\n<p>Informamos que, ap\u00f3s o per\u00edodo de an\u00e1lise recursal, ser\u00e1 divulgada a lista definitiva de estudantes contemplados.<\/p>\n<h3>Pelotas, 13 de fevereiro de 2023.<\/h3>\n<p>CPG\/PRPPG\/UFPel.<\/p>\n<p>&nbsp;<\/p>\n<p>&nbsp;<\/p>\n<div class=\"sd-content\">\n<ul>\n<li><strong>EDITAL PRPPG N.\u00ba 002\/2023<\/strong><\/li>\n<\/ul>\n<p><strong>(Bolsas de TT \u2013 Cotas PRPPG)<\/strong><\/p>\n<p>A Pr\u00f3-reitoria de Pesquisa e P\u00f3s-Gradua\u00e7\u00e3o da Universidade Federal de Pelotas torna \u00a0\u00a0p\u00fablico o resultado da an\u00e1lise de recursos interpostos na fase de homologa\u00e7\u00e3o.<\/p>\n<p><strong>Resultado da aprecia\u00e7\u00e3o de recursos referentes \u00e0 homologa\u00e7\u00e3o das inscri\u00e7\u00f5es<\/strong><\/p>\n<p>(Recursos interpostos conforme regramento do edital 002\/2023<\/p>\n<p>&nbsp;<\/p>\n<table>\n<tbody>\n<tr>\n<td width=\"24\"><\/td>\n<td width=\"193\"><strong>Nome<\/strong><\/td>\n<td width=\"104\"><strong>Situa\u00e7\u00e3o<\/strong><\/td>\n<td width=\"321\"><strong>PPG<\/strong><\/td>\n<\/tr>\n<tr>\n<td width=\"24\"><strong>1.<\/strong><\/td>\n<td width=\"193\">BALBINA FRANCISCA MORAES DE S\u00c1<\/td>\n<td width=\"104\"><strong>DEFERIDO<\/strong><\/td>\n<td width=\"321\">ARTES &#8211; Deferimento condicionado a resultado de an\u00e1lise de documenta\u00e7\u00e3o enviada ao NUGEN<\/td>\n<\/tr>\n<\/tbody>\n<\/table>\n<p>&nbsp;<\/p>\n<p>Pelotas, 16 de fevereiro de 2023.<\/p>\n<p>CPG\/PRPPG\/UFPel.<\/p>\n<\/div>\n<h1 class=\"corTexto\"><span style=\"font-size: 14pt\"><a href=\"https:\/\/wp.ufpel.edu.br\/prppg\/2023\/02\/28\/edital-02-2023-bolsas-pib-tt-resultado-final-mestrado-e-doutorado\/\">Edital 02\/2023 (bolsas PIB-TT): RESULTADO FINAL \u2013 MESTRADO E DOUTORADO<\/a><\/span><\/h1>\n<p>28 de fevereiro de 2023<\/p>\n<p>A Pr\u00f3-Reitoria de Pesquisa e P\u00f3s-Gradua\u00e7\u00e3o da Universidade Federal de Pelotas torna p\u00fablico o\u00a0<strong>resultado final<\/strong>\u00a0da an\u00e1lise de solicita\u00e7\u00f5es de bolsas de mestrado e doutorado\u00a0 alocadas na PRPPG,\u00a0 para estudantes ingressantes via acesso afirmativo, conforme\u00a0<i>Portaria n\u00b0475 de 16 de mar\u00e7o de 2022<\/i>.<\/p>\n<p>Ap\u00f3s observarem sua situa\u00e7\u00e3o na tabela de resultados, os estudantes devem enviar o\u00a0<strong>Formul\u00e1rio de Cadastro de Bolsista\u00a0<\/strong>e o\u00a0<strong>Termo de Compromisso (anexo II)\u00a0<\/strong>para o NPG via e-mail (<strong>npg@ufpel.edu.br<\/strong>) de modo a implementar a concess\u00e3o at\u00e9 a data improrrog\u00e1vel de\u00a0<strong>06\/03\/2023<\/strong>.<\/p>\n<p><a href=\"https:\/\/wp.ufpel.edu.br\/prppg\/files\/2023\/02\/PIB-TT-resultado_2023_mestrado.docx-1-1.pdf\">PIB-TT-resultado_2023_mestrado.docx (1)<\/a><\/p>\n","protected":false},"excerpt":{"rendered":"<p>Bolsas de Mestrado e Doutorado para estudantes travestis e transexuais A Pr\u00f3-reitoria de Pesquisa e P\u00f3s-Gradua\u00e7\u00e3o da Universidade Federal de Pelotas torna p\u00fablico que est\u00e3o abertas as solicita\u00e7\u00f5es de cotas de bolsas de mestrado e doutorado alocadas na PRPPG, oriundas do Programa DS\/CAPES, com distribui\u00e7\u00e3o para estudantes travestis e transexuais, conforme Resolu\u00e7\u00f5es CONSUN no. 54\/2021 [&hellip;]<\/p>\n","protected":false},"author":45,"featured_media":0,"parent":0,"menu_order":0,"comment_status":"closed","ping_status":"closed","template":"","meta":{"footnotes":""},"class_list":["post-9107","page","type-page","status-publish","hentry"],"_links":{"self":[{"href":"https:\/\/wp.ufpel.edu.br\/prppg\/wp-json\/wp\/v2\/pages\/9107","targetHints":{"allow":["GET"]}}],"collection":[{"href":"https:\/\/wp.ufpel.edu.br\/prppg\/wp-json\/wp\/v2\/pages"}],"about":[{"href":"https:\/\/wp.ufpel.edu.br\/prppg\/wp-json\/wp\/v2\/types\/page"}],"author":[{"embeddable":true,"href":"https:\/\/wp.ufpel.edu.br\/prppg\/wp-json\/wp\/v2\/users\/45"}],"replies":[{"embeddable":true,"href":"https:\/\/wp.ufpel.edu.br\/prppg\/wp-json\/wp\/v2\/comments?post=9107"}],"version-history":[{"count":4,"href":"https:\/\/wp.ufpel.edu.br\/prppg\/wp-json\/wp\/v2\/pages\/9107\/revisions"}],"predecessor-version":[{"id":9241,"href":"https:\/\/wp.ufpel.edu.br\/prppg\/wp-json\/wp\/v2\/pages\/9107\/revisions\/9241"}],"wp:attachment":[{"href":"https:\/\/wp.ufpel.edu.br\/prppg\/wp-json\/wp\/v2\/media?parent=9107"}],"curies":[{"name":"wp","href":"https:\/\/api.w.org\/{rel}","templated":true}]}}