{"id":9103,"date":"2023-01-31T17:26:43","date_gmt":"2023-01-31T20:26:43","guid":{"rendered":"https:\/\/wp.ufpel.edu.br\/prppg\/?page_id=9103"},"modified":"2023-02-28T15:04:48","modified_gmt":"2023-02-28T18:04:48","slug":"bolsas-pib-m-d","status":"publish","type":"page","link":"https:\/\/wp.ufpel.edu.br\/prppg\/bolsas-pib-m-d\/","title":{"rendered":"Bolsas PIB M\/D"},"content":{"rendered":"<p><strong>Bolsas de Mestrado e Doutorado com distribui\u00e7\u00e3o priorit\u00e1ria para alunos<\/strong><br \/>\n<strong>ingressantes via acesso afirmativo, conforme Resolu\u00e7\u00f5es CONSUN no 5\/2017 e 16\/2017<\/strong><\/p>\n<p style=\"text-align: justify\">A Pr\u00f3-Reitoria de Pesquisa e P\u00f3s-Gradua\u00e7\u00e3o da Universidade Federal de Pelotas torna p\u00fablico que est\u00e3o<br \/>\nabertas as solicita\u00e7\u00f5es de cotas de bolsas de mestrado e doutorado alocadas na PRPPG, oriundas do<br \/>\nPrograma DS\/CAPES e\/ou do Programa PIB M\/D UFPel, com distribui\u00e7\u00e3o priorit\u00e1ria para alunos<br \/>\ningressantes via acesso afirmativo, conforme Resolu\u00e7\u00f5es CONSUN no 5\/2017 e 16\/2017.<\/p>\n<p style=\"text-align: justify\">No Edital abaixo, maiores informa\u00e7\u00f5es sobre\u00a0<strong>prazos<\/strong>\u00a0e\u00a0<strong>documenta\u00e7\u00e3o<\/strong>\u00a0necess\u00e1ria para a submiss\u00e3o de pedidos pelos estudantes.<\/p>\n<ul>\n<li style=\"text-align: justify\"><a href=\"https:\/\/wp.ufpel.edu.br\/prppg\/files\/2023\/01\/edital_pibmd_2023_SEI_23110.000563_2023_51.pdf\" target=\"_blank\" rel=\"noopener\"><strong>Edital<\/strong><\/a><\/li>\n<li style=\"text-align: justify\"><strong><a href=\"https:\/\/wp.ufpel.edu.br\/prppg\/files\/2023\/01\/anexos_I.docx\" target=\"_blank\" rel=\"noopener\">Anexo I<\/a>\u00a0(.DOC)<\/strong><\/li>\n<li style=\"text-align: justify\"><strong><a href=\"https:\/\/wp.ufpel.edu.br\/prppg\/files\/2023\/01\/anexos_II.docx\" target=\"_blank\" rel=\"noopener\">Anexo II<\/a>\u00a0(.DOC)<\/strong><\/li>\n<li style=\"text-align: justify\"><strong><a href=\"https:\/\/wp.ufpel.edu.br\/prppg\/files\/2023\/01\/anexos_III.docx\" target=\"_blank\" rel=\"noopener\">Anexo III<\/a>\u00a0(.DOC)<\/strong><\/li>\n<\/ul>\n<h1><span style=\"font-size: 14pt\"><b>EDITAL PRPPG N.\u00ba 001\/2023<\/b><\/span><\/h1>\n<p><b>(Bolsas PIB &#8211; MD \u2013 Cotas PRPPG)<\/b><\/p>\n<p><i><span style=\"font-weight: 400\">A Pr\u00f3-Reitoria de Pesquisa, P\u00f3s-Gradua\u00e7\u00e3o e Inova\u00e7\u00e3o da Universidade Federal de Pelotas torna p\u00fablico o resultado da an\u00e1lise de solicita\u00e7\u00f5es de bolsas de mestrado e doutorado alocadas na PRPPG, com distribui\u00e7\u00e3o priorit\u00e1ria para alunos ingressantes via acesso afirmativo, conforme Resolu\u00e7\u00f5es CONSUN no 5\/2017 e 16\/2017.<\/span><\/i><\/p>\n<h2><span style=\"font-size: 14pt\"><b>Solicita\u00e7\u00f5es de renova\u00e7\u00e3o: candidaturas contempladas<\/b><\/span><\/h2>\n<p><i><span style=\"font-weight: 400\">(Os candidatos devem enviar o <\/span><\/i><b><i>Formul\u00e1rio de Cadastro de Bolsista <\/i><\/b><i><span style=\"font-weight: 400\">e o <\/span><\/i><b><i>Termo de Compromisso <\/i><\/b><i><span style=\"font-weight: 400\">para o NPG via e-mail (<\/span><\/i><b><i>npg@ufpel.edu.br<\/i><\/b><i><span style=\"font-weight: 400\">) de modo a implementar a concess\u00e3o.)<\/span><\/i><\/p>\n<p>&nbsp;<\/p>\n<table>\n<tbody>\n<tr>\n<td><\/td>\n<td><b>Nome<\/b><\/td>\n<td><b>N\u00edvel<\/b><\/td>\n<td><b>PPG<\/b><\/td>\n<td><b>Situa\u00e7\u00e3o<\/b><\/td>\n<\/tr>\n<tr>\n<td><b>1.<\/b><\/td>\n<td><span style=\"font-weight: 400\">Alan Caetano Candido<\/span><\/td>\n<td><span style=\"font-weight: 400\">M<\/span><\/td>\n<td><span style=\"font-weight: 400\">ARTES VISUAIS<\/span><\/td>\n<td><span style=\"font-weight: 400\">CONCEDIDA<\/span><\/td>\n<\/tr>\n<tr>\n<td><b>2.<\/b><\/td>\n<td><span style=\"font-weight: 400\">Dandara Barcelos de Oliveira<\/span><\/td>\n<td><span style=\"font-weight: 400\">M<\/span><\/td>\n<td><span style=\"font-weight: 400\">DIREITO<\/span><\/td>\n<td><span style=\"font-weight: 400\">CONCEDIDA<\/span><\/td>\n<\/tr>\n<tr>\n<td><b>3.<\/b><\/td>\n<td><span style=\"font-weight: 400\">Douglas Machado da Silva<\/span><\/td>\n<td><span style=\"font-weight: 400\">M<\/span><\/td>\n<td><span style=\"font-weight: 400\">MOD. MAT.<\/span><\/td>\n<td><span style=\"font-weight: 400\">CONCEDIDA<\/span><\/td>\n<\/tr>\n<tr>\n<td><b>4.<\/b><\/td>\n<td><span style=\"font-weight: 400\">Felismina Inacio Tchongo da Silva<\/span><\/td>\n<td><span style=\"font-weight: 400\">M<\/span><\/td>\n<td><span style=\"font-weight: 400\">CIE.POL.<\/span><\/td>\n<td><span style=\"font-weight: 400\">CONCEDIDA<\/span><\/td>\n<\/tr>\n<tr>\n<td><b>5.<\/b><\/td>\n<td><span style=\"font-weight: 400\">Jos\u00e9 Manuel Mussunda da Silva<\/span><\/td>\n<td><span style=\"font-weight: 400\">M<\/span><\/td>\n<td><span style=\"font-weight: 400\">CIE.POL.<\/span><\/td>\n<td><span style=\"font-weight: 400\">CONCEDIDA<\/span><\/td>\n<\/tr>\n<tr>\n<td><b>6.<\/b><\/td>\n<td><span style=\"font-weight: 400\">Luana de Oliveira Kurz<\/span><\/td>\n<td><span style=\"font-weight: 400\">M<\/span><\/td>\n<td><span style=\"font-weight: 400\">ED.MATEM.<\/span><\/td>\n<td><span style=\"font-weight: 400\">CONCEDIDA<\/span><\/td>\n<\/tr>\n<tr>\n<td><b>7.<\/b><\/td>\n<td><span style=\"font-weight: 400\">Thamires Raquel Marinho e Silva<\/span><\/td>\n<td><span style=\"font-weight: 400\">M<\/span><\/td>\n<td><span style=\"font-weight: 400\">METEORO<\/span><\/td>\n<td><span style=\"font-weight: 400\">CONCEDIDA<\/span><\/td>\n<\/tr>\n<tr>\n<td><b>8.<\/b><\/td>\n<td><span style=\"font-weight: 400\">Yure Pereira Gomes<\/span><\/td>\n<td><span style=\"font-weight: 400\">M<\/span><\/td>\n<td><span style=\"font-weight: 400\">DIREITO<\/span><\/td>\n<td><span style=\"font-weight: 400\">CONCEDIDA<\/span><\/td>\n<\/tr>\n<\/tbody>\n<\/table>\n<p>&nbsp;<\/p>\n<h2><span style=\"font-size: 14pt\"><b>Solicita\u00e7\u00f5es de renova\u00e7\u00e3o: candidaturas N\u00c3O HOMOLOGADAS<\/b><\/span><\/h2>\n<table>\n<tbody>\n<tr>\n<td><\/td>\n<td><b>Nome<\/b><\/td>\n<td><b>PPG<\/b><\/td>\n<td><b> Motivo<\/b><\/td>\n<\/tr>\n<tr>\n<td><b>1.<\/b><\/td>\n<td><span style=\"font-weight: 400\">Jo\u00e9lica Fernanda da Silva Ferreira<\/span><\/td>\n<td><span style=\"font-weight: 400\">DTSA<\/span><\/td>\n<td><span style=\"font-weight: 400\">Sem hist\u00f3rico e sem comprovante de evento<\/span><\/td>\n<\/tr>\n<tr>\n<td><b>2.<\/b><\/td>\n<td><span style=\"font-weight: 400\">Rogger da Silva Bandeira<\/span><\/td>\n<td><span style=\"font-weight: 400\">ARTES VISUAIS<\/span><\/td>\n<td><span style=\"font-weight: 400\">Comprovante de evento fora do prazo\u00a0 da vig\u00eancia da bolsa<\/span><\/td>\n<\/tr>\n<\/tbody>\n<\/table>\n<p>&nbsp;<\/p>\n<p><span style=\"font-size: 14pt\"><b>Novas solicita\u00e7\u00f5es de bolsas: candidaturas homologadas<\/b><\/span><\/p>\n<p><i><span style=\"font-weight: 400\">Ap\u00f3s deferimento das entrevistas, os candidatos devem enviar o <\/span><\/i><b><i>Formul\u00e1rio de Cadastro de Bolsista <\/i><\/b><i><span style=\"font-weight: 400\">e o <\/span><\/i><b><i>Termo de Compromisso <\/i><\/b><i><span style=\"font-weight: 400\">para o NPG via e-mail (<\/span><\/i><b><i>npg@ufpel.edu.br<\/i><\/b><i><span style=\"font-weight: 400\">) de modo a implementar a homologa\u00e7\u00e3o. \u00c0queles que n\u00e3o ir\u00e3o passar por entrevistas j\u00e1 devem enviar a documenta\u00e7\u00e3o.<\/span><\/i><\/p>\n<p>&nbsp;<\/p>\n<table>\n<tbody>\n<tr>\n<td><\/td>\n<td><b>Nome<\/b><\/td>\n<td><b>N\u00edvel<\/b><\/td>\n<td><b>PPG<\/b><\/td>\n<td><b>Situa\u00e7\u00e3o<\/b><\/td>\n<\/tr>\n<tr>\n<td><span style=\"font-weight: 400\">1.<\/span><\/td>\n<td><span style=\"font-weight: 400\">Adriana da Silva Ferreira*<\/span><\/td>\n<td><span style=\"font-weight: 400\">M<\/span><\/td>\n<td><span style=\"font-weight: 400\">EDUCA\u00c7\u00c3O<\/span><\/td>\n<td><span style=\"font-weight: 400\">CONCEDIDA<\/span><\/td>\n<\/tr>\n<tr>\n<td><span style=\"font-weight: 400\">2.<\/span><\/td>\n<td><span style=\"font-weight: 400\">Calido Mango*<\/span><\/td>\n<td><span style=\"font-weight: 400\">M<\/span><\/td>\n<td><span style=\"font-weight: 400\">CI\u00caNCIA POL.<\/span><\/td>\n<td><span style=\"font-weight: 400\">CONCEDIDA<\/span><\/td>\n<\/tr>\n<tr>\n<td><span style=\"font-weight: 400\">3.<\/span><\/td>\n<td><span style=\"font-weight: 400\">Eligolande Lascano Furtado<\/span><\/td>\n<td><span style=\"font-weight: 400\">M<\/span><\/td>\n<td><span style=\"font-weight: 400\">ARTES<\/span><\/td>\n<td><span style=\"font-weight: 400\">CONCEDIDA<\/span><\/td>\n<\/tr>\n<tr>\n<td><span style=\"font-weight: 400\">4.<\/span><\/td>\n<td><span style=\"font-weight: 400\">Elisangela dos Santos Bandeira<\/span><\/td>\n<td><span style=\"font-weight: 400\">M<\/span><\/td>\n<td><span style=\"font-weight: 400\">DIREITO<\/span><\/td>\n<td><span style=\"font-weight: 400\">CONCEDIDA<\/span><\/td>\n<\/tr>\n<tr>\n<td><span style=\"font-weight: 400\">5.<\/span><\/td>\n<td><span style=\"font-weight: 400\">Jarciel Domingues S\u00e3o Bernardo*<\/span><\/td>\n<td><span style=\"font-weight: 400\">M<\/span><\/td>\n<td><span style=\"font-weight: 400\">DIREITO<\/span><\/td>\n<td><span style=\"font-weight: 400\">CONCEDIDA<\/span><\/td>\n<\/tr>\n<tr>\n<td><span style=\"font-weight: 400\">6.<\/span><\/td>\n<td><span style=\"font-weight: 400\">Jeferson Luis Dias da Silva<\/span><\/td>\n<td><span style=\"font-weight: 400\">M<\/span><\/td>\n<td><span style=\"font-weight: 400\">ARTES<\/span><\/td>\n<td><span style=\"font-weight: 400\">CONCEDIDA<\/span><\/td>\n<\/tr>\n<tr>\n<td><span style=\"font-weight: 400\">7.<\/span><\/td>\n<td><span style=\"font-weight: 400\">Jeilson Djassi*<\/span><\/td>\n<td><span style=\"font-weight: 400\">M<\/span><\/td>\n<td><span style=\"font-weight: 400\">CI\u00caNCIA POL.<\/span><\/td>\n<td><span style=\"font-weight: 400\">CONCEDIDA<\/span><\/td>\n<\/tr>\n<tr>\n<td><span style=\"font-weight: 400\">8.<\/span><\/td>\n<td><span style=\"font-weight: 400\">Lara Valente Farias*<\/span><\/td>\n<td><span style=\"font-weight: 400\">M<\/span><\/td>\n<td><span style=\"font-weight: 400\">PPGBBIO<\/span><\/td>\n<td><span style=\"font-weight: 400\">CONCEDIDA<\/span><\/td>\n<\/tr>\n<tr>\n<td><span style=\"font-weight: 400\">9.<\/span><\/td>\n<td><span style=\"font-weight: 400\">Leonardo Pinto Oliveira*<\/span><\/td>\n<td><span style=\"font-weight: 400\">M<\/span><\/td>\n<td><span style=\"font-weight: 400\">ANTROP.<\/span><\/td>\n<td><span style=\"font-weight: 400\">CONCEDIDA<\/span><\/td>\n<\/tr>\n<tr>\n<td><span style=\"font-weight: 400\">10.<\/span><\/td>\n<td><span style=\"font-weight: 400\">Luis Felipe da Concei\u00e7\u00e3o In\u00e1cio<\/span><\/td>\n<td><span style=\"font-weight: 400\">M<\/span><\/td>\n<td><span style=\"font-weight: 400\">F\u00cdSICA<\/span><\/td>\n<td><span style=\"font-weight: 400\">CONCEDIDA<\/span><\/td>\n<\/tr>\n<tr>\n<td><span style=\"font-weight: 400\">11.<\/span><\/td>\n<td><span style=\"font-weight: 400\">Tamires Rodrigues Siqueira*<\/span><\/td>\n<td><span style=\"font-weight: 400\">M<\/span><\/td>\n<td><span style=\"font-weight: 400\">ANTROP.<\/span><\/td>\n<td><span style=\"font-weight: 400\">CONCEDIDA<\/span><\/td>\n<\/tr>\n<tr>\n<td><span style=\"font-weight: 400\">12.<\/span><\/td>\n<td><span style=\"font-weight: 400\">Tamires Soares Schug*<\/span><\/td>\n<td><span style=\"font-weight: 400\">M<\/span><\/td>\n<td><span style=\"font-weight: 400\">NUTRI\u00c7\u00c3O<\/span><\/td>\n<td><span style=\"font-weight: 400\">CONCEDIDA<\/span><\/td>\n<\/tr>\n<tr>\n<td><span style=\"font-weight: 400\">13.<\/span><\/td>\n<td><span style=\"font-weight: 400\">Rebeca Jeronimo Nunes da Silva*<\/span><\/td>\n<td><span style=\"font-weight: 400\">M<\/span><\/td>\n<td><span style=\"font-weight: 400\">GEOGRAFIA<\/span><\/td>\n<td><span style=\"font-weight: 400\">CONCEDIDA<\/span><\/td>\n<\/tr>\n<tr>\n<td><span style=\"font-weight: 400\">14.<\/span><\/td>\n<td><span style=\"font-weight: 400\">Wesley Goulart Coutinho<\/span><\/td>\n<td><span style=\"font-weight: 400\">M<\/span><\/td>\n<td><span style=\"font-weight: 400\">ARTES<\/span><\/td>\n<td><span style=\"font-weight: 400\">CONCEDIDA<\/span><\/td>\n<\/tr>\n<tr>\n<td><span style=\"font-weight: 400\">15.<\/span><\/td>\n<td><span style=\"font-weight: 400\">Alisson Barcellos Balhego*<\/span><\/td>\n<td><span style=\"font-weight: 400\">D<\/span><\/td>\n<td><span style=\"font-weight: 400\">HIST\u00d3RIA<\/span><\/td>\n<td><span style=\"font-weight: 400\">CONCEDIDA<\/span><\/td>\n<\/tr>\n<tr>\n<td><span style=\"font-weight: 400\">16.<\/span><\/td>\n<td><span style=\"font-weight: 400\">Brenda Aparecida M. Fragoso*<\/span><\/td>\n<td><span style=\"font-weight: 400\">D<\/span><\/td>\n<td><span style=\"font-weight: 400\">PPGCEM<\/span><\/td>\n<td><span style=\"font-weight: 400\">CONCEDIDA<\/span><\/td>\n<\/tr>\n<tr>\n<td><span style=\"font-weight: 400\">17.<\/span><\/td>\n<td><span style=\"font-weight: 400\">Carlos Alex Martins*<\/span><\/td>\n<td><span style=\"font-weight: 400\">D<\/span><\/td>\n<td><span style=\"font-weight: 400\">ED. F\u00cdSICA<\/span><\/td>\n<td><span style=\"font-weight: 400\">CONCEDIDA<\/span><\/td>\n<\/tr>\n<tr>\n<td><span style=\"font-weight: 400\">18.<\/span><\/td>\n<td><span style=\"font-weight: 400\">Helen de Oliveira Soares Jardim*<\/span><\/td>\n<td><span style=\"font-weight: 400\">D<\/span><\/td>\n<td><span style=\"font-weight: 400\">ANTROP.<\/span><\/td>\n<td><span style=\"font-weight: 400\">CONCEDIDA<\/span><\/td>\n<\/tr>\n<tr>\n<td><span style=\"font-weight: 400\">19.<\/span><\/td>\n<td><span style=\"font-weight: 400\">Larissa Riberas Silveira*<\/span><\/td>\n<td><span style=\"font-weight: 400\">D<\/span><\/td>\n<td><span style=\"font-weight: 400\">NUTRI\u00c7\u00c3O<\/span><\/td>\n<td><span style=\"font-weight: 400\">CONCEDIDA<\/span><\/td>\n<\/tr>\n<tr>\n<td><span style=\"font-weight: 400\">20.<\/span><\/td>\n<td><span style=\"font-weight: 400\">Patricia Fernandes M. Morales*<\/span><\/td>\n<td><span style=\"font-weight: 400\">D<\/span><\/td>\n<td><span style=\"font-weight: 400\">ANTROP.<\/span><\/td>\n<td><span style=\"font-weight: 400\">CONCEDIDA<\/span><\/td>\n<\/tr>\n<tr>\n<td><span style=\"font-weight: 400\">21.<\/span><\/td>\n<td><span style=\"font-weight: 400\">Simone Fernandes Mathias*<\/span><\/td>\n<td><span style=\"font-weight: 400\">D<\/span><\/td>\n<td><span style=\"font-weight: 400\">ANTROP.<\/span><\/td>\n<td><span style=\"font-weight: 400\">CONCEDIDA<\/span><\/td>\n<\/tr>\n<\/tbody>\n<\/table>\n<p>&nbsp;<\/p>\n<p><i><span style=\"font-weight: 400\">*Candidatos ser\u00e3o encaminhados ao NUAAD para verifica\u00e7\u00e3o.<\/span><\/i><\/p>\n<p><span style=\"font-size: 14pt\"><span style=\"font-weight: 400\">Novas solicita\u00e7\u00f5es de bolsas: inscri\u00e7\u00f5es <\/span><b>N\u00c3O HOMOLOGADAS<\/b><\/span><\/p>\n<p>&nbsp;<\/p>\n<table>\n<tbody>\n<tr>\n<td><\/td>\n<td><b>Nome<\/b><\/td>\n<td><b>PPG<\/b><\/td>\n<td><b>Motivo<\/b><\/td>\n<\/tr>\n<tr>\n<td><b>1.<\/b><\/td>\n<td><span style=\"font-weight: 400\">Ana Carolina Carvalho Fernandes<\/span><\/td>\n<td><span style=\"font-weight: 400\">PPGEMAT<\/span><\/td>\n<td><span style=\"font-weight: 400\">sem autodeclara\u00e7\u00e3o ou laudo<\/span><\/td>\n<\/tr>\n<tr>\n<td><b>2.<\/b><\/td>\n<td><span style=\"font-weight: 400\">\u00camily de Araujo Edwards<\/span><\/td>\n<td><span style=\"font-weight: 400\">ANTROP.<\/span><\/td>\n<td><span style=\"font-weight: 400\">Inscri\u00e7\u00e3o sem assinatura do coordenador (a) e sem autodeclara\u00e7\u00e3o ou laudo<\/span><\/td>\n<\/tr>\n<tr>\n<td><b>3.<\/b><\/td>\n<td><span style=\"font-weight: 400\">Fabiano Costa D&#8217;Avila<\/span><\/td>\n<td><span style=\"font-weight: 400\">MOD. MATEM.<\/span><\/td>\n<td><span style=\"font-weight: 400\">sem matr\u00edcula no curso<\/span><\/td>\n<\/tr>\n<tr>\n<td><b>4.<\/b><\/td>\n<td><span style=\"font-weight: 400\">Lilia Schug de Moraes<\/span><\/td>\n<td><span style=\"font-weight: 400\">NUTRI\u00c7\u00c3O<\/span><\/td>\n<td><span style=\"font-weight: 400\">sem autodeclara\u00e7\u00e3o ou laudo<\/span><\/td>\n<\/tr>\n<tr>\n<td><b>5.<\/b><\/td>\n<td><span style=\"font-weight: 400\">Marina Pilger Filgueiras<\/span><\/td>\n<td><span style=\"font-weight: 400\">CIENCIA POL.<\/span><\/td>\n<td><span style=\"font-weight: 400\">Inscri\u00e7\u00e3o sem assinatura do coordenador (a) e sem autodeclara\u00e7\u00e3o ou laudo<\/span><\/td>\n<\/tr>\n<tr>\n<td><b>6.<\/b><\/td>\n<td><span style=\"font-weight: 400\">Thais Valim Barbosa Alves<\/span><\/td>\n<td><span style=\"font-weight: 400\">DIREITO<\/span><\/td>\n<td><span style=\"font-weight: 400\">Inscri\u00e7\u00e3o sem assinatura do coordenador (a)<\/span><\/td>\n<\/tr>\n<tr>\n<td><b>7.<\/b><\/td>\n<td><span style=\"font-weight: 400\">Rafaela Santos da Silva<\/span><\/td>\n<td><span style=\"font-weight: 400\">DTSA<\/span><\/td>\n<td><span style=\"font-weight: 400\">sem autodeclara\u00e7\u00e3o ou laudo<\/span><\/td>\n<\/tr>\n<tr>\n<td><b>8.<\/b><\/td>\n<td><span style=\"font-weight: 400\">Rodrigo Marques Queiroga<\/span><\/td>\n<td><span style=\"font-weight: 400\">PPGEMAT<\/span><\/td>\n<td><span style=\"font-weight: 400\">sem autodeclara\u00e7\u00e3o ou laudo e sem matr\u00edcula no curso<\/span><\/td>\n<\/tr>\n<tr>\n<td><b>9.<\/b><\/td>\n<td><span style=\"font-weight: 400\">Carina Alves Torres<\/span><\/td>\n<td><span style=\"font-weight: 400\">Educa\u00e7\u00e3o<\/span><\/td>\n<td><span style=\"font-weight: 400\">sem autodeclara\u00e7\u00e3o ou laudo<\/span><\/td>\n<\/tr>\n<\/tbody>\n<\/table>\n<p>&nbsp;<\/p>\n<p><span style=\"font-weight: 400\">Obs.: a interposi\u00e7\u00e3o de eventuais recursos deve ser feita conforme regramento do edital 1\/2023\u00a0\u00a0<\/span><\/p>\n<p><span style=\"font-weight: 400\">Informamos que, ap\u00f3s o per\u00edodo de an\u00e1lise recursal, ser\u00e1 divulgada a lista definitiva de discentes contemplados.<\/span><\/p>\n<h3><span style=\"font-weight: 400\">Pelotas, 13 de fevereiro de 2023.<\/span><\/h3>\n<p><span style=\"font-weight: 400\">CPG\/PRPPG\/UFPel.<\/span><\/p>\n<h3><\/h3>\n<h3><\/h3>\n<p>&nbsp;<\/p>\n<ul>\n<li><strong>BANCA DE HETEROIDENTIFICA\u00c7\u00c3O<\/strong>:A banca de heteroidentifica\u00e7\u00e3o ser\u00e1 realizada no dia 17\/02\/23 a partir das 9h no Campus Anglo \u2013 Sala de Reuni\u00f5es dos Conselhos Superiores \u2013 4\u00ba andar ao lado do Gabinete da Vice-Reitora.Os\/as estudantes dever\u00e3o chegar pontualmente e portar documento de identidade com foto. O n\u00e3o comparecimento sem justificativa pr\u00e9via, acarretar\u00e1 cancelamento de matr\u00edcula.Os resultados ser\u00e3o publicados no site do NUAAD e da PRPPG e \u00e9 de responsabilidade do\/a ingressante acompanhar as publica\u00e7\u00f5es e observar os prazos.AtenciosamenteNPG\/CPPG\/PRPPG<\/li>\n<\/ul>\n<p>&nbsp;<\/p>\n<p><strong>EDITAL PRPPG N.\u00ba 001\/2023<\/strong><\/p>\n<p><strong>(Bolsas de M\/D \u2013 Cotas PRPPG)<\/strong><\/p>\n<p>&nbsp;<\/p>\n<p>A Pr\u00f3-reitoria de Pesquisa e P\u00f3s-Gradua\u00e7\u00e3o da Universidade Federal de Pelotas torna \u00a0\u00a0p\u00fablico o resultado da an\u00e1lise de recursos interpostos na fase de homologa\u00e7\u00e3o.<\/p>\n<p><strong>Resultado da aprecia\u00e7\u00e3o de recursos referentes \u00e0 homologa\u00e7\u00e3o das inscri\u00e7\u00f5es<\/strong><\/p>\n<p>(Recursos interpostos conforme regramento do edital 001\/2023<\/p>\n<p>&nbsp;<\/p>\n<table>\n<tbody>\n<tr>\n<td width=\"24\"><\/td>\n<td width=\"193\"><strong>Nome<\/strong><\/td>\n<td width=\"104\"><strong>Situa\u00e7\u00e3o<\/strong><\/td>\n<td width=\"321\"><strong>PPG<\/strong><\/td>\n<\/tr>\n<tr>\n<td width=\"24\"><strong>1.<\/strong><\/td>\n<td width=\"193\">FABIANO COSTA D\u2019AVILA<\/td>\n<td width=\"104\"><strong>DEFERIDO<\/strong><\/td>\n<td width=\"321\">MODELAGEM MATEM\u00c1TICA<\/td>\n<\/tr>\n<tr>\n<td width=\"24\"><strong>2.<\/strong><\/td>\n<td width=\"193\">\u00caMILY DE ARA\u00daJO EDWARDS<\/td>\n<td width=\"104\"><strong>DEFERIDO<\/strong><\/td>\n<td width=\"321\">ANTROPOLOGIA &#8211; Deferimento condicionado a resultado de entrevista agendada junto ao NUAAD<\/td>\n<\/tr>\n<tr>\n<td width=\"24\"><strong>3.<\/strong><\/td>\n<td width=\"193\">THAIS VALIM BARBOSA ALVES<\/td>\n<td width=\"104\"><strong>DEFERIDO<\/strong><\/td>\n<td width=\"321\">DIREITO<\/td>\n<\/tr>\n<\/tbody>\n<\/table>\n<h1 class=\"post-title entry-title\"><span style=\"font-size: 18pt\">Resultado de Heteroidentifica\u00e7\u00e3o \u2013 Bolsas PIB \u2013 MD<\/span><\/h1>\n<p>Acesse aqui o relat\u00f3rio:\u00a0<a href=\"https:\/\/wp.ufpel.edu.br\/naaf\/files\/2023\/02\/Relatorio-de-Heteroidentificacao-Bolsas-PIB-MD.pdf\">Relat\u00f3rio de Heteroidentifica\u00e7\u00e3o \u2013 Bolsas PIB-MD<\/a><\/p>\n<p>\u2014<\/p>\n<p>Em caso de indeferimento o(a) candidato(a) poder\u00e1 interpor Recurso, no prazo de at\u00e9 72 horas a contar desta publica\u00e7\u00e3o (at\u00e9 28\/02\/2023). O parecer da banca inicial dever\u00e1 ser solicitado ao e-mail nuaad@ufpel.edu.br, informando nome completo.<\/p>\n<p>A an\u00e1lise e parecer da Comiss\u00e3o seguem as disposi\u00e7\u00f5es da Portaria Normativa n\u00ba 4\/2018, do Minist\u00e9rio do Planejamento, Desenvolvimento e Gest\u00e3o.<\/p>\n<p>O NUAAD receber\u00e1 os recursos pelo e-mail: nuaad@ufpel.edu.br.<\/p>\n<p>Ap\u00f3s o recebimento, ser\u00e1 enviada uma mensagem de confirma\u00e7\u00e3o.<\/p>\n<p><strong>O recurso dever\u00e1 ser enviado em um \u00fanico arquivo, em formato PDF, devidamente identificado, com nome, n\u00famero de matr\u00edcula e curso.<\/strong><\/p>\n<p>* N\u00e3o receberemos recursos em outro formato.<\/p>\n<p>* Recursos enviados ap\u00f3s o prazo n\u00e3o ser\u00e3o considerados.<\/p>\n<p>Outras informa\u00e7\u00f5es: nuaad@ufpel.edu.br.<\/p>\n<p>FONTE: https:\/\/wp.ufpel.edu.br\/naaf\/<\/p>\n<p>&nbsp;<\/p>\n<h1 class=\"corTexto\"><span style=\"font-size: 14pt\"><a href=\"https:\/\/wp.ufpel.edu.br\/prppg\/2023\/02\/28\/edital-01-2023-bolsas-pib-md-resultado-final-mestrado\/\">Edital 01\/2023 (Bolsas PIB-MD): RESULTADO FINAL \u2013 MESTRADO<\/a><\/span><\/h1>\n<p>A Pr\u00f3-Reitoria de Pesquisa e P\u00f3s-Gradua\u00e7\u00e3o da Universidade Federal de Pelotas torna p\u00fablico o\u00a0<strong>resultado final<\/strong>\u00a0da an\u00e1lise de solicita\u00e7\u00f5es de bolsas de mestrado alocadas na PRPPG, para alunos ingressantes via acesso afirmativo, conforme Resolu\u00e7\u00f5es CONSUN no 5\/2017 e 16\/2017.<\/p>\n<p>Ap\u00f3s observarem sua situa\u00e7\u00e3o na tabela de resultados, os candidatos devem enviar o\u00a0<strong>Formul\u00e1rio de Cadastro de Bolsista\u00a0<\/strong>e o\u00a0<strong>Termo de Compromisso (anexo II)\u00a0<\/strong>para o NPG via e-mail (<strong>npg@ufpel.edu.br<\/strong>) de modo a implementar a concess\u00e3o at\u00e9 a data improrrog\u00e1vel de\u00a0<strong>06\/03\/2023.<\/strong><\/p>\n<p><a href=\"https:\/\/wp.ufpel.edu.br\/prppg\/files\/2023\/02\/PIB-MD-resultado_2023_mestrado.docx-1.pdf\">PIB-MD-resultado_2023_mestrado.docx<\/a><\/p>\n<p>&nbsp;<\/p>\n<h1 class=\"corTexto\"><span style=\"font-size: 14pt\"><a href=\"https:\/\/wp.ufpel.edu.br\/prppg\/2023\/02\/28\/edital-01-2023-bolsas-pib-md-resultado-final-doutorado\/\">Edital 01\/2023 (Bolsas PIB-MD): RESULTADO FINAL \u2013 DOUTORADO<\/a><\/span><\/h1>\n<p>28 de fevereiro de 2023<\/p>\n<p>A Pr\u00f3-Reitoria de Pesquisa e P\u00f3s-Gradua\u00e7\u00e3o da Universidade Federal de Pelotas torna p\u00fablico o\u00a0<strong>resultado final<\/strong>\u00a0da an\u00e1lise de solicita\u00e7\u00f5es de bolsas de doutorado alocadas na PRPPG, para alunos ingressantes via acesso afirmativo, conforme Resolu\u00e7\u00f5es CONSUN no 5\/2017 e 16\/2017.<\/p>\n<p>Ap\u00f3s observarem sua situa\u00e7\u00e3o na tabela de resultados, os candidatos devem enviar o\u00a0<strong>Formul\u00e1rio de Cadastro de Bolsista\u00a0<\/strong>e o\u00a0<strong>Termo de Compromisso (anexo II)\u00a0<\/strong>para o NPG via e-mail (<strong>npg@ufpel.edu.br<\/strong>) de modo a implementar a concess\u00e3o at\u00e9 a data improrrog\u00e1vel de\u00a0<strong>06\/03\/2022<\/strong>.<\/p>\n<p><a href=\"https:\/\/wp.ufpel.edu.br\/prppg\/files\/2023\/02\/PIB-MD-resultado_2023_doutorado.docx-1.pdf\">PIB-MD-resultado_2023_doutorado.docx<\/a><\/p>\n<p>&nbsp;<\/p>\n<p>&nbsp;<\/p>\n","protected":false},"excerpt":{"rendered":"<p>Bolsas de Mestrado e Doutorado com distribui\u00e7\u00e3o priorit\u00e1ria para alunos ingressantes via acesso afirmativo, conforme Resolu\u00e7\u00f5es CONSUN no 5\/2017 e 16\/2017 A Pr\u00f3-Reitoria de Pesquisa e P\u00f3s-Gradua\u00e7\u00e3o da Universidade Federal de Pelotas torna p\u00fablico que est\u00e3o abertas as solicita\u00e7\u00f5es de cotas de bolsas de mestrado e doutorado alocadas na PRPPG, oriundas do Programa DS\/CAPES e\/ou [&hellip;]<\/p>\n","protected":false},"author":45,"featured_media":0,"parent":0,"menu_order":0,"comment_status":"closed","ping_status":"closed","template":"","meta":{"footnotes":""},"class_list":["post-9103","page","type-page","status-publish","hentry"],"_links":{"self":[{"href":"https:\/\/wp.ufpel.edu.br\/prppg\/wp-json\/wp\/v2\/pages\/9103","targetHints":{"allow":["GET"]}}],"collection":[{"href":"https:\/\/wp.ufpel.edu.br\/prppg\/wp-json\/wp\/v2\/pages"}],"about":[{"href":"https:\/\/wp.ufpel.edu.br\/prppg\/wp-json\/wp\/v2\/types\/page"}],"author":[{"embeddable":true,"href":"https:\/\/wp.ufpel.edu.br\/prppg\/wp-json\/wp\/v2\/users\/45"}],"replies":[{"embeddable":true,"href":"https:\/\/wp.ufpel.edu.br\/prppg\/wp-json\/wp\/v2\/comments?post=9103"}],"version-history":[{"count":13,"href":"https:\/\/wp.ufpel.edu.br\/prppg\/wp-json\/wp\/v2\/pages\/9103\/revisions"}],"predecessor-version":[{"id":9240,"href":"https:\/\/wp.ufpel.edu.br\/prppg\/wp-json\/wp\/v2\/pages\/9103\/revisions\/9240"}],"wp:attachment":[{"href":"https:\/\/wp.ufpel.edu.br\/prppg\/wp-json\/wp\/v2\/media?parent=9103"}],"curies":[{"name":"wp","href":"https:\/\/api.w.org\/{rel}","templated":true}]}}