{"id":8040,"date":"2022-03-10T16:13:35","date_gmt":"2022-03-10T19:13:35","guid":{"rendered":"https:\/\/wp.ufpel.edu.br\/prppgi\/?page_id=8040"},"modified":"2022-03-31T18:03:21","modified_gmt":"2022-03-31T21:03:21","slug":"editais-internos-pdse-2022","status":"publish","type":"page","link":"https:\/\/wp.ufpel.edu.br\/prppg\/pdse-capes\/editais-internos-pdse-2022\/","title":{"rendered":"PDSE \/2022"},"content":{"rendered":"<p><strong><span style=\"font-size: 14pt\">Edital CAPES 10\/2022:<\/span><\/strong><\/p>\n<p><a href=\"https:\/\/wp.ufpel.edu.br\/prppgi\/files\/2022\/03\/16022022_Edital10.22PDSE.pdf\">Edital 10\/2022 &#8211; PDSE CAPES<\/a><\/p>\n<p><a href=\"https:\/\/wp.ufpel.edu.br\/prppgi\/files\/2022\/03\/16022022_Edital_1633531_Anexo_II___Proficiencia.pdf\">Anexo_II &#8211; Profici\u00eancia<\/a><\/p>\n<p><a href=\"https:\/\/wp.ufpel.edu.br\/prppgi\/files\/2022\/03\/16022022_Edital_1631066_Anexo_I___Termo_de_Outorga.pdf\">Anexo_I &#8211; Termo_de_Outorga<\/a><\/p>\n<p>&nbsp;<\/p>\n<p><strong><span style=\"font-size: 14pt\">Editais Internos de Sele\u00e7\u00e3o da UFPEL 2022:<\/span><\/strong><\/p>\n<ul>\n<li><a href=\"https:\/\/wp.ufpel.edu.br\/prppgi\/files\/2022\/03\/Edital-de-selecao-PDSE-PPG-em-Letras.pdf\">Edital de sele\u00e7\u00e3o PDSE &#8211; PPG em Letras<\/a><\/li>\n<li><a href=\"https:\/\/wp.ufpel.edu.br\/prppgi\/files\/2022\/03\/Edital-de-selecao-PDSE-PPG-em-Recursos-Hidricos-1.pdf\">Edital de sele\u00e7\u00e3o PDSE &#8211; PPG em Recursos H\u00eddricos<\/a><\/li>\n<li><a href=\"https:\/\/wp.ufpel.edu.br\/prppgi\/files\/2022\/03\/Edital-de-selecao-PDSE-PPG-em-Enfermagem.pdf\">Edital de sele\u00e7\u00e3o PDSE &#8211; PPG em Enfermagem<\/a><\/li>\n<li><a href=\"https:\/\/wp.ufpel.edu.br\/prppgi\/files\/2022\/03\/Edital-de-selecao-PDSE-Programa-de-Pos-Graduacao-em-Sociologia.pdf\">Edital de sele\u00e7\u00e3o PDSE &#8211; PPG em Sociologia<\/a><\/li>\n<li><a href=\"https:\/\/wp.ufpel.edu.br\/prppgi\/files\/2022\/03\/Edital-de-Retificacao-PDSE-PPG-em-Veterinaria-1.pdf\">Edital de Retifica\u00e7\u00e3o PDSE &#8211; PPG em Veterin\u00e1ria<\/a><\/li>\n<li><a href=\"https:\/\/wp.ufpel.edu.br\/prppgi\/files\/2022\/03\/Edital-de-selecao-PDSE-PPG-em-Veterinaria.pdf\">Edital de sele\u00e7\u00e3o PDSE &#8211; PPG em Veterin\u00e1ria<\/a><\/li>\n<li><a href=\"https:\/\/wp.ufpel.edu.br\/prppgi\/files\/2022\/03\/PDSE-PPGCPol.pdf\">Edital de sele\u00e7\u00e3o PDSE &#8211; PPG em Ci\u00eancia Pol\u00edtica<\/a><\/li>\n<li><a href=\"https:\/\/wp.ufpel.edu.br\/prppgi\/files\/2022\/03\/Pdse-PPGNA.pdf\">Edital de sele\u00e7\u00e3o PDSE &#8211; PPG em Nutri\u00e7\u00e3o e Alimentos<\/a><\/li>\n<li><a href=\"https:\/\/wp.ufpel.edu.br\/prppgi\/files\/2022\/03\/Edital-de-selecao-PDSE-Programa-de-Pos-Graduacao-em-Fitossanidade.pdf\">Edital de sele\u00e7\u00e3o PDSE &#8211; PPG em Fitossanidade<\/a><\/li>\n<li><a href=\"https:\/\/wp.ufpel.edu.br\/prppgi\/files\/2022\/03\/Edital-de-selecao-PDSE-PPG-em-Historia.pdf\">Edital de sele\u00e7\u00e3o PDSE &#8211; PPG em Hist\u00f3ria<\/a><\/li>\n<li><a href=\"https:\/\/wp.ufpel.edu.br\/prppgi\/files\/2022\/03\/Edital-de-selecao-PDSE-PPG-em-Computacao.pdf\">Edital de sele\u00e7\u00e3o PDSE &#8211; PPG em Computa\u00e7\u00e3o<\/a><\/li>\n<li><a href=\"https:\/\/wp.ufpel.edu.br\/prppgi\/files\/2022\/03\/PDSE-PPG-Fisica.pdf\">Edital de sele\u00e7\u00e3o PDSE &#8211; PPG em F\u00edsica<\/a><\/li>\n<li><a href=\"https:\/\/wp.ufpel.edu.br\/prppgi\/files\/2022\/03\/Edital-de-selecao-PDSE-PPG-em-Antropologia.pdf\">Edital de sele\u00e7\u00e3o PDSE &#8211; PPG em Antropologia<\/a><\/li>\n<li><a href=\"https:\/\/wp.ufpel.edu.br\/prppgi\/files\/2022\/03\/pdse-PPGMPAR.pdf\">Edital de sele\u00e7\u00e3o PDSE &#8211; PPG em Microbiologia e Parasitologia<\/a><\/li>\n<li><a href=\"https:\/\/wp.ufpel.edu.br\/prppgi\/files\/2022\/03\/Edital-de-selecao-PDSE-PPG-em-Filosofia.pdf\">Edital de sele\u00e7\u00e3o PDSE &#8211; PPG em Filosofia<\/a><\/li>\n<\/ul>\n<p>&nbsp;<\/p>\n<p><strong><span style=\"font-size: 14pt\">Resultado da Sele\u00e7\u00e3o Interna:<\/span><\/strong><\/p>\n<p>Lista de Selecionados<\/p>\n<table style=\"height: 209px;width: 58.418%;border-collapse: collapse\" border=\"1\">\n<tbody>\n<tr style=\"height: 26px\">\n<td style=\"width: 50%;height: 26px\">Aluno<\/td>\n<td style=\"width: 50%;height: 26px\">PPG<\/td>\n<\/tr>\n<tr style=\"height: 26px\">\n<td style=\"width: 50%;height: 26px\">Braz Araujo Da Silva Junior<\/td>\n<td style=\"width: 50%;height: 26px\">Computa\u00e7\u00e3o<\/td>\n<\/tr>\n<tr style=\"height: 26px\">\n<td style=\"width: 50%;height: 26px\">Marcos Antonio de Oliveira Junior<\/td>\n<td style=\"width: 50%;height: 26px\">Computa\u00e7\u00e3o<\/td>\n<\/tr>\n<tr style=\"height: 26px\">\n<td style=\"width: 50%;height: 26px\">Matheus Lira Bento<\/td>\n<td style=\"width: 50%;height: 26px\">Sociologia<\/td>\n<\/tr>\n<tr style=\"height: 26px\">\n<td style=\"width: 50%;height: 26px\">Janice Alves Trajano<\/td>\n<td style=\"width: 50%;height: 26px\">Antropologia<\/td>\n<\/tr>\n<tr>\n<td style=\"width: 50%\">Thiago Puccinelli Orlandi Nogueira<\/td>\n<td style=\"width: 50%\">F\u00edsica<\/td>\n<\/tr>\n<tr>\n<td style=\"width: 50%\">Bianka Machado Zanini<\/td>\n<td style=\"width: 50%\">Veterin\u00e1ria<\/td>\n<\/tr>\n<tr>\n<td style=\"width: 50%\">Priscila Rockenbach Portela<\/td>\n<td style=\"width: 50%\">Microbiologia e Parasitologia<\/td>\n<\/tr>\n<tr>\n<td style=\"width: 50%\">Celina de Alc\u00e2ntara Brod<\/td>\n<td style=\"width: 50%\">Filosofia<\/td>\n<\/tr>\n<tr>\n<td style=\"width: 50%\">Julian Ritzel Farret<\/td>\n<td style=\"width: 50%\">Filosofia<\/td>\n<\/tr>\n<tr>\n<td style=\"width: 50%\">Rafael Ferreira Costa<\/td>\n<td style=\"width: 50%\">Hist\u00f3ria<\/td>\n<\/tr>\n<tr style=\"height: 26px\">\n<td style=\"width: 50%;height: 26px\">Nenhum<\/td>\n<td style=\"width: 50%;height: 26px\">Letras<\/td>\n<\/tr>\n<tr style=\"height: 26px\">\n<td style=\"width: 50%;height: 26px\">Nenhum<\/td>\n<td style=\"width: 50%;height: 26px\">Nutri\u00e7\u00e3o e Alimentos<\/td>\n<\/tr>\n<\/tbody>\n<\/table>\n<p>&nbsp;<\/p>\n<p><span style=\"font-size: 14pt\"><strong>Cronograma<\/strong><\/span><\/p>\n<table style=\"width: 789px\" width=\"686\">\n<tbody>\n<tr>\n<td style=\"width: 320px\"><strong>Atividade<\/strong> <strong>Prevista<\/strong><\/td>\n<td style=\"width: 222px\"><strong>Per\u00edodo\/Data<\/strong><\/td>\n<td style=\"width: 156px\"><strong>Respons\u00e1vel<\/strong><\/td>\n<\/tr>\n<tr>\n<td style=\"width: 320px\">\n<p>Sele\u00e7\u00e3o interna dos candidatos e publica\u00e7\u00e3o do<\/p>\n<p>resultado final.<\/td>\n<td style=\"width: 222px\">at\u00e9 31 de mar\u00e7o de 2022.<\/td>\n<td style=\"width: 156px\">Institui\u00e7\u00e3o de Ensino Superior<\/td>\n<\/tr>\n<tr>\n<td style=\"width: 320px\">\n<p>Inscri\u00e7\u00e3o das candidaturas no sistema da CAPES, incluindo preenchimento do formul\u00e1rio de inscri\u00e7\u00e3o online e envio da documenta\u00e7\u00e3o<\/p>\n<p>obrigat\u00f3ria.<\/td>\n<td style=\"width: 222px\">\n<p><strong>\u00a0<\/strong><\/p>\n<p>Do dia 04 de abril at\u00e9 o dia 25 de abril de 2022 at\u00e9 as 17 horas (hor\u00e1rio oficial de Bras\u00edlia).<\/td>\n<td style=\"width: 156px\">\n<p><strong>\u00a0<\/strong><\/p>\n<p>Candidato<\/td>\n<\/tr>\n<tr>\n<td style=\"width: 320px\">\n<p>Homologa\u00e7\u00e3o dos candidatos inscritos no sistema<\/p>\n<p>da CAPES.<\/td>\n<td style=\"width: 222px\">\n<p>De 02 \u00e0 13 de maio de 2022 ate as 17 horas<\/p>\n<p>(hor\u00e1rio oficial de Bras\u00edlia).<\/td>\n<td style=\"width: 156px\">\n<p>Pr\u00f3-Reitoria de P\u00f3s-Gradua\u00e7\u00e3o ou<\/p>\n<p>\u00f3rg\u00e3o equivalente<\/td>\n<\/tr>\n<tr>\n<td style=\"width: 320px\">Publica\u00e7\u00e3o da rela\u00e7\u00e3o das inscri\u00e7\u00f5es homologadas.<\/td>\n<td style=\"width: 222px\">At\u00e9 18 de maio de 2022.<\/td>\n<td style=\"width: 156px\">CAPES<\/td>\n<\/tr>\n<tr>\n<td style=\"width: 320px\">An\u00e1lise t\u00e9cnica das candidaturas pela CAPES.<\/td>\n<td style=\"width: 222px\">A partir do dia 19 de maio de 2022.<\/td>\n<td style=\"width: 156px\">CAPES<\/td>\n<\/tr>\n<tr>\n<td style=\"width: 320px\">\n<p>Publica\u00e7\u00e3o da rela\u00e7\u00e3o preliminar de aprovados na<\/p>\n<p>an\u00e1lise documental.<\/td>\n<td style=\"width: 222px\">A partir de 22 de junho de 2022.<\/td>\n<td style=\"width: 156px\">CAPES<\/td>\n<\/tr>\n<tr>\n<td style=\"width: 320px\">\n<p>Interposi\u00e7\u00e3o de recurso administrativo nos casos de<\/p>\n<p>indeferimento na etapa de an\u00e1lise documental<\/td>\n<td style=\"width: 222px\">\n<p>Em at\u00e9 10 dias corridos ap\u00f3s a comunica\u00e7\u00e3o de<\/p>\n<p>indeferimento realizada pela CAPES.<\/td>\n<td style=\"width: 156px\">Candidato<\/td>\n<\/tr>\n<tr>\n<td style=\"width: 320px\">\n<p>Publica\u00e7\u00e3o da rela\u00e7\u00e3o final de aprovados na an\u00e1lise<\/p>\n<p>documental.<\/td>\n<td style=\"width: 222px\">A partir de 11 de julho de 2022.<\/td>\n<td style=\"width: 156px\">CAPES<\/td>\n<\/tr>\n<tr>\n<td style=\"width: 320px\">Emiss\u00e3o das cartas de concess\u00e3o.<\/td>\n<td style=\"width: 222px\">A partir do dia 23 de junho de 2022.<\/td>\n<td style=\"width: 156px\">CAPES<\/td>\n<\/tr>\n<tr>\n<td style=\"width: 320px\">In\u00edcio das atividades no exterior.<\/td>\n<td style=\"width: 222px\">setembro \u00e0 novembro de 2022.<\/td>\n<td style=\"width: 156px\">Bolsista<\/td>\n<\/tr>\n<\/tbody>\n<\/table>\n<p>&nbsp;<\/p>\n","protected":false},"excerpt":{"rendered":"<p>Edital CAPES 10\/2022: Edital 10\/2022 &#8211; PDSE CAPES Anexo_II &#8211; Profici\u00eancia Anexo_I &#8211; Termo_de_Outorga &nbsp; Editais Internos de Sele\u00e7\u00e3o da UFPEL 2022: Edital de sele\u00e7\u00e3o PDSE &#8211; PPG em Letras Edital de sele\u00e7\u00e3o PDSE &#8211; PPG em Recursos H\u00eddricos Edital de sele\u00e7\u00e3o PDSE &#8211; PPG em Enfermagem Edital de sele\u00e7\u00e3o PDSE &#8211; PPG em Sociologia [&hellip;]<\/p>\n","protected":false},"author":45,"featured_media":0,"parent":2018,"menu_order":0,"comment_status":"closed","ping_status":"closed","template":"","meta":{"footnotes":""},"class_list":["post-8040","page","type-page","status-publish","hentry"],"_links":{"self":[{"href":"https:\/\/wp.ufpel.edu.br\/prppg\/wp-json\/wp\/v2\/pages\/8040","targetHints":{"allow":["GET"]}}],"collection":[{"href":"https:\/\/wp.ufpel.edu.br\/prppg\/wp-json\/wp\/v2\/pages"}],"about":[{"href":"https:\/\/wp.ufpel.edu.br\/prppg\/wp-json\/wp\/v2\/types\/page"}],"author":[{"embeddable":true,"href":"https:\/\/wp.ufpel.edu.br\/prppg\/wp-json\/wp\/v2\/users\/45"}],"replies":[{"embeddable":true,"href":"https:\/\/wp.ufpel.edu.br\/prppg\/wp-json\/wp\/v2\/comments?post=8040"}],"version-history":[{"count":27,"href":"https:\/\/wp.ufpel.edu.br\/prppg\/wp-json\/wp\/v2\/pages\/8040\/revisions"}],"predecessor-version":[{"id":8155,"href":"https:\/\/wp.ufpel.edu.br\/prppg\/wp-json\/wp\/v2\/pages\/8040\/revisions\/8155"}],"up":[{"embeddable":true,"href":"https:\/\/wp.ufpel.edu.br\/prppg\/wp-json\/wp\/v2\/pages\/2018"}],"wp:attachment":[{"href":"https:\/\/wp.ufpel.edu.br\/prppg\/wp-json\/wp\/v2\/media?parent=8040"}],"curies":[{"name":"wp","href":"https:\/\/api.w.org\/{rel}","templated":true}]}}