{"id":7929,"date":"2022-01-18T17:13:11","date_gmt":"2022-01-18T20:13:11","guid":{"rendered":"https:\/\/wp.ufpel.edu.br\/prppgi\/?page_id=7929"},"modified":"2022-05-24T15:38:14","modified_gmt":"2022-05-24T18:38:14","slug":"npg","status":"publish","type":"page","link":"https:\/\/wp.ufpel.edu.br\/prppg\/pos-graducao\/npg\/","title":{"rendered":"NPG"},"content":{"rendered":"<p><span style=\"color: #000000\"><strong>NPG &#8211; <\/strong><strong>N\u00facleo de P\u00f3s-Gradua\u00e7\u00e3o<\/strong><\/span><\/p>\n<p style=\"text-align: justify\"><span style=\"color: #000000\">Atendimento e orienta\u00e7\u00e3o de quest\u00f5es relacionadas aos agentes e Programas, acompanhando processos sobre bolsas, documenta\u00e7\u00e3o, funcionamento e estrutura\u00e7\u00e3o de cada Curso, bem como o apoio na qualifica\u00e7\u00e3o e na cria\u00e7\u00e3o de novos Programas. Cabe ainda ao N\u00facleo atender diretamente as demandas oriundas da CAPES e demais ag\u00eancias de fomento que, direta ou indiretamente, tenham rela\u00e7\u00e3o com a pol\u00edtica nacional de p\u00f3s-gradua\u00e7\u00e3o.<\/span><\/p>\n<p>&nbsp;<\/p>\n<p><span style=\"color: #000000\"><strong>Telefone:<\/strong> (53) 3284-4085 \/ (53) 3284-4083<\/span><\/p>\n<p><span style=\"color: #000000\"><strong>E-mail<\/strong>: npg@ufpel.edu.br\u00a0 ou\u00a0 npgufpel@gmail.com<\/span><\/p>\n<p>&nbsp;<\/p>\n<p><span style=\"color: #000000\"><strong>Hor\u00e1rio de funcionamento:<br \/>\n<\/strong>De segunda \u00e0 sexta-feira: das 8h \u00e0s 12h e das 14h \u00e0s 18h<\/span><\/p>\n","protected":false},"excerpt":{"rendered":"<p>NPG &#8211; N\u00facleo de P\u00f3s-Gradua\u00e7\u00e3o Atendimento e orienta\u00e7\u00e3o de quest\u00f5es relacionadas aos agentes e Programas, acompanhando processos sobre bolsas, documenta\u00e7\u00e3o, funcionamento e estrutura\u00e7\u00e3o de cada Curso, bem como o apoio na qualifica\u00e7\u00e3o e na cria\u00e7\u00e3o de novos Programas. Cabe ainda ao N\u00facleo atender diretamente as demandas oriundas da CAPES e demais ag\u00eancias de fomento que, [&hellip;]<\/p>\n","protected":false},"author":45,"featured_media":0,"parent":39,"menu_order":0,"comment_status":"closed","ping_status":"closed","template":"","meta":{"footnotes":""},"class_list":["post-7929","page","type-page","status-publish","hentry"],"_links":{"self":[{"href":"https:\/\/wp.ufpel.edu.br\/prppg\/wp-json\/wp\/v2\/pages\/7929","targetHints":{"allow":["GET"]}}],"collection":[{"href":"https:\/\/wp.ufpel.edu.br\/prppg\/wp-json\/wp\/v2\/pages"}],"about":[{"href":"https:\/\/wp.ufpel.edu.br\/prppg\/wp-json\/wp\/v2\/types\/page"}],"author":[{"embeddable":true,"href":"https:\/\/wp.ufpel.edu.br\/prppg\/wp-json\/wp\/v2\/users\/45"}],"replies":[{"embeddable":true,"href":"https:\/\/wp.ufpel.edu.br\/prppg\/wp-json\/wp\/v2\/comments?post=7929"}],"version-history":[{"count":3,"href":"https:\/\/wp.ufpel.edu.br\/prppg\/wp-json\/wp\/v2\/pages\/7929\/revisions"}],"predecessor-version":[{"id":8272,"href":"https:\/\/wp.ufpel.edu.br\/prppg\/wp-json\/wp\/v2\/pages\/7929\/revisions\/8272"}],"up":[{"embeddable":true,"href":"https:\/\/wp.ufpel.edu.br\/prppg\/wp-json\/wp\/v2\/pages\/39"}],"wp:attachment":[{"href":"https:\/\/wp.ufpel.edu.br\/prppg\/wp-json\/wp\/v2\/media?parent=7929"}],"curies":[{"name":"wp","href":"https:\/\/api.w.org\/{rel}","templated":true}]}}