{"id":7108,"date":"2020-12-02T10:26:37","date_gmt":"2020-12-02T13:26:37","guid":{"rendered":"https:\/\/wp.ufpel.edu.br\/prppgi\/?page_id=7108"},"modified":"2021-03-17T00:25:59","modified_gmt":"2021-03-17T03:25:59","slug":"pdse-2020-2021-editais-internos","status":"publish","type":"page","link":"https:\/\/wp.ufpel.edu.br\/prppg\/pdse-2020-2021-editais-internos\/","title":{"rendered":"PDSE 2020\/2021: Editais Internos e resultados"},"content":{"rendered":"<p><strong>Lista de Resultados Finais do PDSE distribu\u00eddas por PPG (<span style=\"color: #ff0000\">em constru\u00e7\u00e3o<\/span>):<\/strong><\/p>\n<p>&nbsp;<\/p>\n<p><a href=\"https:\/\/wp.ufpel.edu.br\/prppgi\/files\/2021\/03\/Resultado-final-PDSE-PPG-Agronomia.pdf\">Resultado final PDSE PPG Agronomia<\/a><\/p>\n<p><a href=\"https:\/\/wp.ufpel.edu.br\/prppgi\/files\/2021\/03\/Resultado-final-PDSE-PPG-Fisiologia-Vegetal.pdf\">Resultado final PDSE PPG Fisiologia Vegetal<\/a><\/p>\n<p><a href=\"https:\/\/wp.ufpel.edu.br\/prppgi\/files\/2021\/03\/Lista-Homologados-PDSE-PPG-Fitossanidade.pdf\">Lista Homologados PDSE PPG Fitossanidade<\/a><\/p>\n<p><a href=\"https:\/\/wp.ufpel.edu.br\/prppgi\/files\/2021\/03\/Resultado-final-PDSE-PPG-Historia-1.pdf\">Resultado final PDSE PPG Hist\u00f3ria<\/a><\/p>\n<p><a href=\"https:\/\/wp.ufpel.edu.br\/prppgi\/files\/2021\/03\/Resultado-final-PDSE-PPG-Letras.pdf\">Resultado final PDSE PPG Letras<\/a><\/p>\n<p><a href=\"https:\/\/wp.ufpel.edu.br\/prppgi\/files\/2021\/03\/Resultado-final-PDSE-PPG-Sociologia-1.pdf\">Resultado final PDSE PPG Sociologia<\/a><\/p>\n<p><a href=\"https:\/\/wp.ufpel.edu.br\/prppgi\/files\/2021\/03\/Resultado-final-PDSE-PPG-Veterinaria.pdf\">Resultado final PDSE PPG Veterin\u00e1ria<\/a><\/p>\n<p>&nbsp;<\/p>\n<p><strong>Lista de Inscri\u00e7\u00f5es Homologadas distribu\u00eddas por PPG:<\/strong><\/p>\n<p><a href=\"https:\/\/wp.ufpel.edu.br\/prppgi\/files\/2021\/03\/Lista-Homologados-PDSE-Historia.pdf\">Lista Homologados PDSE PPG Hist\u00f3ria<\/a><\/p>\n<p><a href=\"https:\/\/wp.ufpel.edu.br\/prppgi\/files\/2021\/03\/Lista-Homologados-PDSE-PPG-Agronomia.pdf\">Lista Homologados PDSE PPG Agronomia<\/a><\/p>\n<p><a href=\"https:\/\/wp.ufpel.edu.br\/prppgi\/files\/2021\/03\/Lista-Homologados-PDSE-PPG-Ciencia-Politica.pdf\">Lista Homologados PDSE PPG Ci\u00eancia Pol\u00edtica<\/a><\/p>\n<p><a href=\"https:\/\/wp.ufpel.edu.br\/prppgi\/files\/2021\/03\/Lista-Homologados-PDSE-PPG-Enfermagem.pdf\">Lista Homologados PDSE PPG Enfermagem<\/a><\/p>\n<p><a href=\"https:\/\/wp.ufpel.edu.br\/prppgi\/files\/2021\/03\/Lista-Homologados-PDSE-PPG-Fisiologia-Vegetal.pdf\">Lista Homologados PDSE PPG Fisiologia Vegetal<\/a><\/p>\n<p><a href=\"https:\/\/wp.ufpel.edu.br\/prppgi\/files\/2021\/03\/Lista-Homologados-PDSE-PPG-Fitossanidade.pdf\">Lista Homologados PDSE PPG Fitossanidade<\/a><\/p>\n<p><a href=\"https:\/\/wp.ufpel.edu.br\/prppgi\/files\/2021\/03\/Lista-Homologados-PDSE-PPG-Letras.pdf\">Lista Homologados PDSE PPG Letras<\/a><\/p>\n<p><a href=\"https:\/\/wp.ufpel.edu.br\/prppgi\/files\/2021\/03\/Lista-Homologados-PDSE-PPG-Sociologia.pdf\">Lista Homologados PDSE PPG Sociologia<\/a><\/p>\n<p><a href=\"https:\/\/wp.ufpel.edu.br\/prppgi\/files\/2021\/03\/Lista-Homologados-PDSE-PPG-Veterinaria.pdf\">Lista Homologados PDSE PPG Veterin\u00e1ria<\/a><\/p>\n<p>&nbsp;<\/p>\n<p>Abaixo, a lista dos editais internos de cada Programa de P\u00f3s-Gradua\u00e7\u00e3o. Quaisquer d\u00favidas sobre seu conte\u00fado devem ser encaminhadas diretamente \u00e0 secretaria e\/ou coordena\u00e7\u00e3o do Programa.<\/p>\n<ol>\n<li><a href=\"https:\/\/wp.ufpel.edu.br\/prppgi\/files\/2020\/12\/SEI_UFPel-PDSE-PPGAnt-Edital-de-selecao-PRPPGI.pdf\">Edital de Sele\u00e7\u00e3o &#8211; PDSE &#8211; n\u00ba 120\/2020 &#8211; PPG em Antropologia<\/a><\/li>\n<li><a href=\"https:\/\/wp.ufpel.edu.br\/prppgi\/files\/2020\/12\/SEI_UFPel-PPGFIS-PDSE-Edital-de-selecao-PRPPGI.pdf\">Edital de Sele\u00e7\u00e3o &#8211; PDSE &#8211; n\u00ba 121\/2020 &#8211; PPG em F\u00edsica<\/a><\/li>\n<li><a href=\"https:\/\/wp.ufpel.edu.br\/prppgi\/files\/2020\/12\/SEI_UFPel-PPGMPAR-Edital-de-selecao-PRPPGI.pdf\">Edital de Sele\u00e7\u00e3o &#8211; PDSE &#8211; n\u00ba 123\/2020 &#8211; PPG em Microbiologia e Parasitologia<\/a><\/li>\n<li><a href=\"https:\/\/wp.ufpel.edu.br\/prppgi\/files\/2020\/12\/SEI_UFPel-PDSE-PPGV-Edital-de-selecao-PRPPGI.pdf\">Edital de Sele\u00e7\u00e3o &#8211; PDSE &#8211; n\u00ba 125\/2020 &#8211; PPG em Veterin\u00e1ria<\/a><\/li>\n<li><a href=\"https:\/\/wp.ufpel.edu.br\/prppgi\/files\/2020\/12\/SEI_UFPel-Fisiologia-Vegetal-PDSE-Edital-de-selecao-PRPPGI.pdf\">Edital de Sele\u00e7\u00e3o &#8211; PDSE &#8211; n\u00ba 122\/2020 &#8211; PPG em Fisiologia Vegetal<\/a><\/li>\n<li><a href=\"https:\/\/wp.ufpel.edu.br\/prppgi\/files\/2020\/12\/SEI_UFPel-PPGCPOL-Edital-de-selecao-PRPPGI.pdf\">Edital de Sele\u00e7\u00e3o &#8211; PDSE &#8211; n\u00ba 128\/2020 &#8211; PPG em Ci\u00eancia Pol\u00edtica<\/a><\/li>\n<li><a href=\"https:\/\/wp.ufpel.edu.br\/prppgi\/files\/2020\/12\/SEI_UFPel-PPGH-PDSE-Edital-de-selecao-PRPPGI.pdf\">Edital de Sele\u00e7\u00e3o &#8211; PDSE &#8211; n\u00ba 130\/2020 &#8211; PPG em Hist\u00f3ria<\/a><\/li>\n<li><a href=\"https:\/\/wp.ufpel.edu.br\/prppgi\/files\/2020\/12\/SEI_UFPel-126-PPGC-Edital-de-selecao-PRPPGI.pdf\">Edital de Sele\u00e7\u00e3o &#8211; PDSE &#8211; n\u00ba 126\/2020 &#8211; PPG em Computa\u00e7\u00e3o<\/a><\/li>\n<li><a href=\"https:\/\/wp.ufpel.edu.br\/prppgi\/files\/2020\/12\/SEI_UFPel-MACSA-Edital-de-selecao-PRPPGI.pdf\">Edital de Sele\u00e7\u00e3o &#8211; PDSE &#8211; n\u00ba 131\/2020 &#8211; PPG em Manejo e Conserva\u00e7\u00e3o do Solo e da \u00c1gua<\/a><\/li>\n<li><a href=\"https:\/\/wp.ufpel.edu.br\/prppgi\/files\/2020\/12\/SEI_UFPel-132-PPGENF-Edital-de-selecao-PRPPGI.pdf\">Edital de Sele\u00e7\u00e3o &#8211; PDSE &#8211; n\u00ba 132\/2020 &#8211; PPG em Enfermagem<\/a><\/li>\n<li><a href=\"https:\/\/wp.ufpel.edu.br\/prppgi\/files\/2020\/12\/SEI_UFPel-133-PPGFS-Edital-de-selecao-PRPPGI.pdf\">Edital de Sele\u00e7\u00e3o &#8211; PDSE &#8211; n\u00ba 133\/2020 &#8211; PPG em Fitossanidade<\/a><\/li>\n<li><a href=\"https:\/\/wp.ufpel.edu.br\/prppgi\/files\/2020\/12\/SEI_UFPel-PDSE-AGRONOMIA-Edital-de-selecao-PRPPGI.pdf\">Edital de Sele\u00e7\u00e3o &#8211; PDSE &#8211; n\u00ba 139\/2020 &#8211; PPG em Agronomia<\/a><\/li>\n<li><a href=\"https:\/\/wp.ufpel.edu.br\/prppgi\/files\/2020\/12\/SEI_UFPel-PDSE-PPGL-Edital-de-selecao-PRPPGI.pdf\">Edital de Sele\u00e7\u00e3o &#8211; PDSE &#8211; n\u00ba 140\/2020 &#8211; PPG em Letras<\/a><\/li>\n<li><a href=\"https:\/\/wp.ufpel.edu.br\/prppgi\/files\/2020\/12\/SEI_UFPel-PDSE-SOCIOLOGIA-Edital-de-selecao-PRPPGI.pdf\">Edital de Sele\u00e7\u00e3o &#8211; PDSE &#8211; n\u00ba 149\/2020 &#8211; PPG em Sociologia<\/a><\/li>\n<\/ol>\n","protected":false},"excerpt":{"rendered":"<p>Lista de Resultados Finais do PDSE distribu\u00eddas por PPG (em constru\u00e7\u00e3o): &nbsp; Resultado final PDSE PPG Agronomia Resultado final PDSE PPG Fisiologia Vegetal Lista Homologados PDSE PPG Fitossanidade Resultado final PDSE PPG Hist\u00f3ria Resultado final PDSE PPG Letras Resultado final PDSE PPG Sociologia Resultado final PDSE PPG Veterin\u00e1ria &nbsp; Lista de Inscri\u00e7\u00f5es Homologadas distribu\u00eddas por [&hellip;]<\/p>\n","protected":false},"author":45,"featured_media":0,"parent":0,"menu_order":0,"comment_status":"closed","ping_status":"closed","template":"","meta":{"footnotes":""},"class_list":["post-7108","page","type-page","status-publish","hentry"],"_links":{"self":[{"href":"https:\/\/wp.ufpel.edu.br\/prppg\/wp-json\/wp\/v2\/pages\/7108","targetHints":{"allow":["GET"]}}],"collection":[{"href":"https:\/\/wp.ufpel.edu.br\/prppg\/wp-json\/wp\/v2\/pages"}],"about":[{"href":"https:\/\/wp.ufpel.edu.br\/prppg\/wp-json\/wp\/v2\/types\/page"}],"author":[{"embeddable":true,"href":"https:\/\/wp.ufpel.edu.br\/prppg\/wp-json\/wp\/v2\/users\/45"}],"replies":[{"embeddable":true,"href":"https:\/\/wp.ufpel.edu.br\/prppg\/wp-json\/wp\/v2\/comments?post=7108"}],"version-history":[{"count":21,"href":"https:\/\/wp.ufpel.edu.br\/prppg\/wp-json\/wp\/v2\/pages\/7108\/revisions"}],"predecessor-version":[{"id":7367,"href":"https:\/\/wp.ufpel.edu.br\/prppg\/wp-json\/wp\/v2\/pages\/7108\/revisions\/7367"}],"wp:attachment":[{"href":"https:\/\/wp.ufpel.edu.br\/prppg\/wp-json\/wp\/v2\/media?parent=7108"}],"curies":[{"name":"wp","href":"https:\/\/api.w.org\/{rel}","templated":true}]}}