{"id":5957,"date":"2019-04-03T17:09:50","date_gmt":"2019-04-03T20:09:50","guid":{"rendered":"https:\/\/wp.ufpel.edu.br\/prppgi\/?page_id=5957"},"modified":"2025-06-16T17:45:25","modified_gmt":"2025-06-16T20:45:25","slug":"sistema-de-concessao-de-diarias-e-passagens-scdp","status":"publish","type":"page","link":"https:\/\/wp.ufpel.edu.br\/prppg\/pos-graducao\/neor\/rotinas\/sistema-de-concessao-de-diarias-e-passagens-scdp\/","title":{"rendered":"Sistema de Concess\u00e3o de Di\u00e1rias e Passagens &#8211; SCDP"},"content":{"rendered":"<p><strong>DI\u00c1RIAS E PASSAGENS &#8211; SCDP<\/strong><\/p>\n<p>Procedimentos:<\/p>\n<ol>\n<li>Link para acesso \u00e0 pagina: <a href=\"https:\/\/wp.ufpel.edu.br\/cfc\/diarias-e-passagens\/\"><span style=\"font-weight: 400\">https:\/\/wp.ufpel.edu.br\/cfc\/diarias-e-passagens\/<\/span><\/a><\/li>\n<li style=\"font-weight: 400\"><span style=\"font-weight: 400\">Cadastrar o Pedido de Concess\u00e3o de Di\u00e1rias e Passagens (PCDP) no Sistema de Concess\u00e3o de Di\u00e1rias e Passagens (SCDP \u2013 link: <\/span><a href=\"https:\/\/www2.scdp.gov.br\/novoscdp\/home.xhtml\"><span style=\"font-weight: 400\">https:\/\/www2.scdp.gov.br\/novoscdp\/home.xhtml<\/span><\/a><span style=\"font-weight: 400\">) e anexar a documenta\u00e7\u00e3o comprobat\u00f3ria (folder, convite, confirma\u00e7\u00e3o de inscri\u00e7\u00e3o, cronograma do evento, sugest\u00e3o de voo, &#8230;)<\/span><\/li>\n<li style=\"font-weight: 400\"><span style=\"font-weight: 400\">Se for colaborador eventual dever\u00e1 anexar:<\/span>\n<ul>\n<li>Convite<\/li>\n<li>Nota t\u00e9cnica (formul\u00e1rio no SEI: PRA Nota t\u00e9cnica e curr\u00edculo colaborador eventual)<\/li>\n<li>Documento com foto<\/li>\n<li>Programa\u00e7\u00e3o do evento<\/li>\n<li>Sugest\u00e3o de voo<\/li>\n<\/ul>\n<\/li>\n<\/ol>\n<p><strong>Importante:<\/strong><\/p>\n<ol>\n<li style=\"font-weight: 400\"><span style=\"font-weight: 400\">As passagens a\u00e9reas s\u00e3o compradas pelo NEOR e o PPG precisa transferir o recurso or\u00e7ament\u00e1rio para a emiss\u00e3o ou refor\u00e7o da nota de empenho.<\/span><\/li>\n<li style=\"font-weight: 400\"><span style=\"font-weight: 400\">Para pedir senha de acesso ao SCDP, precisa ser enviado via SEI processo tipo \u2018<\/span><span style=\"font-weight: 400\">Or\u00e7amento e finan\u00e7as: Cadastro usu\u00e1rio SCDP<\/span><span style=\"font-weight: 400\">\u2019 e preencher o formul\u00e1rio \u2018<\/span><span style=\"font-weight: 400\">SGA Solicita\u00e7\u00e3o de Cadastro no SCDP<\/span><span style=\"font-weight: 400\">\u2019 e o <\/span><b>Pr\u00f3-Reitor da PRPPG \u00e9 a autoridade solicitante <\/b>(para coletar a assinatura dele, o formul\u00e1rio deve ser colocado em bloco de assinatura e informado a ele).<\/li>\n<li style=\"font-weight: 400\"><span style=\"font-weight: 400\">Se for utilizar ve\u00edculo pr\u00f3prio \u2013 tem que preencher o formul\u00e1rio no SEI: SGA Termo de Resp. Ve\u00edculo Pr\u00f3prio, e anexar no PCDP.<\/span><\/li>\n<li style=\"font-weight: 400\"><span style=\"font-weight: 400\">Se for utilizar ve\u00edculo oficial \u2013 tem que anexar a solicita\u00e7\u00e3o de transporte.<\/span><\/li>\n<li style=\"font-weight: 400\"><span style=\"font-weight: 400\">Se for utilizar transporte rodovi\u00e1rio \u2013 deve priorizar a compra na modalidade comum.<\/span><\/li>\n<li><b>TODAS<\/b> as viagens de servidor, desde que sejam a trabalho, devem ser registradas no SCDP, mesmo n\u00e3o havendo pagamento de di\u00e1rias e\/ou passagens por parte das Unidades. Dever\u00e1 ser anexado no PCDP o termo de ren\u00fancia (formul\u00e1rio no SEI: SGA Ren\u00fancia Parcial\/Total \u2013 Di\u00e1rias e Passagens) devidamente assinado pelo proposto e proponente da viagem.<\/li>\n<li><b>O PPG PRECISA ACOMPANHAR O ANDAMENTO DO PCDP E ESTAR SEMPRE ATENTO \u00c0S DEVOLU\u00c7\u00d5ES PARA CORRE\u00c7\u00c3O.<\/b><\/li>\n<\/ol>\n<hr \/>\n<p><strong>OS EMPENHOS NO SCDP:<\/strong><\/p>\n<p><strong>\u00c9 necess\u00e1rio transferir o recurso para a UGR da PRPPG (154116) para emiss\u00e3o\/refor\u00e7o de empenho, visto que no SCDP, os PPGs n\u00e3o possuem suas UGRs cadastradas no sistema e utilizam a da PRPPG.<\/strong><\/p>\n<p><span style=\"background-color: #d6d2d2\"><strong><em>\u00c9 muito importante a escolha do empenho correto, para que n\u00e3o ocorra erro no decorrer dos tr\u00e2mites.<\/em><\/strong><\/span><\/p>\n<p>Para saber qual empenho utilizar, favor olhar na planilha dispon\u00edvel na p\u00e1gina do NEOR, em documenta\u00e7\u00e3o de apoio:<\/p>\n<p><a href=\"https:\/\/docs.google.com\/spreadsheets\/d\/1G9NHeKJRzIX8n1w6dc8zi74GaW1mfctCTYlmfFCBfsE\/edit?usp=sharing\"><strong>Planilha de controle de saldos de Di\u00e1rias e Passagens \u2013 SCDP \u2013 PROAP<\/strong><\/a><\/p>\n<p><a href=\"https:\/\/docs.google.com\/spreadsheets\/d\/13DMCwuDM2WGe4AuXtMjJq9eo06ADmy2B5uEd9CPeHBo\/edit?usp=sharing\"><strong>Planilha de controle de saldos de Di\u00e1rias e Passagens \u2013 SCDP \u2013 RECURSO PR\u00d3PRIO<\/strong><\/a><\/p>\n<p>&nbsp;<\/p>\n<hr \/>\n<p><strong>PRESTA\u00c7\u00c3O DE CONTAS &#8211; DI\u00c1RIAS E PASSAGENS &#8211; SCDP<\/strong><\/p>\n<p>Procedimentos de acordo com a PORTARIA UFPEL N\u00ba 1074, DE 07 DE JUNHO DE 2022 (SEI n\u00ba <a class=\"ancoraSei\" href=\"https:\/\/sei.ufpel.edu.br\/sei\/controlador.php?acao=protocolo_visualizar&amp;id_protocolo=1950515&amp;infra_sistema=100000100&amp;infra_unidade_atual=110000051&amp;infra_hash=fdcb704bdefe4c1b5ceed411ee9507973298b782b4d9c59db6dd1fa31391dd3d\" target=\"_blank\" rel=\"noopener\">1728095<\/a>):<\/p>\n<ol>\n<li style=\"font-weight: 400\"><span style=\"font-weight: 400\">Anexar a documenta\u00e7\u00e3o comprobat\u00f3ria da viagem na presta\u00e7\u00e3o de contas do PCDP no SCDP, conforme artigos 12 e 13 da referida portaria.<\/span><\/li>\n<li style=\"font-weight: 400\">\n<p class=\"Citacao\">&#8220;Art. 12\u00a0Para a presta\u00e7\u00e3o de contas de miss\u00f5es em territ\u00f3rio nacional, o proposto, seja servidor ou\u00a0colaborador eventual, dever\u00e1 apresentar, no <strong>prazo m\u00e1ximo de cinco dias corridos<\/strong>, no SCDP, contados da conclus\u00e3o da miss\u00e3o, os seguintes documentos:<\/p>\n<p class=\"Citacao\">I \u2013 Apresenta\u00e7\u00e3o dos bilhetes ou canhotos dos cart\u00f5es de embarque, em original ou segunda via, ou recibo do passageiro obtido quando da realiza\u00e7\u00e3o do check-in via internet, ou a declara\u00e7\u00e3o fornecida pela companhia a\u00e9rea, bem como por meio do registro eletr\u00f4nico da situa\u00e7\u00e3o da passagem no SCDP;<\/p>\n<p class=\"Citacao\">II \u2013 Apresenta\u00e7\u00e3o de documentos relacionados com o objetivo das viagens realizadas a servi\u00e7o, a exemplo de atas de reuni\u00e3o, certificados de participa\u00e7\u00e3o ou presen\u00e7a, entre outros, a fim de comprovar o efetivo cumprimento da miss\u00e3o; ou<\/p>\n<p class=\"Citacao\">III \u2013 Documenta\u00e7\u00e3o que comprove a impossibilidade de participa\u00e7\u00e3o quando se tratar de solicita\u00e7\u00e3o de cancelamento de bilhetes.<\/p>\n<p class=\"Citacao\">Art. 13 Para a presta\u00e7\u00e3o de contas de miss\u00f5es em territ\u00f3rio internacional, o proposto, seja servidor ou\u00a0colaborador eventual autorizado pelo Presidente da Rep\u00fablica, dever\u00e1 apresentar, no prazo m\u00e1ximo de trinta dias, no SCDP, contados da conclus\u00e3o da miss\u00e3o, os seguintes documentos:<\/p>\n<p class=\"Citacao\">I \u2013 Relat\u00f3rio de viagem substanciado (Documento SEI: PRA Relat\u00f3rio de Viagem Internacional), informando relato detalhado de atividades desenvolvidas no per\u00edodo, os objetivos esperados e alcan\u00e7ados, os benef\u00edcios auferidos para a prote\u00e7\u00e3o da Educa\u00e7\u00e3o a partir da miss\u00e3o bem como sugest\u00f5es de encaminhamentos internos e relativos a desenvolvimento de coopera\u00e7\u00e3o t\u00e9cnica internacional;<\/p>\n<p class=\"Citacao\">II \u2013 Original ou segunda via dos canhotos dos cart\u00f5es de embarque, ou o recibo do passageiro obtido quando da realiza\u00e7\u00e3o do check-in via internet, ou a declara\u00e7\u00e3o fornecida pela empresa de transporte;<\/p>\n<p class=\"Citacao\">III \u2013 Documentos relacionados com o objetivo das viagens realizadas a servi\u00e7o, a exemplo de atas de reuni\u00e3o, certificados de participa\u00e7\u00e3o ou presen\u00e7a, entre outros,\u00a0a fim de comprovar o efetivo cumprimento da miss\u00e3o; ou<\/p>\n<p class=\"Citacao\">IV \u2013 Documenta\u00e7\u00e3o que comprove a impossibilidade de participa\u00e7\u00e3o quando se tratar de solicita\u00e7\u00e3o de cancelamento de bilhetes. &#8220;<\/p>\n<\/li>\n<li><b>O PPG PRECISA TRANSFERIR RECURSO PR\u00d3PRIO PARA A UGR DA PRPPG PARA PODER PAGAR O RESSARCIMENTO DAS PASSAGENS RODOVI\u00c1RIAS.<\/b><\/li>\n<\/ol>\n<hr \/>\n<p class=\"Citacao\">&#8220;A Constitui\u00e7\u00e3o Federal de 1988\u00a0preconiza em seu par\u00e1grafo \u00fanico do artigo 70:<\/p>\n<blockquote>\n<p class=\"Citacao\">\u00a0Prestar\u00e1 contas\u00a0qualquer pessoa f\u00edsica ou jur\u00eddica, p\u00fablica ou privada, que\u00a0utilize, arrecade, guarde, gerencie ou administre dinheiros, bens e valores p\u00fablicos ou pelos quais a Uni\u00e3o responda, ou que, em nome desta, assuma obriga\u00e7\u00f5es de natureza pecuni\u00e1ria.<\/p>\n<\/blockquote>\n<p class=\"Citacao\">A\u00a0Lei 8429 de 1992, que disp\u00f5e sobre as\u00a0<strong>san\u00e7\u00f5es aplic\u00e1veis aos agentes p\u00fablicos<\/strong>\u00a0no exerc\u00edcio de mandato, cargo, emprego ou fun\u00e7\u00e3o na administra\u00e7\u00e3o p\u00fablica direta, indireta ou fundacional, em seu\u00a0inciso VI do artigo 11,\u00a0corrobora com esse entendimento ao instituir que constitui\u00a0<strong>ato de improbidade administrativa<\/strong>\u00a0quem\u00a0<strong>deixa de prestar contas<\/strong>\u00a0quando esteja obrigado a faz\u00ea-lo, desde que disponha das condi\u00e7\u00f5es para isso, com vistas a ocultar irregularidades.<\/p>\n<p class=\"Citacao\">Nesse sentido, a Instru\u00e7\u00e3o Normativa n\u00ba 3 de 2015 em seu artigo 19 determina que a presta\u00e7\u00e3o de contas dos afastamentos a servi\u00e7o sejam realizadas\u00a0<strong>por meio do SCDP<\/strong>, no\u00a0<strong>prazo m\u00e1ximo de 5 dias do retorno\u00a0da viagem<\/strong>.<\/p>\n<p class=\"Citacao\">\u00a0Dessa forma, lembramos a todos os servidores envolvidos no afastamento a servi\u00e7o o que o artigo 11 do Decreto 5992 de 2006, determina:<\/p>\n<blockquote>\n<p class=\"Citacao\">\u00a0Responder\u00e3o\u00a0solidariamente\u00a0pelos atos praticados em desacordo com o disposto neste Decreto a\u00a0autoridade proponente, a autoridade concedente, o ordenador de despesas e o servidor que houver recebido as di\u00e1rias.<\/p>\n<\/blockquote>\n<p class=\"Citacao\">Tendo em vista o\u00a0<strong>dever funcional<\/strong>\u00a0como servidores p\u00fablicos, para\u00a0<strong>evitarmos \u00f4nus de qualquer esp\u00e9cie<\/strong>, seja pelo impedimento de realizar outra viagem, seja pela responsabiliza\u00e7\u00e3o pelo n\u00e3o cumprimento do dever legal, ou ainda,\u00a0pelo \u00f4nus financeiro \u00e0 Administra\u00e7\u00e3o P\u00fablica, solicitamos que sejam tomados os procedimentos administrativos para que\u00a0as\u00a0<strong>presta\u00e7\u00f5es\u00a0de contas\u00a0dos afastamentos a servi\u00e7o<\/strong>\u00a0sejam realizadas\u00a0no\u00a0<strong>tempo determinado em lei<\/strong>.&#8221;<\/p>\n","protected":false},"excerpt":{"rendered":"<p>DI\u00c1RIAS E PASSAGENS &#8211; SCDP Procedimentos: Link para acesso \u00e0 pagina: https:\/\/wp.ufpel.edu.br\/cfc\/diarias-e-passagens\/ Cadastrar o Pedido de Concess\u00e3o de Di\u00e1rias e Passagens (PCDP) no Sistema de Concess\u00e3o de Di\u00e1rias e Passagens (SCDP \u2013 link: https:\/\/www2.scdp.gov.br\/novoscdp\/home.xhtml) e anexar a documenta\u00e7\u00e3o comprobat\u00f3ria (folder, convite, confirma\u00e7\u00e3o de inscri\u00e7\u00e3o, cronograma do evento, sugest\u00e3o de voo, &#8230;) Se for colaborador eventual [&hellip;]<\/p>\n","protected":false},"author":45,"featured_media":0,"parent":5857,"menu_order":0,"comment_status":"closed","ping_status":"closed","template":"","meta":{"footnotes":""},"class_list":["post-5957","page","type-page","status-publish","hentry"],"_links":{"self":[{"href":"https:\/\/wp.ufpel.edu.br\/prppg\/wp-json\/wp\/v2\/pages\/5957","targetHints":{"allow":["GET"]}}],"collection":[{"href":"https:\/\/wp.ufpel.edu.br\/prppg\/wp-json\/wp\/v2\/pages"}],"about":[{"href":"https:\/\/wp.ufpel.edu.br\/prppg\/wp-json\/wp\/v2\/types\/page"}],"author":[{"embeddable":true,"href":"https:\/\/wp.ufpel.edu.br\/prppg\/wp-json\/wp\/v2\/users\/45"}],"replies":[{"embeddable":true,"href":"https:\/\/wp.ufpel.edu.br\/prppg\/wp-json\/wp\/v2\/comments?post=5957"}],"version-history":[{"count":24,"href":"https:\/\/wp.ufpel.edu.br\/prppg\/wp-json\/wp\/v2\/pages\/5957\/revisions"}],"predecessor-version":[{"id":11812,"href":"https:\/\/wp.ufpel.edu.br\/prppg\/wp-json\/wp\/v2\/pages\/5957\/revisions\/11812"}],"up":[{"embeddable":true,"href":"https:\/\/wp.ufpel.edu.br\/prppg\/wp-json\/wp\/v2\/pages\/5857"}],"wp:attachment":[{"href":"https:\/\/wp.ufpel.edu.br\/prppg\/wp-json\/wp\/v2\/media?parent=5957"}],"curies":[{"name":"wp","href":"https:\/\/api.w.org\/{rel}","templated":true}]}}