{"id":5857,"date":"2019-04-02T15:54:34","date_gmt":"2019-04-02T18:54:34","guid":{"rendered":"https:\/\/wp.ufpel.edu.br\/prppgi\/?page_id=5857"},"modified":"2023-01-27T11:37:15","modified_gmt":"2023-01-27T14:37:15","slug":"rotinas","status":"publish","type":"page","link":"https:\/\/wp.ufpel.edu.br\/prppg\/pos-graducao\/neor\/rotinas\/","title":{"rendered":"Rotinas"},"content":{"rendered":"<p><a href=\"https:\/\/wp.ufpel.edu.br\/prppgi\/pos-graducao\/neor\/rotinas\/abertura-de-credito\/\"><strong>Abertura de Cr\u00e9dito<\/strong><\/a><\/p>\n<p><a href=\"https:\/\/wp.ufpel.edu.br\/prppgi\/auxilio-financeiro\/\"><strong>Aux\u00edlio Financeiro<\/strong><\/a><\/p>\n<p><a href=\"https:\/\/wp.ufpel.edu.br\/prppg\/pos-graducao\/neor\/rotinas\/bolsas\/\"><strong>Bolsas<\/strong><\/a><\/p>\n<p><a href=\"https:\/\/wp.ufpel.edu.br\/prppgi\/compras-servicos\/\"><strong>Compras \/ Servi\u00e7os<\/strong><\/a><\/p>\n<p><a href=\"https:\/\/wp.ufpel.edu.br\/prppgi\/sistema-de-concessao-de-diarias-e-passagens-scdp\/\"><strong>Sistema de Concess\u00e3o de Di\u00e1rias e Passagens &#8211; SCDP<\/strong><\/a><\/p>\n<p>&nbsp;<\/p>\n<p>&nbsp;<\/p>\n<p>&nbsp;<\/p>\n<p>&nbsp;<\/p>\n<p>&nbsp;<\/p>\n<p>&nbsp;<\/p>\n<p>&nbsp;<\/p>\n","protected":false},"excerpt":{"rendered":"<p>Abertura de Cr\u00e9dito Aux\u00edlio Financeiro Bolsas Compras \/ Servi\u00e7os Sistema de Concess\u00e3o de Di\u00e1rias e Passagens &#8211; SCDP &nbsp; &nbsp; &nbsp; &nbsp; &nbsp; &nbsp; &nbsp;<\/p>\n","protected":false},"author":45,"featured_media":0,"parent":5820,"menu_order":1,"comment_status":"closed","ping_status":"closed","template":"","meta":{"footnotes":""},"class_list":["post-5857","page","type-page","status-publish","hentry"],"_links":{"self":[{"href":"https:\/\/wp.ufpel.edu.br\/prppg\/wp-json\/wp\/v2\/pages\/5857","targetHints":{"allow":["GET"]}}],"collection":[{"href":"https:\/\/wp.ufpel.edu.br\/prppg\/wp-json\/wp\/v2\/pages"}],"about":[{"href":"https:\/\/wp.ufpel.edu.br\/prppg\/wp-json\/wp\/v2\/types\/page"}],"author":[{"embeddable":true,"href":"https:\/\/wp.ufpel.edu.br\/prppg\/wp-json\/wp\/v2\/users\/45"}],"replies":[{"embeddable":true,"href":"https:\/\/wp.ufpel.edu.br\/prppg\/wp-json\/wp\/v2\/comments?post=5857"}],"version-history":[{"count":16,"href":"https:\/\/wp.ufpel.edu.br\/prppg\/wp-json\/wp\/v2\/pages\/5857\/revisions"}],"predecessor-version":[{"id":9079,"href":"https:\/\/wp.ufpel.edu.br\/prppg\/wp-json\/wp\/v2\/pages\/5857\/revisions\/9079"}],"up":[{"embeddable":true,"href":"https:\/\/wp.ufpel.edu.br\/prppg\/wp-json\/wp\/v2\/pages\/5820"}],"wp:attachment":[{"href":"https:\/\/wp.ufpel.edu.br\/prppg\/wp-json\/wp\/v2\/media?parent=5857"}],"curies":[{"name":"wp","href":"https:\/\/api.w.org\/{rel}","templated":true}]}}