{"id":5851,"date":"2019-04-02T15:44:27","date_gmt":"2019-04-02T18:44:27","guid":{"rendered":"https:\/\/wp.ufpel.edu.br\/prppgi\/?page_id=5851"},"modified":"2026-03-26T10:42:33","modified_gmt":"2026-03-26T13:42:33","slug":"legislacao","status":"publish","type":"page","link":"https:\/\/wp.ufpel.edu.br\/prppg\/pos-graducao\/neor\/legislacao\/","title":{"rendered":"Documenta\u00e7\u00e3o de Apoio"},"content":{"rendered":"<p><a href=\"https:\/\/wp.ufpel.edu.br\/numat\/nucleo-de-material\/agenda-de-compras\/\"><strong>Agenda de Compras<\/strong><\/a><\/p>\n<p><a href=\"https:\/\/docs.google.com\/presentation\/d\/1rpDq2YhMbMdJVB-X3eZQa_rNtXFhEbEB\/edit?usp=sharing&amp;ouid=111797090627047265330&amp;rtpof=true&amp;sd=true\"><strong>Apresenta\u00e7\u00e3o sobre procedimentos para utiliza\u00e7\u00e3o dos recursos pr\u00f3prios e PROAP (2025)<\/strong><\/a><\/p>\n<p><a href=\"https:\/\/drive.google.com\/file\/d\/1Acf5HDHAYooLhpDiwUTZSnl9lkH6ag7v\/view?usp=sharing\"><strong>Apresenta\u00e7\u00e3o sobre procedimentos para planejamento PROAP<\/strong><\/a><\/p>\n<p><a href=\"https:\/\/wp.ufpel.edu.br\/perguntas\/pos-graduacao\/\"><strong>Atendimento UFPel &#8211; Perguntas Frequentes &#8211; P\u00f3s-Gradua\u00e7\u00e3o &#8211; Execu\u00e7\u00e3o Or\u00e7ament\u00e1ria<\/strong><\/a><\/p>\n<p><a href=\"https:\/\/wp.ufpel.edu.br\/numat\/codigo-siasg\/\"><strong>C\u00f3digo SIASG (cat\u00e1logo de materiais e servi\u00e7os)<\/strong><\/a><\/p>\n<p><a href=\"https:\/\/wp.ufpel.edu.br\/numat\/nucleo-de-material\/certidoes\/\"><strong>Consulta de Certid\u00f5es Negativas<\/strong><\/a><\/p>\n<p><a href=\"https:\/\/www.in.gov.br\/en\/web\/dou\/-\/decreto-n-11.872-de-29-de-dezembro-de-2023-534996945\"><strong>Di\u00e1rias nacionais para servidor: Decreto n\u00ba 11.872, de 29 de dezembro de 2023<\/strong><\/a><\/p>\n<p><a href=\"http:\/\/www.planalto.gov.br\/ccivil_03\/_Ato2007-2010\/2008\/Decreto\/D6576.htm\"><strong>Di\u00e1rias internacionais para servidor: <\/strong><\/a><strong><a href=\"http:\/\/www.planalto.gov.br\/ccivil_03\/_Ato2007-2010\/2008\/Decreto\/D6576.htm\">Decreto N\u00ba 6.576, de 25 de setembro de 2008<\/a><\/strong><\/p>\n<p><a href=\"https:\/\/www.gov.br\/capes\/pt-br\/centrais-de-conteudo\/05092016-portaria-n-132-de-18-de-agosto-de-2016-pdf\/view\"><strong>Di\u00e1rias nacionais e internacionais para aux\u00edlio financeiro a estudantes: Portaria da Capes n\u00ba 132, de 18 de agosto de 2016<\/strong><\/a><\/p>\n<p><a href=\"https:\/\/wp.ufpel.edu.br\/sei\/files\/2022\/03\/01_Manual-SEI_Editado_v05-Notas-Fiscais.pdf\"><strong>Encaminhamento de NOTAS FISCAIS para pagamento<\/strong><\/a><\/p>\n<p><a href=\"https:\/\/wp.ufpel.edu.br\/numat\/etp\/\"><strong>Estudo T\u00e9cnico Preliminar (ETP)<\/strong><\/a><\/p>\n<p>Fornecedores:\u00a0<a style=\"font-family: var(--fonte-corpo)\" href=\"https:\/\/wp.ufpel.edu.br\/numat\/files\/2023\/03\/SOLICITACAO-DE-ORCAMENTO-PARA-FORNECEDORES.docx\"><strong>Solicita\u00e7\u00e3o de or\u00e7amento para fornecedores<\/strong><\/a><\/p>\n<p>Fornecedores:\u00a0<a style=\"font-family: var(--fonte-corpo)\" href=\"https:\/\/wp.ufpel.edu.br\/numat\/files\/2023\/03\/Modelo-de-Orcamento-a-ser-fornecido-pelos-fornecedores-1.docx\"><strong>Modelo de or\u00e7amento a ser preenchido pelos fornecedores<\/strong><\/a><\/p>\n<p><a href=\"https:\/\/wp.ufpel.edu.br\/numat\/tutoriais\/\"><strong>Tutoriais do N\u00facleo de Material\/CMP\/SGA<\/strong><\/a><\/p>\n<p><a href=\"https:\/\/www.planalto.gov.br\/ccivil_03\/_ato2019-2022\/2021\/lei\/l14133.htm\"><strong>Lei de Licita\u00e7\u00f5es &#8211; n\u00ba 14.133\/2021<\/strong><\/a><\/p>\n<p><strong><a href=\"https:\/\/docs.google.com\/spreadsheets\/d\/1iQk9N9q3cltU5CYfHOVnVhJh1VV5_sRHKELf5gpuSi8\/edit?usp=sharing\">Levantamento utiliza\u00e7\u00e3o do PROAP 2023 e 2024<\/a><\/strong><\/p>\n<p><a href=\"https:\/\/wp.ufpel.edu.br\/sei\/?page_id=698\"><strong>Manuais SEI!<\/strong><\/a><\/p>\n<p><strong><a href=\"https:\/\/docs.google.com\/document\/d\/1AQNWFvl8rKbfPXshavLTJBbcOYUko1nfkDGVQXd_lBc\/edit\">Modelo Guia de Recolhimento da Uni\u00e3o &#8211; GRU &#8211; Devolu\u00e7\u00e3o de Di\u00e1rias dentro do exerc\u00edcio<\/a><\/strong><\/p>\n<p><strong><a href=\"https:\/\/docs.google.com\/document\/d\/1T7TRFa1YC49RWRRP8qMwxDXjr6XsIwWXWfC8mOtz84o\/edit\">Modelo Guia de Recolhimento da Uni\u00e3o &#8211; GRU &#8211; Devolu\u00e7\u00e3o de Bolsa e Aux\u00edlio Financeiro<\/a><\/strong><\/p>\n<p><strong><a href=\"https:\/\/docs.google.com\/document\/d\/1ceHZvsTSPSYrpZ6_PKt4Jds6ynQXTXifpCo6vDlxrqM\/edit\">Modelo Guia de Recolhimento da Uni\u00e3o &#8211; GRU &#8211; Devolu\u00e7\u00e3o de despesa de Exerc\u00edcio anterior &#8211;\u00a0 Dev. de Bolsa parcelada e aux\u00edlio financeiro de anos anteriores<\/a><\/strong><\/p>\n<p><strong><a href=\"https:\/\/docs.google.com\/document\/d\/177WIZsitAyZL9O5x5RXvWZUbGBvj2ItxvOWq6ObXh6Y\/edit\">Modelo Guia de Recolhimento da Uni\u00e3o &#8211; GRU &#8211; Pagamento de taxa de inscri\u00e7\u00e3o para aluno regular, especial e professor visitante<\/a><\/strong><\/p>\n<p><a href=\"https:\/\/docs.google.com\/spreadsheets\/d\/1sButfTW7KT7bJU8uwvXh2aPQiWo_bvA07ujSYY9Y0oY\/edit?gid=577378900#gid=577378900\"><strong>Planilha de PEND\u00caNCIAS de Aux\u00edlio Financeiro (2024 e 2025) e de Notas Fiscais (2025) &#8211; PROAP e RECURSO PR\u00d3PRIO<\/strong><\/a><\/p>\n<p><a href=\"https:\/\/docs.google.com\/spreadsheets\/d\/1N-G26bHbJTsMjHqBSU_tA6rJS2jTMmPdbID0wzIwu8k\/edit?usp=sharing\"><strong>Planilha de controle de saldos de Aux\u00edlio Financeiro &#8211; PROAP e RECURSO PR\u00d3PRIO<\/strong><\/a><\/p>\n<p><a href=\"https:\/\/docs.google.com\/spreadsheets\/d\/12uACssFnEcvBMc5czciTFAVSMommtUvpnwxW0nDfT70\/edit?usp=sharing\"><strong>Planilha de controle de saldos de Di\u00e1rias e Passagens &#8211; SCDP &#8211; PROAP<\/strong><\/a><\/p>\n<p><a style=\"font-family: var(--fonte-corpo)\" href=\"https:\/\/docs.google.com\/spreadsheets\/d\/1Vbx4Frs_419rlJauAlJJQwMNog00y6oQ7diri_K6sQo\/edit?usp=sharing\"><strong>Planilha de controle de saldos de Di\u00e1rias e Passagens &#8211; SCDP &#8211; RECURSO PR\u00d3PRIO<\/strong><\/a><\/p>\n<p><strong><a href=\"https:\/\/drive.google.com\/drive\/folders\/1E3g5vgmKzolM3oNeW8UnRqExpUZfFfxW?usp=sharing\">Planilhas de Planejamento de Execu\u00e7\u00e3o Or\u00e7ament\u00e1ria<\/a> (2026)<\/strong><\/p>\n<p><strong><a href=\"https:\/\/docs.google.com\/spreadsheets\/d\/1PXjmt-yc2Ut--QlKKNgGVRFcIIGoP3_ZSJlwL3NDSkQ\/edit#gid=629190262\">Plano de Contas<\/a><\/strong><\/p>\n<p><a href=\"https:\/\/wp.ufpel.edu.br\/prppgi\/files\/2019\/04\/PROAP-PORTARIA-CAPES-156-de-28-novembro-2014.pdf.pdf\"><strong>Regulamento PROAP<\/strong><\/a><\/p>\n<p><a href=\"https:\/\/docs.google.com\/document\/d\/1cdbatbpvaz4Au_EVgo_cyHzij_HTAptp\/edit?usp=sharing&amp;ouid=111797090627047265330&amp;rtpof=true&amp;sd=true\"><strong>Relat\u00f3rio de Viagem \/ Visita T\u00e9cnica &#8211; ALUNO<\/strong><\/a><\/p>\n<p><a href=\"https:\/\/wp.ufpel.edu.br\/pra\/diarias-e-passagens\/\"><strong>Sistema de Concess\u00e3o de Di\u00e1rias e Passagens &#8211; SCDP<\/strong><\/a><\/p>\n<p>&nbsp;<\/p>\n<p>&nbsp;<\/p>\n<p>&nbsp;<\/p>\n","protected":false},"excerpt":{"rendered":"<p>Agenda de Compras Apresenta\u00e7\u00e3o sobre procedimentos para utiliza\u00e7\u00e3o dos recursos pr\u00f3prios e PROAP (2025) Apresenta\u00e7\u00e3o sobre procedimentos para planejamento PROAP Atendimento UFPel &#8211; Perguntas Frequentes &#8211; P\u00f3s-Gradua\u00e7\u00e3o &#8211; Execu\u00e7\u00e3o Or\u00e7ament\u00e1ria C\u00f3digo SIASG (cat\u00e1logo de materiais e servi\u00e7os) Consulta de Certid\u00f5es Negativas Di\u00e1rias nacionais para servidor: Decreto n\u00ba 11.872, de 29 de dezembro de 2023 Di\u00e1rias [&hellip;]<\/p>\n","protected":false},"author":45,"featured_media":0,"parent":5820,"menu_order":0,"comment_status":"closed","ping_status":"closed","template":"","meta":{"footnotes":""},"class_list":["post-5851","page","type-page","status-publish","hentry"],"_links":{"self":[{"href":"https:\/\/wp.ufpel.edu.br\/prppg\/wp-json\/wp\/v2\/pages\/5851","targetHints":{"allow":["GET"]}}],"collection":[{"href":"https:\/\/wp.ufpel.edu.br\/prppg\/wp-json\/wp\/v2\/pages"}],"about":[{"href":"https:\/\/wp.ufpel.edu.br\/prppg\/wp-json\/wp\/v2\/types\/page"}],"author":[{"embeddable":true,"href":"https:\/\/wp.ufpel.edu.br\/prppg\/wp-json\/wp\/v2\/users\/45"}],"replies":[{"embeddable":true,"href":"https:\/\/wp.ufpel.edu.br\/prppg\/wp-json\/wp\/v2\/comments?post=5851"}],"version-history":[{"count":4,"href":"https:\/\/wp.ufpel.edu.br\/prppg\/wp-json\/wp\/v2\/pages\/5851\/revisions"}],"predecessor-version":[{"id":12875,"href":"https:\/\/wp.ufpel.edu.br\/prppg\/wp-json\/wp\/v2\/pages\/5851\/revisions\/12875"}],"up":[{"embeddable":true,"href":"https:\/\/wp.ufpel.edu.br\/prppg\/wp-json\/wp\/v2\/pages\/5820"}],"wp:attachment":[{"href":"https:\/\/wp.ufpel.edu.br\/prppg\/wp-json\/wp\/v2\/media?parent=5851"}],"curies":[{"name":"wp","href":"https:\/\/api.w.org\/{rel}","templated":true}]}}