{"id":5820,"date":"2019-03-08T16:17:16","date_gmt":"2019-03-08T19:17:16","guid":{"rendered":"https:\/\/wp.ufpel.edu.br\/prppgi\/?page_id=5820"},"modified":"2025-03-28T10:50:20","modified_gmt":"2025-03-28T13:50:20","slug":"neor","status":"publish","type":"page","link":"https:\/\/wp.ufpel.edu.br\/prppg\/pos-graducao\/neor\/","title":{"rendered":"NEOR"},"content":{"rendered":"<p>N\u00facleo de Execu\u00e7\u00e3o Or\u00e7ament\u00e1ria &#8211; (NEOR): estrutura administrativa respons\u00e1vel por gerenciar os recursos da PRPPG e dos Programas de P\u00f3s-Gradua\u00e7\u00e3o, ou seja, encarregado por coordenar a execu\u00e7\u00e3o, o acompanhamento or\u00e7ament\u00e1rio e financeiro e a fiscaliza\u00e7\u00e3o do PROAP, comprometendo-se da mesma forma pela interlocu\u00e7\u00e3o junto \u00e0 CAPES, com a finalidade de remanejar recursos para a sua plena execu\u00e7\u00e3o. Est\u00e1 incumbido tamb\u00e9m pela presta\u00e7\u00e3o de contas, apresentando os relat\u00f3rios de cumprimento do objeto, utilizando modelos disponibilizados na p\u00e1gina eletr\u00f4nica da CAPES.<\/p>\n<hr \/>\n<p style=\"margin: 0cm;margin-bottom: .0001pt\"><strong>Contato:<\/strong><\/p>\n<p style=\"margin: 0cm;margin-bottom: .0001pt\">Fabiane Bergmann Xavier (Chefe do N\u00facleo)<\/p>\n<p style=\"margin: 0cm;margin-bottom: .0001pt\">Gabriela Val\u00e9rio Paz Oliveira<\/p>\n<p><b><strong>Telefone fixo: <\/strong><\/b>(53)3284-4084 (WhatsApp)<br \/>\n<strong>E-mail:<\/strong> neor.prppgi@ufpel.edu.br \/ capppg.prppg@gmail.com<\/p>\n<p>&nbsp;<\/p>\n<table style=\"width: 100%;border-collapse: collapse\" border=\"1\">\n<caption>\u00a0<\/caption>\n<tbody>\n<tr style=\"height: 24px\">\n<td style=\"width: 18.1171%;text-align: center;height: 24px\"><strong>SERVIDOR<\/strong><\/td>\n<td style=\"width: 16.1371%;text-align: center;height: 24px\"><strong>SEGUNDA-FEIRA<\/strong><\/td>\n<td style=\"width: 16.6886%;text-align: center;height: 24px\"><strong>TER\u00c7A-FEIRA<\/strong><\/td>\n<td style=\"width: 16.5217%;text-align: center;height: 24px\"><strong>QUARTA-FEIRA<\/strong><\/td>\n<td style=\"width: 16.4491%;text-align: center;height: 24px\"><strong>QUINTA-FEIRA<\/strong><\/td>\n<td style=\"width: 16.0866%;text-align: center;height: 24px\"><strong>SEXTA-FEIRA<\/strong><\/td>\n<\/tr>\n<tr style=\"height: 96px\">\n<td style=\"width: 18.1171%;text-align: center;height: 96px\">&nbsp;<\/td>\n<td style=\"width: 16.1371%;height: 96px;text-align: center\"><\/td>\n<td style=\"width: 16.6886%;height: 96px;text-align: center\"><\/td>\n<td style=\"width: 16.5217%;height: 96px;text-align: center\"><\/td>\n<td style=\"width: 16.4491%;height: 96px;text-align: center\"><\/td>\n<td style=\"width: 16.0866%;height: 96px;text-align: center\"><\/td>\n<\/tr>\n<tr style=\"height: 96px\">\n<td style=\"width: 18.1171%;text-align: center;height: 96px\">\n<p><strong>Fabiane Bergmann Xavier<\/strong><\/p>\n<p><strong><sub>Teletrabalho parcial<\/sub><\/strong><\/p>\n<p><span style=\"font-size: 10pt\"><b>whatsApp Institucional:\u00a0<\/b><\/span><\/p>\n<p><b>\u00a0<\/b><span style=\"font-weight: 400;font-size: 10pt\">(53) 3284-4084<\/span><\/td>\n<td style=\"width: 16.1371%\">\n<p><span style=\"font-weight: 400\">\u00a0 \u00a0 \u00a0 8 \u00e0s 12h\u00a0 (presencial)<\/span><\/p>\n<p><span style=\"font-weight: 400\">\u00a0 \u00a0 14 \u00e0s 18h (teletrabalho)<\/span><\/td>\n<td style=\"width: 16.6886%\">\n<p><span style=\"font-weight: 400\">\u00a0 \u00a0 \u00a08 \u00e0s 12h\u00a0 (presencial)<\/span><\/p>\n<p><span style=\"font-weight: 400\">\u00a0 \u00a014 \u00e0s 18h (teletrabalho)<\/span><\/td>\n<td style=\"width: 16.5217%\">\n<p><span style=\"font-weight: 400\">\u00a0 \u00a0 \u00a0 8 \u00e0s 12h\u00a0 (presencial)<\/span><\/p>\n<p><span style=\"font-weight: 400\">\u00a0 \u00a0 14 \u00e0s 18h (teletrabalho)<\/span><\/td>\n<td style=\"width: 16.4491%\">\n<p><span style=\"font-weight: 400\">\u00a0 \u00a0 \u00a0 \u00a08 \u00e0s 12h\u00a0 (presencial)<\/span><\/p>\n<p><span style=\"font-weight: 400\">\u00a0 \u00a0 \u00a014 \u00e0s 18h (teletrabalho)<\/span><\/td>\n<td style=\"width: 16.0866%\">\n<p><span style=\"font-weight: 400\">\u00a0 \u00a0 \u00a0 8 \u00e0s 12h\u00a0 (presencial)<\/span><\/p>\n<p><span style=\"font-weight: 400\">\u00a0 \u00a0 14 \u00e0s 18h (teletrabalho)<\/span><\/td>\n<\/tr>\n<tr style=\"height: 96px\">\n<td style=\"width: 18.1171%;text-align: center;height: 96px\">\n<p><strong>Gabriela Val\u00e9rio Paz Oliveira<\/strong><\/p>\n<p><strong><sub>Teletrabalho parcial<\/sub><\/strong><\/td>\n<td style=\"width: 16.1371%;height: 96px;text-align: center\">\n<p><span style=\"font-weight: 400\">\u00a0 \u00a0 \u00a08 \u00e0s 12h\u00a0 (teletrabalho)<\/span><\/p>\n<p><span style=\"font-weight: 400\">\u00a0 \u00a0 \u00a014 \u00e0s 18h (presencial)<\/span><\/td>\n<td style=\"width: 16.6886%;height: 96px;text-align: center\">\n<p><span style=\"font-weight: 400\">\u00a0 \u00a0 \u00a08 \u00e0s 12h\u00a0 (teletrabalho)<\/span><\/p>\n<p><span style=\"font-weight: 400\">\u00a0 \u00a0 \u00a014 \u00e0s 18h (presencial)<\/span><\/td>\n<td style=\"width: 16.5217%;height: 96px;text-align: center\">\n<p><span style=\"font-weight: 400\">\u00a0 \u00a0 \u00a08 \u00e0s 12h\u00a0 (teletrabalho)<\/span><\/p>\n<p><span style=\"font-weight: 400\">\u00a0 \u00a0 \u00a014 \u00e0s 18h (presencial)<\/span><\/td>\n<td style=\"width: 16.4491%;height: 96px;text-align: center\">\n<p><span style=\"font-weight: 400\">\u00a0 \u00a0 \u00a08 \u00e0s 12h\u00a0 (teletrabalho)<\/span><\/p>\n<p><span style=\"font-weight: 400\">\u00a0 \u00a0 \u00a014 \u00e0s 18h (presencial)<\/span><\/td>\n<td style=\"width: 16.0866%;height: 96px;text-align: center\">\n<p><span style=\"font-weight: 400\">\u00a0 \u00a0 \u00a08 \u00e0s 12h\u00a0 (teletrabalho)<\/span><\/p>\n<p><span style=\"font-weight: 400\">\u00a0 \u00a0 \u00a014 \u00e0s 18h (presencial)<\/span><\/td>\n<\/tr>\n<\/tbody>\n<\/table>\n<p>&nbsp;<\/p>\n<p style=\"text-align: center\">\n","protected":false},"excerpt":{"rendered":"<p>N\u00facleo de Execu\u00e7\u00e3o Or\u00e7ament\u00e1ria &#8211; (NEOR): estrutura administrativa respons\u00e1vel por gerenciar os recursos da PRPPG e dos Programas de P\u00f3s-Gradua\u00e7\u00e3o, ou seja, encarregado por coordenar a execu\u00e7\u00e3o, o acompanhamento or\u00e7ament\u00e1rio e financeiro e a fiscaliza\u00e7\u00e3o do PROAP, comprometendo-se da mesma forma pela interlocu\u00e7\u00e3o junto \u00e0 CAPES, com a finalidade de remanejar recursos para a sua [&hellip;]<\/p>\n","protected":false},"author":45,"featured_media":0,"parent":39,"menu_order":0,"comment_status":"closed","ping_status":"closed","template":"","meta":{"footnotes":""},"class_list":["post-5820","page","type-page","status-publish","hentry"],"_links":{"self":[{"href":"https:\/\/wp.ufpel.edu.br\/prppg\/wp-json\/wp\/v2\/pages\/5820","targetHints":{"allow":["GET"]}}],"collection":[{"href":"https:\/\/wp.ufpel.edu.br\/prppg\/wp-json\/wp\/v2\/pages"}],"about":[{"href":"https:\/\/wp.ufpel.edu.br\/prppg\/wp-json\/wp\/v2\/types\/page"}],"author":[{"embeddable":true,"href":"https:\/\/wp.ufpel.edu.br\/prppg\/wp-json\/wp\/v2\/users\/45"}],"replies":[{"embeddable":true,"href":"https:\/\/wp.ufpel.edu.br\/prppg\/wp-json\/wp\/v2\/comments?post=5820"}],"version-history":[{"count":46,"href":"https:\/\/wp.ufpel.edu.br\/prppg\/wp-json\/wp\/v2\/pages\/5820\/revisions"}],"predecessor-version":[{"id":11477,"href":"https:\/\/wp.ufpel.edu.br\/prppg\/wp-json\/wp\/v2\/pages\/5820\/revisions\/11477"}],"up":[{"embeddable":true,"href":"https:\/\/wp.ufpel.edu.br\/prppg\/wp-json\/wp\/v2\/pages\/39"}],"wp:attachment":[{"href":"https:\/\/wp.ufpel.edu.br\/prppg\/wp-json\/wp\/v2\/media?parent=5820"}],"curies":[{"name":"wp","href":"https:\/\/api.w.org\/{rel}","templated":true}]}}