{"id":5149,"date":"2018-03-23T16:05:21","date_gmt":"2018-03-23T19:05:21","guid":{"rendered":"https:\/\/wp.ufpel.edu.br\/prppgi\/?page_id=5149"},"modified":"2025-06-09T11:46:40","modified_gmt":"2025-06-09T14:46:40","slug":"alteracao-de-carga-horaria-em-projeto-de-pesquisa","status":"publish","type":"page","link":"https:\/\/wp.ufpel.edu.br\/prppg\/alteracao-de-carga-horaria-em-projeto-de-pesquisa\/","title":{"rendered":"Altera\u00e7\u00e3o de Carga Hor\u00e1ria em Projetos de Pesquisa"},"content":{"rendered":"<p>Altera\u00e7\u00e3o de carga hor\u00e1ria em Projetos de Pesquisa j\u00e1 aprovados:<\/p>\n<p>Qualquer ajuste na equipe do projeto unificado, incluindo carga hor\u00e1ria de colaboradores, deve ser realizado pelo coordenador do projeto diretamente na a\u00e7\u00e3o da qual o colaborador faz parte. Se for servidor, a carga hor\u00e1ria de participa\u00e7\u00e3o deve ser encaminhada para aprova\u00e7\u00e3o da chefia.<\/p>\n<p>Para alterar carga hor\u00e1ria do coordenador do projeto unificado \u00e9 necess\u00e1rio encaminhar um memorando, via SEI, com a referida solicita\u00e7\u00e3o, informando os dados de identifica\u00e7\u00e3o do projeto e a nova carga hor\u00e1ria pretendida. Tal memorando deve ser assinado pelo coordenador do projeto e pelo diretor da Unidade. O processo do SEI deve ser enviado ao N\u00facleo de Apoio \u00e0 Pesquisa e Inicia\u00e7\u00e3o Cient\u00edfica (NAPIC).<\/p>\n","protected":false},"excerpt":{"rendered":"<p>Altera\u00e7\u00e3o de carga hor\u00e1ria em Projetos de Pesquisa j\u00e1 aprovados: Qualquer ajuste na equipe do projeto unificado, incluindo carga hor\u00e1ria de colaboradores, deve ser realizado pelo coordenador do projeto diretamente na a\u00e7\u00e3o da qual o colaborador faz parte. Se for servidor, a carga hor\u00e1ria de participa\u00e7\u00e3o deve ser encaminhada para aprova\u00e7\u00e3o da chefia. Para alterar [&hellip;]<\/p>\n","protected":false},"author":45,"featured_media":0,"parent":0,"menu_order":0,"comment_status":"closed","ping_status":"closed","template":"","meta":{"footnotes":""},"class_list":["post-5149","page","type-page","status-publish","hentry"],"_links":{"self":[{"href":"https:\/\/wp.ufpel.edu.br\/prppg\/wp-json\/wp\/v2\/pages\/5149","targetHints":{"allow":["GET"]}}],"collection":[{"href":"https:\/\/wp.ufpel.edu.br\/prppg\/wp-json\/wp\/v2\/pages"}],"about":[{"href":"https:\/\/wp.ufpel.edu.br\/prppg\/wp-json\/wp\/v2\/types\/page"}],"author":[{"embeddable":true,"href":"https:\/\/wp.ufpel.edu.br\/prppg\/wp-json\/wp\/v2\/users\/45"}],"replies":[{"embeddable":true,"href":"https:\/\/wp.ufpel.edu.br\/prppg\/wp-json\/wp\/v2\/comments?post=5149"}],"version-history":[{"count":10,"href":"https:\/\/wp.ufpel.edu.br\/prppg\/wp-json\/wp\/v2\/pages\/5149\/revisions"}],"predecessor-version":[{"id":11776,"href":"https:\/\/wp.ufpel.edu.br\/prppg\/wp-json\/wp\/v2\/pages\/5149\/revisions\/11776"}],"wp:attachment":[{"href":"https:\/\/wp.ufpel.edu.br\/prppg\/wp-json\/wp\/v2\/media?parent=5149"}],"curies":[{"name":"wp","href":"https:\/\/api.w.org\/{rel}","templated":true}]}}