{"id":4984,"date":"2018-02-06T11:31:52","date_gmt":"2018-02-06T13:31:52","guid":{"rendered":"https:\/\/wp.ufpel.edu.br\/prppgi\/?page_id=4984"},"modified":"2025-06-06T15:14:41","modified_gmt":"2025-06-06T18:14:41","slug":"projeto-de-pesquisa-sistema-unificado","status":"publish","type":"page","link":"https:\/\/wp.ufpel.edu.br\/prppg\/projeto-de-pesquisa-sistema-unificado\/","title":{"rendered":"Cadastro de Projetos de Pesquisa"},"content":{"rendered":"<p><strong>Novo Projeto de Pesquisa (Sistema Unificado)<\/strong><\/p>\n<p>O Sistema Unificado de Projetos foi institu\u00eddo pela Resolu\u00e7\u00e3o n\u00b0 10 de 2015, que disp\u00f5e sobre o regulamento dos programas e projetos acad\u00eamicos com o prop\u00f3sito de articular um trabalho indissoci\u00e1vel entre o Ensino, a Pesquisa e a Extens\u00e3o.<\/p>\n<p>Para auxiliar no cadastro e tentar dirimir algumas d\u00favidas iniciais do novo sistema, a Coordena\u00e7\u00e3o de Pesquisa elaborou um guia de cadastro de projetos unificados com \u00eanfase em Pesquisa.<\/p>\n<p>Para acessar o guia de cadastro de projetos unificados com \u00eanfase em Pesquisa: <a href=\"https:\/\/wp.ufpel.edu.br\/prppg\/files\/2025\/06\/Guia-Projetos-Unificados-Pesquisa-1.pdf\">Clique aqui<\/a>.<\/p>\n<p>Para efetuar o cadastro de um projeto ou programa unificado acesse o <a href=\"https:\/\/cobalto.ufpel.edu.br\/dashboard\/\">COBALTO<\/a>.<\/p>\n","protected":false},"excerpt":{"rendered":"<p>Novo Projeto de Pesquisa (Sistema Unificado) O Sistema Unificado de Projetos foi institu\u00eddo pela Resolu\u00e7\u00e3o n\u00b0 10 de 2015, que disp\u00f5e sobre o regulamento dos programas e projetos acad\u00eamicos com o prop\u00f3sito de articular um trabalho indissoci\u00e1vel entre o Ensino, a Pesquisa e a Extens\u00e3o. Para auxiliar no cadastro e tentar dirimir algumas d\u00favidas iniciais [&hellip;]<\/p>\n","protected":false},"author":45,"featured_media":0,"parent":0,"menu_order":0,"comment_status":"closed","ping_status":"closed","template":"","meta":{"footnotes":""},"class_list":["post-4984","page","type-page","status-publish","hentry"],"_links":{"self":[{"href":"https:\/\/wp.ufpel.edu.br\/prppg\/wp-json\/wp\/v2\/pages\/4984","targetHints":{"allow":["GET"]}}],"collection":[{"href":"https:\/\/wp.ufpel.edu.br\/prppg\/wp-json\/wp\/v2\/pages"}],"about":[{"href":"https:\/\/wp.ufpel.edu.br\/prppg\/wp-json\/wp\/v2\/types\/page"}],"author":[{"embeddable":true,"href":"https:\/\/wp.ufpel.edu.br\/prppg\/wp-json\/wp\/v2\/users\/45"}],"replies":[{"embeddable":true,"href":"https:\/\/wp.ufpel.edu.br\/prppg\/wp-json\/wp\/v2\/comments?post=4984"}],"version-history":[{"count":13,"href":"https:\/\/wp.ufpel.edu.br\/prppg\/wp-json\/wp\/v2\/pages\/4984\/revisions"}],"predecessor-version":[{"id":11766,"href":"https:\/\/wp.ufpel.edu.br\/prppg\/wp-json\/wp\/v2\/pages\/4984\/revisions\/11766"}],"wp:attachment":[{"href":"https:\/\/wp.ufpel.edu.br\/prppg\/wp-json\/wp\/v2\/media?parent=4984"}],"curies":[{"name":"wp","href":"https:\/\/api.w.org\/{rel}","templated":true}]}}