{"id":4933,"date":"2018-01-05T13:05:27","date_gmt":"2018-01-05T15:05:27","guid":{"rendered":"https:\/\/wp.ufpel.edu.br\/prppgi\/?page_id=4933"},"modified":"2025-11-12T09:08:38","modified_gmt":"2025-11-12T12:08:38","slug":"relatorio-final-de-projetos-de-pesquisa","status":"publish","type":"page","link":"https:\/\/wp.ufpel.edu.br\/prppg\/pesquisa\/relatorio-final-de-projetos-de-pesquisa\/","title":{"rendered":"Relat\u00f3rio Final de Projetos de Pesquisa"},"content":{"rendered":"<p>O envio do relat\u00f3rio final de <strong>projeto unificado<\/strong> \u00e9 feito por meio do COBALTO:<\/p>\n<ul>\n<li>menu projetos unificados &gt; cadastros &gt; relat\u00f3rio &gt; <span style=\"background-color: #ffff00\"><strong>novo<\/strong><\/span> &gt; selecionar o projeto no menu suspenso.<\/li>\n<\/ul>\n","protected":false},"excerpt":{"rendered":"<p>O envio do relat\u00f3rio final de projeto unificado \u00e9 feito por meio do COBALTO: menu projetos unificados &gt; cadastros &gt; relat\u00f3rio &gt; novo &gt; selecionar o projeto no menu suspenso.<\/p>\n","protected":false},"author":45,"featured_media":0,"parent":37,"menu_order":0,"comment_status":"closed","ping_status":"closed","template":"","meta":{"footnotes":""},"class_list":["post-4933","page","type-page","status-publish","hentry"],"_links":{"self":[{"href":"https:\/\/wp.ufpel.edu.br\/prppg\/wp-json\/wp\/v2\/pages\/4933","targetHints":{"allow":["GET"]}}],"collection":[{"href":"https:\/\/wp.ufpel.edu.br\/prppg\/wp-json\/wp\/v2\/pages"}],"about":[{"href":"https:\/\/wp.ufpel.edu.br\/prppg\/wp-json\/wp\/v2\/types\/page"}],"author":[{"embeddable":true,"href":"https:\/\/wp.ufpel.edu.br\/prppg\/wp-json\/wp\/v2\/users\/45"}],"replies":[{"embeddable":true,"href":"https:\/\/wp.ufpel.edu.br\/prppg\/wp-json\/wp\/v2\/comments?post=4933"}],"version-history":[{"count":4,"href":"https:\/\/wp.ufpel.edu.br\/prppg\/wp-json\/wp\/v2\/pages\/4933\/revisions"}],"predecessor-version":[{"id":12399,"href":"https:\/\/wp.ufpel.edu.br\/prppg\/wp-json\/wp\/v2\/pages\/4933\/revisions\/12399"}],"up":[{"embeddable":true,"href":"https:\/\/wp.ufpel.edu.br\/prppg\/wp-json\/wp\/v2\/pages\/37"}],"wp:attachment":[{"href":"https:\/\/wp.ufpel.edu.br\/prppg\/wp-json\/wp\/v2\/media?parent=4933"}],"curies":[{"name":"wp","href":"https:\/\/api.w.org\/{rel}","templated":true}]}}