{"id":4905,"date":"2018-01-04T10:29:18","date_gmt":"2018-01-04T12:29:18","guid":{"rendered":"https:\/\/wp.ufpel.edu.br\/prppgi\/?page_id=4905"},"modified":"2026-04-06T09:12:37","modified_gmt":"2026-04-06T12:12:37","slug":"substituicoes-de-bolsistas","status":"publish","type":"page","link":"https:\/\/wp.ufpel.edu.br\/prppg\/substituicao-de-bolsistas\/substituicoes-de-bolsistas\/","title":{"rendered":"Substitui\u00e7\u00f5es de Bolsistas"},"content":{"rendered":"<p><strong>Ver instru\u00e7\u00f5es para a substitui\u00e7\u00e3o de bolsistas de acordo com seu tipo de bolsa:<\/strong><\/p>\n<p><a href=\"https:\/\/wp.ufpel.edu.br\/prppg\/?page_id=11518&amp;preview=true\"><b>PROBIC\/PROBIC-AF\/PROBITI FAPERGS<\/b><\/a><\/p>\n<p><a href=\"https:\/\/wp.ufpel.edu.br\/prppg\/?page_id=11524&amp;preview=true\"><b>PIBIC\/PIBIC-AF\/PIBITI CNPq<\/b><\/a><\/p>\n<p><a href=\"https:\/\/wp.ufpel.edu.br\/prppg\/?page_id=11528&amp;preview=true\"><b>PBIP-AF\/PBIP-DIV\/PBIP-IT\/PBEI UFPel<\/b><\/a><\/p>\n<p><a href=\"https:\/\/wp.ufpel.edu.br\/prppg\/?page_id=11531&amp;preview=true\"><b style=\"color: var(--cor-texto);font-family: var(--fonte-corpo)\">PIBIC-Jr CNPq\/PBIP-EM UFPel<\/b><\/a><\/p>\n<p>&nbsp;<\/p>\n","protected":false},"excerpt":{"rendered":"<p>Ver instru\u00e7\u00f5es para a substitui\u00e7\u00e3o de bolsistas de acordo com seu tipo de bolsa: PROBIC\/PROBIC-AF\/PROBITI FAPERGS PIBIC\/PIBIC-AF\/PIBITI CNPq PBIP-AF\/PBIP-DIV\/PBIP-IT\/PBEI UFPel PIBIC-Jr CNPq\/PBIP-EM UFPel &nbsp;<\/p>\n","protected":false},"author":45,"featured_media":0,"parent":1686,"menu_order":0,"comment_status":"closed","ping_status":"closed","template":"","meta":{"footnotes":""},"class_list":["post-4905","page","type-page","status-publish","hentry"],"_links":{"self":[{"href":"https:\/\/wp.ufpel.edu.br\/prppg\/wp-json\/wp\/v2\/pages\/4905","targetHints":{"allow":["GET"]}}],"collection":[{"href":"https:\/\/wp.ufpel.edu.br\/prppg\/wp-json\/wp\/v2\/pages"}],"about":[{"href":"https:\/\/wp.ufpel.edu.br\/prppg\/wp-json\/wp\/v2\/types\/page"}],"author":[{"embeddable":true,"href":"https:\/\/wp.ufpel.edu.br\/prppg\/wp-json\/wp\/v2\/users\/45"}],"replies":[{"embeddable":true,"href":"https:\/\/wp.ufpel.edu.br\/prppg\/wp-json\/wp\/v2\/comments?post=4905"}],"version-history":[{"count":3,"href":"https:\/\/wp.ufpel.edu.br\/prppg\/wp-json\/wp\/v2\/pages\/4905\/revisions"}],"predecessor-version":[{"id":12893,"href":"https:\/\/wp.ufpel.edu.br\/prppg\/wp-json\/wp\/v2\/pages\/4905\/revisions\/12893"}],"up":[{"embeddable":true,"href":"https:\/\/wp.ufpel.edu.br\/prppg\/wp-json\/wp\/v2\/pages\/1686"}],"wp:attachment":[{"href":"https:\/\/wp.ufpel.edu.br\/prppg\/wp-json\/wp\/v2\/media?parent=4905"}],"curies":[{"name":"wp","href":"https:\/\/api.w.org\/{rel}","templated":true}]}}