{"id":45,"date":"2013-08-13T16:16:39","date_gmt":"2013-08-13T19:16:39","guid":{"rendered":"https:\/\/wp.ufpel.edu.br\/prppg\/?page_id=45"},"modified":"2025-03-21T09:41:03","modified_gmt":"2025-03-21T12:41:03","slug":"revalidacao-de-titulos","status":"publish","type":"page","link":"https:\/\/wp.ufpel.edu.br\/prppg\/revalidacao-de-titulos\/","title":{"rendered":"Reconhecimento de Diplomas"},"content":{"rendered":"<h3><span style=\"color: #000000\"><strong>Reconhecimento de diplomas de p\u00f3s-<\/strong><\/span><span style=\"color: #000000\">gradua\u00e7\u00e3o<\/span><\/h3>\n<div dir=\"ltr\">Informamos que a an\u00e1lise dos pedidos de Reconhecimento de diploma de P\u00f3s-Gradua\u00e7\u00e3o obtido no exterior n\u00e3o \u00e9 mais feita pela PRPPG, mas\u00a0 na CRInter, atrav\u00e9s da Plataforma Carolina Bori.<\/div>\n<div dir=\"ltr\">Havendo necessidade de complementa\u00e7\u00e3o de documentos, ser\u00e1 enviado aviso atrav\u00e9s da Plataforma (chegar\u00e1 no e-mail cadastrado) e ser\u00e1 aberto prazo de 30 dias para que complemente.<\/div>\n<div>Informa\u00e7\u00f5es sobre o procedimento podem ser acessadas no nosso site:\u00a0<a href=\"https:\/\/wp.ufpel.edu.br\/crinter\/revalidacao-e-reconhecimento-de-diplomas\/\" target=\"_blank\" rel=\"noopener noreferrer\">https:\/\/wp.ufpel.edu.br\/crinter\/revalidacao-e-reconhecimento-de-diplomas\/<\/a><\/div>\n<p>&nbsp;<\/p>\n<p>&nbsp;<\/p>\n<p>&nbsp;<\/p>\n","protected":false},"excerpt":{"rendered":"<p>Reconhecimento de diplomas de p\u00f3s-gradua\u00e7\u00e3o Informamos que a an\u00e1lise dos pedidos de Reconhecimento de diploma de P\u00f3s-Gradua\u00e7\u00e3o obtido no exterior n\u00e3o \u00e9 mais feita pela PRPPG, mas\u00a0 na CRInter, atrav\u00e9s da Plataforma Carolina Bori. Havendo necessidade de complementa\u00e7\u00e3o de documentos, ser\u00e1 enviado aviso atrav\u00e9s da Plataforma (chegar\u00e1 no e-mail cadastrado) e ser\u00e1 aberto prazo de [&hellip;]<\/p>\n","protected":false},"author":45,"featured_media":0,"parent":0,"menu_order":0,"comment_status":"closed","ping_status":"closed","template":"","meta":{"footnotes":""},"class_list":["post-45","page","type-page","status-publish","hentry"],"_links":{"self":[{"href":"https:\/\/wp.ufpel.edu.br\/prppg\/wp-json\/wp\/v2\/pages\/45","targetHints":{"allow":["GET"]}}],"collection":[{"href":"https:\/\/wp.ufpel.edu.br\/prppg\/wp-json\/wp\/v2\/pages"}],"about":[{"href":"https:\/\/wp.ufpel.edu.br\/prppg\/wp-json\/wp\/v2\/types\/page"}],"author":[{"embeddable":true,"href":"https:\/\/wp.ufpel.edu.br\/prppg\/wp-json\/wp\/v2\/users\/45"}],"replies":[{"embeddable":true,"href":"https:\/\/wp.ufpel.edu.br\/prppg\/wp-json\/wp\/v2\/comments?post=45"}],"version-history":[{"count":82,"href":"https:\/\/wp.ufpel.edu.br\/prppg\/wp-json\/wp\/v2\/pages\/45\/revisions"}],"predecessor-version":[{"id":11425,"href":"https:\/\/wp.ufpel.edu.br\/prppg\/wp-json\/wp\/v2\/pages\/45\/revisions\/11425"}],"wp:attachment":[{"href":"https:\/\/wp.ufpel.edu.br\/prppg\/wp-json\/wp\/v2\/media?parent=45"}],"curies":[{"name":"wp","href":"https:\/\/api.w.org\/{rel}","templated":true}]}}