{"id":4262,"date":"2017-04-05T08:32:41","date_gmt":"2017-04-05T11:32:41","guid":{"rendered":"https:\/\/wp.ufpel.edu.br\/prppg\/?page_id=4262"},"modified":"2025-11-12T09:06:26","modified_gmt":"2025-11-12T12:06:26","slug":"cadastro-de-grupos-de-pesquisa","status":"publish","type":"page","link":"https:\/\/wp.ufpel.edu.br\/prppg\/cadastro-de-grupos-de-pesquisa\/","title":{"rendered":"Cadastro de Grupos de Pesquisa"},"content":{"rendered":"<p>Para cadastrar Grupos de Pesquisa no Diret\u00f3rio de Grupos do CNPq o pesquisador deve encaminhar um e-mail \u00e0 Coordena\u00e7\u00e3o de Pesquisa da UFPel (cpesqufpel@gmail.com) solicitando o seu cadastro como l\u00edder de Grupo.<\/p>\n<p>Ap\u00f3s o cadastro, o pesquisador deve acessar\u00a0a p\u00e1gina do <a href=\"http:\/\/lattes.cnpq.br\/web\/dgp\">Diret\u00f3rio de Grupos de Pesquisa do CNPq<\/a>, utilizando seu CPF e senha do Lattes, cadastrar e submeter um novo grupo e encaminhar novamente um e-mail \u00e0 Coordena\u00e7\u00e3o de Pesquisa da UFPel solicitando a certifica\u00e7\u00e3o do Grupo.<\/p>\n<p>As orienta\u00e7\u00f5es gerais sobre o preenchimento de Grupo de Pesquisa e funcionalidades do Diret\u00f3rio podem ser acessadas atrav\u00e9s do <a href=\"http:\/\/lattes.cnpq.br\/web\/dgp\/manual-do-usuario\/\">Manual do Usu\u00e1rio<\/a>.<\/p>\n","protected":false},"excerpt":{"rendered":"<p>Para cadastrar Grupos de Pesquisa no Diret\u00f3rio de Grupos do CNPq o pesquisador deve encaminhar um e-mail \u00e0 Coordena\u00e7\u00e3o de Pesquisa da UFPel (cpesqufpel@gmail.com) solicitando o seu cadastro como l\u00edder de Grupo. Ap\u00f3s o cadastro, o pesquisador deve acessar\u00a0a p\u00e1gina do Diret\u00f3rio de Grupos de Pesquisa do CNPq, utilizando seu CPF e senha do Lattes, [&hellip;]<\/p>\n","protected":false},"author":45,"featured_media":0,"parent":0,"menu_order":0,"comment_status":"closed","ping_status":"closed","template":"","meta":{"footnotes":""},"class_list":["post-4262","page","type-page","status-publish","hentry"],"_links":{"self":[{"href":"https:\/\/wp.ufpel.edu.br\/prppg\/wp-json\/wp\/v2\/pages\/4262","targetHints":{"allow":["GET"]}}],"collection":[{"href":"https:\/\/wp.ufpel.edu.br\/prppg\/wp-json\/wp\/v2\/pages"}],"about":[{"href":"https:\/\/wp.ufpel.edu.br\/prppg\/wp-json\/wp\/v2\/types\/page"}],"author":[{"embeddable":true,"href":"https:\/\/wp.ufpel.edu.br\/prppg\/wp-json\/wp\/v2\/users\/45"}],"replies":[{"embeddable":true,"href":"https:\/\/wp.ufpel.edu.br\/prppg\/wp-json\/wp\/v2\/comments?post=4262"}],"version-history":[{"count":4,"href":"https:\/\/wp.ufpel.edu.br\/prppg\/wp-json\/wp\/v2\/pages\/4262\/revisions"}],"predecessor-version":[{"id":12398,"href":"https:\/\/wp.ufpel.edu.br\/prppg\/wp-json\/wp\/v2\/pages\/4262\/revisions\/12398"}],"wp:attachment":[{"href":"https:\/\/wp.ufpel.edu.br\/prppg\/wp-json\/wp\/v2\/media?parent=4262"}],"curies":[{"name":"wp","href":"https:\/\/api.w.org\/{rel}","templated":true}]}}