{"id":39,"date":"2013-08-13T15:54:20","date_gmt":"2013-08-13T18:54:20","guid":{"rendered":"https:\/\/wp.ufpel.edu.br\/prppg\/?page_id=39"},"modified":"2025-11-12T09:17:10","modified_gmt":"2025-11-12T12:17:10","slug":"pos-graducao","status":"publish","type":"page","link":"https:\/\/wp.ufpel.edu.br\/prppg\/pos-graducao\/","title":{"rendered":"P\u00f3s-Gradua\u00e7\u00e3o"},"content":{"rendered":"<h3><span style=\"color: #000000;font-size: 18pt\">Coordenadoria de P\u00f3s-Gradua\u00e7\u00e3o (CPG)<\/span><\/h3>\n<p><span style=\"color: #000000;font-size: 14pt\"><strong>Coordenadora<\/strong><\/span><\/p>\n<p><span style=\"color: #000000\">Prof.\u00aa Dr.\u00aa Georgina Helena Xavier Lima<\/span><\/p>\n<p><span style=\"color: #000000\"><strong>Descri\u00e7\u00e3o<br \/>\n<\/strong><\/span><\/p>\n<p><span style=\"color: #000000\">A Coordena\u00e7\u00e3o executa a pol\u00edtica de p\u00f3s-gradua\u00e7\u00e3o definida pela UFPel, viabilizando o funcionamento e a qualifica\u00e7\u00e3o dos Programas e dos Cursos Stricto e Lato Sensu. Cabe a Coordena\u00e7\u00e3o a\u00e7\u00f5es que otimizem as demandas dos Programas, aperfei\u00e7oando normas de funcionamento, desenvolvendo atividades de capacita\u00e7\u00e3o, assessorando a aloca\u00e7\u00e3o de recursos para atividades que qualifiquem cada Curso e cada Programa; dando apoio e o incentivo a diferentes \u00e1reas na elabora\u00e7\u00e3o de projetos de cria\u00e7\u00e3o de novos Cursos e Programas, bem como o acompanhamento e a divulga\u00e7\u00e3o de atividades da p\u00f3s-gradua\u00e7\u00e3o, cujo reto seja a qualifica\u00e7\u00e3o do processo formativo e investigativo para atender as demandas cient\u00edficas e sociais envolvidas na forma\u00e7\u00e3o de novos pesquisadores.<\/span><br \/>\n<span style=\"color: #000000\"> A efetiva\u00e7\u00e3o dessa pol\u00edtica \u00e9 garantida pelo trabalho de dois N\u00facleos, cada um deles respons\u00e1vel pelo atendimento de demandas espec\u00edficas que envolvam a vida dos Programas e dos Cursos de P\u00f3s-Gradua\u00e7\u00e3o.<\/span><\/p>\n<p><span style=\"color: #000000\"><strong>N\u00facleo de P\u00f3s-gradua\u00e7\u00e3o (NPG)<\/strong><\/span><\/p>\n<p><span style=\"color: #000000\"><strong>Chefe:<\/strong> Helen Montes Vieira<\/span><\/p>\n<p><span style=\"color: #000000\"><strong>Descri\u00e7\u00e3o<\/strong><\/span><\/p>\n<p><span style=\"color: #000000\">Atendimento e orienta\u00e7\u00e3o de quest\u00f5es relacionadas aos agentes e Programas, acompanhando processos sobre bolsas, documenta\u00e7\u00e3o, funcionamento e estrutura\u00e7\u00e3o de cada Curso, bem como o apoio na qualifica\u00e7\u00e3o e na cria\u00e7\u00e3o de novos Programas. Cabe ainda ao N\u00facleo atender diretamente as demandas oriundas da CAPES e demais ag\u00eancias de fomento que, direta ou indiretamente, tenham rela\u00e7\u00e3o com a pol\u00edtica nacional de p\u00f3s-gradua\u00e7\u00e3o.<\/span><\/p>\n<p><span style=\"color: #000000\">Encarregada do acompanhamento di\u00e1rio das demandas dos Programas em rela\u00e7\u00e3o a bolsas, editais, prazos, agentes, etc.<\/span><\/p>\n<p><span style=\"color: #000000\"><strong>Equipe<\/strong><\/span><\/p>\n<ul>\n<li><span style=\"color: #000000\">Aline Acosta Mathies<\/span><\/li>\n<li><span style=\"color: #000000\">Evandro Dotto Dias<\/span><\/li>\n<\/ul>\n<p>&nbsp;<\/p>\n<p><span style=\"color: #000000\"><strong>N\u00facleo de Execu\u00e7\u00e3o Or\u00e7ament\u00e1ria (NEOR)<\/strong><\/span><\/p>\n<p><span style=\"color: #000000\"><strong>Chefe:<\/strong> Fabiane Bergmann Xavier<br \/>\n<\/span><\/p>\n<p><span style=\"color: #000000\"><strong>Equipe<br \/>\n<\/strong><\/span><\/p>\n<ul>\n<li>Gabriela Valerio Paz Oliveira<\/li>\n<\/ul>\n<p><span style=\"color: #000000\"><b>Descri\u00e7\u00e3o<\/b><\/span><\/p>\n<p><span style=\"color: #000000\">Execu\u00e7\u00e3o das demandas relacionadas ao or\u00e7amento dos Programas e dos Cursos, envolvendo verbas do PROAP e de outras fontes, al\u00e9m do apoio na utiliza\u00e7\u00e3o do Sistema SCDP e de materiais do Almoxarifado central da Universidade. Atendimento, viabiliza\u00e7\u00e3o e confer\u00eancia no uso de recursos financeiros dos Programas de P\u00f3s-Gradua\u00e7\u00e3o.<\/span><\/p>\n<p>&nbsp;<\/p>\n<p><span style=\"color: #000000\"><b>N\u00facleo de Interdisciplinaridade, Avalia\u00e7\u00e3o e Planejamento da P\u00f3s-Gradua\u00e7\u00e3o (NIAPP)<\/b><\/span><\/p>\n<p><span style=\"color: #000000\"><strong>Chefe:<\/strong> Marco Antonio Tonus Marinho<\/span><\/p>\n<p><strong><span style=\"color: #000000\">Descri\u00e7\u00e3o<\/span><\/strong><\/p>\n<p><span style=\"color: #000000\">\u00d3rg\u00e3o respons\u00e1vel por analisar e propor a\u00e7\u00f5es que visem \u00e0 interlocu\u00e7\u00e3o de pesquisadores das diversas \u00e1reas do conhecimento em n\u00edvel de p\u00f3s-gradua\u00e7\u00e3o, como tamb\u00e9m atuar e orientar os diversos atores no desenvolvimento e implementa\u00e7\u00e3o de instrumentos e pol\u00edticas de avalia\u00e7\u00e3o e de planejamento estrat\u00e9gico para a p\u00f3s-gradua\u00e7\u00e3o, seja em n\u00edvel de programas, seja em n\u00edvel institucional.<\/span><\/p>\n<div><\/div>\n<div><\/div>\n<p><span style=\"color: #000000\"><strong>\u00a0<\/strong><\/span><\/p>\n","protected":false},"excerpt":{"rendered":"<p>Coordenadoria de P\u00f3s-Gradua\u00e7\u00e3o (CPG) Coordenadora Prof.\u00aa Dr.\u00aa Georgina Helena Xavier Lima Descri\u00e7\u00e3o A Coordena\u00e7\u00e3o executa a pol\u00edtica de p\u00f3s-gradua\u00e7\u00e3o definida pela UFPel, viabilizando o funcionamento e a qualifica\u00e7\u00e3o dos Programas e dos Cursos Stricto e Lato Sensu. Cabe a Coordena\u00e7\u00e3o a\u00e7\u00f5es que otimizem as demandas dos Programas, aperfei\u00e7oando normas de funcionamento, desenvolvendo atividades de capacita\u00e7\u00e3o, [&hellip;]<\/p>\n","protected":false},"author":45,"featured_media":0,"parent":0,"menu_order":0,"comment_status":"closed","ping_status":"closed","template":"","meta":{"footnotes":""},"class_list":["post-39","page","type-page","status-publish","hentry"],"_links":{"self":[{"href":"https:\/\/wp.ufpel.edu.br\/prppg\/wp-json\/wp\/v2\/pages\/39","targetHints":{"allow":["GET"]}}],"collection":[{"href":"https:\/\/wp.ufpel.edu.br\/prppg\/wp-json\/wp\/v2\/pages"}],"about":[{"href":"https:\/\/wp.ufpel.edu.br\/prppg\/wp-json\/wp\/v2\/types\/page"}],"author":[{"embeddable":true,"href":"https:\/\/wp.ufpel.edu.br\/prppg\/wp-json\/wp\/v2\/users\/45"}],"replies":[{"embeddable":true,"href":"https:\/\/wp.ufpel.edu.br\/prppg\/wp-json\/wp\/v2\/comments?post=39"}],"version-history":[{"count":4,"href":"https:\/\/wp.ufpel.edu.br\/prppg\/wp-json\/wp\/v2\/pages\/39\/revisions"}],"predecessor-version":[{"id":12402,"href":"https:\/\/wp.ufpel.edu.br\/prppg\/wp-json\/wp\/v2\/pages\/39\/revisions\/12402"}],"wp:attachment":[{"href":"https:\/\/wp.ufpel.edu.br\/prppg\/wp-json\/wp\/v2\/media?parent=39"}],"curies":[{"name":"wp","href":"https:\/\/api.w.org\/{rel}","templated":true}]}}