{"id":303,"date":"2013-08-15T16:40:49","date_gmt":"2013-08-15T19:40:49","guid":{"rendered":"https:\/\/wp.ufpel.edu.br\/prppg\/?page_id=303"},"modified":"2025-11-12T09:10:04","modified_gmt":"2025-11-12T12:10:04","slug":"documentos","status":"publish","type":"page","link":"https:\/\/wp.ufpel.edu.br\/prppg\/documentos\/","title":{"rendered":"Documentos"},"content":{"rendered":"<p><a href=\"https:\/\/wp.ufpel.edu.br\/prppg\/files\/2025\/07\/Termo-de-Outorga-PROBIC-PROBITI-2025-26.docx\"><span style=\"font-family: arial, helvetica, sans-serif;font-size: 12pt\">Termo de outorga PROBITI\/ PROBIC 2025-2026<\/span><\/a><\/p>\n<h4 style=\"text-align: justify\"><span style=\"font-family: arial, helvetica, sans-serif;font-size: 12pt\">Instru\u00e7\u00f5es de preenchimento e envio do Termo de Outorga FAPERGS:<\/span><\/h4>\n<div style=\"text-align: justify\">\n<p><span style=\"font-family: arial, helvetica, sans-serif;font-size: 12pt\">1) Na primeira p\u00e1gina: preencher os dados do bolsista e orientador;<\/span><\/p>\n<\/div>\n<div style=\"text-align: justify\">\n<p><span style=\"font-family: arial, helvetica, sans-serif;font-size: 12pt\"><span style=\"text-align: justify\">2) <strong>N\u00e3o assinar <\/strong>ou incluir testemunhas. As assinaturas ser\u00e3o colhidas posteriormente pela FAPERGS atrav\u00e9s da plataforma de assinatura eletr\u00f4nica <\/span>Clicksign<span style=\"text-align: justify\">, portanto orientador e bolsista devem estar com o cadastro atualizado no SigFapergs, para que a FAPERGS possa consultar os e-mails e enviar o documento para assinatura.\u00a0<\/span><\/span><\/p>\n<\/div>\n<div style=\"text-align: justify\">\n<p><span style=\"font-family: arial, helvetica, sans-serif;font-size: 12pt\"><strong>3)\u00a0 <\/strong><strong>O bolsista dever\u00e1 estar com o cadastro atualizado no SigFapergs e anexar no link Dados Pessoais\/Envio de documentos Pessoais\/Tipo de Documento:<\/strong><\/span><\/p>\n<\/div>\n<div style=\"text-align: justify\">\n<div style=\"text-align: justify\"><span style=\"font-family: arial, helvetica, sans-serif;font-size: 12pt\">&#8211; C\u00f3pia do CPF\/RG do Bolsista &#8211; campo espec\u00edfico;<\/span><\/div>\n<div style=\"text-align: justify\"><span style=\"font-family: arial, helvetica, sans-serif;font-size: 12pt\">&#8211; Atestado de matr\u00edcula &#8211; campo espec\u00edfico;<\/span><\/div>\n<div style=\"text-align: justify\"><span style=\"font-family: arial, helvetica, sans-serif;font-size: 12pt\">&#8211; Anexar uma c\u00f3pia digitalizada informando o n\u00famero da conta e ag\u00eancia no BANRISUL(c\u00f3pia do cart\u00e3o da conta <u>ou<\/u> termo de abertura de conta), na qual os recursos ser\u00e3o depositados, em &#8220;Dados Pessoais\/Envio de Documentos Pessoais\/Tipo de Documento\/Outros Documentos Pessoais&#8221;;<\/span><\/div>\n<div style=\"text-align: justify\"><span style=\"font-family: arial, helvetica, sans-serif;font-size: 12pt\">&#8211; No caso de bolsas da modalidade A\u00e7\u00f5es Afirmativas (<\/span><strong style=\"font-family: arial, helvetica, sans-serif;font-size: 12pt\">PROBIC-AF<\/strong><span style=\"font-family: arial, helvetica, sans-serif;font-size: 12pt\">), c\u00f3pia do comprovante de ingresso por programa de a\u00e7\u00f5es afirmativas, anexados em &#8220;Dados Pessoais\/Envio de Documentos Pessoais\/C\u00f3pia do comprovante de ingresso por programa de a\u00e7\u00f5es afirmativas&#8221;.<\/span><\/div>\n<div>\n<div><\/div>\n<\/div>\n<div style=\"text-align: justify\"><span style=\"font-family: arial, helvetica, sans-serif;font-size: 12pt\">*A conta de recebimento da bolsa PROBIC\/PROBITI deve ser uma conta corrente do banco Banrisul, no nome do bolsista, com in\u00edcio 35 ou 39. N\u00e3o pode ser conta Jovem, Mesada Eletr\u00f4nica, Conta Sal\u00e1rio ou conta compartilhada.<\/span><\/div>\n<div style=\"text-align: justify\"><span style=\"font-family: arial, helvetica, sans-serif;font-size: 12pt\">O bolsista que n\u00e3o estiver com o cadastro conclu\u00eddo no SigFapergs n\u00e3o ter\u00e1 a bolsa implementada.<\/span><\/div>\n<div><span style=\"font-family: arial, helvetica, sans-serif;font-size: 12pt\"><br \/>\n<a href=\"https:\/\/wp.ufpel.edu.br\/prppgi\/files\/2020\/07\/20140707-formulariosubstituicaocancelamentobolsista2020.docx\">Formul\u00e1rio de Substitui\u00e7\u00e3o\/Cancelamento de bolsistas FAPERGS<\/a><br \/>\n<\/span><\/div>\n<\/div>\n<ul>\n<li style=\"text-align: justify\"><span style=\"font-family: arial, helvetica, sans-serif;font-size: 12pt\"><a href=\"https:\/\/wp.ufpel.edu.br\/prppgi\/files\/2021\/05\/Tutorial-para-Submissa\u0303o-de-Bolsas-de-IC-e-IT.pdf\">Tutorial para solicita\u00e7\u00e3o de bolsas IC e IT no COBALTO<\/a><\/span><\/li>\n<li style=\"text-align: justify\"><span style=\"color: #000000;font-family: arial, helvetica, sans-serif;font-size: 12pt\"><a href=\"https:\/\/wp.ufpel.edu.br\/prppg\/files\/2013\/08\/Modelo-Estruturado-de-Projeto-de-Pesquisa.doc\">Modelo Estruturado de Projeto de Pesquisa<\/a><\/span><\/li>\n<li style=\"text-align: justify\"><span style=\"font-family: arial, helvetica, sans-serif;font-size: 12pt\"><a href=\"https:\/\/wp.ufpel.edu.br\/prppgi\/files\/2018\/06\/Relat\u00f3rio-bolsistas-CNPq-e-UFPel.rtf\">Modelo de Relat\u00f3rio &#8211; Bolsistas de Inicia\u00e7\u00e3o Cient\u00edfica e Tecnol\u00f3gica (CNPq e UFPel)<\/a><\/span><\/li>\n<li style=\"text-align: justify\"><span style=\"font-family: arial, helvetica, sans-serif;font-size: 12pt\"><a href=\"https:\/\/wp.ufpel.edu.br\/prppgi\/files\/2018\/06\/Relat\u00f3rio-bolsistas-FAPERGS.doc\">Modelo de Relat\u00f3rio &#8211; Bolsistas de Inicia\u00e7\u00e3o Cient\u00edfica e Tecnol\u00f3gica (FAPERGS)<\/a><\/span><\/li>\n<\/ul>\n","protected":false},"excerpt":{"rendered":"<p>Termo de outorga PROBITI\/ PROBIC 2025-2026 Instru\u00e7\u00f5es de preenchimento e envio do Termo de Outorga FAPERGS: 1) Na primeira p\u00e1gina: preencher os dados do bolsista e orientador; 2) N\u00e3o assinar ou incluir testemunhas. As assinaturas ser\u00e3o colhidas posteriormente pela FAPERGS atrav\u00e9s da plataforma de assinatura eletr\u00f4nica Clicksign, portanto orientador e bolsista devem estar com o [&hellip;]<\/p>\n","protected":false},"author":45,"featured_media":0,"parent":0,"menu_order":0,"comment_status":"closed","ping_status":"closed","template":"","meta":{"footnotes":""},"class_list":["post-303","page","type-page","status-publish","hentry"],"_links":{"self":[{"href":"https:\/\/wp.ufpel.edu.br\/prppg\/wp-json\/wp\/v2\/pages\/303","targetHints":{"allow":["GET"]}}],"collection":[{"href":"https:\/\/wp.ufpel.edu.br\/prppg\/wp-json\/wp\/v2\/pages"}],"about":[{"href":"https:\/\/wp.ufpel.edu.br\/prppg\/wp-json\/wp\/v2\/types\/page"}],"author":[{"embeddable":true,"href":"https:\/\/wp.ufpel.edu.br\/prppg\/wp-json\/wp\/v2\/users\/45"}],"replies":[{"embeddable":true,"href":"https:\/\/wp.ufpel.edu.br\/prppg\/wp-json\/wp\/v2\/comments?post=303"}],"version-history":[{"count":4,"href":"https:\/\/wp.ufpel.edu.br\/prppg\/wp-json\/wp\/v2\/pages\/303\/revisions"}],"predecessor-version":[{"id":12400,"href":"https:\/\/wp.ufpel.edu.br\/prppg\/wp-json\/wp\/v2\/pages\/303\/revisions\/12400"}],"wp:attachment":[{"href":"https:\/\/wp.ufpel.edu.br\/prppg\/wp-json\/wp\/v2\/media?parent=303"}],"curies":[{"name":"wp","href":"https:\/\/api.w.org\/{rel}","templated":true}]}}