{"id":245,"date":"2013-08-14T11:34:00","date_gmt":"2013-08-14T14:34:00","guid":{"rendered":"https:\/\/wp.ufpel.edu.br\/prppg\/?page_id=245"},"modified":"2014-03-10T10:16:51","modified_gmt":"2014-03-10T13:16:51","slug":"patentes","status":"publish","type":"page","link":"https:\/\/wp.ufpel.edu.br\/prppg\/patentes\/","title":{"rendered":"Inova\u00e7\u00f5es Tecnol\u00f3gicas"},"content":{"rendered":"<ul>\n<li><span style=\"color: #000000\"><a class=\"lbp_secondary cboxElement\" href=\"https:\/\/wp.ufpel.edu.br\/prppg\/files\/2013\/08\/BR-10-2012-001182-4.pdf\"><span style=\"color: #000000\">DEBULHADOR MANUAL DE MILHO VERDE<br \/>\n<\/span><\/a><\/span><\/li>\n<li><span style=\"color: #000000\"><a class=\"lbp_secondary cboxElement\" href=\"https:\/\/wp.ufpel.edu.br\/prppg\/files\/2013\/08\/BR-10-2012-001183-2-.pdf\"><span style=\"color: #000000\">PROCESSO DE PRODU\u00c7\u00c3O DE VACINA CONTRA COLIBACILOSE SU\u00cdNA, UTILIZANDO CATECOLAMINAS E AUTO-INDUTORES<br \/>\n<\/span><\/a><\/span><\/li>\n<li><span style=\"color: #000000\"><a class=\"lbp_secondary cboxElement\" href=\"https:\/\/wp.ufpel.edu.br\/prppg\/files\/2013\/08\/BR-10-2012-01215.pdf\"><span style=\"color: #000000\">REFRAT\u00c1RIO CER\u00c2MICO OBTIDO ATRAV\u00c9S DE IMPREGNA\u00c7\u00c3O DE SOLU\u00c7\u00c3O PRECURSORA CER\u00c2MICA REPLICADA<br \/>\nEM MATRIZ ORG\u00c2NICA FIBROSA<\/span><\/a><\/span><\/li>\n<li><span style=\"color: #000000\"><a class=\"lbp_secondary cboxElement\" href=\"https:\/\/wp.ufpel.edu.br\/prppg\/files\/2013\/08\/BR-10-2012-012152-2.pdf\"><span style=\"color: #000000\">CASQUILHOS A BASE DE PRATA PARA APLICA\u00c7\u00c3O EM MOTORES VEICULARES A COMBUST\u00c3O INTERNA<br \/>\n<\/span><\/a><\/span><\/li>\n<li><span style=\"color: #000000\"><a class=\"lbp_secondary cboxElement\" href=\"https:\/\/wp.ufpel.edu.br\/prppg\/files\/2013\/08\/BR-10-2012-012157-3.pdf\"><span style=\"color: #000000\">DOSADOR DE PALHETAS COM DUAS SA\u00cdDAS DE MATERIAL<br \/>\n<\/span><\/a><\/span><\/li>\n<li><span style=\"color: #000000\"><a class=\"lbp_secondary cboxElement\" href=\"https:\/\/wp.ufpel.edu.br\/prppg\/files\/2013\/08\/BR-10-2012-021809-7.pdf\"><span style=\"color: #000000\">UTILIZA\u00c7\u00c3O DE MYCOBACTERIUM BOVIS BCG AUXOTR\u00d3FICO SUPEREXPRESSANDO AG85B COMO AGENTE TERAP\u00caUTICO E\/OU IMUNOTERAP\u00caUTICO PARA C\u00c2NCER DE BEXIGA<br \/>\n<\/span><\/a><\/span><\/li>\n<li><span style=\"color: #000000\"><a class=\"lbp_secondary cboxElement\" href=\"https:\/\/wp.ufpel.edu.br\/prppg\/files\/2013\/08\/BR-10-2012-021810-0.pdf\"><span style=\"color: #000000\">XANTANA COMO ADJUVANTE EM VACINA DE SUBUNIDADE RECOMBINANTE<br \/>\n<\/span><\/a><\/span><\/li>\n<li><span style=\"color: #000000\"><a class=\"lbp_secondary cboxElement\" href=\"https:\/\/wp.ufpel.edu.br\/prppg\/files\/2013\/08\/BR-10-2012-021811-9.pdf\"><span style=\"color: #000000\">SEQU\u00caNCIA DE DNA RECOMBINANTE PARA PRODU\u00c7\u00c3O DE ERITROPOETINA RECOMBINANTE EM GALINHAS TRANSG\u00caNICAS<br \/>\n<\/span><\/a><\/span><\/li>\n<li><span style=\"color: #000000\"><a class=\"lbp_secondary cboxElement\" href=\"https:\/\/wp.ufpel.edu.br\/prppg\/files\/2013\/08\/BR-10-2012-021813-5-.pdf\"><span style=\"color: #000000\">METODOLOGIA DE AVALIA\u00c7\u00c3O DA TOXICIDADE DE ONCOF\u00c1RMACOS E DE NANOESTRUTURAS EM O\u00d3CITOS E EMBRI\u00d5ES BOVINOS<br \/>\n<\/span><\/a><\/span><\/li>\n<li><span style=\"color: #000000\"><a class=\"lbp_secondary cboxElement\" href=\"https:\/\/wp.ufpel.edu.br\/prppg\/files\/2013\/08\/BR-10-2012-027963-0.pdf\"><span style=\"color: #000000\">APLICA\u00c7\u00c3O DE MICROALGAS PARA BIORREMEDIA\u00c7\u00c3O DO GLICEROL ORIUNDO DA OBTEN\u00c7\u00c3O DE BIODIESEL<br \/>\n<\/span><\/a><\/span><\/li>\n<li><span style=\"color: #000000\"><a class=\"lbp_secondary cboxElement\" href=\"https:\/\/wp.ufpel.edu.br\/prppg\/files\/2013\/08\/BR-10-2012-027964-9.pdf\"><span style=\"color: #000000\">REATOR DE BANCADA PARA S\u00cdNTESE DE BIODIESEL<br \/>\n<\/span><\/a><\/span><\/li>\n<li><span style=\"color: #000000\"><a class=\"lbp_secondary cboxElement\" href=\"https:\/\/wp.ufpel.edu.br\/prppg\/files\/2013\/08\/BR-10-2012-027965-7.pdf\"><span style=\"color: #000000\">PROCESSO SUSTENT\u00c1VEL PARA S\u00cdNTESE DE CHALCONAS UTILIZANDO GLICEROL COMO SOLVENTE<br \/>\n<\/span><\/a><\/span><\/li>\n<li><span style=\"color: #000000\"><a class=\"lbp_secondary cboxElement\" href=\"https:\/\/wp.ufpel.edu.br\/prppg\/files\/2013\/08\/BR-10-2013-010595-3.pdf\"><span style=\"color: #000000\">ANTICORPO MONOCLONAL CONTRA A PROTE\u00cdNA RECOMBINANTE LIPL32 DE Leptospira spp. PRODUZIDA EM Pichia pastoris\u201d<\/span><\/a><\/span><\/li>\n<li><span style=\"color: #000000\"><a class=\"lbp_secondary cboxElement\" href=\"https:\/\/wp.ufpel.edu.br\/prppg\/files\/2013\/08\/BR-10-2013-010597-0.pdf\"><span style=\"color: #000000\">OBTEN\u00c7\u00c3O DE PLANTAS DE ARROZ GENTICAMENTE MODIFICADAS PARA SISTESE DE TREALOSE<br \/>\n<\/span><\/a><\/span><\/li>\n<li><span style=\"color: #000000\"><a class=\"lbp_secondary cboxElement\" href=\"https:\/\/wp.ufpel.edu.br\/prppg\/files\/2013\/08\/PI-1106685-7.pdf\"><span style=\"color: #000000\">T\u00c9CNICA DE VITRIFICA\u00c7\u00c3O DE O\u00d3CITOS EM SUPORTE MET\u00c1LICO<br \/>\n<\/span><\/a><\/span><\/li>\n<li><span style=\"color: #000000\"><a class=\"lbp_secondary cboxElement\" href=\"https:\/\/wp.ufpel.edu.br\/prppg\/files\/2013\/08\/PI-1106686-5.pdf\"><span style=\"color: #000000\">DETERMINA\u00c7\u00c3O DO G\u00caNERO FETAL ATRAV\u00c9S DE AN\u00c1LISE DO DNA FETAL LIVRE CIRCULANTE EM EQUINOS<br \/>\n<\/span><\/a><\/span><\/li>\n<li><span style=\"color: #000000\"><a class=\"lbp_secondary cboxElement\" href=\"https:\/\/wp.ufpel.edu.br\/prppg\/files\/2013\/08\/PI-1106730-6.pdf\"><span style=\"color: #000000\">TRANSFEC\u00c7\u00c3O DE DNA EX\u00d3GENO PARA ESPERMATOZ\u00d3IDES USANDO NANOTUBOS DE HALOISITA<br \/>\n<\/span><\/a><\/span><\/li>\n<li><span style=\"color: #000000\"><a class=\"lbp_secondary cboxElement\" href=\"https:\/\/wp.ufpel.edu.br\/prppg\/files\/2013\/08\/PI-1106731-4-.pdf\"><span style=\"color: #000000\">M\u00c9TODO DE FABRICA\u00c7\u00c3O DE FIBRAS OCAS CER\u00c2MICAS UTILIZANDO FIBRAS ORG\u00c2NICAS IMPREGNADAS EM SOLU\u00c7\u00c3O POLIM\u00c9RICA PRECURSORA DE C\u00c1TIONS<br \/>\n<\/span><\/a><\/span><\/li>\n<li><span style=\"color: #000000\"><a class=\"lbp_secondary cboxElement\" href=\"https:\/\/wp.ufpel.edu.br\/prppg\/files\/2013\/08\/PI-1106737-3.pdf\"><span style=\"color: #000000\">PROTE\u00cdNA LEMA DE LEPTOSPIRA SPP. PARA USO COMO IMUNOBIOL\u00d3GICO<br \/>\n<\/span><\/a><\/span><\/li>\n<li><span style=\"color: #000000\"><a class=\"lbp_secondary cboxElement\" href=\"https:\/\/wp.ufpel.edu.br\/prppg\/files\/2013\/08\/PI-n.pdf\"><span style=\"color: #000000\">DESENTERRADOR DE TUB\u00c9RCULOS E RA\u00cdZES DE DISCO \u00daNICO<br \/>\n<\/span><\/a><\/span><\/li>\n<li><span style=\"color: #000000\"><a class=\"lbp_secondary cboxElement\" href=\"https:\/\/wp.ufpel.edu.br\/prppg\/files\/2013\/08\/PI-ni2.pdf\"><span style=\"color: #000000\">BIOQUEROSENE A PARTIR DO \u00d3LEO DA SEMENTE DO CARO\u00c7O DO BUTI\u00c1<\/span><\/a><\/span><\/li>\n<li><span style=\"color: #000000\"><a class=\"lbp_secondary cboxElement\" href=\"https:\/\/wp.ufpel.edu.br\/prppg\/files\/2013\/08\/PII-1105878-1.pdf\"><span style=\"color: #000000\">APARELHO DE MEDIIDAS DE ESTRUTURAS E DA DEFORMA\u00c7\u00c3O DE IIMAGENS<\/span><\/a><\/span><\/li>\n<\/ul>\n","protected":false},"excerpt":{"rendered":"<p>DEBULHADOR MANUAL DE MILHO VERDE PROCESSO DE PRODU\u00c7\u00c3O DE VACINA CONTRA COLIBACILOSE SU\u00cdNA, UTILIZANDO CATECOLAMINAS E AUTO-INDUTORES REFRAT\u00c1RIO CER\u00c2MICO OBTIDO ATRAV\u00c9S DE IMPREGNA\u00c7\u00c3O DE SOLU\u00c7\u00c3O PRECURSORA CER\u00c2MICA REPLICADA EM MATRIZ ORG\u00c2NICA FIBROSA CASQUILHOS A BASE DE PRATA PARA APLICA\u00c7\u00c3O EM MOTORES VEICULARES A COMBUST\u00c3O INTERNA DOSADOR DE PALHETAS COM DUAS SA\u00cdDAS DE MATERIAL UTILIZA\u00c7\u00c3O DE [&hellip;]<\/p>\n","protected":false},"author":45,"featured_media":0,"parent":0,"menu_order":0,"comment_status":"closed","ping_status":"closed","template":"","meta":{"footnotes":""},"class_list":["post-245","page","type-page","status-publish","hentry"],"_links":{"self":[{"href":"https:\/\/wp.ufpel.edu.br\/prppg\/wp-json\/wp\/v2\/pages\/245","targetHints":{"allow":["GET"]}}],"collection":[{"href":"https:\/\/wp.ufpel.edu.br\/prppg\/wp-json\/wp\/v2\/pages"}],"about":[{"href":"https:\/\/wp.ufpel.edu.br\/prppg\/wp-json\/wp\/v2\/types\/page"}],"author":[{"embeddable":true,"href":"https:\/\/wp.ufpel.edu.br\/prppg\/wp-json\/wp\/v2\/users\/45"}],"replies":[{"embeddable":true,"href":"https:\/\/wp.ufpel.edu.br\/prppg\/wp-json\/wp\/v2\/comments?post=245"}],"version-history":[{"count":15,"href":"https:\/\/wp.ufpel.edu.br\/prppg\/wp-json\/wp\/v2\/pages\/245\/revisions"}],"predecessor-version":[{"id":1833,"href":"https:\/\/wp.ufpel.edu.br\/prppg\/wp-json\/wp\/v2\/pages\/245\/revisions\/1833"}],"wp:attachment":[{"href":"https:\/\/wp.ufpel.edu.br\/prppg\/wp-json\/wp\/v2\/media?parent=245"}],"curies":[{"name":"wp","href":"https:\/\/api.w.org\/{rel}","templated":true}]}}