{"id":239,"date":"2013-08-14T11:32:24","date_gmt":"2013-08-14T14:32:24","guid":{"rendered":"https:\/\/wp.ufpel.edu.br\/prppg\/?page_id=239"},"modified":"2025-11-12T09:19:04","modified_gmt":"2025-11-12T12:19:04","slug":"contatos","status":"publish","type":"page","link":"https:\/\/wp.ufpel.edu.br\/prppg\/contatos\/","title":{"rendered":"Contatos"},"content":{"rendered":"<p><span style=\"font-size: 18pt\"><strong>Pr\u00f3-Reitoria de Pesquisa e P\u00f3s-Gradua\u00e7\u00e3o (PRPPG)<\/strong><\/span><\/p>\n<p><strong>Coordenador:<\/strong> Prof. Dr. Marcos Britto Correa<br \/>\n<strong>Email:<\/strong> marcosbrittocorrea@hotmail.com<\/p>\n<p><strong>Secret\u00e1ria:<\/strong> Clarissa Garcia Guidotti<br \/>\n<strong>Email:<\/strong> secretaria.prppg.ufpel@gmail.com<\/p>\n<p><strong>Telefone:\u00a0<\/strong>(53) 3284-4080<\/p>\n<p><strong>Whatsapp:<\/strong> (53) 3284-4080<\/p>\n<p><span style=\"font-size: 14pt\"><strong>Coordena\u00e7\u00e3o de Pesquisa (CPesq)<\/strong><\/span><\/p>\n<p><strong>Telefone: <\/strong>(53) 3284-4082<\/p>\n<p><strong>E-mail:<\/strong> cpesqufpel@gmail.com<\/p>\n<p><strong>Coordenador:<\/strong> Prof.\u00aa Dr.\u00aa Marcia Foster Mesko<br \/>\n<strong>Email:<\/strong> marciamesko@yahoo.com.br<\/p>\n<p><strong>N\u00facleo de Planejamento e Infraestrutura em Pesquisa (NPIP)<\/strong><\/p>\n<p><strong>Chefe:<\/strong> Elessandra da Rosa Zavareze<br \/>\n<strong>Email:<\/strong> elessandrad@yahoo.com.br<\/p>\n<p><strong>N\u00facleo de Apoio \u00e0 Pesquisa e Inicia\u00e7\u00e3o Cient\u00edfica (NAPIC)<\/strong><\/p>\n<p><strong>Chefe:<\/strong>\u00a0Cristina Rotta Assis<br \/>\n<strong>Email:<\/strong>\u00a0cristina.prppg@gmail.com<\/p>\n<p><strong>Nome:<\/strong>\u00a0Rafael Pachon Elias<br \/>\n<strong>Email:<\/strong>\u00a0elias.prppgi@gmail.com<\/p>\n<p><strong>Nome:<\/strong> Leticia Silva Dutra Zimmermann<br \/>\n<strong>Email:<\/strong> cpesq.leticia@gmail.com<\/p>\n<p><span style=\"font-size: 14pt\"><strong>Coordena\u00e7\u00e3o de P\u00f3s-Gradua\u00e7\u00e3o (CPG)<\/strong><\/span><\/p>\n<p>Telefones: (53) 3284-4085 \/ (53) 3284-4083<\/p>\n<p><strong>Coordenador<\/strong>: Prof.\u00aa Dr.\u00aa Georgina Helena Xavier Lima<br \/>\n<strong>Email:<\/strong> geohelena@yahoo.com.br<\/p>\n<p><strong>N\u00facleo de P\u00f3s-Gradua\u00e7\u00e3o (NPG)<\/strong><\/p>\n<p><strong>Chefe:<\/strong> Helen Montes Vieira<br \/>\n<strong>Email:<\/strong> helen.prppgi@gmail.com<\/p>\n<p><strong>Nome:<\/strong> Aline Acosta Mathies<br \/>\n<strong>Email:<\/strong> npg@ufpel.edu.br<\/p>\n<p><strong>Nome:<\/strong> Evandro Dotto Dias<br \/>\n<strong>Email:<\/strong> npg@ufpel.edu.br<\/p>\n<p><strong>Nome: <\/strong>Diego Vieira Braga<strong><br \/>\nEmail: <\/strong>npg@ufpel.edu.br<\/p>\n<p><strong>N\u00facleo de Execu\u00e7\u00e3o Or\u00e7ament\u00e1ria (NEOR)<\/strong><\/p>\n<p><strong>Chefe:<\/strong> Fabiane Bergmann Xavier<\/p>\n<p><strong>Nome<\/strong>: Gabriela Val\u00e9rio Paz Oliveira<\/p>\n<p><strong>Telefone:\u00a0<\/strong>(53) 3284-4084<br \/>\n<strong>Email:<\/strong> neor.prppgi@ufpel.edu.br<strong><br \/>\nEmail: <\/strong>capppg.prppg@gmail.com<\/p>\n<p><strong>N\u00facleo de Interdisciplinaridade, Avalia\u00e7\u00e3o e Planejamento da P\u00f3s-Gradua\u00e7\u00e3o (NIAPP)<\/strong><\/p>\n<p><strong> Chefe: <\/strong>Marco Antonio Tonus Marinho<strong><br \/>\nEmail: <\/strong>marco.marinho@gmail.com<\/p>\n","protected":false},"excerpt":{"rendered":"<p>Pr\u00f3-Reitoria de Pesquisa e P\u00f3s-Gradua\u00e7\u00e3o (PRPPG) Coordenador: Prof. Dr. Marcos Britto Correa Email: marcosbrittocorrea@hotmail.com Secret\u00e1ria: Clarissa Garcia Guidotti Email: secretaria.prppg.ufpel@gmail.com Telefone:\u00a0(53) 3284-4080 Whatsapp: (53) 3284-4080 Coordena\u00e7\u00e3o de Pesquisa (CPesq) Telefone: (53) 3284-4082 E-mail: cpesqufpel@gmail.com Coordenador: Prof.\u00aa Dr.\u00aa Marcia Foster Mesko Email: marciamesko@yahoo.com.br N\u00facleo de Planejamento e Infraestrutura em Pesquisa (NPIP) Chefe: Elessandra da Rosa Zavareze [&hellip;]<\/p>\n","protected":false},"author":45,"featured_media":0,"parent":0,"menu_order":0,"comment_status":"closed","ping_status":"closed","template":"","meta":{"footnotes":""},"class_list":["post-239","page","type-page","status-publish","hentry"],"_links":{"self":[{"href":"https:\/\/wp.ufpel.edu.br\/prppg\/wp-json\/wp\/v2\/pages\/239","targetHints":{"allow":["GET"]}}],"collection":[{"href":"https:\/\/wp.ufpel.edu.br\/prppg\/wp-json\/wp\/v2\/pages"}],"about":[{"href":"https:\/\/wp.ufpel.edu.br\/prppg\/wp-json\/wp\/v2\/types\/page"}],"author":[{"embeddable":true,"href":"https:\/\/wp.ufpel.edu.br\/prppg\/wp-json\/wp\/v2\/users\/45"}],"replies":[{"embeddable":true,"href":"https:\/\/wp.ufpel.edu.br\/prppg\/wp-json\/wp\/v2\/comments?post=239"}],"version-history":[{"count":4,"href":"https:\/\/wp.ufpel.edu.br\/prppg\/wp-json\/wp\/v2\/pages\/239\/revisions"}],"predecessor-version":[{"id":12403,"href":"https:\/\/wp.ufpel.edu.br\/prppg\/wp-json\/wp\/v2\/pages\/239\/revisions\/12403"}],"wp:attachment":[{"href":"https:\/\/wp.ufpel.edu.br\/prppg\/wp-json\/wp\/v2\/media?parent=239"}],"curies":[{"name":"wp","href":"https:\/\/api.w.org\/{rel}","templated":true}]}}