{"id":233,"date":"2013-08-14T11:28:52","date_gmt":"2013-08-14T14:28:52","guid":{"rendered":"https:\/\/wp.ufpel.edu.br\/prppg\/?page_id=233"},"modified":"2025-04-07T11:18:44","modified_gmt":"2025-04-07T14:18:44","slug":"organograma","status":"publish","type":"page","link":"https:\/\/wp.ufpel.edu.br\/prppg\/organograma\/","title":{"rendered":"Organograma"},"content":{"rendered":"<p><span style=\"font-size: 12pt\"><strong>PR\u00d3-REITORIA DE PESQUISA E P\u00d3S-GRADUA\u00c7\u00c3O (PRPPG)<\/strong><\/span><\/p>\n<p>A Pr\u00f3-Reitoria de Pesquisa e P\u00f3s-Gradua\u00e7\u00e3o (PRPPG) da Universidade Federal de Pelotas (UFPel) \u00e9 a unidade administrativa que coordena, supervisiona e dirige as atividades de pesquisa e p\u00f3s-gradua\u00e7\u00e3o, executando a pol\u00edtica definida pelo Conselho Coordenador do Ensino da Pesquisa e da Extens\u00e3o (COCEPE), que est\u00e1 alinhada ao Plano de Desenvolvimento Institucional (PDI). Para melhor organiza\u00e7\u00e3o das atividades e atendimento da comunidade, a PRPPG\u00a0 conta com duas estruturas internas: a Coordena\u00e7\u00e3o de Pesquisa (CPesq) e a Coordena\u00e7\u00e3o de P\u00f3s-Gradua\u00e7\u00e3o (CPG).<\/p>\n<p><a href=\"https:\/\/wp.ufpel.edu.br\/prppg\/files\/2025\/04\/Coordenacao-de-Pesquisa-3.png\"><img class=\"alignleft wp-image-11563 size-full\" src=\"https:\/\/wp.ufpel.edu.br\/prppg\/files\/2025\/04\/Coordenacao-de-Pesquisa-3.png\" alt=\"\" width=\"1920\" height=\"1080\" srcset=\"https:\/\/wp.ufpel.edu.br\/prppg\/files\/2025\/04\/Coordenacao-de-Pesquisa-3.png 1920w, https:\/\/wp.ufpel.edu.br\/prppg\/files\/2025\/04\/Coordenacao-de-Pesquisa-3-400x225.png 400w, https:\/\/wp.ufpel.edu.br\/prppg\/files\/2025\/04\/Coordenacao-de-Pesquisa-3-1024x576.png 1024w, https:\/\/wp.ufpel.edu.br\/prppg\/files\/2025\/04\/Coordenacao-de-Pesquisa-3-768x432.png 768w, https:\/\/wp.ufpel.edu.br\/prppg\/files\/2025\/04\/Coordenacao-de-Pesquisa-3-1536x864.png 1536w\" sizes=\"(max-width: 1920px) 100vw, 1920px\" \/><\/a><\/p>\n<div class=\"ficha-label\"><span style=\"font-family: arial, helvetica, sans-serif\"><strong>SIGLA<\/strong><\/span><\/div>\n<div class=\"ficha-campo\"><span style=\"font-family: arial, helvetica, sans-serif\">PRPPG<\/span><\/div>\n<div><span style=\"color: #ffffff\">.<\/span><\/div>\n<div class=\"ficha-label\"><span style=\"font-family: arial, helvetica, sans-serif\"><strong>UNIDADE SUPERIOR<\/strong><\/span><\/div>\n<div class=\"ficha-campo\"><span style=\"font-family: arial, helvetica, sans-serif\"><a href=\"https:\/\/institucional.ufpel.edu.br\/unidades\/id\/1\">Reitoria<\/a><\/span><\/div>\n<div><span style=\"color: #ffffff\">.<\/span><\/div>\n<div class=\"ficha-label\"><span style=\"font-family: arial, helvetica, sans-serif\"><strong>PR\u00d3-REITOR<\/strong><\/span><\/div>\n<div class=\"ficha-campo\">Prof. Dr. Marcos Britto Correa<\/div>\n<div><\/div>\n<div><\/div>\n","protected":false},"excerpt":{"rendered":"<p>PR\u00d3-REITORIA DE PESQUISA E P\u00d3S-GRADUA\u00c7\u00c3O (PRPPG) A Pr\u00f3-Reitoria de Pesquisa e P\u00f3s-Gradua\u00e7\u00e3o (PRPPG) da Universidade Federal de Pelotas (UFPel) \u00e9 a unidade administrativa que coordena, supervisiona e dirige as atividades de pesquisa e p\u00f3s-gradua\u00e7\u00e3o, executando a pol\u00edtica definida pelo Conselho Coordenador do Ensino da Pesquisa e da Extens\u00e3o (COCEPE), que est\u00e1 alinhada ao Plano de [&hellip;]<\/p>\n","protected":false},"author":45,"featured_media":0,"parent":0,"menu_order":0,"comment_status":"closed","ping_status":"closed","template":"","meta":{"footnotes":""},"class_list":["post-233","page","type-page","status-publish","hentry"],"_links":{"self":[{"href":"https:\/\/wp.ufpel.edu.br\/prppg\/wp-json\/wp\/v2\/pages\/233","targetHints":{"allow":["GET"]}}],"collection":[{"href":"https:\/\/wp.ufpel.edu.br\/prppg\/wp-json\/wp\/v2\/pages"}],"about":[{"href":"https:\/\/wp.ufpel.edu.br\/prppg\/wp-json\/wp\/v2\/types\/page"}],"author":[{"embeddable":true,"href":"https:\/\/wp.ufpel.edu.br\/prppg\/wp-json\/wp\/v2\/users\/45"}],"replies":[{"embeddable":true,"href":"https:\/\/wp.ufpel.edu.br\/prppg\/wp-json\/wp\/v2\/comments?post=233"}],"version-history":[{"count":20,"href":"https:\/\/wp.ufpel.edu.br\/prppg\/wp-json\/wp\/v2\/pages\/233\/revisions"}],"predecessor-version":[{"id":11564,"href":"https:\/\/wp.ufpel.edu.br\/prppg\/wp-json\/wp\/v2\/pages\/233\/revisions\/11564"}],"wp:attachment":[{"href":"https:\/\/wp.ufpel.edu.br\/prppg\/wp-json\/wp\/v2\/media?parent=233"}],"curies":[{"name":"wp","href":"https:\/\/api.w.org\/{rel}","templated":true}]}}