{"id":216,"date":"2013-08-14T11:18:09","date_gmt":"2013-08-14T14:18:09","guid":{"rendered":"https:\/\/wp.ufpel.edu.br\/prppg\/?page_id=216"},"modified":"2017-07-13T09:26:38","modified_gmt":"2017-07-13T12:26:38","slug":"stricto","status":"publish","type":"page","link":"https:\/\/wp.ufpel.edu.br\/prppg\/stricto\/","title":{"rendered":"Stricto Sensu"},"content":{"rendered":"<p>&nbsp;<\/p>\n<p><span style=\"color: #000000;\"><strong>DOUTORADO E MESTRADO<\/strong><\/span><\/p>\n<p><ul><li><a href=\"https:\/\/institucional.ufpel.edu.br\/cursos\/cod\/8094\">Agronomia<\/a><\/li><li><a href=\"https:\/\/institucional.ufpel.edu.br\/cursos\/cod\/8106\">Antropologia<\/a><\/li><li><a href=\"https:\/\/institucional.ufpel.edu.br\/cursos\/cod\/8055\">Arquitetura e Urbanismo<\/a><\/li><li><a href=\"https:\/\/institucional.ufpel.edu.br\/cursos\/cod\/9120\">Artes<\/a><\/li><li><a href=\"https:\/\/institucional.ufpel.edu.br\/cursos\/cod\/8104\">Bioqu\u00edmica e Bioprospec\u00e7\u00e3o<\/a><\/li><li><a href=\"https:\/\/institucional.ufpel.edu.br\/cursos\/cod\/8020\">Biotecnologia<\/a><\/li><li><a href=\"https:\/\/institucional.ufpel.edu.br\/cursos\/cod\/8107\">Ci\u00eancia Pol\u00edtica<\/a><\/li><li><a href=\"https:\/\/institucional.ufpel.edu.br\/cursos\/cod\/80101\">Ci\u00eancia e Engenharia de Materiais<\/a><\/li><li><a href=\"https:\/\/institucional.ufpel.edu.br\/cursos\/cod\/8060\">Ci\u00eancia e Tecnologia de Alimentos<\/a><\/li><li><a href=\"https:\/\/institucional.ufpel.edu.br\/cursos\/cod\/8030\">Ci\u00eancia e Tecnologia de Sementes<\/a><\/li><li><a href=\"https:\/\/institucional.ufpel.edu.br\/cursos\/cod\/9127\">Ci\u00eancias Ambientais<\/a><\/li><li><a href=\"https:\/\/institucional.ufpel.edu.br\/cursos\/cod\/8102\">Computa\u00e7\u00e3o<\/a><\/li><li><a href=\"https:\/\/institucional.ufpel.edu.br\/cursos\/cod\/8093\">Educa\u00e7\u00e3o<\/a><\/li><li><a href=\"https:\/\/institucional.ufpel.edu.br\/cursos\/cod\/80100\">Educa\u00e7\u00e3o F\u00cdsica<\/a><\/li><li><a href=\"https:\/\/institucional.ufpel.edu.br\/cursos\/cod\/9128\">Educa\u00e7\u00e3o Matem\u00e1tica<\/a><\/li><li><a href=\"https:\/\/institucional.ufpel.edu.br\/cursos\/cod\/8098\">Enfermagem<\/a><\/li><li><a href=\"https:\/\/institucional.ufpel.edu.br\/cursos\/cod\/8082\">Epidemiologia<\/a><\/li><li><a href=\"https:\/\/institucional.ufpel.edu.br\/cursos\/cod\/8103\">Filosofia<\/a><\/li><li><a href=\"https:\/\/institucional.ufpel.edu.br\/cursos\/cod\/8050\">Fisiologia Vegetal<\/a><\/li><li><a href=\"https:\/\/institucional.ufpel.edu.br\/cursos\/cod\/8070\">Fitossanidade<\/a><\/li><li><a href=\"https:\/\/institucional.ufpel.edu.br\/cursos\/cod\/8105\">F\u00edsica<\/a><\/li><li><a href=\"https:\/\/institucional.ufpel.edu.br\/cursos\/cod\/8062\">Geografia<\/a><\/li><li><a href=\"https:\/\/institucional.ufpel.edu.br\/cursos\/cod\/8053\">Hist\u00f3ria<\/a><\/li><li><a href=\"https:\/\/institucional.ufpel.edu.br\/cursos\/cod\/8056\">Letras<\/a><\/li><li><a href=\"https:\/\/institucional.ufpel.edu.br\/cursos\/cod\/8075\">Letras UCPEL<\/a><\/li><li><a href=\"https:\/\/institucional.ufpel.edu.br\/cursos\/cod\/8097\">Manejo e Conserva\u00e7\u00e3o do Solo e da \u00c1gua<\/a><\/li><li><a href=\"https:\/\/institucional.ufpel.edu.br\/cursos\/cod\/8099\">Mem\u00f3ria Social e Patrim\u00f4nio Cultural<\/a><\/li><li><a href=\"https:\/\/institucional.ufpel.edu.br\/cursos\/cod\/8095\">Microbiologia e Parasitologia<\/a><\/li><li><a href=\"https:\/\/institucional.ufpel.edu.br\/cursos\/cod\/9126\">Modelagem Matem\u00e1tica<\/a><\/li><li><a href=\"https:\/\/institucional.ufpel.edu.br\/cursos\/cod\/8023\">Multic\u00eantrico em Ci\u00eancias Fisiol\u00f3gicas<\/a><\/li><li><a href=\"https:\/\/institucional.ufpel.edu.br\/cursos\/cod\/9094\">Nutri\u00e7\u00e3o e Alimentos<\/a><\/li><li><a href=\"https:\/\/institucional.ufpel.edu.br\/cursos\/cod\/8080\">Odontologia<\/a><\/li><li><a href=\"https:\/\/institucional.ufpel.edu.br\/cursos\/cod\/8051\">Organiza\u00e7\u00f5es e Mercados<\/a><\/li><li><a href=\"https:\/\/institucional.ufpel.edu.br\/cursos\/cod\/8096\">Qu\u00edmica<\/a><\/li><li><a href=\"https:\/\/institucional.ufpel.edu.br\/cursos\/cod\/8108\">Recursos H\u00eddricos<\/a><\/li><li><a href=\"https:\/\/institucional.ufpel.edu.br\/cursos\/cod\/8092\">Sistemas de Produ\u00e7\u00e3o Agr\u00edcola Familiar<\/a><\/li><li><a href=\"https:\/\/institucional.ufpel.edu.br\/cursos\/cod\/8041\">Sociologia<\/a><\/li><li><a href=\"https:\/\/institucional.ufpel.edu.br\/cursos\/cod\/8091\">Veterin\u00e1ria<\/a><\/li><li><a href=\"https:\/\/institucional.ufpel.edu.br\/cursos\/cod\/8090\">Zootecnia<\/a><\/li><\/ul><\/p>\n<p>&nbsp;<\/p>\n<p><span style=\"color: #000000;\"><strong>MESTRADO<\/strong><\/span><\/p>\n<p><ul><li><a href=\"https:\/\/institucional.ufpel.edu.br\/cursos\/cod\/7052\">Agronomia<\/a><\/li><li><a href=\"https:\/\/institucional.ufpel.edu.br\/cursos\/cod\/9912\">Antropologia<\/a><\/li><li><a href=\"https:\/\/institucional.ufpel.edu.br\/cursos\/cod\/7050\">Arquitetura e Urbanismo<\/a><\/li><li><a href=\"https:\/\/institucional.ufpel.edu.br\/cursos\/cod\/9911\">Artes<\/a><\/li><li><a href=\"https:\/\/institucional.ufpel.edu.br\/cursos\/cod\/9114\">Biodiversidade Animal<\/a><\/li><li><a href=\"https:\/\/institucional.ufpel.edu.br\/cursos\/cod\/7060\">Bioqu\u00edmica e Bioprospec\u00e7\u00e3o<\/a><\/li><li><a href=\"https:\/\/institucional.ufpel.edu.br\/cursos\/cod\/7020\">Biotecnologia<\/a><\/li><li><a href=\"https:\/\/institucional.ufpel.edu.br\/cursos\/cod\/7055\">Ci\u00eancia Pol\u00edtica<\/a><\/li><li><a href=\"https:\/\/institucional.ufpel.edu.br\/cursos\/cod\/7059\">Ci\u00eancia e Engenharia de Materiais<\/a><\/li><li><a href=\"https:\/\/institucional.ufpel.edu.br\/cursos\/cod\/7025\">Ci\u00eancia e Tecnologia de Alimentos<\/a><\/li><li><a href=\"https:\/\/institucional.ufpel.edu.br\/cursos\/cod\/7021\">Ci\u00eancia e Tecnologia de Sementes<\/a><\/li><li><a href=\"https:\/\/institucional.ufpel.edu.br\/cursos\/cod\/7071\">Ci\u00eancias Ambientais<\/a><\/li><li><a href=\"https:\/\/institucional.ufpel.edu.br\/cursos\/cod\/7057\">Computa\u00e7\u00e3o<\/a><\/li><li><a href=\"https:\/\/institucional.ufpel.edu.br\/cursos\/cod\/7066\">Desenvolvimento Territorial e Sistemas Agroindustriais<\/a><\/li><li><a href=\"https:\/\/institucional.ufpel.edu.br\/cursos\/cod\/7073\">Direito<\/a><\/li><li><a href=\"https:\/\/institucional.ufpel.edu.br\/cursos\/cod\/7022\">Educa\u00e7\u00e3o<\/a><\/li><li><a href=\"https:\/\/institucional.ufpel.edu.br\/cursos\/cod\/7044\">Educa\u00e7\u00e3o F\u00edsica<\/a><\/li><li><a href=\"https:\/\/institucional.ufpel.edu.br\/cursos\/cod\/7069\">Educa\u00e7\u00e3o Matem\u00e1tica<\/a><\/li><li><a href=\"https:\/\/institucional.ufpel.edu.br\/cursos\/cod\/7047\">Enfermagem<\/a><\/li><li><a href=\"https:\/\/institucional.ufpel.edu.br\/cursos\/cod\/7026\">Epidemiologia<\/a><\/li><li><a href=\"https:\/\/institucional.ufpel.edu.br\/cursos\/cod\/7048\">Filosofia<\/a><\/li><li><a href=\"https:\/\/institucional.ufpel.edu.br\/cursos\/cod\/7027\">Fisiologia Vegetal<\/a><\/li><li><a href=\"https:\/\/institucional.ufpel.edu.br\/cursos\/cod\/7028\">Fitossanidade<\/a><\/li><li><a href=\"https:\/\/institucional.ufpel.edu.br\/cursos\/cod\/7049\">F\u00edsica<\/a><\/li><li><a href=\"https:\/\/institucional.ufpel.edu.br\/cursos\/cod\/7062\">Geografia<\/a><\/li><li><a href=\"https:\/\/institucional.ufpel.edu.br\/cursos\/cod\/7053\">Hist\u00f3ria<\/a><\/li><li><a href=\"https:\/\/institucional.ufpel.edu.br\/cursos\/cod\/7056\">Letras<\/a><\/li><li><a href=\"https:\/\/institucional.ufpel.edu.br\/cursos\/cod\/7061\">Manejo e Conserva\u00e7\u00e3o do Solo e da \u00c1gua<\/a><\/li><li><a href=\"https:\/\/institucional.ufpel.edu.br\/cursos\/cod\/7045\">Mem\u00f3ria Social e Patrim\u00f4nio Cultural<\/a><\/li><li><a href=\"https:\/\/institucional.ufpel.edu.br\/cursos\/cod\/6180\">Meteorologia<\/a><\/li><li><a href=\"https:\/\/institucional.ufpel.edu.br\/cursos\/cod\/7029\">Meteorologia<\/a><\/li><li><a href=\"https:\/\/institucional.ufpel.edu.br\/cursos\/cod\/7030\">Microbiologia e Parasitologia<\/a><\/li><li><a href=\"https:\/\/institucional.ufpel.edu.br\/cursos\/cod\/7063\">Modelagem Matem\u00e1tica<\/a><\/li><li><a href=\"https:\/\/institucional.ufpel.edu.br\/cursos\/cod\/7023\">Multic\u00eantrico em Ci\u00eancias Fisiol\u00f3gicas<\/a><\/li><li><a href=\"https:\/\/institucional.ufpel.edu.br\/cursos\/cod\/7054\">Nutri\u00e7\u00e3o e Alimentos<\/a><\/li><li><a href=\"https:\/\/institucional.ufpel.edu.br\/cursos\/cod\/7040\">Odontologia<\/a><\/li><li><a href=\"https:\/\/institucional.ufpel.edu.br\/cursos\/cod\/7051\">Organiza\u00e7\u00f5es e Mercados<\/a><\/li><li><a href=\"https:\/\/institucional.ufpel.edu.br\/cursos\/cod\/7043\">Qu\u00edmica<\/a><\/li><li><a href=\"https:\/\/institucional.ufpel.edu.br\/cursos\/cod\/7065\">Recursos H\u00eddricos<\/a><\/li><li><a href=\"https:\/\/institucional.ufpel.edu.br\/cursos\/cod\/7042\">Sistemas de Produ\u00e7\u00e3o Agr\u00edcola Familiar<\/a><\/li><li><a href=\"https:\/\/institucional.ufpel.edu.br\/cursos\/cod\/7041\">Sociologia<\/a><\/li><li><a href=\"https:\/\/institucional.ufpel.edu.br\/cursos\/cod\/7031\">Veterin\u00e1ria<\/a><\/li><li><a href=\"https:\/\/institucional.ufpel.edu.br\/cursos\/cod\/7032\">Zootecnia<\/a><\/li><\/ul><\/p>\n<p>&nbsp;<\/p>\n<p><span style=\"color: #000000;\"><strong>MESTRADO PROFISSIONAL<\/strong><\/span><\/p>\n<p><ul><li><a href=\"https:\/\/institucional.ufpel.edu.br\/cursos\/cod\/7070\">Administra\u00e7\u00e3o P\u00fablica em Rede Nacional<\/a><\/li><li><a href=\"https:\/\/institucional.ufpel.edu.br\/cursos\/cod\/7068\">Ci\u00eancia e Tecnologia de Alimentos<\/a><\/li><li><a href=\"https:\/\/institucional.ufpel.edu.br\/cursos\/cod\/7033\">Ci\u00eancia e Tecnologia de Sementes<\/a><\/li><li><a href=\"https:\/\/institucional.ufpel.edu.br\/cursos\/cod\/7058\">Ensino de Ci\u00eancias e Matem\u00e1tica<\/a><\/li><li><a href=\"https:\/\/institucional.ufpel.edu.br\/cursos\/cod\/7072\">Sa\u00fade da Fam\u00edlia<\/a><\/li><\/ul><\/p>\n","protected":false},"excerpt":{"rendered":"<p>&nbsp; DOUTORADO E MESTRADO &nbsp; MESTRADO &nbsp; MESTRADO PROFISSIONAL<\/p>\n","protected":false},"author":45,"featured_media":0,"parent":0,"menu_order":0,"comment_status":"closed","ping_status":"closed","template":"","meta":{"footnotes":""},"class_list":["post-216","page","type-page","status-publish","hentry"],"_links":{"self":[{"href":"https:\/\/wp.ufpel.edu.br\/prppg\/wp-json\/wp\/v2\/pages\/216","targetHints":{"allow":["GET"]}}],"collection":[{"href":"https:\/\/wp.ufpel.edu.br\/prppg\/wp-json\/wp\/v2\/pages"}],"about":[{"href":"https:\/\/wp.ufpel.edu.br\/prppg\/wp-json\/wp\/v2\/types\/page"}],"author":[{"embeddable":true,"href":"https:\/\/wp.ufpel.edu.br\/prppg\/wp-json\/wp\/v2\/users\/45"}],"replies":[{"embeddable":true,"href":"https:\/\/wp.ufpel.edu.br\/prppg\/wp-json\/wp\/v2\/comments?post=216"}],"version-history":[{"count":54,"href":"https:\/\/wp.ufpel.edu.br\/prppg\/wp-json\/wp\/v2\/pages\/216\/revisions"}],"predecessor-version":[{"id":1961,"href":"https:\/\/wp.ufpel.edu.br\/prppg\/wp-json\/wp\/v2\/pages\/216\/revisions\/1961"}],"wp:attachment":[{"href":"https:\/\/wp.ufpel.edu.br\/prppg\/wp-json\/wp\/v2\/media?parent=216"}],"curies":[{"name":"wp","href":"https:\/\/api.w.org\/{rel}","templated":true}]}}