{"id":208,"date":"2013-08-14T11:15:50","date_gmt":"2013-08-14T14:15:50","guid":{"rendered":"https:\/\/wp.ufpel.edu.br\/prppg\/?page_id=208"},"modified":"2018-08-29T13:25:38","modified_gmt":"2018-08-29T16:25:38","slug":"programas","status":"publish","type":"page","link":"https:\/\/wp.ufpel.edu.br\/prppg\/programas\/","title":{"rendered":"Inicia\u00e7\u00e3o Cient\u00edfica\/Tecnol\u00f3gicas"},"content":{"rendered":"<h3><span style=\"color: #000000\">Programas de Bolsas dispon\u00edveis:<\/span><\/h3>\n<p>&nbsp;<\/p>\n<p><span style=\"color: #000000\"><a href=\"http:\/\/www.cnpq.br\/web\/guest\/pibic\" target=\"_blank\" rel=\"noopener\"><span style=\"color: #000000\"><b>PIBIC\/CNPq<\/b><\/span><\/a><\/span><\/p>\n<p><span style=\"color: #000000\"><a href=\"http:\/\/www.fapergs.rs.gov.br\/\" target=\"_blank\" rel=\"noopener\"><span style=\"color: #000000\"><b>PROBIC\/FAPERGS<\/b><\/span><\/a><\/span><\/p>\n<p><span style=\"color: #000000\"><a href=\"http:\/\/www.cnpq.br\/web\/guest\/pibiti\" target=\"_blank\" rel=\"noopener\"><span style=\"color: #000000\"><b>PIBITI\/CNPq<\/b><\/span><\/a><\/span><\/p>\n<p><span style=\"color: #000000\"><a href=\"http:\/\/www.fapergs.rs.gov.br\/\" target=\"_blank\" rel=\"noopener\"><span style=\"color: #000000\"><b>PROBITI\/FAPERGS<\/b><\/span><\/a><\/span><\/p>\n<p><span style=\"color: #000000\"><span style=\"color: #000000\"><span style=\"color: #000000\"><span style=\"color: #000000\"><b>PBIP-AF\/UFPel<\/b><\/span><\/span><\/span><\/span><\/p>\n<p><span style=\"color: #000000\"><span style=\"color: #000000\"><span style=\"color: #000000\"><b>PBIP-IT\/UFPel<\/b><\/span><\/span><\/span><\/p>\n<p>&nbsp;<\/p>\n<p><span style=\"color: #000000\"><strong>Relat\u00f3rio de Bolsas<\/strong><\/span><\/p>\n<p><span style=\"color: #000000\">Bolsistas <strong>CNPq<\/strong>: envio online do relat\u00f3rio parcial, em fevereiro e relat\u00f3rio final, em agosto.<\/span><\/p>\n<p><span style=\"color: #000000\">Bolsistas <strong>UFPel<\/strong>: envio online do relat\u00f3rio final, em agosto.<\/span><\/p>\n<p><span style=\"color: #000000\">Bolsistas <strong>FAPERGS<\/strong>:\u00a0envio online do relat\u00f3rio final, em agosto.<\/span><\/p>\n<p><span style=\"color: #000000\">Link para envio online de relat\u00f3rio de bolsas de Inicia\u00e7\u00e3o Cient\u00edfica (CNPq, UFPel e FAPERGS):<\/span><\/p>\n<p><a href=\"http:\/\/www2.ufpel.edu.br\/prppg\/bolsas\/\"><span style=\"color: #000000\">http:\/\/www2.ufpel.edu.br\/prppg\/bolsas\/<\/span><\/a><\/p>\n<p><span style=\"color: #000000\">Os\u00a0modelos de relat\u00f3rio de bolsas de Inicia\u00e7\u00e3o Cient\u00edfica est\u00e3o dispon\u00edveis na aba Pesquisa &#8220;Documentos&#8221;.<\/span><\/p>\n","protected":false},"excerpt":{"rendered":"<p>Programas de Bolsas dispon\u00edveis: &nbsp; PIBIC\/CNPq PROBIC\/FAPERGS PIBITI\/CNPq PROBITI\/FAPERGS PBIP-AF\/UFPel PBIP-IT\/UFPel &nbsp; Relat\u00f3rio de Bolsas Bolsistas CNPq: envio online do relat\u00f3rio parcial, em fevereiro e relat\u00f3rio final, em agosto. Bolsistas UFPel: envio online do relat\u00f3rio final, em agosto. Bolsistas FAPERGS:\u00a0envio online do relat\u00f3rio final, em agosto. Link para envio online de relat\u00f3rio de bolsas de [&hellip;]<\/p>\n","protected":false},"author":45,"featured_media":0,"parent":0,"menu_order":0,"comment_status":"closed","ping_status":"closed","template":"","meta":{"footnotes":""},"class_list":["post-208","page","type-page","status-publish","hentry"],"_links":{"self":[{"href":"https:\/\/wp.ufpel.edu.br\/prppg\/wp-json\/wp\/v2\/pages\/208","targetHints":{"allow":["GET"]}}],"collection":[{"href":"https:\/\/wp.ufpel.edu.br\/prppg\/wp-json\/wp\/v2\/pages"}],"about":[{"href":"https:\/\/wp.ufpel.edu.br\/prppg\/wp-json\/wp\/v2\/types\/page"}],"author":[{"embeddable":true,"href":"https:\/\/wp.ufpel.edu.br\/prppg\/wp-json\/wp\/v2\/users\/45"}],"replies":[{"embeddable":true,"href":"https:\/\/wp.ufpel.edu.br\/prppg\/wp-json\/wp\/v2\/comments?post=208"}],"version-history":[{"count":35,"href":"https:\/\/wp.ufpel.edu.br\/prppg\/wp-json\/wp\/v2\/pages\/208\/revisions"}],"predecessor-version":[{"id":5498,"href":"https:\/\/wp.ufpel.edu.br\/prppg\/wp-json\/wp\/v2\/pages\/208\/revisions\/5498"}],"wp:attachment":[{"href":"https:\/\/wp.ufpel.edu.br\/prppg\/wp-json\/wp\/v2\/media?parent=208"}],"curies":[{"name":"wp","href":"https:\/\/api.w.org\/{rel}","templated":true}]}}